{"id":4559,"date":"2020-03-22T10:19:25","date_gmt":"2020-03-22T10:19:25","guid":{"rendered":"https:\/\/otcorganics.com\/home\/"},"modified":"2023-06-19T13:46:39","modified_gmt":"2023-06-19T13:46:39","slug":"home","status":"publish","type":"page","link":"https:\/\/otcorganics.com\/de\/","title":{"rendered":"Home"},"content":{"rendered":"\t\t<div data-elementor-type=\"wp-page\" data-elementor-id=\"4559\" class=\"elementor elementor-4559 elementor-1160\" data-elementor-post-type=\"page\">\n\t\t\t\t\t\t<div class=\"elementor-section elementor-top-section elementor-element elementor-element-2ffbec9 elementor-section-full_width elementor-section-height-default elementor-section-height-default\" data-id=\"2ffbec9\" data-element_type=\"section\">\n\t\t\t\t\t\t<div class=\"elementor-container elementor-column-gap-no\">\n\t\t\t\t\t<div class=\"elementor-column elementor-col-100 elementor-top-column elementor-element elementor-element-0d7ceab\" data-id=\"0d7ceab\" data-element_type=\"column\">\n\t\t\t<div class=\"elementor-widget-wrap elementor-element-populated\">\n\t\t\t\t\t\t<div class=\"elementor-element elementor-element-6e47869 elementor-widget elementor-widget-sosso-home-slider\" data-id=\"6e47869\" data-element_type=\"widget\" data-widget_type=\"sosso-home-slider.default\">\n\t\t\t\t<div class=\"elementor-widget-container\">\n\t\t\t\t\t<section class=\"banner-area\" data-autoplay=\"false\" data-autospeed=\"\"><div class=\"banner-item bg_cover\" style=\"background-image: url(https:\/\/otcorganics.com\/wp-content\/uploads\/2023\/02\/header1.jpg)\"><div class=\"container\"><div class=\"row\"><div class=\"col-lg-9\"><div class=\"banner-content\"><span>From trading to farming<\/span><h1 class=\"title\">Mit \u00f6kologischem Anbau einen Unterschied machen<\/h1><p><\/p><ul><li><a href=\"\/telers\" class=\"main-btn\" >F\u00dcR ERZEUGER <i class=\"far fa-plus\"><\/i><\/a><\/li><li><a href=\"\/klanten\" class=\"main-btn main-btn-2\" >F\u00dcR KUNDEN <i class=\"far fa-plus\"><\/i><\/a><\/li><\/ul><\/div><\/div><\/div><\/div><\/div><\/section>\t\t\t\t<\/div>\n\t\t\t\t<\/div>\n\t\t\t\t\t<\/div>\n\t\t<\/div>\n\t\t\t\t\t<\/div>\n\t\t<\/div>\n\t\t\t\t<section class=\"elementor-section elementor-top-section elementor-element elementor-element-d5c2eec elementor-section-content-middle elementor-section-boxed elementor-section-height-default elementor-section-height-default\" data-id=\"d5c2eec\" data-element_type=\"section\">\n\t\t\t\t\t\t<div class=\"elementor-container elementor-column-gap-default\">\n\t\t\t\t\t<div class=\"elementor-column elementor-col-50 elementor-top-column elementor-element elementor-element-078a1cf\" data-id=\"078a1cf\" data-element_type=\"column\">\n\t\t\t<div class=\"elementor-widget-wrap elementor-element-populated\">\n\t\t\t\t\t\t<div class=\"elementor-element elementor-element-7b11eb6 elementor-widget elementor-widget-sosso-single-image\" data-id=\"7b11eb6\" data-element_type=\"widget\" data-widget_type=\"sosso-single-image.default\">\n\t\t\t\t<div class=\"elementor-widget-container\">\n\t\t\t\t\t<div class=\"klb-single-image about-info-thumb ml-30 mr-30\"><img decoding=\"async\" src=\"https:\/\/otcorganics.com\/wp-content\/uploads\/2023\/04\/Home-Waarom-samenwerken-met-OTC-Organics.jpg\" alt=\"about\"><\/div>\t\t\t\t<\/div>\n\t\t\t\t<\/div>\n\t\t\t\t\t<\/div>\n\t\t<\/div>\n\t\t\t\t<div class=\"elementor-column elementor-col-50 elementor-top-column elementor-element elementor-element-dc4b616\" data-id=\"dc4b616\" data-element_type=\"column\">\n\t\t\t<div class=\"elementor-widget-wrap elementor-element-populated\">\n\t\t\t\t\t\t<div class=\"elementor-element elementor-element-3bad455 elementor-widget elementor-widget-sosso-custom-title\" data-id=\"3bad455\" data-element_type=\"widget\" data-widget_type=\"sosso-custom-title.default\">\n\t\t\t\t<div class=\"elementor-widget-container\">\n\t\t\t\t\t<div class=\"klb-custom-title\"><span>\u00dcber uns<\/span><h3 class=\"title\">Warum mit OTC Organics zusammenarbeiten?<\/h3><\/div>\t\t\t\t<\/div>\n\t\t\t\t<\/div>\n\t\t\t\t<div class=\"elementor-element elementor-element-1994d23 elementor-widget elementor-widget-text-editor\" data-id=\"1994d23\" data-element_type=\"widget\" data-widget_type=\"text-editor.default\">\n\t\t\t\t<div class=\"elementor-widget-container\">\n\t\t\t\t\t\t\t\t\t<p>Mit reinem Gewissen Bio-Gem\u00fcse und -Obst anbauen und liefern. Nachhaltig und Spitzenqualit\u00e4t In enger und engagierter Partnerschaft mit unseren professionellen Biobauern.<\/p>\n<h4>Das h\u00f6rt sich doch gut an?<strong><br \/>\n<\/strong><\/h4>\n<p>Es ist jedoch nicht so einfach, wie man meint. Die biologische Distribution ist n\u00e4mlich wirklich ein Fach f\u00fcr sich. Bio-Produkte m\u00fcssen sehr viele Anforderungen erf\u00fcllen und das ist nat\u00fcrlich auch ganz richtig. Bevor ein Container mit Bio-Gem\u00fcse oder -Obst nach Europa transportiert wird, wurde mit allen Partnern in der Lieferkette koordiniert. Man kann also nicht einfach auf gut Gl\u00fcck einen Container mit Bio-Produkten nach Europa fahren lassen!<\/p>\n<p><a class=\"klb-btn-text\" href=\"https:\/\/otcorganics.preview.websight.nl\/de\/ueber-uns\/\">Mehr lesen<\/a><\/p>\n\t\t\t\t\t\t\t\t<\/div>\n\t\t\t\t<\/div>\n\t\t\t\t\t<\/div>\n\t\t<\/div>\n\t\t\t\t\t<\/div>\n\t\t<\/section>\n\t\t\t\t<div class=\"elementor-section elementor-top-section elementor-element elementor-element-0c258a1 elementor-section-full_width elementor-section-height-default elementor-section-height-default\" data-id=\"0c258a1\" data-element_type=\"section\">\n\t\t\t\t\t\t<div class=\"elementor-container elementor-column-gap-no\">\n\t\t\t\t\t<div class=\"elementor-column elementor-col-100 elementor-top-column elementor-element elementor-element-7dcd1a8\" data-id=\"7dcd1a8\" data-element_type=\"column\">\n\t\t\t<div class=\"elementor-widget-wrap elementor-element-populated\">\n\t\t\t\t\t\t<div class=\"elementor-element elementor-element-3ab3409 elementor-widget elementor-widget-sosso-image-overlay\" data-id=\"3ab3409\" data-element_type=\"widget\" data-widget_type=\"sosso-image-overlay.default\">\n\t\t\t\t<div class=\"elementor-widget-container\">\n\t\t\t\t\t<section class=\"farms-area d-flex align-items-center bg_cover\" style=\"background-image:url(https:\/\/otcorganics.com\/wp-content\/uploads\/2023\/02\/Teler-flip.jpg)\"><div class=\"container\"><div class=\"row\"><div class=\"col-lg-7\"><div class=\"farms-content\"><span>JEDEM SEIN EIGENES FACHGEBIET, JEDEM SEIN EIGENES TALENT<\/span><h3 class=\"title\">Unsere Expertise ist der Bio-Markt<\/h3><a class=\"main-btn\" href=\"https:\/\/otcorganics.com\/bio-integriteit\/\" >\u00d6KOLOGISCHE INTEGRIT\u00c4T <i class=\"far fa-plus\"><\/i><\/a><\/div><\/div><\/div><\/div><\/section>\t\t\t\t<\/div>\n\t\t\t\t<\/div>\n\t\t\t\t\t<\/div>\n\t\t<\/div>\n\t\t\t\t\t<\/div>\n\t\t<\/div>\n\t\t\t\t<section class=\"elementor-section elementor-top-section elementor-element elementor-element-43fa805 elementor-section-boxed elementor-section-height-default elementor-section-height-default\" data-id=\"43fa805\" data-element_type=\"section\" data-settings=\"{&quot;background_background&quot;:&quot;classic&quot;}\">\n\t\t\t\t\t\t<div class=\"elementor-container elementor-column-gap-no\">\n\t\t\t\t\t<div class=\"elementor-column elementor-col-100 elementor-top-column elementor-element elementor-element-945a2eb\" data-id=\"945a2eb\" data-element_type=\"column\">\n\t\t\t<div class=\"elementor-widget-wrap elementor-element-populated\">\n\t\t\t\t\t\t<section class=\"elementor-section elementor-inner-section elementor-element elementor-element-5a93960 elementor-section-content-middle elementor-section-boxed elementor-section-height-default elementor-section-height-default\" data-id=\"5a93960\" data-element_type=\"section\">\n\t\t\t\t\t\t<div class=\"elementor-container elementor-column-gap-default\">\n\t\t\t\t\t<div class=\"elementor-column elementor-col-50 elementor-inner-column elementor-element elementor-element-f7585e2\" data-id=\"f7585e2\" data-element_type=\"column\">\n\t\t\t<div class=\"elementor-widget-wrap elementor-element-populated\">\n\t\t\t\t\t\t<div class=\"elementor-element elementor-element-a616468 elementor-widget elementor-widget-sosso-custom-title\" data-id=\"a616468\" data-element_type=\"widget\" data-widget_type=\"sosso-custom-title.default\">\n\t\t\t\t<div class=\"elementor-widget-container\">\n\t\t\t\t\t<div class=\"klb-custom-title\"><span>Win-win-win<\/span><h3 class=\"title\">Wir sind davon \u00fcberzeugt, dass eine gute Zusammenarbeit alle weiterbringt<\/h3><\/div>\t\t\t\t<\/div>\n\t\t\t\t<\/div>\n\t\t\t\t\t<\/div>\n\t\t<\/div>\n\t\t\t\t<div class=\"elementor-column elementor-col-50 elementor-inner-column elementor-element elementor-element-40d34da\" data-id=\"40d34da\" data-element_type=\"column\">\n\t\t\t<div class=\"elementor-widget-wrap elementor-element-populated\">\n\t\t\t\t\t\t<div class=\"elementor-element elementor-element-aa433d1 elementor-widget elementor-widget-text-editor\" data-id=\"aa433d1\" data-element_type=\"widget\" data-widget_type=\"text-editor.default\">\n\t\t\t\t<div class=\"elementor-widget-container\">\n\t\t\t\t\t\t\t\t\t<p>Kartons verschieben und schnell Geld verdienen, das ist nicht, worum es bei uns geht. Wir sind eher proaktiv engagiert. Wir stehen buchst\u00e4blich mit unseren F\u00fc\u00dfen bei unseren Erzeugern im Acker, Obstgarten oder Gew\u00e4chshaus. Damit wir gegebenenfalls rechtzeitig korrigieren k\u00f6nnen und sicher wissen, dass die Produkte ordnungsgem\u00e4\u00df angebaut und zertifiziert Europa erreichen.<\/p>\n<p>Unser Kommunikationswege sind kurz, wir kennen uns mit den entsprechenden Gesetzen aus und sind f\u00fcr Sie da, wenn Sie uns brauchen. Wir helfen Erzeugern, sozial, nachhaltig und biologisch zu werden sowie wirtschaftlich unabh\u00e4ngig und autark zu sein. Und wir helfen Abnehmern, indem wir daf\u00fcr sorgen, dass die vereinbarten W\u00fcnsche und Anforderungen vor Ort ausgef\u00fchrt und respektiert werden, egal wo die Produkte herkommen. Sie sind zufrieden. Die anderen sind zufrieden. Wir sind zufrieden.<\/p>\n\t\t\t\t\t\t\t\t<\/div>\n\t\t\t\t<\/div>\n\t\t\t\t\t<\/div>\n\t\t<\/div>\n\t\t\t\t\t<\/div>\n\t\t<\/section>\n\t\t\t\t<section class=\"elementor-section elementor-inner-section elementor-element elementor-element-6d99299 elementor-section-boxed elementor-section-height-default elementor-section-height-default\" data-id=\"6d99299\" data-element_type=\"section\">\n\t\t\t\t\t\t<div class=\"elementor-container elementor-column-gap-default\">\n\t\t\t\t\t<div class=\"elementor-column elementor-col-50 elementor-inner-column elementor-element elementor-element-fa5ed5e\" data-id=\"fa5ed5e\" data-element_type=\"column\">\n\t\t\t<div class=\"elementor-widget-wrap elementor-element-populated\">\n\t\t\t\t\t\t<div class=\"elementor-element elementor-element-df6e7bb elementor-widget elementor-widget-sosso-icon-box\" data-id=\"df6e7bb\" data-element_type=\"widget\" data-widget_type=\"sosso-icon-box.default\">\n\t\t\t\t<div class=\"elementor-widget-container\">\n\t\t\t\t\t<div class=\"klb-icon-box features-items\"><div class=\"item\"><i class=\"flaticon-agriculture-1\"><\/i><h4 class=\"title\">F\u00fcr Erzeuger<\/h4><p>Als Erzeuger w\u00fcnschen Sie sich eine respektvolle Behandlung und einen ehrlichen Preis f\u00fcr Ihre Produkte. <\/p><a href=\"\/telers\" >Mehr lesen<\/a><\/div><\/div>\t\t\t\t<\/div>\n\t\t\t\t<\/div>\n\t\t\t\t\t<\/div>\n\t\t<\/div>\n\t\t\t\t<div class=\"elementor-column elementor-col-50 elementor-inner-column elementor-element elementor-element-db9ad17\" data-id=\"db9ad17\" data-element_type=\"column\">\n\t\t\t<div class=\"elementor-widget-wrap elementor-element-populated\">\n\t\t\t\t\t\t<div class=\"elementor-element elementor-element-23de10c elementor-widget elementor-widget-sosso-icon-box\" data-id=\"23de10c\" data-element_type=\"widget\" data-widget_type=\"sosso-icon-box.default\">\n\t\t\t\t<div class=\"elementor-widget-container\">\n\t\t\t\t\t<div class=\"klb-icon-box features-items\"><div class=\"item\"><i class=\"flaticon-fruit\"><\/i><h4 class=\"title\">F\u00fcr Kunden<\/h4><p>Als H\u00e4ndler w\u00fcnschen Sie sich im Hinblick auf Qualit\u00e4t und Verf\u00fcgbarkeit der Produkte Sicherheit. Egal auf welcher Seite Sie stehen: wir sind dazu da, Ihnen diese Garantie zu bieten.<\/p><a href=\"\/klanten\" >Mehr lesen<\/a><\/div><\/div>\t\t\t\t<\/div>\n\t\t\t\t<\/div>\n\t\t\t\t\t<\/div>\n\t\t<\/div>\n\t\t\t\t\t<\/div>\n\t\t<\/section>\n\t\t\t\t\t<\/div>\n\t\t<\/div>\n\t\t\t\t\t<\/div>\n\t\t<\/section>\n\t\t\t\t<div class=\"elementor-section elementor-top-section elementor-element elementor-element-481725e elementor-section-full_width elementor-section-height-default elementor-section-height-default\" data-id=\"481725e\" data-element_type=\"section\">\n\t\t\t\t\t\t<div class=\"elementor-container elementor-column-gap-no\">\n\t\t\t\t\t<div class=\"elementor-column elementor-col-100 elementor-top-column elementor-element elementor-element-52c1eea\" data-id=\"52c1eea\" data-element_type=\"column\">\n\t\t\t<div class=\"elementor-widget-wrap elementor-element-populated\">\n\t\t\t\t\t\t<div class=\"elementor-element elementor-element-51d2789 elementor-widget elementor-widget-sosso-latest-blog\" data-id=\"51d2789\" data-element_type=\"widget\" data-widget_type=\"sosso-latest-blog.default\">\n\t\t\t\t<div class=\"elementor-widget-container\">\n\t\t\t\t\t<section class=\"blog-area\"><div class=\"container\"><div class=\"row justify-content-center\"><div class=\"col-lg-7 col-md-9\"><div class=\"section-title text-center\"><span>NACHRICHTEN<\/span><h3 class=\"title\">Die aktuellsten Nachrichten<\/h3><\/div><\/div><\/div><div class=\"row justify-content-center\"><div class=\"col-lg-4 col-md-7 col-sm-9\"><div class=\"blog-item active mt-30\" style=\"background-image:url();\"><span><i class=\"far fa-calendar-alt\"><\/i> 3 Apr. 2024<\/span><h4 class=\"title\">Thank you Edward Out!<\/h4><a  href=\"https:\/\/otcorganics.com\/de\/thank-you-edward-out\/\">Read More<\/a><\/div><\/div><div class=\"col-lg-4 col-md-7 col-sm-9\"><div class=\"blog-item mt-70\" style=\"background-image:url(https:\/\/otcorganics.com\/wp-content\/uploads\/2024\/03\/Website-tegel-vacature-2.png);\"><span><i class=\"far fa-calendar-alt\"><\/i> 21 M\u00e4rz 2024<\/span><h4 class=\"title\">Update about the upcoming organic citrus season<\/h4><a  href=\"https:\/\/otcorganics.com\/de\/update-about-the-upcoming-organic-citrus-season\/\">Read More<\/a><\/div><\/div><div class=\"col-lg-4 col-md-7 col-sm-9\"><div class=\"blog-item mt-30\" style=\"background-image:url(https:\/\/otcorganics.com\/wp-content\/uploads\/2024\/03\/01-OTC-Academy-SPRING-certification.jpg);\"><span><i class=\"far fa-calendar-alt\"><\/i> 18 M\u00e4rz 2024<\/span><h4 class=\"title\">OTC Academy empowers Peruvian organic avocado growers with SPRING certification workshops<\/h4><a  href=\"https:\/\/otcorganics.com\/de\/otc-academy-empowers-peruvian-organic-avocado-growers-with-spring-certification-workshops\/\">Read More<\/a><\/div><\/div><\/div><\/div><\/section>\t\t\t\t<\/div>\n\t\t\t\t<\/div>\n\t\t\t\t\t<\/div>\n\t\t<\/div>\n\t\t\t\t\t<\/div>\n\t\t<\/div>\n\t\t\t\t<section class=\"elementor-section elementor-top-section elementor-element elementor-element-f80c7ed elementor-section-boxed elementor-section-height-default elementor-section-height-default\" data-id=\"f80c7ed\" data-element_type=\"section\" data-settings=\"{&quot;background_background&quot;:&quot;classic&quot;}\">\n\t\t\t\t\t\t<div class=\"elementor-container elementor-column-gap-default\">\n\t\t\t\t\t<div class=\"elementor-column elementor-col-100 elementor-top-column elementor-element elementor-element-168cf9b\" data-id=\"168cf9b\" data-element_type=\"column\">\n\t\t\t<div class=\"elementor-widget-wrap elementor-element-populated\">\n\t\t\t\t\t\t<div class=\"elementor-element elementor-element-d9f55ee elementor-align-center elementor-widget elementor-widget-button\" data-id=\"d9f55ee\" data-element_type=\"widget\" data-widget_type=\"button.default\">\n\t\t\t\t<div class=\"elementor-widget-container\">\n\t\t\t\t\t\t\t\t\t<div class=\"elementor-button-wrapper\">\n\t\t\t\t\t<a class=\"elementor-button elementor-button-link elementor-size-sm\" href=\"https:\/\/otcorganics.com\/de\/nachrichten\/\">\n\t\t\t\t\t\t<span class=\"elementor-button-content-wrapper\">\n\t\t\t\t\t\t<span class=\"elementor-button-icon\">\n\t\t\t\t<i aria-hidden=\"true\" class=\"fas fa-plus\"><\/i>\t\t\t<\/span>\n\t\t\t\t\t\t\t\t\t<span class=\"elementor-button-text\">Weitere Nachrichten<\/span>\n\t\t\t\t\t<\/span>\n\t\t\t\t\t<\/a>\n\t\t\t\t<\/div>\n\t\t\t\t\t\t\t\t<\/div>\n\t\t\t\t<\/div>\n\t\t\t\t\t<\/div>\n\t\t<\/div>\n\t\t\t\t\t<\/div>\n\t\t<\/section>\n\t\t\t\t<\/div>\n\t\t","protected":false},"excerpt":{"rendered":"<p>From trading to farming Mit \u00f6kologischem Anbau einen Unterschied machen F\u00dcR ERZEUGER F\u00dcR KUNDEN \u00dcber uns Warum mit OTC Organics zusammenarbeiten? Mit reinem Gewissen Bio-Gem\u00fcse und -Obst anbauen und liefern. Nachhaltig und Spitzenqualit\u00e4t In enger und engagierter Partnerschaft mit unseren professionellen Biobauern. Das h\u00f6rt sich doch gut an? Es ist jedoch nicht so einfach, wie<\/p>\n<div class=\"read-more\"><a href=\"https:\/\/otcorganics.com\/de\/otc-academy-empowers-peruvian-organic-avocado-growers-with-spring-certification-workshops\/\"><i class=\"fal fa-arrow-right\"><\/i>Lesen Sie mehr<\/a><\/div>\n","protected":false},"author":1,"featured_media":0,"parent":0,"menu_order":0,"comment_status":"closed","ping_status":"closed","template":"","meta":{"_acf_changed":false,"footnotes":""},"class_list":["post-4559","page","type-page","status-publish","hentry"],"acf":[],"yoast_head":"<!-- This site is optimized with the Yoast SEO plugin v26.0 - https:\/\/yoast.com\/wordpress\/plugins\/seo\/ -->\n<title>Home - OTC Organics<\/title>\n<meta name=\"robots\" content=\"index, follow, max-snippet:-1, max-image-preview:large, max-video-preview:-1\" \/>\n<link rel=\"canonical\" href=\"https:\/\/otcorganics.com\/de\/\" \/>\n<meta property=\"og:locale\" content=\"de_DE\" \/>\n<meta property=\"og:type\" content=\"article\" \/>\n<meta property=\"og:title\" content=\"Home - OTC Organics\" \/>\n<meta property=\"og:description\" content=\"From trading to farming Mit \u00f6kologischem Anbau einen Unterschied machen F\u00dcR ERZEUGER F\u00dcR KUNDEN \u00dcber uns Warum mit OTC Organics zusammenarbeiten? Mit reinem Gewissen Bio-Gem\u00fcse und -Obst anbauen und liefern. Nachhaltig und Spitzenqualit\u00e4t In enger und engagierter Partnerschaft mit unseren professionellen Biobauern. Das h\u00f6rt sich doch gut an? Es ist jedoch nicht so einfach, wieLesen Sie mehr\" \/>\n<meta property=\"og:url\" content=\"https:\/\/otcorganics.com\/de\/\" \/>\n<meta property=\"og:site_name\" content=\"OTC Organics\" \/>\n<meta property=\"article:modified_time\" content=\"2023-06-19T13:46:39+00:00\" \/>\n<meta property=\"og:image\" content=\"https:\/\/otcorganics.com\/wp-content\/uploads\/2023\/04\/Home-Waarom-samenwerken-met-OTC-Organics.jpg\" \/>\n<meta name=\"twitter:card\" content=\"summary_large_image\" \/>\n<meta name=\"twitter:label1\" content=\"Gesch\u00e4tzte Lesezeit\" \/>\n\t<meta name=\"twitter:data1\" content=\"2\u00a0Minuten\" \/>\n<!-- \/ Yoast SEO plugin. -->","yoast_head_json":{"title":"Home - OTC Organics","robots":{"index":"index","follow":"follow","max-snippet":"max-snippet:-1","max-image-preview":"max-image-preview:large","max-video-preview":"max-video-preview:-1"},"canonical":"https:\/\/otcorganics.com\/de\/","og_locale":"de_DE","og_type":"article","og_title":"Home - OTC Organics","og_description":"From trading to farming Mit \u00f6kologischem Anbau einen Unterschied machen F\u00dcR ERZEUGER F\u00dcR KUNDEN \u00dcber uns Warum mit OTC Organics zusammenarbeiten? Mit reinem Gewissen Bio-Gem\u00fcse und -Obst anbauen und liefern. Nachhaltig und Spitzenqualit\u00e4t In enger und engagierter Partnerschaft mit unseren professionellen Biobauern. Das h\u00f6rt sich doch gut an? Es ist jedoch nicht so einfach, wieLesen Sie mehr","og_url":"https:\/\/otcorganics.com\/de\/","og_site_name":"OTC Organics","article_modified_time":"2023-06-19T13:46:39+00:00","og_image":[{"url":"https:\/\/otcorganics.com\/wp-content\/uploads\/2023\/04\/Home-Waarom-samenwerken-met-OTC-Organics.jpg","type":"","width":"","height":""}],"twitter_card":"summary_large_image","twitter_misc":{"Gesch\u00e4tzte Lesezeit":"2\u00a0Minuten"},"schema":{"@context":"https:\/\/schema.org","@graph":[{"@type":"WebPage","@id":"https:\/\/otcorganics.com\/de\/","url":"https:\/\/otcorganics.com\/de\/","name":"Home - OTC Organics","isPartOf":{"@id":"https:\/\/otcorganics.com\/de\/#website"},"primaryImageOfPage":{"@id":"https:\/\/otcorganics.com\/de\/#primaryimage"},"image":{"@id":"https:\/\/otcorganics.com\/de\/#primaryimage"},"thumbnailUrl":"https:\/\/otcorganics.com\/wp-content\/uploads\/2023\/04\/Home-Waarom-samenwerken-met-OTC-Organics.jpg","datePublished":"2020-03-22T10:19:25+00:00","dateModified":"2023-06-19T13:46:39+00:00","breadcrumb":{"@id":"https:\/\/otcorganics.com\/de\/#breadcrumb"},"inLanguage":"de","potentialAction":[{"@type":"ReadAction","target":["https:\/\/otcorganics.com\/de\/"]}]},{"@type":"ImageObject","inLanguage":"de","@id":"https:\/\/otcorganics.com\/de\/#primaryimage","url":"https:\/\/otcorganics.com\/wp-content\/uploads\/2023\/04\/Home-Waarom-samenwerken-met-OTC-Organics.jpg","contentUrl":"https:\/\/otcorganics.com\/wp-content\/uploads\/2023\/04\/Home-Waarom-samenwerken-met-OTC-Organics.jpg"},{"@type":"BreadcrumbList","@id":"https:\/\/otcorganics.com\/de\/#breadcrumb","itemListElement":[{"@type":"ListItem","position":1,"name":"Home","item":"https:\/\/otcorganics.com\/de\/"},{"@type":"ListItem","position":2,"name":"Home"}]},{"@type":"WebSite","@id":"https:\/\/otcorganics.com\/de\/#website","url":"https:\/\/otcorganics.com\/de\/","name":"OTC Organics","description":"","potentialAction":[{"@type":"SearchAction","target":{"@type":"EntryPoint","urlTemplate":"https:\/\/otcorganics.com\/de\/?s={search_term_string}"},"query-input":{"@type":"PropertyValueSpecification","valueRequired":true,"valueName":"search_term_string"}}],"inLanguage":"de"}]}},"_links":{"self":[{"href":"https:\/\/otcorganics.com\/de\/wp-json\/wp\/v2\/pages\/4559","targetHints":{"allow":["GET"]}}],"collection":[{"href":"https:\/\/otcorganics.com\/de\/wp-json\/wp\/v2\/pages"}],"about":[{"href":"https:\/\/otcorganics.com\/de\/wp-json\/wp\/v2\/types\/page"}],"author":[{"embeddable":true,"href":"https:\/\/otcorganics.com\/de\/wp-json\/wp\/v2\/users\/1"}],"replies":[{"embeddable":true,"href":"https:\/\/otcorganics.com\/de\/wp-json\/wp\/v2\/comments?post=4559"}],"version-history":[{"count":23,"href":"https:\/\/otcorganics.com\/de\/wp-json\/wp\/v2\/pages\/4559\/revisions"}],"predecessor-version":[{"id":6354,"href":"https:\/\/otcorganics.com\/de\/wp-json\/wp\/v2\/pages\/4559\/revisions\/6354"}],"wp:attachment":[{"href":"https:\/\/otcorganics.com\/de\/wp-json\/wp\/v2\/media?parent=4559"}],"curies":[{"name":"wp","href":"https:\/\/api.w.org\/{rel}","templated":true}]}}