{"id":4567,"date":"2023-02-06T15:09:57","date_gmt":"2023-02-06T15:09:57","guid":{"rendered":"https:\/\/otcorganics.com\/erzeuger\/"},"modified":"2023-05-16T12:44:21","modified_gmt":"2023-05-16T12:44:21","slug":"erzeuger","status":"publish","type":"page","link":"https:\/\/otcorganics.com\/de\/erzeuger\/","title":{"rendered":"Erzeuger"},"content":{"rendered":"\t\t<div data-elementor-type=\"wp-page\" data-elementor-id=\"4567\" class=\"elementor elementor-4567 elementor-1738\" data-elementor-post-type=\"page\">\n\t\t\t\t\t\t<section class=\"elementor-section elementor-top-section elementor-element elementor-element-0aeb097 elementor-section-full_width elementor-section-height-default elementor-section-height-default\" data-id=\"0aeb097\" data-element_type=\"section\">\n\t\t\t\t\t\t<div class=\"elementor-container elementor-column-gap-no\">\n\t\t\t\t\t<div class=\"elementor-column elementor-col-100 elementor-top-column elementor-element elementor-element-e4578ae\" data-id=\"e4578ae\" data-element_type=\"column\">\n\t\t\t<div class=\"elementor-widget-wrap elementor-element-populated\">\n\t\t\t\t\t\t<div class=\"elementor-element elementor-element-9574ee2 elementor-widget elementor-widget-sosso-breadcrumb\" data-id=\"9574ee2\" data-element_type=\"widget\" data-widget_type=\"sosso-breadcrumb.default\">\n\t\t\t\t<div class=\"elementor-widget-container\">\n\t\t\t\t\t<section class=\"page-title-area bg_cover d-flex align-items-center\" style=\"background-image: url(https:\/\/otcorganics.com\/wp-content\/uploads\/2023\/05\/Telers-header-3.jpg)\"><div class=\"container\"><div class=\"row\"><div class=\"col-lg-6\"><div class=\"page-title-content\"><h3 class=\"title\">Erzeuger<\/h3><nav aria-label=\"breadcrumb\"><nav aria-label=\"breadcrumb\"><ol class=\"breadcrumb\"><li class=\"breadcrumb-item\"><a  href=\"https:\/\/otcorganics.com\/de\/\" title=\"Home\" rel=\"bookmark\">Home<\/a> <\/li>  <\/ol><\/nav><\/nav><\/div><\/div><\/div><\/div><\/section>\t\t\t\t<\/div>\n\t\t\t\t<\/div>\n\t\t\t\t\t<\/div>\n\t\t<\/div>\n\t\t\t\t\t<\/div>\n\t\t<\/section>\n\t\t\t\t<section class=\"elementor-section elementor-top-section elementor-element elementor-element-d5c2eec elementor-section-content-middle elementor-section-boxed elementor-section-height-default elementor-section-height-default\" data-id=\"d5c2eec\" data-element_type=\"section\">\n\t\t\t\t\t\t<div class=\"elementor-container elementor-column-gap-default\">\n\t\t\t\t\t<div class=\"elementor-column elementor-col-50 elementor-top-column elementor-element elementor-element-078a1cf\" data-id=\"078a1cf\" data-element_type=\"column\">\n\t\t\t<div class=\"elementor-widget-wrap elementor-element-populated\">\n\t\t\t\t\t\t<div class=\"elementor-element elementor-element-7b11eb6 elementor-widget elementor-widget-sosso-single-image\" data-id=\"7b11eb6\" data-element_type=\"widget\" data-widget_type=\"sosso-single-image.default\">\n\t\t\t\t<div class=\"elementor-widget-container\">\n\t\t\t\t\t<div class=\"klb-single-image about-info-thumb ml-30 mr-30\"><img decoding=\"async\" src=\"https:\/\/otcorganics.com\/wp-content\/uploads\/2023\/04\/Telers-verticaal2.jpg\" alt=\"about\"><\/div>\t\t\t\t<\/div>\n\t\t\t\t<\/div>\n\t\t\t\t\t<\/div>\n\t\t<\/div>\n\t\t\t\t<div class=\"elementor-column elementor-col-50 elementor-top-column elementor-element elementor-element-dc4b616\" data-id=\"dc4b616\" data-element_type=\"column\">\n\t\t\t<div class=\"elementor-widget-wrap elementor-element-populated\">\n\t\t\t\t\t\t<div class=\"elementor-element elementor-element-3bad455 elementor-widget elementor-widget-sosso-custom-title\" data-id=\"3bad455\" data-element_type=\"widget\" data-widget_type=\"sosso-custom-title.default\">\n\t\t\t\t<div class=\"elementor-widget-container\">\n\t\t\t\t\t<div class=\"klb-custom-title\"><span>Erzeuger<\/span><h3 class=\"title\">So viele L\u00e4nder, dieselbe Anbaumethode<\/h3><\/div>\t\t\t\t<\/div>\n\t\t\t\t<\/div>\n\t\t\t\t<div class=\"elementor-element elementor-element-1994d23 elementor-widget elementor-widget-text-editor\" data-id=\"1994d23\" data-element_type=\"widget\" data-widget_type=\"text-editor.default\">\n\t\t\t\t<div class=\"elementor-widget-container\">\n\t\t\t\t\t\t\t\t\t<p style=\"font-weight: 400;\">Wir arbeiten weltweit mit Erzeugern die sich tagt\u00e4glich mit Leib und Seele f\u00fcr den Anbau von biologischem Gem\u00fcse und Obst von hervorragender Qualit\u00e4t einsetzen. Wir lassen uns gerne von unseren Erzeugern \u00fcber ihre Expertise auf dem Laufenden halten. Gleichzeitig helfen wir unseren Erzeugern, die Produkte m\u00f6glichst nachhaltig nach Europa zu senden, und dann weiter zu vertreiben. Mit sechs dieser Erzeuger arbeiten wir so intensiv zusammen, dass wir sie als unsere strategischen Partner bezeichnen k\u00f6nnen.<\/p>\n<p>&nbsp;<\/p>\n<h4 style=\"font-weight: 400;\"><strong>Wir stehen buchst\u00e4blich bei unseren Erzeugern auf dem Acker<\/strong><\/h4>\n<p style=\"font-weight: 400;\">Unser Product Development Team arbeitet vor Ort mit Erzeugern weltweit. Gemeinsam mit dem Erzeuger arbeiten sie bei Bedarf an der Bodenverbesserung, verbessern Prozesse, \u00fcberpr\u00fcfen Regeln und Gesetze und die gesetzlich vorgeschriebenen Labels. Die Vorschriften auf dem biologischen Markt sind streng und wir wollen nat\u00fcrlich nicht, dass komplette Ernten bei der Ankunft in den Niederlanden zur\u00fcckgewiesen und vernichtet werden.<\/p>\n\t\t\t\t\t\t\t\t<\/div>\n\t\t\t\t<\/div>\n\t\t\t\t\t<\/div>\n\t\t<\/div>\n\t\t\t\t\t<\/div>\n\t\t<\/section>\n\t\t\t\t<section class=\"elementor-section elementor-top-section elementor-element elementor-element-33f7274 elementor-section-boxed elementor-section-height-default elementor-section-height-default\" data-id=\"33f7274\" data-element_type=\"section\">\n\t\t\t\t\t\t<div class=\"elementor-container elementor-column-gap-default\">\n\t\t\t\t\t<div class=\"elementor-column elementor-col-50 elementor-top-column elementor-element elementor-element-db65bc2\" data-id=\"db65bc2\" data-element_type=\"column\">\n\t\t\t<div class=\"elementor-widget-wrap elementor-element-populated\">\n\t\t\t\t\t\t<div class=\"elementor-element elementor-element-7e129a8 elementor-widget elementor-widget-heading\" data-id=\"7e129a8\" data-element_type=\"widget\" data-widget_type=\"heading.default\">\n\t\t\t\t<div class=\"elementor-widget-container\">\n\t\t\t\t\t<h2 class=\"elementor-heading-title elementor-size-default\">Zuschauen, wo es m\u00f6glich ist, Mitdenken, wo wir d\u00fcrfen, Eingreifen, wo es erforderlich ist<\/h2>\t\t\t\t<\/div>\n\t\t\t\t<\/div>\n\t\t\t\t\t<\/div>\n\t\t<\/div>\n\t\t\t\t<div class=\"elementor-column elementor-col-50 elementor-top-column elementor-element elementor-element-89f2067\" data-id=\"89f2067\" data-element_type=\"column\">\n\t\t\t<div class=\"elementor-widget-wrap elementor-element-populated\">\n\t\t\t\t\t\t<div class=\"elementor-element elementor-element-a888b83 elementor-widget elementor-widget-text-editor\" data-id=\"a888b83\" data-element_type=\"widget\" data-widget_type=\"text-editor.default\">\n\t\t\t\t<div class=\"elementor-widget-container\">\n\t\t\t\t\t\t\t\t\t<p style=\"font-weight: 400;\" data-mce-style=\"font-weight: 400;\">Wir arbeiten pers\u00f6nlich, transparent Art und Weise und gleichberechtigt. Wir sch\u00e4tzen und respektieren Ihre biologische Kompetenz und Expertise. Und dank unseres gro\u00dfen europ\u00e4ischen Netzwerks und unserem umfangreichen Absatzmarkt sind wir ein zuverl\u00e4ssiger Partner, dem Sie Ihre Produkte ruhigen Herzens anvertrauen k\u00f6nnen.<\/p>\n\t\t\t\t\t\t\t\t<\/div>\n\t\t\t\t<\/div>\n\t\t\t\t\t<\/div>\n\t\t<\/div>\n\t\t\t\t\t<\/div>\n\t\t<\/section>\n\t\t\t\t<\/div>\n\t\t","protected":false},"excerpt":{"rendered":"<p>Erzeuger Home Erzeuger So viele L\u00e4nder, dieselbe Anbaumethode Wir arbeiten weltweit mit Erzeugern die sich tagt\u00e4glich mit Leib und Seele f\u00fcr den Anbau von biologischem Gem\u00fcse und Obst von hervorragender Qualit\u00e4t einsetzen. Wir lassen uns gerne von unseren Erzeugern \u00fcber ihre Expertise auf dem Laufenden halten. Gleichzeitig helfen wir unseren Erzeugern, die Produkte m\u00f6glichst nachhaltig<\/p>\n<div class=\"read-more\"><a href=\"https:\/\/otcorganics.com\/de\/erzeuger\/\"><i class=\"fal fa-arrow-right\"><\/i>Lesen Sie mehr<\/a><\/div>\n","protected":false},"author":1,"featured_media":0,"parent":0,"menu_order":0,"comment_status":"closed","ping_status":"closed","template":"","meta":{"_acf_changed":false,"footnotes":""},"class_list":["post-4567","page","type-page","status-publish","hentry"],"acf":[],"yoast_head":"<!-- This site is optimized with the Yoast SEO plugin v26.0 - https:\/\/yoast.com\/wordpress\/plugins\/seo\/ -->\n<title>Erzeuger - OTC Organics<\/title>\n<meta name=\"robots\" content=\"index, follow, max-snippet:-1, max-image-preview:large, max-video-preview:-1\" \/>\n<link rel=\"canonical\" href=\"https:\/\/otcorganics.com\/de\/erzeuger\/\" \/>\n<meta property=\"og:locale\" content=\"de_DE\" \/>\n<meta property=\"og:type\" content=\"article\" \/>\n<meta property=\"og:title\" content=\"Erzeuger - OTC Organics\" \/>\n<meta property=\"og:description\" content=\"Erzeuger Home Erzeuger So viele L\u00e4nder, dieselbe Anbaumethode Wir arbeiten weltweit mit Erzeugern die sich tagt\u00e4glich mit Leib und Seele f\u00fcr den Anbau von biologischem Gem\u00fcse und Obst von hervorragender Qualit\u00e4t einsetzen. Wir lassen uns gerne von unseren Erzeugern \u00fcber ihre Expertise auf dem Laufenden halten. Gleichzeitig helfen wir unseren Erzeugern, die Produkte m\u00f6glichst nachhaltigLesen Sie mehr\" \/>\n<meta property=\"og:url\" content=\"https:\/\/otcorganics.com\/de\/erzeuger\/\" \/>\n<meta property=\"og:site_name\" content=\"OTC Organics\" \/>\n<meta property=\"article:modified_time\" content=\"2023-05-16T12:44:21+00:00\" \/>\n<meta property=\"og:image\" content=\"https:\/\/otcorganics.com\/wp-content\/uploads\/2023\/04\/Telers-verticaal2.jpg\" \/>\n<meta name=\"twitter:card\" content=\"summary_large_image\" \/>\n<meta name=\"twitter:label1\" content=\"Gesch\u00e4tzte Lesezeit\" \/>\n\t<meta name=\"twitter:data1\" content=\"1\u00a0Minute\" \/>\n<!-- \/ Yoast SEO plugin. -->","yoast_head_json":{"title":"Erzeuger - OTC Organics","robots":{"index":"index","follow":"follow","max-snippet":"max-snippet:-1","max-image-preview":"max-image-preview:large","max-video-preview":"max-video-preview:-1"},"canonical":"https:\/\/otcorganics.com\/de\/erzeuger\/","og_locale":"de_DE","og_type":"article","og_title":"Erzeuger - OTC Organics","og_description":"Erzeuger Home Erzeuger So viele L\u00e4nder, dieselbe Anbaumethode Wir arbeiten weltweit mit Erzeugern die sich tagt\u00e4glich mit Leib und Seele f\u00fcr den Anbau von biologischem Gem\u00fcse und Obst von hervorragender Qualit\u00e4t einsetzen. Wir lassen uns gerne von unseren Erzeugern \u00fcber ihre Expertise auf dem Laufenden halten. Gleichzeitig helfen wir unseren Erzeugern, die Produkte m\u00f6glichst nachhaltigLesen Sie mehr","og_url":"https:\/\/otcorganics.com\/de\/erzeuger\/","og_site_name":"OTC Organics","article_modified_time":"2023-05-16T12:44:21+00:00","og_image":[{"url":"https:\/\/otcorganics.com\/wp-content\/uploads\/2023\/04\/Telers-verticaal2.jpg","type":"","width":"","height":""}],"twitter_card":"summary_large_image","twitter_misc":{"Gesch\u00e4tzte Lesezeit":"1\u00a0Minute"},"schema":{"@context":"https:\/\/schema.org","@graph":[{"@type":"WebPage","@id":"https:\/\/otcorganics.com\/de\/erzeuger\/","url":"https:\/\/otcorganics.com\/de\/erzeuger\/","name":"Erzeuger - OTC Organics","isPartOf":{"@id":"https:\/\/otcorganics.com\/de\/#website"},"primaryImageOfPage":{"@id":"https:\/\/otcorganics.com\/de\/erzeuger\/#primaryimage"},"image":{"@id":"https:\/\/otcorganics.com\/de\/erzeuger\/#primaryimage"},"thumbnailUrl":"https:\/\/otcorganics.com\/wp-content\/uploads\/2023\/04\/Telers-verticaal2.jpg","datePublished":"2023-02-06T15:09:57+00:00","dateModified":"2023-05-16T12:44:21+00:00","breadcrumb":{"@id":"https:\/\/otcorganics.com\/de\/erzeuger\/#breadcrumb"},"inLanguage":"de","potentialAction":[{"@type":"ReadAction","target":["https:\/\/otcorganics.com\/de\/erzeuger\/"]}]},{"@type":"ImageObject","inLanguage":"de","@id":"https:\/\/otcorganics.com\/de\/erzeuger\/#primaryimage","url":"https:\/\/otcorganics.com\/wp-content\/uploads\/2023\/04\/Telers-verticaal2.jpg","contentUrl":"https:\/\/otcorganics.com\/wp-content\/uploads\/2023\/04\/Telers-verticaal2.jpg"},{"@type":"BreadcrumbList","@id":"https:\/\/otcorganics.com\/de\/erzeuger\/#breadcrumb","itemListElement":[{"@type":"ListItem","position":1,"name":"Home","item":"https:\/\/otcorganics.com\/de\/"},{"@type":"ListItem","position":2,"name":"Erzeuger"}]},{"@type":"WebSite","@id":"https:\/\/otcorganics.com\/de\/#website","url":"https:\/\/otcorganics.com\/de\/","name":"OTC Organics","description":"","potentialAction":[{"@type":"SearchAction","target":{"@type":"EntryPoint","urlTemplate":"https:\/\/otcorganics.com\/de\/?s={search_term_string}"},"query-input":{"@type":"PropertyValueSpecification","valueRequired":true,"valueName":"search_term_string"}}],"inLanguage":"de"}]}},"_links":{"self":[{"href":"https:\/\/otcorganics.com\/de\/wp-json\/wp\/v2\/pages\/4567","targetHints":{"allow":["GET"]}}],"collection":[{"href":"https:\/\/otcorganics.com\/de\/wp-json\/wp\/v2\/pages"}],"about":[{"href":"https:\/\/otcorganics.com\/de\/wp-json\/wp\/v2\/types\/page"}],"author":[{"embeddable":true,"href":"https:\/\/otcorganics.com\/de\/wp-json\/wp\/v2\/users\/1"}],"replies":[{"embeddable":true,"href":"https:\/\/otcorganics.com\/de\/wp-json\/wp\/v2\/comments?post=4567"}],"version-history":[{"count":6,"href":"https:\/\/otcorganics.com\/de\/wp-json\/wp\/v2\/pages\/4567\/revisions"}],"predecessor-version":[{"id":5906,"href":"https:\/\/otcorganics.com\/de\/wp-json\/wp\/v2\/pages\/4567\/revisions\/5906"}],"wp:attachment":[{"href":"https:\/\/otcorganics.com\/de\/wp-json\/wp\/v2\/media?parent=4567"}],"curies":[{"name":"wp","href":"https:\/\/api.w.org\/{rel}","templated":true}]}}