{"id":4571,"date":"2020-03-29T09:10:54","date_gmt":"2020-03-29T09:10:54","guid":{"rendered":"https:\/\/otcorganics.com\/erzeuger\/strategische-partner\/"},"modified":"2023-05-01T12:17:24","modified_gmt":"2023-05-01T12:17:24","slug":"strategische-partner","status":"publish","type":"page","link":"https:\/\/otcorganics.com\/de\/erzeuger\/strategische-partner\/","title":{"rendered":"Strategische Partner"},"content":{"rendered":"\t\t<div data-elementor-type=\"wp-page\" data-elementor-id=\"4571\" class=\"elementor elementor-4571 elementor-886\" data-elementor-post-type=\"page\">\n\t\t\t\t\t\t<section class=\"elementor-section elementor-top-section elementor-element elementor-element-bb3165d elementor-section-boxed elementor-section-height-default elementor-section-height-default\" data-id=\"bb3165d\" data-element_type=\"section\">\n\t\t\t\t\t\t<div class=\"elementor-container elementor-column-gap-no\">\n\t\t\t\t\t<div class=\"elementor-column elementor-col-100 elementor-top-column elementor-element elementor-element-6bcc4bc\" data-id=\"6bcc4bc\" data-element_type=\"column\">\n\t\t\t<div class=\"elementor-widget-wrap elementor-element-populated\">\n\t\t\t\t\t\t<section class=\"elementor-section elementor-inner-section elementor-element elementor-element-6010ed6 elementor-section-boxed elementor-section-height-default elementor-section-height-default\" data-id=\"6010ed6\" data-element_type=\"section\">\n\t\t\t\t\t\t<div class=\"elementor-container elementor-column-gap-no\">\n\t\t\t\t\t<div class=\"elementor-column elementor-col-33 elementor-inner-column elementor-element elementor-element-5ed536a\" data-id=\"5ed536a\" data-element_type=\"column\">\n\t\t\t<div class=\"elementor-widget-wrap\">\n\t\t\t\t\t\t\t<\/div>\n\t\t<\/div>\n\t\t\t\t<div class=\"elementor-column elementor-col-33 elementor-inner-column elementor-element elementor-element-d63a41b\" data-id=\"d63a41b\" data-element_type=\"column\">\n\t\t\t<div class=\"elementor-widget-wrap elementor-element-populated\">\n\t\t\t\t\t\t<div class=\"elementor-element elementor-element-649399b elementor-widget elementor-widget-sosso-custom-title\" data-id=\"649399b\" data-element_type=\"widget\" data-widget_type=\"sosso-custom-title.default\">\n\t\t\t\t<div class=\"elementor-widget-container\">\n\t\t\t\t\t<div class=\"section-title text-center\"><span>Strategische Partner<\/span><h3 class=\"title\">So viele L\u00e4nder, dieselbe Anbaumethode<\/h3><\/div>\t\t\t\t<\/div>\n\t\t\t\t<\/div>\n\t\t\t\t\t<\/div>\n\t\t<\/div>\n\t\t\t\t<div class=\"elementor-column elementor-col-33 elementor-inner-column elementor-element elementor-element-a3e412e\" data-id=\"a3e412e\" data-element_type=\"column\">\n\t\t\t<div class=\"elementor-widget-wrap\">\n\t\t\t\t\t\t\t<\/div>\n\t\t<\/div>\n\t\t\t\t\t<\/div>\n\t\t<\/section>\n\t\t\t\t<section class=\"elementor-section elementor-inner-section elementor-element elementor-element-4600444 elementor-section-boxed elementor-section-height-default elementor-section-height-default\" data-id=\"4600444\" data-element_type=\"section\">\n\t\t\t\t\t\t<div class=\"elementor-container elementor-column-gap-default\">\n\t\t\t\t\t<div class=\"elementor-column elementor-col-33 elementor-inner-column elementor-element elementor-element-2ebd25a\" data-id=\"2ebd25a\" data-element_type=\"column\">\n\t\t\t<div class=\"elementor-widget-wrap\">\n\t\t\t\t\t\t\t<\/div>\n\t\t<\/div>\n\t\t\t\t<div class=\"elementor-column elementor-col-33 elementor-inner-column elementor-element elementor-element-a3ef8f7\" data-id=\"a3ef8f7\" data-element_type=\"column\">\n\t\t\t<div class=\"elementor-widget-wrap elementor-element-populated\">\n\t\t\t\t\t\t<div class=\"elementor-element elementor-element-a31c371 elementor-widget elementor-widget-text-editor\" data-id=\"a31c371\" data-element_type=\"widget\" data-widget_type=\"text-editor.default\">\n\t\t\t\t<div class=\"elementor-widget-container\">\n\t\t\t\t\t\t\t\t\t<p class=\"klb-text\">Dank der starken Beziehung zu unseren strategischen Partnern k\u00f6nnen wir gemeinsam einen echten Unterschied am Bio-Markt machen. Jeder \u00fcbt seinen Beruf aus, alle nutzen ihre Talente unsere Expertise ist der Bio-Markt. Wir sind davon \u00fcberzeugt, dass diese fruchtbare Zusammenarbeit alle weiterbringt. Wir stellen Ihnen unsere Partner vor. <\/p>\n\t\t\t\t\t\t\t\t<\/div>\n\t\t\t\t<\/div>\n\t\t\t\t\t<\/div>\n\t\t<\/div>\n\t\t\t\t<div class=\"elementor-column elementor-col-33 elementor-inner-column elementor-element elementor-element-7298368\" data-id=\"7298368\" data-element_type=\"column\">\n\t\t\t<div class=\"elementor-widget-wrap\">\n\t\t\t\t\t\t\t<\/div>\n\t\t<\/div>\n\t\t\t\t\t<\/div>\n\t\t<\/section>\n\t\t\t\t<div class=\"elementor-element elementor-element-2139eed elementor-posts--thumbnail-top elementor-grid-3 elementor-grid-tablet-2 elementor-grid-mobile-1 elementor-widget elementor-widget-posts\" data-id=\"2139eed\" data-element_type=\"widget\" data-settings=\"{&quot;custom_columns&quot;:&quot;3&quot;,&quot;custom_columns_tablet&quot;:&quot;2&quot;,&quot;custom_columns_mobile&quot;:&quot;1&quot;,&quot;custom_row_gap&quot;:{&quot;unit&quot;:&quot;px&quot;,&quot;size&quot;:35,&quot;sizes&quot;:[]},&quot;custom_row_gap_tablet&quot;:{&quot;unit&quot;:&quot;px&quot;,&quot;size&quot;:&quot;&quot;,&quot;sizes&quot;:[]},&quot;custom_row_gap_mobile&quot;:{&quot;unit&quot;:&quot;px&quot;,&quot;size&quot;:&quot;&quot;,&quot;sizes&quot;:[]}}\" data-widget_type=\"posts.custom\">\n\t\t\t\t<div class=\"elementor-widget-container\">\n\t\t\t\t\t      <div class=\"ecs-posts elementor-posts-container elementor-posts   elementor-grid elementor-posts--skin-custom\" data-settings=\"{&quot;current_page&quot;:1,&quot;max_num_pages&quot;:0,&quot;load_method&quot;:&quot;&quot;,&quot;widget_id&quot;:&quot;2139eed&quot;,&quot;post_id&quot;:4571,&quot;theme_id&quot;:4571,&quot;change_url&quot;:false,&quot;reinit_js&quot;:false}\">\n      <div class=\"elementor-posts-nothing-found\"><\/div>\t\t<\/div>\n\t\t\t\t\t\t<\/div>\n\t\t\t\t<\/div>\n\t\t\t\t\t<\/div>\n\t\t<\/div>\n\t\t\t\t\t<\/div>\n\t\t<\/section>\n\t\t\t\t<\/div>\n\t\t","protected":false},"excerpt":{"rendered":"<p>Strategische Partner So viele L\u00e4nder, dieselbe Anbaumethode Dank der starken Beziehung zu unseren strategischen Partnern k\u00f6nnen wir gemeinsam einen echten Unterschied am Bio-Markt machen. Jeder \u00fcbt seinen Beruf aus, alle nutzen ihre Talente unsere Expertise ist der Bio-Markt. Wir sind davon \u00fcberzeugt, dass diese fruchtbare Zusammenarbeit alle weiterbringt. Wir stellen Ihnen unsere Partner vor.<\/p>\n","protected":false},"author":1,"featured_media":0,"parent":4567,"menu_order":0,"comment_status":"closed","ping_status":"closed","template":"","meta":{"_acf_changed":false,"footnotes":""},"class_list":["post-4571","page","type-page","status-publish","hentry"],"acf":[],"yoast_head":"<!-- This site is optimized with the Yoast SEO plugin v26.0 - https:\/\/yoast.com\/wordpress\/plugins\/seo\/ -->\n<title>Strategische Partner - OTC Organics<\/title>\n<meta name=\"robots\" content=\"index, follow, max-snippet:-1, max-image-preview:large, max-video-preview:-1\" \/>\n<link rel=\"canonical\" href=\"https:\/\/otcorganics.com\/de\/erzeuger\/strategische-partner\/\" \/>\n<meta property=\"og:locale\" content=\"de_DE\" \/>\n<meta property=\"og:type\" content=\"article\" \/>\n<meta property=\"og:title\" content=\"Strategische Partner - OTC Organics\" \/>\n<meta property=\"og:description\" content=\"Strategische Partner So viele L\u00e4nder, dieselbe Anbaumethode Dank der starken Beziehung zu unseren strategischen Partnern k\u00f6nnen wir gemeinsam einen echten Unterschied am Bio-Markt machen. Jeder \u00fcbt seinen Beruf aus, alle nutzen ihre Talente unsere Expertise ist der Bio-Markt. Wir sind davon \u00fcberzeugt, dass diese fruchtbare Zusammenarbeit alle weiterbringt. Wir stellen Ihnen unsere Partner vor.\" \/>\n<meta property=\"og:url\" content=\"https:\/\/otcorganics.com\/de\/erzeuger\/strategische-partner\/\" \/>\n<meta property=\"og:site_name\" content=\"OTC Organics\" \/>\n<meta property=\"article:modified_time\" content=\"2023-05-01T12:17:24+00:00\" \/>\n<meta name=\"twitter:card\" content=\"summary_large_image\" \/>\n<!-- \/ Yoast SEO plugin. -->","yoast_head_json":{"title":"Strategische Partner - OTC Organics","robots":{"index":"index","follow":"follow","max-snippet":"max-snippet:-1","max-image-preview":"max-image-preview:large","max-video-preview":"max-video-preview:-1"},"canonical":"https:\/\/otcorganics.com\/de\/erzeuger\/strategische-partner\/","og_locale":"de_DE","og_type":"article","og_title":"Strategische Partner - OTC Organics","og_description":"Strategische Partner So viele L\u00e4nder, dieselbe Anbaumethode Dank der starken Beziehung zu unseren strategischen Partnern k\u00f6nnen wir gemeinsam einen echten Unterschied am Bio-Markt machen. Jeder \u00fcbt seinen Beruf aus, alle nutzen ihre Talente unsere Expertise ist der Bio-Markt. Wir sind davon \u00fcberzeugt, dass diese fruchtbare Zusammenarbeit alle weiterbringt. Wir stellen Ihnen unsere Partner vor.","og_url":"https:\/\/otcorganics.com\/de\/erzeuger\/strategische-partner\/","og_site_name":"OTC Organics","article_modified_time":"2023-05-01T12:17:24+00:00","twitter_card":"summary_large_image","schema":{"@context":"https:\/\/schema.org","@graph":[{"@type":"WebPage","@id":"https:\/\/otcorganics.com\/de\/erzeuger\/strategische-partner\/","url":"https:\/\/otcorganics.com\/de\/erzeuger\/strategische-partner\/","name":"Strategische Partner - OTC Organics","isPartOf":{"@id":"https:\/\/otcorganics.com\/de\/#website"},"datePublished":"2020-03-29T09:10:54+00:00","dateModified":"2023-05-01T12:17:24+00:00","breadcrumb":{"@id":"https:\/\/otcorganics.com\/de\/erzeuger\/strategische-partner\/#breadcrumb"},"inLanguage":"de","potentialAction":[{"@type":"ReadAction","target":["https:\/\/otcorganics.com\/de\/erzeuger\/strategische-partner\/"]}]},{"@type":"BreadcrumbList","@id":"https:\/\/otcorganics.com\/de\/erzeuger\/strategische-partner\/#breadcrumb","itemListElement":[{"@type":"ListItem","position":1,"name":"Home","item":"https:\/\/otcorganics.com\/de\/"},{"@type":"ListItem","position":2,"name":"Erzeuger","item":"https:\/\/otcorganics.com\/de\/telers\/"},{"@type":"ListItem","position":3,"name":"Strategische Partner"}]},{"@type":"WebSite","@id":"https:\/\/otcorganics.com\/de\/#website","url":"https:\/\/otcorganics.com\/de\/","name":"OTC Organics","description":"","potentialAction":[{"@type":"SearchAction","target":{"@type":"EntryPoint","urlTemplate":"https:\/\/otcorganics.com\/de\/?s={search_term_string}"},"query-input":{"@type":"PropertyValueSpecification","valueRequired":true,"valueName":"search_term_string"}}],"inLanguage":"de"}]}},"_links":{"self":[{"href":"https:\/\/otcorganics.com\/de\/wp-json\/wp\/v2\/pages\/4571","targetHints":{"allow":["GET"]}}],"collection":[{"href":"https:\/\/otcorganics.com\/de\/wp-json\/wp\/v2\/pages"}],"about":[{"href":"https:\/\/otcorganics.com\/de\/wp-json\/wp\/v2\/types\/page"}],"author":[{"embeddable":true,"href":"https:\/\/otcorganics.com\/de\/wp-json\/wp\/v2\/users\/1"}],"replies":[{"embeddable":true,"href":"https:\/\/otcorganics.com\/de\/wp-json\/wp\/v2\/comments?post=4571"}],"version-history":[{"count":3,"href":"https:\/\/otcorganics.com\/de\/wp-json\/wp\/v2\/pages\/4571\/revisions"}],"predecessor-version":[{"id":4574,"href":"https:\/\/otcorganics.com\/de\/wp-json\/wp\/v2\/pages\/4571\/revisions\/4574"}],"up":[{"embeddable":true,"href":"https:\/\/otcorganics.com\/de\/wp-json\/wp\/v2\/pages\/4567"}],"wp:attachment":[{"href":"https:\/\/otcorganics.com\/de\/wp-json\/wp\/v2\/media?parent=4571"}],"curies":[{"name":"wp","href":"https:\/\/api.w.org\/{rel}","templated":true}]}}