{"id":4577,"date":"2023-02-07T14:36:50","date_gmt":"2023-02-07T14:36:50","guid":{"rendered":"https:\/\/otcorganics.com\/angebot\/produktentwicklung\/"},"modified":"2023-05-16T13:19:09","modified_gmt":"2023-05-16T13:19:09","slug":"produktentwicklung","status":"publish","type":"page","link":"https:\/\/otcorganics.com\/de\/angebot\/produktentwicklung\/","title":{"rendered":"Produktentwicklung"},"content":{"rendered":"\t\t<div data-elementor-type=\"wp-page\" data-elementor-id=\"4577\" class=\"elementor elementor-4577 elementor-2013\" data-elementor-post-type=\"page\">\n\t\t\t\t\t\t<section class=\"elementor-section elementor-top-section elementor-element elementor-element-d5c2eec elementor-section-content-middle elementor-section-boxed elementor-section-height-default elementor-section-height-default\" data-id=\"d5c2eec\" data-element_type=\"section\">\n\t\t\t\t\t\t<div class=\"elementor-container elementor-column-gap-default\">\n\t\t\t\t\t<div class=\"elementor-column elementor-col-50 elementor-top-column elementor-element elementor-element-078a1cf\" data-id=\"078a1cf\" data-element_type=\"column\">\n\t\t\t<div class=\"elementor-widget-wrap elementor-element-populated\">\n\t\t\t\t\t\t<div class=\"elementor-element elementor-element-7b11eb6 elementor-widget elementor-widget-sosso-single-image\" data-id=\"7b11eb6\" data-element_type=\"widget\" data-widget_type=\"sosso-single-image.default\">\n\t\t\t\t<div class=\"elementor-widget-container\">\n\t\t\t\t\t<div class=\"klb-single-image about-info-thumb ml-30 mr-30\"><img decoding=\"async\" src=\"https:\/\/otcorganics.com\/wp-content\/uploads\/2023\/04\/Product-Development-verticaal2.jpg\" alt=\"about\"><\/div>\t\t\t\t<\/div>\n\t\t\t\t<\/div>\n\t\t\t\t\t<\/div>\n\t\t<\/div>\n\t\t\t\t<div class=\"elementor-column elementor-col-50 elementor-top-column elementor-element elementor-element-dc4b616\" data-id=\"dc4b616\" data-element_type=\"column\">\n\t\t\t<div class=\"elementor-widget-wrap elementor-element-populated\">\n\t\t\t\t\t\t<div class=\"elementor-element elementor-element-3bad455 elementor-widget elementor-widget-sosso-custom-title\" data-id=\"3bad455\" data-element_type=\"widget\" data-widget_type=\"sosso-custom-title.default\">\n\t\t\t\t<div class=\"elementor-widget-container\">\n\t\t\t\t\t<div class=\"klb-custom-title\"><span>Produktentwicklung<\/span><h3 class=\"title\">Wir begleiten unsere Produkte von der Bl\u00fcte bis zur Ernte<\/h3><\/div>\t\t\t\t<\/div>\n\t\t\t\t<\/div>\n\t\t\t\t<div class=\"elementor-element elementor-element-1994d23 elementor-widget elementor-widget-text-editor\" data-id=\"1994d23\" data-element_type=\"widget\" data-widget_type=\"text-editor.default\">\n\t\t\t\t<div class=\"elementor-widget-container\">\n\t\t\t\t\t\t\t\t\t<p>Jeder Gem\u00fcse- und Obstfreund wei\u00df, dass diese Produkte au\u00dfer Sonne, Wasser und Erde noch etwas ben\u00f6tigen: Aufmerksamkeit. Dieser Aspekt steht bei unserer Abteilung Product Development im Mittelpunkt. Wir sind t\u00e4glich bei unseren Erzeugern auf dem Hof oder im Feld zwischen den S\u00fc\u00dfkartoffelreihen, in den Weing\u00e4rten oder Ingwerfeldern.<\/p>\n<p>&nbsp;<\/p>\n<h4><strong>Nachhaltige Lebensmittel produzieren<\/strong><\/h4>\n<p>&nbsp;<\/p>\n<h4><strong>Den Boden sch\u00fctzen<\/strong><\/h4>\n<p>&nbsp;<\/p>\n<h4><strong>Dem Klimawandel entgegenwirken<\/strong><\/h4>\n\t\t\t\t\t\t\t\t<\/div>\n\t\t\t\t<\/div>\n\t\t\t\t\t<\/div>\n\t\t<\/div>\n\t\t\t\t\t<\/div>\n\t\t<\/section>\n\t\t\t\t<section class=\"elementor-section elementor-top-section elementor-element elementor-element-33f7274 elementor-section-boxed elementor-section-height-default elementor-section-height-default\" data-id=\"33f7274\" data-element_type=\"section\">\n\t\t\t\t\t\t<div class=\"elementor-container elementor-column-gap-default\">\n\t\t\t\t\t<div class=\"elementor-column elementor-col-50 elementor-top-column elementor-element elementor-element-db65bc2\" data-id=\"db65bc2\" data-element_type=\"column\">\n\t\t\t<div class=\"elementor-widget-wrap elementor-element-populated\">\n\t\t\t\t\t\t<div class=\"elementor-element elementor-element-7e129a8 elementor-widget elementor-widget-heading\" data-id=\"7e129a8\" data-element_type=\"widget\" data-widget_type=\"heading.default\">\n\t\t\t\t<div class=\"elementor-widget-container\">\n\t\t\t\t\t<h2 class=\"elementor-heading-title elementor-size-default\">Wenn Sie sich f\u00fcr den \u00f6kologischen Anbau von Gem\u00fcse und Obst entscheiden, tun Sie all dies<\/h2>\t\t\t\t<\/div>\n\t\t\t\t<\/div>\n\t\t\t\t\t<\/div>\n\t\t<\/div>\n\t\t\t\t<div class=\"elementor-column elementor-col-50 elementor-top-column elementor-element elementor-element-89f2067\" data-id=\"89f2067\" data-element_type=\"column\">\n\t\t\t<div class=\"elementor-widget-wrap elementor-element-populated\">\n\t\t\t\t\t\t<div class=\"elementor-element elementor-element-a888b83 elementor-widget elementor-widget-text-editor\" data-id=\"a888b83\" data-element_type=\"widget\" data-widget_type=\"text-editor.default\">\n\t\t\t\t<div class=\"elementor-widget-container\">\n\t\t\t\t\t\t\t\t\t<p>Wir sorgen gemeinsam daf\u00fcr, dass die Produkte verl\u00e4sslich und von hochwertiger Qualit\u00e4t sind, und alle Anforderungen f\u00fcr den unverz\u00f6gerten Versand nach Europa erf\u00fcllen. Dadurch, dass wir von der Bl\u00fcte bis zur Ernte im Produktionsprozess involviert sind, gew\u00e4hrleisten wir die \u00f6kologische Integrit\u00e4t und k\u00f6nnen wir garantieren, dass unsere Produkte 100 % Bio sind.<\/p>\n\t\t\t\t\t\t\t\t<\/div>\n\t\t\t\t<\/div>\n\t\t\t\t\t<\/div>\n\t\t<\/div>\n\t\t\t\t\t<\/div>\n\t\t<\/section>\n\t\t\t\t<\/div>\n\t\t","protected":false},"excerpt":{"rendered":"<p>Produktentwicklung Wir begleiten unsere Produkte von der Bl\u00fcte bis zur Ernte Jeder Gem\u00fcse- und Obstfreund wei\u00df, dass diese Produkte au\u00dfer Sonne, Wasser und Erde noch etwas ben\u00f6tigen: Aufmerksamkeit. Dieser Aspekt steht bei unserer Abteilung Product Development im Mittelpunkt. Wir sind t\u00e4glich bei unseren Erzeugern auf dem Hof oder im Feld zwischen den S\u00fc\u00dfkartoffelreihen, in den<\/p>\n<div class=\"read-more\"><a href=\"https:\/\/otcorganics.com\/de\/angebot\/produktentwicklung\/\"><i class=\"fal fa-arrow-right\"><\/i>Lesen Sie mehr<\/a><\/div>\n","protected":false},"author":1,"featured_media":0,"parent":4575,"menu_order":0,"comment_status":"closed","ping_status":"closed","template":"","meta":{"_acf_changed":false,"footnotes":""},"class_list":["post-4577","page","type-page","status-publish","hentry"],"acf":[],"yoast_head":"<!-- This site is optimized with the Yoast SEO plugin v26.0 - https:\/\/yoast.com\/wordpress\/plugins\/seo\/ -->\n<title>Produktentwicklung - OTC Organics<\/title>\n<meta name=\"robots\" content=\"index, follow, max-snippet:-1, max-image-preview:large, max-video-preview:-1\" \/>\n<link rel=\"canonical\" href=\"https:\/\/otcorganics.com\/de\/angebot\/produktentwicklung\/\" \/>\n<meta property=\"og:locale\" content=\"de_DE\" \/>\n<meta property=\"og:type\" content=\"article\" \/>\n<meta property=\"og:title\" content=\"Produktentwicklung - OTC Organics\" \/>\n<meta property=\"og:description\" content=\"Produktentwicklung Wir begleiten unsere Produkte von der Bl\u00fcte bis zur Ernte Jeder Gem\u00fcse- und Obstfreund wei\u00df, dass diese Produkte au\u00dfer Sonne, Wasser und Erde noch etwas ben\u00f6tigen: Aufmerksamkeit. Dieser Aspekt steht bei unserer Abteilung Product Development im Mittelpunkt. Wir sind t\u00e4glich bei unseren Erzeugern auf dem Hof oder im Feld zwischen den S\u00fc\u00dfkartoffelreihen, in denLesen Sie mehr\" \/>\n<meta property=\"og:url\" content=\"https:\/\/otcorganics.com\/de\/angebot\/produktentwicklung\/\" \/>\n<meta property=\"og:site_name\" content=\"OTC Organics\" \/>\n<meta property=\"article:modified_time\" content=\"2023-05-16T13:19:09+00:00\" \/>\n<meta property=\"og:image\" content=\"https:\/\/otcorganics.com\/wp-content\/uploads\/2023\/04\/Product-Development-verticaal2.jpg\" \/>\n<meta name=\"twitter:card\" content=\"summary_large_image\" \/>\n<meta name=\"twitter:label1\" content=\"Gesch\u00e4tzte Lesezeit\" \/>\n\t<meta name=\"twitter:data1\" content=\"1\u00a0Minute\" \/>\n<!-- \/ Yoast SEO plugin. -->","yoast_head_json":{"title":"Produktentwicklung - OTC Organics","robots":{"index":"index","follow":"follow","max-snippet":"max-snippet:-1","max-image-preview":"max-image-preview:large","max-video-preview":"max-video-preview:-1"},"canonical":"https:\/\/otcorganics.com\/de\/angebot\/produktentwicklung\/","og_locale":"de_DE","og_type":"article","og_title":"Produktentwicklung - OTC Organics","og_description":"Produktentwicklung Wir begleiten unsere Produkte von der Bl\u00fcte bis zur Ernte Jeder Gem\u00fcse- und Obstfreund wei\u00df, dass diese Produkte au\u00dfer Sonne, Wasser und Erde noch etwas ben\u00f6tigen: Aufmerksamkeit. Dieser Aspekt steht bei unserer Abteilung Product Development im Mittelpunkt. Wir sind t\u00e4glich bei unseren Erzeugern auf dem Hof oder im Feld zwischen den S\u00fc\u00dfkartoffelreihen, in denLesen Sie mehr","og_url":"https:\/\/otcorganics.com\/de\/angebot\/produktentwicklung\/","og_site_name":"OTC Organics","article_modified_time":"2023-05-16T13:19:09+00:00","og_image":[{"url":"https:\/\/otcorganics.com\/wp-content\/uploads\/2023\/04\/Product-Development-verticaal2.jpg","type":"","width":"","height":""}],"twitter_card":"summary_large_image","twitter_misc":{"Gesch\u00e4tzte Lesezeit":"1\u00a0Minute"},"schema":{"@context":"https:\/\/schema.org","@graph":[{"@type":"WebPage","@id":"https:\/\/otcorganics.com\/de\/angebot\/produktentwicklung\/","url":"https:\/\/otcorganics.com\/de\/angebot\/produktentwicklung\/","name":"Produktentwicklung - OTC Organics","isPartOf":{"@id":"https:\/\/otcorganics.com\/de\/#website"},"primaryImageOfPage":{"@id":"https:\/\/otcorganics.com\/de\/angebot\/produktentwicklung\/#primaryimage"},"image":{"@id":"https:\/\/otcorganics.com\/de\/angebot\/produktentwicklung\/#primaryimage"},"thumbnailUrl":"https:\/\/otcorganics.com\/wp-content\/uploads\/2023\/04\/Product-Development-verticaal2.jpg","datePublished":"2023-02-07T14:36:50+00:00","dateModified":"2023-05-16T13:19:09+00:00","breadcrumb":{"@id":"https:\/\/otcorganics.com\/de\/angebot\/produktentwicklung\/#breadcrumb"},"inLanguage":"de","potentialAction":[{"@type":"ReadAction","target":["https:\/\/otcorganics.com\/de\/angebot\/produktentwicklung\/"]}]},{"@type":"ImageObject","inLanguage":"de","@id":"https:\/\/otcorganics.com\/de\/angebot\/produktentwicklung\/#primaryimage","url":"https:\/\/otcorganics.com\/wp-content\/uploads\/2023\/04\/Product-Development-verticaal2.jpg","contentUrl":"https:\/\/otcorganics.com\/wp-content\/uploads\/2023\/04\/Product-Development-verticaal2.jpg"},{"@type":"BreadcrumbList","@id":"https:\/\/otcorganics.com\/de\/angebot\/produktentwicklung\/#breadcrumb","itemListElement":[{"@type":"ListItem","position":1,"name":"Home","item":"https:\/\/otcorganics.com\/de\/"},{"@type":"ListItem","position":2,"name":"Angebot","item":"https:\/\/otcorganics.com\/de\/aanbod\/"},{"@type":"ListItem","position":3,"name":"Produktentwicklung"}]},{"@type":"WebSite","@id":"https:\/\/otcorganics.com\/de\/#website","url":"https:\/\/otcorganics.com\/de\/","name":"OTC Organics","description":"","potentialAction":[{"@type":"SearchAction","target":{"@type":"EntryPoint","urlTemplate":"https:\/\/otcorganics.com\/de\/?s={search_term_string}"},"query-input":{"@type":"PropertyValueSpecification","valueRequired":true,"valueName":"search_term_string"}}],"inLanguage":"de"}]}},"_links":{"self":[{"href":"https:\/\/otcorganics.com\/de\/wp-json\/wp\/v2\/pages\/4577","targetHints":{"allow":["GET"]}}],"collection":[{"href":"https:\/\/otcorganics.com\/de\/wp-json\/wp\/v2\/pages"}],"about":[{"href":"https:\/\/otcorganics.com\/de\/wp-json\/wp\/v2\/types\/page"}],"author":[{"embeddable":true,"href":"https:\/\/otcorganics.com\/de\/wp-json\/wp\/v2\/users\/1"}],"replies":[{"embeddable":true,"href":"https:\/\/otcorganics.com\/de\/wp-json\/wp\/v2\/comments?post=4577"}],"version-history":[{"count":6,"href":"https:\/\/otcorganics.com\/de\/wp-json\/wp\/v2\/pages\/4577\/revisions"}],"predecessor-version":[{"id":5936,"href":"https:\/\/otcorganics.com\/de\/wp-json\/wp\/v2\/pages\/4577\/revisions\/5936"}],"up":[{"embeddable":true,"href":"https:\/\/otcorganics.com\/de\/wp-json\/wp\/v2\/pages\/4575"}],"wp:attachment":[{"href":"https:\/\/otcorganics.com\/de\/wp-json\/wp\/v2\/media?parent=4577"}],"curies":[{"name":"wp","href":"https:\/\/api.w.org\/{rel}","templated":true}]}}