{"id":4581,"date":"2023-02-07T14:41:41","date_gmt":"2023-02-07T14:41:41","guid":{"rendered":"https:\/\/otcorganics.com\/angebot\/modernstes-bio-lager\/"},"modified":"2023-05-25T08:59:04","modified_gmt":"2023-05-25T08:59:04","slug":"modernstes-bio-lager","status":"publish","type":"page","link":"https:\/\/otcorganics.com\/de\/angebot\/modernstes-bio-lager\/","title":{"rendered":"Modernstes Bio-Lager"},"content":{"rendered":"\t\t<div data-elementor-type=\"wp-page\" data-elementor-id=\"4581\" class=\"elementor elementor-4581 elementor-2018\" data-elementor-post-type=\"page\">\n\t\t\t\t\t\t<section class=\"elementor-section elementor-top-section elementor-element elementor-element-d5c2eec elementor-section-content-middle elementor-section-boxed elementor-section-height-default elementor-section-height-default\" data-id=\"d5c2eec\" data-element_type=\"section\">\n\t\t\t\t\t\t<div class=\"elementor-container elementor-column-gap-default\">\n\t\t\t\t\t<div class=\"elementor-column elementor-col-50 elementor-top-column elementor-element elementor-element-078a1cf\" data-id=\"078a1cf\" data-element_type=\"column\">\n\t\t\t<div class=\"elementor-widget-wrap elementor-element-populated\">\n\t\t\t\t\t\t<div class=\"elementor-element elementor-element-7b11eb6 elementor-widget elementor-widget-sosso-single-image\" data-id=\"7b11eb6\" data-element_type=\"widget\" data-widget_type=\"sosso-single-image.default\">\n\t\t\t\t<div class=\"elementor-widget-container\">\n\t\t\t\t\t<div class=\"klb-single-image about-info-thumb ml-30 mr-30\"><img decoding=\"async\" src=\"https:\/\/otcorganics.com\/wp-content\/uploads\/2023\/04\/State-of-the-art-verticaal2.jpg\" alt=\"about\"><\/div>\t\t\t\t<\/div>\n\t\t\t\t<\/div>\n\t\t\t\t\t<\/div>\n\t\t<\/div>\n\t\t\t\t<div class=\"elementor-column elementor-col-50 elementor-top-column elementor-element elementor-element-dc4b616\" data-id=\"dc4b616\" data-element_type=\"column\">\n\t\t\t<div class=\"elementor-widget-wrap elementor-element-populated\">\n\t\t\t\t\t\t<div class=\"elementor-element elementor-element-3bad455 elementor-widget elementor-widget-sosso-custom-title\" data-id=\"3bad455\" data-element_type=\"widget\" data-widget_type=\"sosso-custom-title.default\">\n\t\t\t\t<div class=\"elementor-widget-container\">\n\t\t\t\t\t<div class=\"klb-custom-title\"><span>Modernstes Bio-Lager<\/span><h3 class=\"title\">Versenden, verpacken, distribuieren Nichts wird dem Zufall \u00fcberlassen<\/h3><\/div>\t\t\t\t<\/div>\n\t\t\t\t<\/div>\n\t\t\t\t<div class=\"elementor-element elementor-element-1994d23 elementor-widget elementor-widget-text-editor\" data-id=\"1994d23\" data-element_type=\"widget\" data-widget_type=\"text-editor.default\">\n\t\t\t\t<div class=\"elementor-widget-container\">\n\t\t\t\t\t\t\t\t\t<p>Bodenheizung, Trockenunits, K\u00fchlzellen mit exakt korrekter Temperatur&#8230; unserem Obst und Gem\u00fcse mangelt es an nichts, wenn es bei unseren Kunden ankommt.<\/p>\n<p>Wir lagern die Produkte in unserem hochmodernen Bio-Lager in Poeldijk, in der N\u00e4he der H\u00e4fen von Rotterdam und Antwerpen. In Poeldijk werden die Produkte sorgf\u00e4ltig und ma\u00dfgerecht verpackt und anschlie\u00dfend schnellstm\u00f6glich an unsere Kunden in ganz Europa geliefert. Frischer geht es nicht!<\/p>\n\t\t\t\t\t\t\t\t<\/div>\n\t\t\t\t<\/div>\n\t\t\t\t\t<\/div>\n\t\t<\/div>\n\t\t\t\t\t<\/div>\n\t\t<\/section>\n\t\t\t\t<\/div>\n\t\t","protected":false},"excerpt":{"rendered":"<p>Modernstes Bio-Lager Versenden, verpacken, distribuieren Nichts wird dem Zufall \u00fcberlassen Bodenheizung, Trockenunits, K\u00fchlzellen mit exakt korrekter Temperatur&#8230; unserem Obst und Gem\u00fcse mangelt es an nichts, wenn es bei unseren Kunden ankommt. Wir lagern die Produkte in unserem hochmodernen Bio-Lager in Poeldijk, in der N\u00e4he der H\u00e4fen von Rotterdam und Antwerpen. In Poeldijk werden die Produkte<\/p>\n<div class=\"read-more\"><a href=\"https:\/\/otcorganics.com\/de\/angebot\/modernstes-bio-lager\/\"><i class=\"fal fa-arrow-right\"><\/i>Lesen Sie mehr<\/a><\/div>\n","protected":false},"author":1,"featured_media":0,"parent":4575,"menu_order":0,"comment_status":"closed","ping_status":"closed","template":"","meta":{"_acf_changed":false,"footnotes":""},"class_list":["post-4581","page","type-page","status-publish","hentry"],"acf":[],"yoast_head":"<!-- This site is optimized with the Yoast SEO plugin v26.0 - https:\/\/yoast.com\/wordpress\/plugins\/seo\/ -->\n<title>Modernstes Bio-Lager - OTC Organics<\/title>\n<meta name=\"robots\" content=\"index, follow, max-snippet:-1, max-image-preview:large, max-video-preview:-1\" \/>\n<link rel=\"canonical\" href=\"https:\/\/otcorganics.com\/de\/angebot\/modernstes-bio-lager\/\" \/>\n<meta property=\"og:locale\" content=\"de_DE\" \/>\n<meta property=\"og:type\" content=\"article\" \/>\n<meta property=\"og:title\" content=\"Modernstes Bio-Lager - OTC Organics\" \/>\n<meta property=\"og:description\" content=\"Modernstes Bio-Lager Versenden, verpacken, distribuieren Nichts wird dem Zufall \u00fcberlassen Bodenheizung, Trockenunits, K\u00fchlzellen mit exakt korrekter Temperatur&#8230; unserem Obst und Gem\u00fcse mangelt es an nichts, wenn es bei unseren Kunden ankommt. Wir lagern die Produkte in unserem hochmodernen Bio-Lager in Poeldijk, in der N\u00e4he der H\u00e4fen von Rotterdam und Antwerpen. In Poeldijk werden die ProdukteLesen Sie mehr\" \/>\n<meta property=\"og:url\" content=\"https:\/\/otcorganics.com\/de\/angebot\/modernstes-bio-lager\/\" \/>\n<meta property=\"og:site_name\" content=\"OTC Organics\" \/>\n<meta property=\"article:modified_time\" content=\"2023-05-25T08:59:04+00:00\" \/>\n<meta property=\"og:image\" content=\"https:\/\/otcorganics.com\/wp-content\/uploads\/2023\/04\/State-of-the-art-verticaal2.jpg\" \/>\n<meta name=\"twitter:card\" content=\"summary_large_image\" \/>\n<!-- \/ Yoast SEO plugin. -->","yoast_head_json":{"title":"Modernstes Bio-Lager - OTC Organics","robots":{"index":"index","follow":"follow","max-snippet":"max-snippet:-1","max-image-preview":"max-image-preview:large","max-video-preview":"max-video-preview:-1"},"canonical":"https:\/\/otcorganics.com\/de\/angebot\/modernstes-bio-lager\/","og_locale":"de_DE","og_type":"article","og_title":"Modernstes Bio-Lager - OTC Organics","og_description":"Modernstes Bio-Lager Versenden, verpacken, distribuieren Nichts wird dem Zufall \u00fcberlassen Bodenheizung, Trockenunits, K\u00fchlzellen mit exakt korrekter Temperatur&#8230; unserem Obst und Gem\u00fcse mangelt es an nichts, wenn es bei unseren Kunden ankommt. Wir lagern die Produkte in unserem hochmodernen Bio-Lager in Poeldijk, in der N\u00e4he der H\u00e4fen von Rotterdam und Antwerpen. In Poeldijk werden die ProdukteLesen Sie mehr","og_url":"https:\/\/otcorganics.com\/de\/angebot\/modernstes-bio-lager\/","og_site_name":"OTC Organics","article_modified_time":"2023-05-25T08:59:04+00:00","og_image":[{"url":"https:\/\/otcorganics.com\/wp-content\/uploads\/2023\/04\/State-of-the-art-verticaal2.jpg","type":"","width":"","height":""}],"twitter_card":"summary_large_image","schema":{"@context":"https:\/\/schema.org","@graph":[{"@type":"WebPage","@id":"https:\/\/otcorganics.com\/de\/angebot\/modernstes-bio-lager\/","url":"https:\/\/otcorganics.com\/de\/angebot\/modernstes-bio-lager\/","name":"Modernstes Bio-Lager - OTC Organics","isPartOf":{"@id":"https:\/\/otcorganics.com\/de\/#website"},"primaryImageOfPage":{"@id":"https:\/\/otcorganics.com\/de\/angebot\/modernstes-bio-lager\/#primaryimage"},"image":{"@id":"https:\/\/otcorganics.com\/de\/angebot\/modernstes-bio-lager\/#primaryimage"},"thumbnailUrl":"https:\/\/otcorganics.com\/wp-content\/uploads\/2023\/04\/State-of-the-art-verticaal2.jpg","datePublished":"2023-02-07T14:41:41+00:00","dateModified":"2023-05-25T08:59:04+00:00","breadcrumb":{"@id":"https:\/\/otcorganics.com\/de\/angebot\/modernstes-bio-lager\/#breadcrumb"},"inLanguage":"de","potentialAction":[{"@type":"ReadAction","target":["https:\/\/otcorganics.com\/de\/angebot\/modernstes-bio-lager\/"]}]},{"@type":"ImageObject","inLanguage":"de","@id":"https:\/\/otcorganics.com\/de\/angebot\/modernstes-bio-lager\/#primaryimage","url":"https:\/\/otcorganics.com\/wp-content\/uploads\/2023\/04\/State-of-the-art-verticaal2.jpg","contentUrl":"https:\/\/otcorganics.com\/wp-content\/uploads\/2023\/04\/State-of-the-art-verticaal2.jpg"},{"@type":"BreadcrumbList","@id":"https:\/\/otcorganics.com\/de\/angebot\/modernstes-bio-lager\/#breadcrumb","itemListElement":[{"@type":"ListItem","position":1,"name":"Home","item":"https:\/\/otcorganics.com\/de\/"},{"@type":"ListItem","position":2,"name":"Angebot","item":"https:\/\/otcorganics.com\/de\/aanbod\/"},{"@type":"ListItem","position":3,"name":"Modernstes Bio-Lager"}]},{"@type":"WebSite","@id":"https:\/\/otcorganics.com\/de\/#website","url":"https:\/\/otcorganics.com\/de\/","name":"OTC Organics","description":"","potentialAction":[{"@type":"SearchAction","target":{"@type":"EntryPoint","urlTemplate":"https:\/\/otcorganics.com\/de\/?s={search_term_string}"},"query-input":{"@type":"PropertyValueSpecification","valueRequired":true,"valueName":"search_term_string"}}],"inLanguage":"de"}]}},"_links":{"self":[{"href":"https:\/\/otcorganics.com\/de\/wp-json\/wp\/v2\/pages\/4581","targetHints":{"allow":["GET"]}}],"collection":[{"href":"https:\/\/otcorganics.com\/de\/wp-json\/wp\/v2\/pages"}],"about":[{"href":"https:\/\/otcorganics.com\/de\/wp-json\/wp\/v2\/types\/page"}],"author":[{"embeddable":true,"href":"https:\/\/otcorganics.com\/de\/wp-json\/wp\/v2\/users\/1"}],"replies":[{"embeddable":true,"href":"https:\/\/otcorganics.com\/de\/wp-json\/wp\/v2\/comments?post=4581"}],"version-history":[{"count":6,"href":"https:\/\/otcorganics.com\/de\/wp-json\/wp\/v2\/pages\/4581\/revisions"}],"predecessor-version":[{"id":6244,"href":"https:\/\/otcorganics.com\/de\/wp-json\/wp\/v2\/pages\/4581\/revisions\/6244"}],"up":[{"embeddable":true,"href":"https:\/\/otcorganics.com\/de\/wp-json\/wp\/v2\/pages\/4575"}],"wp:attachment":[{"href":"https:\/\/otcorganics.com\/de\/wp-json\/wp\/v2\/media?parent=4581"}],"curies":[{"name":"wp","href":"https:\/\/api.w.org\/{rel}","templated":true}]}}