{"id":4585,"date":"2023-02-07T14:50:39","date_gmt":"2023-02-07T14:50:39","guid":{"rendered":"https:\/\/otcorganics.com\/angebot\/verpackungen\/"},"modified":"2023-05-24T12:05:24","modified_gmt":"2023-05-24T12:05:24","slug":"verpackungen","status":"publish","type":"page","link":"https:\/\/otcorganics.com\/de\/angebot\/verpackungen\/","title":{"rendered":"Verpackungen"},"content":{"rendered":"\t\t<div data-elementor-type=\"wp-page\" data-elementor-id=\"4585\" class=\"elementor elementor-4585 elementor-2029\" data-elementor-post-type=\"page\">\n\t\t\t\t\t\t<section class=\"elementor-section elementor-top-section elementor-element elementor-element-d5c2eec elementor-section-content-middle elementor-section-boxed elementor-section-height-default elementor-section-height-default\" data-id=\"d5c2eec\" data-element_type=\"section\">\n\t\t\t\t\t\t<div class=\"elementor-container elementor-column-gap-default\">\n\t\t\t\t\t<div class=\"elementor-column elementor-col-50 elementor-top-column elementor-element elementor-element-078a1cf\" data-id=\"078a1cf\" data-element_type=\"column\">\n\t\t\t<div class=\"elementor-widget-wrap elementor-element-populated\">\n\t\t\t\t\t\t<div class=\"elementor-element elementor-element-7b11eb6 elementor-widget elementor-widget-sosso-single-image\" data-id=\"7b11eb6\" data-element_type=\"widget\" data-widget_type=\"sosso-single-image.default\">\n\t\t\t\t<div class=\"elementor-widget-container\">\n\t\t\t\t\t<div class=\"klb-single-image about-info-thumb ml-30 mr-30\"><img decoding=\"async\" src=\"https:\/\/otcorganics.com\/wp-content\/uploads\/2023\/05\/Verpakkingen-laserbranding.jpg\" alt=\"about\"><\/div>\t\t\t\t<\/div>\n\t\t\t\t<\/div>\n\t\t\t\t\t<\/div>\n\t\t<\/div>\n\t\t\t\t<div class=\"elementor-column elementor-col-50 elementor-top-column elementor-element elementor-element-dc4b616\" data-id=\"dc4b616\" data-element_type=\"column\">\n\t\t\t<div class=\"elementor-widget-wrap elementor-element-populated\">\n\t\t\t\t\t\t<div class=\"elementor-element elementor-element-3bad455 elementor-widget elementor-widget-sosso-custom-title\" data-id=\"3bad455\" data-element_type=\"widget\" data-widget_type=\"sosso-custom-title.default\">\n\t\t\t\t<div class=\"elementor-widget-container\">\n\t\t\t\t\t<div class=\"klb-custom-title\"><span>Verpackungen<\/span><h3 class=\"title\">Produkte aus \u00f6kologischem Anbau in einer nachhaltigen Verpackung<\/h3><\/div>\t\t\t\t<\/div>\n\t\t\t\t<\/div>\n\t\t\t\t<div class=\"elementor-element elementor-element-1994d23 elementor-widget elementor-widget-text-editor\" data-id=\"1994d23\" data-element_type=\"widget\" data-widget_type=\"text-editor.default\">\n\t\t\t\t<div class=\"elementor-widget-container\">\n\t\t\t\t\t\t\t\t\t<p>Praktisch oder innovativ, auff\u00e4llig oder neutral: wir liefern Ihnen unsere Produkte aus \u00f6kologischem Anbau in jeder gew\u00fcnschten Verpackung. Was halten Sie beispielsweise von biosbasierten oder biologisch abbaubaren Verpackungen? Wir entwickeln sie selbst oder gemeinsam mit Ihnen. Denn wir finden, dass ein sch\u00f6nes Bio-Produkt eine gute, \u00f6kologisch vertretbare Verpackung verdient.\u00a0Oder gar keine Verpackung!<\/p>\n\t\t\t\t\t\t\t\t<\/div>\n\t\t\t\t<\/div>\n\t\t\t\t\t<\/div>\n\t\t<\/div>\n\t\t\t\t\t<\/div>\n\t\t<\/section>\n\t\t\t\t<\/div>\n\t\t","protected":false},"excerpt":{"rendered":"<p>Verpackungen Produkte aus \u00f6kologischem Anbau in einer nachhaltigen Verpackung Praktisch oder innovativ, auff\u00e4llig oder neutral: wir liefern Ihnen unsere Produkte aus \u00f6kologischem Anbau in jeder gew\u00fcnschten Verpackung. Was halten Sie beispielsweise von biosbasierten oder biologisch abbaubaren Verpackungen? Wir entwickeln sie selbst oder gemeinsam mit Ihnen. Denn wir finden, dass ein sch\u00f6nes Bio-Produkt eine gute, \u00f6kologisch<\/p>\n<div class=\"read-more\"><a href=\"https:\/\/otcorganics.com\/de\/angebot\/verpackungen\/\"><i class=\"fal fa-arrow-right\"><\/i>Lesen Sie mehr<\/a><\/div>\n","protected":false},"author":1,"featured_media":0,"parent":4575,"menu_order":0,"comment_status":"closed","ping_status":"closed","template":"","meta":{"_acf_changed":false,"footnotes":""},"class_list":["post-4585","page","type-page","status-publish","hentry"],"acf":[],"yoast_head":"<!-- This site is optimized with the Yoast SEO plugin v26.0 - https:\/\/yoast.com\/wordpress\/plugins\/seo\/ -->\n<title>Verpackungen - OTC Organics<\/title>\n<meta name=\"robots\" content=\"index, follow, max-snippet:-1, max-image-preview:large, max-video-preview:-1\" \/>\n<link rel=\"canonical\" href=\"https:\/\/otcorganics.com\/de\/angebot\/verpackungen\/\" \/>\n<meta property=\"og:locale\" content=\"de_DE\" \/>\n<meta property=\"og:type\" content=\"article\" \/>\n<meta property=\"og:title\" content=\"Verpackungen - OTC Organics\" \/>\n<meta property=\"og:description\" content=\"Verpackungen Produkte aus \u00f6kologischem Anbau in einer nachhaltigen Verpackung Praktisch oder innovativ, auff\u00e4llig oder neutral: wir liefern Ihnen unsere Produkte aus \u00f6kologischem Anbau in jeder gew\u00fcnschten Verpackung. Was halten Sie beispielsweise von biosbasierten oder biologisch abbaubaren Verpackungen? Wir entwickeln sie selbst oder gemeinsam mit Ihnen. Denn wir finden, dass ein sch\u00f6nes Bio-Produkt eine gute, \u00f6kologischLesen Sie mehr\" \/>\n<meta property=\"og:url\" content=\"https:\/\/otcorganics.com\/de\/angebot\/verpackungen\/\" \/>\n<meta property=\"og:site_name\" content=\"OTC Organics\" \/>\n<meta property=\"article:modified_time\" content=\"2023-05-24T12:05:24+00:00\" \/>\n<meta property=\"og:image\" content=\"https:\/\/otcorganics.com\/wp-content\/uploads\/2023\/05\/Verpakkingen-laserbranding.jpg\" \/>\n<meta name=\"twitter:card\" content=\"summary_large_image\" \/>\n<!-- \/ Yoast SEO plugin. -->","yoast_head_json":{"title":"Verpackungen - OTC Organics","robots":{"index":"index","follow":"follow","max-snippet":"max-snippet:-1","max-image-preview":"max-image-preview:large","max-video-preview":"max-video-preview:-1"},"canonical":"https:\/\/otcorganics.com\/de\/angebot\/verpackungen\/","og_locale":"de_DE","og_type":"article","og_title":"Verpackungen - OTC Organics","og_description":"Verpackungen Produkte aus \u00f6kologischem Anbau in einer nachhaltigen Verpackung Praktisch oder innovativ, auff\u00e4llig oder neutral: wir liefern Ihnen unsere Produkte aus \u00f6kologischem Anbau in jeder gew\u00fcnschten Verpackung. Was halten Sie beispielsweise von biosbasierten oder biologisch abbaubaren Verpackungen? Wir entwickeln sie selbst oder gemeinsam mit Ihnen. Denn wir finden, dass ein sch\u00f6nes Bio-Produkt eine gute, \u00f6kologischLesen Sie mehr","og_url":"https:\/\/otcorganics.com\/de\/angebot\/verpackungen\/","og_site_name":"OTC Organics","article_modified_time":"2023-05-24T12:05:24+00:00","og_image":[{"url":"https:\/\/otcorganics.com\/wp-content\/uploads\/2023\/05\/Verpakkingen-laserbranding.jpg","type":"","width":"","height":""}],"twitter_card":"summary_large_image","schema":{"@context":"https:\/\/schema.org","@graph":[{"@type":"WebPage","@id":"https:\/\/otcorganics.com\/de\/angebot\/verpackungen\/","url":"https:\/\/otcorganics.com\/de\/angebot\/verpackungen\/","name":"Verpackungen - OTC Organics","isPartOf":{"@id":"https:\/\/otcorganics.com\/de\/#website"},"primaryImageOfPage":{"@id":"https:\/\/otcorganics.com\/de\/angebot\/verpackungen\/#primaryimage"},"image":{"@id":"https:\/\/otcorganics.com\/de\/angebot\/verpackungen\/#primaryimage"},"thumbnailUrl":"https:\/\/otcorganics.com\/wp-content\/uploads\/2023\/05\/Verpakkingen-laserbranding.jpg","datePublished":"2023-02-07T14:50:39+00:00","dateModified":"2023-05-24T12:05:24+00:00","breadcrumb":{"@id":"https:\/\/otcorganics.com\/de\/angebot\/verpackungen\/#breadcrumb"},"inLanguage":"de","potentialAction":[{"@type":"ReadAction","target":["https:\/\/otcorganics.com\/de\/angebot\/verpackungen\/"]}]},{"@type":"ImageObject","inLanguage":"de","@id":"https:\/\/otcorganics.com\/de\/angebot\/verpackungen\/#primaryimage","url":"https:\/\/otcorganics.com\/wp-content\/uploads\/2023\/05\/Verpakkingen-laserbranding.jpg","contentUrl":"https:\/\/otcorganics.com\/wp-content\/uploads\/2023\/05\/Verpakkingen-laserbranding.jpg"},{"@type":"BreadcrumbList","@id":"https:\/\/otcorganics.com\/de\/angebot\/verpackungen\/#breadcrumb","itemListElement":[{"@type":"ListItem","position":1,"name":"Home","item":"https:\/\/otcorganics.com\/de\/"},{"@type":"ListItem","position":2,"name":"Angebot","item":"https:\/\/otcorganics.com\/de\/aanbod\/"},{"@type":"ListItem","position":3,"name":"Verpackungen"}]},{"@type":"WebSite","@id":"https:\/\/otcorganics.com\/de\/#website","url":"https:\/\/otcorganics.com\/de\/","name":"OTC Organics","description":"","potentialAction":[{"@type":"SearchAction","target":{"@type":"EntryPoint","urlTemplate":"https:\/\/otcorganics.com\/de\/?s={search_term_string}"},"query-input":{"@type":"PropertyValueSpecification","valueRequired":true,"valueName":"search_term_string"}}],"inLanguage":"de"}]}},"_links":{"self":[{"href":"https:\/\/otcorganics.com\/de\/wp-json\/wp\/v2\/pages\/4585","targetHints":{"allow":["GET"]}}],"collection":[{"href":"https:\/\/otcorganics.com\/de\/wp-json\/wp\/v2\/pages"}],"about":[{"href":"https:\/\/otcorganics.com\/de\/wp-json\/wp\/v2\/types\/page"}],"author":[{"embeddable":true,"href":"https:\/\/otcorganics.com\/de\/wp-json\/wp\/v2\/users\/1"}],"replies":[{"embeddable":true,"href":"https:\/\/otcorganics.com\/de\/wp-json\/wp\/v2\/comments?post=4585"}],"version-history":[{"count":8,"href":"https:\/\/otcorganics.com\/de\/wp-json\/wp\/v2\/pages\/4585\/revisions"}],"predecessor-version":[{"id":6211,"href":"https:\/\/otcorganics.com\/de\/wp-json\/wp\/v2\/pages\/4585\/revisions\/6211"}],"up":[{"embeddable":true,"href":"https:\/\/otcorganics.com\/de\/wp-json\/wp\/v2\/pages\/4575"}],"wp:attachment":[{"href":"https:\/\/otcorganics.com\/de\/wp-json\/wp\/v2\/media?parent=4585"}],"curies":[{"name":"wp","href":"https:\/\/api.w.org\/{rel}","templated":true}]}}