{"id":4589,"date":"2023-02-07T12:17:29","date_gmt":"2023-02-07T12:17:29","guid":{"rendered":"https:\/\/otcorganics.com\/oekologische-integritaet\/"},"modified":"2023-06-19T14:19:49","modified_gmt":"2023-06-19T14:19:49","slug":"oekologische-integritaet","status":"publish","type":"page","link":"https:\/\/otcorganics.com\/de\/oekologische-integritaet\/","title":{"rendered":"\u00d6kologische Integrit\u00e4t"},"content":{"rendered":"\t\t<div data-elementor-type=\"wp-page\" data-elementor-id=\"4589\" class=\"elementor elementor-4589 elementor-1901\" data-elementor-post-type=\"page\">\n\t\t\t\t\t\t<section class=\"elementor-section elementor-top-section elementor-element elementor-element-0aeb097 elementor-section-full_width elementor-section-height-default elementor-section-height-default\" data-id=\"0aeb097\" data-element_type=\"section\">\n\t\t\t\t\t\t<div class=\"elementor-container elementor-column-gap-no\">\n\t\t\t\t\t<div class=\"elementor-column elementor-col-100 elementor-top-column elementor-element elementor-element-e4578ae\" data-id=\"e4578ae\" data-element_type=\"column\">\n\t\t\t<div class=\"elementor-widget-wrap elementor-element-populated\">\n\t\t\t\t\t\t<div class=\"elementor-element elementor-element-9574ee2 elementor-widget elementor-widget-sosso-breadcrumb\" data-id=\"9574ee2\" data-element_type=\"widget\" data-widget_type=\"sosso-breadcrumb.default\">\n\t\t\t\t<div class=\"elementor-widget-container\">\n\t\t\t\t\t<section class=\"page-title-area bg_cover d-flex align-items-center\" style=\"background-image: url(https:\/\/otcorganics.com\/wp-content\/uploads\/2023\/04\/Header-bio-integriteit-scaled.jpg)\"><div class=\"container\"><div class=\"row\"><div class=\"col-lg-6\"><div class=\"page-title-content\"><h3 class=\"title\">\u00d6kologische Integrit\u00e4t<\/h3><nav aria-label=\"breadcrumb\"><nav aria-label=\"breadcrumb\"><ol class=\"breadcrumb\"><li class=\"breadcrumb-item\"><a  href=\"https:\/\/otcorganics.com\/de\/\" title=\"Home\" rel=\"bookmark\">Home<\/a> <\/li>  <\/ol><\/nav><\/nav><\/div><\/div><\/div><\/div><\/section>\t\t\t\t<\/div>\n\t\t\t\t<\/div>\n\t\t\t\t\t<\/div>\n\t\t<\/div>\n\t\t\t\t\t<\/div>\n\t\t<\/section>\n\t\t\t\t<section class=\"elementor-section elementor-top-section elementor-element elementor-element-d5c2eec elementor-section-content-middle elementor-section-boxed elementor-section-height-default elementor-section-height-default\" data-id=\"d5c2eec\" data-element_type=\"section\">\n\t\t\t\t\t\t<div class=\"elementor-container elementor-column-gap-default\">\n\t\t\t\t\t<div class=\"elementor-column elementor-col-50 elementor-top-column elementor-element elementor-element-078a1cf\" data-id=\"078a1cf\" data-element_type=\"column\">\n\t\t\t<div class=\"elementor-widget-wrap elementor-element-populated\">\n\t\t\t\t\t\t<div class=\"elementor-element elementor-element-7b11eb6 elementor-widget elementor-widget-sosso-single-image\" data-id=\"7b11eb6\" data-element_type=\"widget\" data-widget_type=\"sosso-single-image.default\">\n\t\t\t\t<div class=\"elementor-widget-container\">\n\t\t\t\t\t<div class=\"klb-single-image about-info-thumb ml-30 mr-30\"><img decoding=\"async\" src=\"https:\/\/otcorganics.com\/wp-content\/uploads\/2023\/04\/Bio-integriteit-verticaal2.jpg\" alt=\"about\"><\/div>\t\t\t\t<\/div>\n\t\t\t\t<\/div>\n\t\t\t\t\t<\/div>\n\t\t<\/div>\n\t\t\t\t<div class=\"elementor-column elementor-col-50 elementor-top-column elementor-element elementor-element-dc4b616\" data-id=\"dc4b616\" data-element_type=\"column\">\n\t\t\t<div class=\"elementor-widget-wrap elementor-element-populated\">\n\t\t\t\t\t\t<div class=\"elementor-element elementor-element-3bad455 elementor-widget elementor-widget-sosso-custom-title\" data-id=\"3bad455\" data-element_type=\"widget\" data-widget_type=\"sosso-custom-title.default\">\n\t\t\t\t<div class=\"elementor-widget-container\">\n\t\t\t\t\t<div class=\"klb-custom-title\"><span>\u00d6kologische Integrit\u00e4t<\/span><h3 class=\"title\">100 Prozent \u00f6kologisch<\/h3><\/div>\t\t\t\t<\/div>\n\t\t\t\t<\/div>\n\t\t\t\t<div class=\"elementor-element elementor-element-1994d23 elementor-widget elementor-widget-text-editor\" data-id=\"1994d23\" data-element_type=\"widget\" data-widget_type=\"text-editor.default\">\n\t\t\t\t<div class=\"elementor-widget-container\">\n\t\t\t\t\t\t\t\t\t<p>Einzelh\u00e4ndler und folglich Konsumenten, m\u00fcssen sich beim Kauf von Obst und Gem\u00fcse auf mehrere Dinge verlassen k\u00f6nnen. Die Produkte m\u00fcssen sicher sein. Hochwertige Qualit\u00e4t. Und \u00f6kologisch muss auch wirklich \u00f6kologisch sein.<\/p>\n<p>&nbsp;<\/p>\n<h4>Wir pflegen enge Beziehungen, indem wir in den pers\u00f6nlichen Kontakt investieren<\/h4>\n<p>&nbsp;<\/p>\n<p>Wir sorgen allererst f\u00fcr enge Beziehungen zu unseren Lieferanten. Wir kennen unsere Erzeuger pers\u00f6nlich und besuchen sie regelm\u00e4\u00dfig. Unsere QA-Verfahren variieren von zus\u00e4tzlichen Audits, \u00dcberpr\u00fcfung von Zertifikaten bis hin zu Laboranalysen. Dadurch wissen wir von jedem Unternehmen genau, wie dort gearbeitet wird. Und das ist ganz besonders wichtig. Denn es ist die einzige Methode, um zu beobachten, zu pr\u00fcfen und zu \u00fcberwachen, dass \u00f6kologisch auch wirklich \u00f6kologisch ist.<\/p>\n\t\t\t\t\t\t\t\t<\/div>\n\t\t\t\t<\/div>\n\t\t\t\t\t<\/div>\n\t\t<\/div>\n\t\t\t\t\t<\/div>\n\t\t<\/section>\n\t\t\t\t<section class=\"elementor-section elementor-top-section elementor-element elementor-element-33f7274 elementor-section-boxed elementor-section-height-default elementor-section-height-default\" data-id=\"33f7274\" data-element_type=\"section\">\n\t\t\t\t\t\t<div class=\"elementor-container elementor-column-gap-default\">\n\t\t\t\t\t<div class=\"elementor-column elementor-col-50 elementor-top-column elementor-element elementor-element-db65bc2\" data-id=\"db65bc2\" data-element_type=\"column\">\n\t\t\t<div class=\"elementor-widget-wrap elementor-element-populated\">\n\t\t\t\t\t\t<div class=\"elementor-element elementor-element-7e129a8 elementor-widget elementor-widget-heading\" data-id=\"7e129a8\" data-element_type=\"widget\" data-widget_type=\"heading.default\">\n\t\t\t\t<div class=\"elementor-widget-container\">\n\t\t\t\t\t<h2 class=\"elementor-heading-title elementor-size-default\">Den Ursprung jeder Traube verfolgen<\/h2>\t\t\t\t<\/div>\n\t\t\t\t<\/div>\n\t\t\t\t\t<\/div>\n\t\t<\/div>\n\t\t\t\t<div class=\"elementor-column elementor-col-50 elementor-top-column elementor-element elementor-element-89f2067\" data-id=\"89f2067\" data-element_type=\"column\">\n\t\t\t<div class=\"elementor-widget-wrap elementor-element-populated\">\n\t\t\t\t\t\t<div class=\"elementor-element elementor-element-a888b83 elementor-widget elementor-widget-text-editor\" data-id=\"a888b83\" data-element_type=\"widget\" data-widget_type=\"text-editor.default\">\n\t\t\t\t<div class=\"elementor-widget-container\">\n\t\t\t\t\t\t\t\t\t<p>Dass \u00f6kologischer Anbau auch wirklich \u00f6kologisch ist, wissen wir, weil wir immer und \u00fcberall \u00fcberpr\u00fcfen k\u00f6nnen, wo unsere Produkte aus \u00f6kologischem Anbau herkommen. Von Trauben bis Orangen und von Avocado bis Kurkuma: wir kennen unsere Lieferanten, wissen, wann die Produkte geerntet wurden und sogar, von welcher Parzelle sie stammen. Dadurch k\u00f6nnen wir immer \u00fcberpr\u00fcfen, was, wann und wo etwas herkommt.<\/p>\n\t\t\t\t\t\t\t\t<\/div>\n\t\t\t\t<\/div>\n\t\t\t\t\t<\/div>\n\t\t<\/div>\n\t\t\t\t\t<\/div>\n\t\t<\/section>\n\t\t\t\t<\/div>\n\t\t","protected":false},"excerpt":{"rendered":"<p>\u00d6kologische Integrit\u00e4t Home \u00d6kologische Integrit\u00e4t 100 Prozent \u00f6kologisch Einzelh\u00e4ndler und folglich Konsumenten, m\u00fcssen sich beim Kauf von Obst und Gem\u00fcse auf mehrere Dinge verlassen k\u00f6nnen. Die Produkte m\u00fcssen sicher sein. Hochwertige Qualit\u00e4t. Und \u00f6kologisch muss auch wirklich \u00f6kologisch sein. &nbsp; Wir pflegen enge Beziehungen, indem wir in den pers\u00f6nlichen Kontakt investieren &nbsp; Wir sorgen allererst<\/p>\n<div class=\"read-more\"><a href=\"https:\/\/otcorganics.com\/de\/oekologische-integritaet\/\"><i class=\"fal fa-arrow-right\"><\/i>Lesen Sie mehr<\/a><\/div>\n","protected":false},"author":1,"featured_media":0,"parent":0,"menu_order":0,"comment_status":"closed","ping_status":"closed","template":"","meta":{"_acf_changed":false,"footnotes":""},"class_list":["post-4589","page","type-page","status-publish","hentry"],"acf":[],"yoast_head":"<!-- This site is optimized with the Yoast SEO plugin v26.0 - https:\/\/yoast.com\/wordpress\/plugins\/seo\/ -->\n<title>\u00d6kologische Integrit\u00e4t - OTC Organics<\/title>\n<meta name=\"robots\" content=\"index, follow, max-snippet:-1, max-image-preview:large, max-video-preview:-1\" \/>\n<link rel=\"canonical\" href=\"https:\/\/otcorganics.com\/de\/oekologische-integritaet\/\" \/>\n<meta property=\"og:locale\" content=\"de_DE\" \/>\n<meta property=\"og:type\" content=\"article\" \/>\n<meta property=\"og:title\" content=\"\u00d6kologische Integrit\u00e4t - OTC Organics\" \/>\n<meta property=\"og:description\" content=\"\u00d6kologische Integrit\u00e4t Home \u00d6kologische Integrit\u00e4t 100 Prozent \u00f6kologisch Einzelh\u00e4ndler und folglich Konsumenten, m\u00fcssen sich beim Kauf von Obst und Gem\u00fcse auf mehrere Dinge verlassen k\u00f6nnen. Die Produkte m\u00fcssen sicher sein. Hochwertige Qualit\u00e4t. Und \u00f6kologisch muss auch wirklich \u00f6kologisch sein. &nbsp; Wir pflegen enge Beziehungen, indem wir in den pers\u00f6nlichen Kontakt investieren &nbsp; Wir sorgen allererstLesen Sie mehr\" \/>\n<meta property=\"og:url\" content=\"https:\/\/otcorganics.com\/de\/oekologische-integritaet\/\" \/>\n<meta property=\"og:site_name\" content=\"OTC Organics\" \/>\n<meta property=\"article:modified_time\" content=\"2023-06-19T14:19:49+00:00\" \/>\n<meta property=\"og:image\" content=\"https:\/\/otcorganics.com\/wp-content\/uploads\/2023\/04\/Bio-integriteit-verticaal2.jpg\" \/>\n<meta name=\"twitter:card\" content=\"summary_large_image\" \/>\n<meta name=\"twitter:label1\" content=\"Gesch\u00e4tzte Lesezeit\" \/>\n\t<meta name=\"twitter:data1\" content=\"1\u00a0Minute\" \/>\n<!-- \/ Yoast SEO plugin. -->","yoast_head_json":{"title":"\u00d6kologische Integrit\u00e4t - OTC Organics","robots":{"index":"index","follow":"follow","max-snippet":"max-snippet:-1","max-image-preview":"max-image-preview:large","max-video-preview":"max-video-preview:-1"},"canonical":"https:\/\/otcorganics.com\/de\/oekologische-integritaet\/","og_locale":"de_DE","og_type":"article","og_title":"\u00d6kologische Integrit\u00e4t - OTC Organics","og_description":"\u00d6kologische Integrit\u00e4t Home \u00d6kologische Integrit\u00e4t 100 Prozent \u00f6kologisch Einzelh\u00e4ndler und folglich Konsumenten, m\u00fcssen sich beim Kauf von Obst und Gem\u00fcse auf mehrere Dinge verlassen k\u00f6nnen. Die Produkte m\u00fcssen sicher sein. Hochwertige Qualit\u00e4t. Und \u00f6kologisch muss auch wirklich \u00f6kologisch sein. &nbsp; Wir pflegen enge Beziehungen, indem wir in den pers\u00f6nlichen Kontakt investieren &nbsp; Wir sorgen allererstLesen Sie mehr","og_url":"https:\/\/otcorganics.com\/de\/oekologische-integritaet\/","og_site_name":"OTC Organics","article_modified_time":"2023-06-19T14:19:49+00:00","og_image":[{"url":"https:\/\/otcorganics.com\/wp-content\/uploads\/2023\/04\/Bio-integriteit-verticaal2.jpg","type":"","width":"","height":""}],"twitter_card":"summary_large_image","twitter_misc":{"Gesch\u00e4tzte Lesezeit":"1\u00a0Minute"},"schema":{"@context":"https:\/\/schema.org","@graph":[{"@type":"WebPage","@id":"https:\/\/otcorganics.com\/de\/oekologische-integritaet\/","url":"https:\/\/otcorganics.com\/de\/oekologische-integritaet\/","name":"\u00d6kologische Integrit\u00e4t - OTC Organics","isPartOf":{"@id":"https:\/\/otcorganics.com\/de\/#website"},"primaryImageOfPage":{"@id":"https:\/\/otcorganics.com\/de\/oekologische-integritaet\/#primaryimage"},"image":{"@id":"https:\/\/otcorganics.com\/de\/oekologische-integritaet\/#primaryimage"},"thumbnailUrl":"https:\/\/otcorganics.com\/wp-content\/uploads\/2023\/04\/Bio-integriteit-verticaal2.jpg","datePublished":"2023-02-07T12:17:29+00:00","dateModified":"2023-06-19T14:19:49+00:00","breadcrumb":{"@id":"https:\/\/otcorganics.com\/de\/oekologische-integritaet\/#breadcrumb"},"inLanguage":"de","potentialAction":[{"@type":"ReadAction","target":["https:\/\/otcorganics.com\/de\/oekologische-integritaet\/"]}]},{"@type":"ImageObject","inLanguage":"de","@id":"https:\/\/otcorganics.com\/de\/oekologische-integritaet\/#primaryimage","url":"https:\/\/otcorganics.com\/wp-content\/uploads\/2023\/04\/Bio-integriteit-verticaal2.jpg","contentUrl":"https:\/\/otcorganics.com\/wp-content\/uploads\/2023\/04\/Bio-integriteit-verticaal2.jpg"},{"@type":"BreadcrumbList","@id":"https:\/\/otcorganics.com\/de\/oekologische-integritaet\/#breadcrumb","itemListElement":[{"@type":"ListItem","position":1,"name":"Home","item":"https:\/\/otcorganics.com\/de\/"},{"@type":"ListItem","position":2,"name":"\u00d6kologische Integrit\u00e4t"}]},{"@type":"WebSite","@id":"https:\/\/otcorganics.com\/de\/#website","url":"https:\/\/otcorganics.com\/de\/","name":"OTC Organics","description":"","potentialAction":[{"@type":"SearchAction","target":{"@type":"EntryPoint","urlTemplate":"https:\/\/otcorganics.com\/de\/?s={search_term_string}"},"query-input":{"@type":"PropertyValueSpecification","valueRequired":true,"valueName":"search_term_string"}}],"inLanguage":"de"}]}},"_links":{"self":[{"href":"https:\/\/otcorganics.com\/de\/wp-json\/wp\/v2\/pages\/4589","targetHints":{"allow":["GET"]}}],"collection":[{"href":"https:\/\/otcorganics.com\/de\/wp-json\/wp\/v2\/pages"}],"about":[{"href":"https:\/\/otcorganics.com\/de\/wp-json\/wp\/v2\/types\/page"}],"author":[{"embeddable":true,"href":"https:\/\/otcorganics.com\/de\/wp-json\/wp\/v2\/users\/1"}],"replies":[{"embeddable":true,"href":"https:\/\/otcorganics.com\/de\/wp-json\/wp\/v2\/comments?post=4589"}],"version-history":[{"count":10,"href":"https:\/\/otcorganics.com\/de\/wp-json\/wp\/v2\/pages\/4589\/revisions"}],"predecessor-version":[{"id":6389,"href":"https:\/\/otcorganics.com\/de\/wp-json\/wp\/v2\/pages\/4589\/revisions\/6389"}],"wp:attachment":[{"href":"https:\/\/otcorganics.com\/de\/wp-json\/wp\/v2\/media?parent=4589"}],"curies":[{"name":"wp","href":"https:\/\/api.w.org\/{rel}","templated":true}]}}