{"id":4593,"date":"2023-02-07T12:45:41","date_gmt":"2023-02-07T12:45:41","guid":{"rendered":"https:\/\/otcorganics.com\/oekologische-integritaet\/qualitaet-und-rueckverfolgbarkeit\/"},"modified":"2023-06-19T14:53:12","modified_gmt":"2023-06-19T14:53:12","slug":"qualitaet-und-rueckverfolgbarkeit","status":"publish","type":"page","link":"https:\/\/otcorganics.com\/de\/oekologische-integritaet\/qualitaet-und-rueckverfolgbarkeit\/","title":{"rendered":"Qualit\u00e4t und R\u00fcckverfolgbarkeit"},"content":{"rendered":"\t\t<div data-elementor-type=\"wp-page\" data-elementor-id=\"4593\" class=\"elementor elementor-4593 elementor-1911\" data-elementor-post-type=\"page\">\n\t\t\t\t\t\t<section class=\"elementor-section elementor-top-section elementor-element elementor-element-0aeb097 elementor-section-full_width elementor-section-height-default elementor-section-height-default\" data-id=\"0aeb097\" data-element_type=\"section\">\n\t\t\t\t\t\t<div class=\"elementor-container elementor-column-gap-no\">\n\t\t\t\t\t<div class=\"elementor-column elementor-col-100 elementor-top-column elementor-element elementor-element-e4578ae\" data-id=\"e4578ae\" data-element_type=\"column\">\n\t\t\t<div class=\"elementor-widget-wrap elementor-element-populated\">\n\t\t\t\t\t\t<div class=\"elementor-element elementor-element-9574ee2 elementor-widget elementor-widget-sosso-breadcrumb\" data-id=\"9574ee2\" data-element_type=\"widget\" data-widget_type=\"sosso-breadcrumb.default\">\n\t\t\t\t<div class=\"elementor-widget-container\">\n\t\t\t\t\t<section class=\"page-title-area bg_cover d-flex align-items-center\" style=\"background-image: url(https:\/\/otcorganics.com\/wp-content\/uploads\/2023\/04\/Kwaliteit-en-traceerbaarheid-header.jpg)\"><div class=\"container\"><div class=\"row\"><div class=\"col-lg-6\"><div class=\"page-title-content\"><h3 class=\"title\">Qualit\u00e4t und R\u00fcckverfolgbarkeit<\/h3><nav aria-label=\"breadcrumb\"><nav aria-label=\"breadcrumb\"><ol class=\"breadcrumb\"><li class=\"breadcrumb-item\"><a  href=\"https:\/\/otcorganics.com\/de\/\" title=\"Home\" rel=\"bookmark\">Home<\/a> <\/li>  <\/ol><\/nav><\/nav><\/div><\/div><\/div><\/div><\/section>\t\t\t\t<\/div>\n\t\t\t\t<\/div>\n\t\t\t\t\t<\/div>\n\t\t<\/div>\n\t\t\t\t\t<\/div>\n\t\t<\/section>\n\t\t\t\t<section class=\"elementor-section elementor-top-section elementor-element elementor-element-d5c2eec elementor-section-content-middle elementor-section-boxed elementor-section-height-default elementor-section-height-default\" data-id=\"d5c2eec\" data-element_type=\"section\">\n\t\t\t\t\t\t<div class=\"elementor-container elementor-column-gap-default\">\n\t\t\t\t\t<div class=\"elementor-column elementor-col-50 elementor-top-column elementor-element elementor-element-078a1cf\" data-id=\"078a1cf\" data-element_type=\"column\">\n\t\t\t<div class=\"elementor-widget-wrap elementor-element-populated\">\n\t\t\t\t\t\t<div class=\"elementor-element elementor-element-7b11eb6 elementor-widget elementor-widget-sosso-single-image\" data-id=\"7b11eb6\" data-element_type=\"widget\" data-widget_type=\"sosso-single-image.default\">\n\t\t\t\t<div class=\"elementor-widget-container\">\n\t\t\t\t\t<div class=\"klb-single-image about-info-thumb ml-30 mr-30\"><img decoding=\"async\" src=\"https:\/\/otcorganics.com\/wp-content\/uploads\/2023\/04\/Kwaliteit-en-traceerbaarheid-verticaal1.jpg\" alt=\"about\"><\/div>\t\t\t\t<\/div>\n\t\t\t\t<\/div>\n\t\t\t\t\t<\/div>\n\t\t<\/div>\n\t\t\t\t<div class=\"elementor-column elementor-col-50 elementor-top-column elementor-element elementor-element-dc4b616\" data-id=\"dc4b616\" data-element_type=\"column\">\n\t\t\t<div class=\"elementor-widget-wrap elementor-element-populated\">\n\t\t\t\t\t\t<div class=\"elementor-element elementor-element-3bad455 elementor-widget elementor-widget-sosso-custom-title\" data-id=\"3bad455\" data-element_type=\"widget\" data-widget_type=\"sosso-custom-title.default\">\n\t\t\t\t<div class=\"elementor-widget-container\">\n\t\t\t\t\t<div class=\"klb-custom-title\"><span>Qualit\u00e4t und R\u00fcckverfolgbarkeit<\/span><h3 class=\"title\">Die genaue R\u00fcckverfolgbarkeit unserer Produkte schafft bei unseren Einzelh\u00e4ndlern Vertrauen und sorgt daf\u00fcr, dass Lieferanten optimal arbeiten k\u00f6nnen<\/h3><\/div>\t\t\t\t<\/div>\n\t\t\t\t<\/div>\n\t\t\t\t<div class=\"elementor-element elementor-element-1994d23 elementor-widget elementor-widget-text-editor\" data-id=\"1994d23\" data-element_type=\"widget\" data-widget_type=\"text-editor.default\">\n\t\t\t\t<div class=\"elementor-widget-container\">\n\t\t\t\t\t\t\t\t\t<p>Als Einzelh\u00e4ndler brauchen Sie diese Gew\u00e4hr, da Gem\u00fcse und Obst aus \u00f6kologischem Anbau viele Anforderungen erf\u00fcllen muss. Aufgrund der R\u00fcckverfolgbarkeit unserer Produkte sind wir in der Lage, bei abweichender Qualit\u00e4t gegebenenfalls schnell und ad\u00e4quat zu reagieren. Das bietet nicht nur dem Einzelh\u00e4ndler, sondern auch dem Lieferanten Vorteile. Wir gew\u00e4hrleisten die R\u00fcckverfolgbarkeit aller Schritte in der Lieferkette und k\u00f6nnen dadurch ganz einfach und schnell die Ursache eventueller Vorf\u00e4lle ermitteln und eine L\u00f6sung finden. Die \u00f6kologische Integrit\u00e4t steht bei uns an erster Stelle!<\/p>\n\t\t\t\t\t\t\t\t<\/div>\n\t\t\t\t<\/div>\n\t\t\t\t\t<\/div>\n\t\t<\/div>\n\t\t\t\t\t<\/div>\n\t\t<\/section>\n\t\t\t\t<section class=\"elementor-section elementor-top-section elementor-element elementor-element-33f7274 elementor-section-boxed elementor-section-height-default elementor-section-height-default\" data-id=\"33f7274\" data-element_type=\"section\">\n\t\t\t\t\t\t<div class=\"elementor-container elementor-column-gap-default\">\n\t\t\t\t\t<div class=\"elementor-column elementor-col-50 elementor-top-column elementor-element elementor-element-db65bc2\" data-id=\"db65bc2\" data-element_type=\"column\">\n\t\t\t<div class=\"elementor-widget-wrap elementor-element-populated\">\n\t\t\t\t\t\t<div class=\"elementor-element elementor-element-7e129a8 elementor-widget elementor-widget-heading\" data-id=\"7e129a8\" data-element_type=\"widget\" data-widget_type=\"heading.default\">\n\t\t\t\t<div class=\"elementor-widget-container\">\n\t\t\t\t\t<h2 class=\"elementor-heading-title elementor-size-default\">Kontrolle schafft Vertrauen<\/h2>\t\t\t\t<\/div>\n\t\t\t\t<\/div>\n\t\t\t\t\t<\/div>\n\t\t<\/div>\n\t\t\t\t<div class=\"elementor-column elementor-col-50 elementor-top-column elementor-element elementor-element-89f2067\" data-id=\"89f2067\" data-element_type=\"column\">\n\t\t\t<div class=\"elementor-widget-wrap elementor-element-populated\">\n\t\t\t\t\t\t<div class=\"elementor-element elementor-element-a888b83 elementor-widget elementor-widget-text-editor\" data-id=\"a888b83\" data-element_type=\"widget\" data-widget_type=\"text-editor.default\">\n\t\t\t\t<div class=\"elementor-widget-container\">\n\t\t\t\t\t\t\t\t\t<p>Neben einem starken und verl\u00e4sslichen Netzwerk helfen unsere Zertifikate uns auch, die \u00f6kologische Integrit\u00e4t sowie die Qualit\u00e4t und Lebensmittelsicherheit unserer Produkte zu gew\u00e4hrleisten. Wir verf\u00fcgen \u00fcber ein umfangreiches Sortiment G\u00fctezeichen, mit denen wir europ\u00e4ische Einzelh\u00e4ndler bedienen k\u00f6nnen. Von Krav bis Fairtrade und Global G.A.P. bis Demeter.<\/p>\n\t\t\t\t\t\t\t\t<\/div>\n\t\t\t\t<\/div>\n\t\t\t\t\t<\/div>\n\t\t<\/div>\n\t\t\t\t\t<\/div>\n\t\t<\/section>\n\t\t\t\t<section class=\"elementor-section elementor-top-section elementor-element elementor-element-01ea138 elementor-section-boxed elementor-section-height-default elementor-section-height-default\" data-id=\"01ea138\" data-element_type=\"section\">\n\t\t\t\t\t\t<div class=\"elementor-container elementor-column-gap-default\">\n\t\t\t\t\t<div class=\"elementor-column elementor-col-50 elementor-top-column elementor-element elementor-element-b118196\" data-id=\"b118196\" data-element_type=\"column\">\n\t\t\t<div class=\"elementor-widget-wrap elementor-element-populated\">\n\t\t\t\t\t\t<div class=\"elementor-element elementor-element-ca51caf elementor-widget elementor-widget-heading\" data-id=\"ca51caf\" data-element_type=\"widget\" data-widget_type=\"heading.default\">\n\t\t\t\t<div class=\"elementor-widget-container\">\n\t\t\t\t\t<h2 class=\"elementor-heading-title elementor-size-default\">Pr\u00fcfen, pr\u00fcfen und nochmal pr\u00fcfen<\/h2>\t\t\t\t<\/div>\n\t\t\t\t<\/div>\n\t\t\t\t\t<\/div>\n\t\t<\/div>\n\t\t\t\t<div class=\"elementor-column elementor-col-50 elementor-top-column elementor-element elementor-element-95fa37d\" data-id=\"95fa37d\" data-element_type=\"column\">\n\t\t\t<div class=\"elementor-widget-wrap elementor-element-populated\">\n\t\t\t\t\t\t<div class=\"elementor-element elementor-element-9376a39 elementor-widget elementor-widget-text-editor\" data-id=\"9376a39\" data-element_type=\"widget\" data-widget_type=\"text-editor.default\">\n\t\t\t\t<div class=\"elementor-widget-container\">\n\t\t\t\t\t\t\t\t\t<p>Die Institute, die G\u00fctezeichen vergeben, f\u00fchren stichprobenweise Kontrollen an unseren Produkten durch. Wir f\u00fchren jedoch auch selber eingehende Kontrollen der Qualit\u00e4t und \u00f6kologischen Integrit\u00e4t durch. Chargen oder Container verlassen unser Lager in Poeldijk ausschlie\u00dflich nach doppelter Kontrolle: sowohl beim Wareneingang als auch bei der Auslieferung.<\/p>\n\t\t\t\t\t\t\t\t<\/div>\n\t\t\t\t<\/div>\n\t\t\t\t\t<\/div>\n\t\t<\/div>\n\t\t\t\t\t<\/div>\n\t\t<\/section>\n\t\t\t\t<\/div>\n\t\t","protected":false},"excerpt":{"rendered":"<p>Qualit\u00e4t und R\u00fcckverfolgbarkeit Home Qualit\u00e4t und R\u00fcckverfolgbarkeit Die genaue R\u00fcckverfolgbarkeit unserer Produkte schafft bei unseren Einzelh\u00e4ndlern Vertrauen und sorgt daf\u00fcr, dass Lieferanten optimal arbeiten k\u00f6nnen Als Einzelh\u00e4ndler brauchen Sie diese Gew\u00e4hr, da Gem\u00fcse und Obst aus \u00f6kologischem Anbau viele Anforderungen erf\u00fcllen muss. Aufgrund der R\u00fcckverfolgbarkeit unserer Produkte sind wir in der Lage, bei abweichender Qualit\u00e4t<\/p>\n<div class=\"read-more\"><a href=\"https:\/\/otcorganics.com\/de\/oekologische-integritaet\/qualitaet-und-rueckverfolgbarkeit\/\"><i class=\"fal fa-arrow-right\"><\/i>Lesen Sie mehr<\/a><\/div>\n","protected":false},"author":1,"featured_media":0,"parent":4589,"menu_order":0,"comment_status":"closed","ping_status":"closed","template":"","meta":{"_acf_changed":false,"footnotes":""},"class_list":["post-4593","page","type-page","status-publish","hentry"],"acf":[],"yoast_head":"<!-- This site is optimized with the Yoast SEO plugin v26.0 - https:\/\/yoast.com\/wordpress\/plugins\/seo\/ -->\n<title>Qualit\u00e4t und R\u00fcckverfolgbarkeit - OTC Organics<\/title>\n<meta name=\"robots\" content=\"index, follow, max-snippet:-1, max-image-preview:large, max-video-preview:-1\" \/>\n<link rel=\"canonical\" href=\"https:\/\/otcorganics.com\/de\/oekologische-integritaet\/qualitaet-und-rueckverfolgbarkeit\/\" \/>\n<meta property=\"og:locale\" content=\"de_DE\" \/>\n<meta property=\"og:type\" content=\"article\" \/>\n<meta property=\"og:title\" content=\"Qualit\u00e4t und R\u00fcckverfolgbarkeit - OTC Organics\" \/>\n<meta property=\"og:description\" content=\"Qualit\u00e4t und R\u00fcckverfolgbarkeit Home Qualit\u00e4t und R\u00fcckverfolgbarkeit Die genaue R\u00fcckverfolgbarkeit unserer Produkte schafft bei unseren Einzelh\u00e4ndlern Vertrauen und sorgt daf\u00fcr, dass Lieferanten optimal arbeiten k\u00f6nnen Als Einzelh\u00e4ndler brauchen Sie diese Gew\u00e4hr, da Gem\u00fcse und Obst aus \u00f6kologischem Anbau viele Anforderungen erf\u00fcllen muss. Aufgrund der R\u00fcckverfolgbarkeit unserer Produkte sind wir in der Lage, bei abweichender Qualit\u00e4tLesen Sie mehr\" \/>\n<meta property=\"og:url\" content=\"https:\/\/otcorganics.com\/de\/oekologische-integritaet\/qualitaet-und-rueckverfolgbarkeit\/\" \/>\n<meta property=\"og:site_name\" content=\"OTC Organics\" \/>\n<meta property=\"article:modified_time\" content=\"2023-06-19T14:53:12+00:00\" \/>\n<meta property=\"og:image\" content=\"https:\/\/otcorganics.com\/wp-content\/uploads\/2023\/04\/Kwaliteit-en-traceerbaarheid-verticaal1.jpg\" \/>\n<meta name=\"twitter:card\" content=\"summary_large_image\" \/>\n<meta name=\"twitter:label1\" content=\"Gesch\u00e4tzte Lesezeit\" \/>\n\t<meta name=\"twitter:data1\" content=\"1\u00a0Minute\" \/>\n<!-- \/ Yoast SEO plugin. -->","yoast_head_json":{"title":"Qualit\u00e4t und R\u00fcckverfolgbarkeit - OTC Organics","robots":{"index":"index","follow":"follow","max-snippet":"max-snippet:-1","max-image-preview":"max-image-preview:large","max-video-preview":"max-video-preview:-1"},"canonical":"https:\/\/otcorganics.com\/de\/oekologische-integritaet\/qualitaet-und-rueckverfolgbarkeit\/","og_locale":"de_DE","og_type":"article","og_title":"Qualit\u00e4t und R\u00fcckverfolgbarkeit - OTC Organics","og_description":"Qualit\u00e4t und R\u00fcckverfolgbarkeit Home Qualit\u00e4t und R\u00fcckverfolgbarkeit Die genaue R\u00fcckverfolgbarkeit unserer Produkte schafft bei unseren Einzelh\u00e4ndlern Vertrauen und sorgt daf\u00fcr, dass Lieferanten optimal arbeiten k\u00f6nnen Als Einzelh\u00e4ndler brauchen Sie diese Gew\u00e4hr, da Gem\u00fcse und Obst aus \u00f6kologischem Anbau viele Anforderungen erf\u00fcllen muss. Aufgrund der R\u00fcckverfolgbarkeit unserer Produkte sind wir in der Lage, bei abweichender Qualit\u00e4tLesen Sie mehr","og_url":"https:\/\/otcorganics.com\/de\/oekologische-integritaet\/qualitaet-und-rueckverfolgbarkeit\/","og_site_name":"OTC Organics","article_modified_time":"2023-06-19T14:53:12+00:00","og_image":[{"url":"https:\/\/otcorganics.com\/wp-content\/uploads\/2023\/04\/Kwaliteit-en-traceerbaarheid-verticaal1.jpg","type":"","width":"","height":""}],"twitter_card":"summary_large_image","twitter_misc":{"Gesch\u00e4tzte Lesezeit":"1\u00a0Minute"},"schema":{"@context":"https:\/\/schema.org","@graph":[{"@type":"WebPage","@id":"https:\/\/otcorganics.com\/de\/oekologische-integritaet\/qualitaet-und-rueckverfolgbarkeit\/","url":"https:\/\/otcorganics.com\/de\/oekologische-integritaet\/qualitaet-und-rueckverfolgbarkeit\/","name":"Qualit\u00e4t und R\u00fcckverfolgbarkeit - OTC Organics","isPartOf":{"@id":"https:\/\/otcorganics.com\/de\/#website"},"primaryImageOfPage":{"@id":"https:\/\/otcorganics.com\/de\/oekologische-integritaet\/qualitaet-und-rueckverfolgbarkeit\/#primaryimage"},"image":{"@id":"https:\/\/otcorganics.com\/de\/oekologische-integritaet\/qualitaet-und-rueckverfolgbarkeit\/#primaryimage"},"thumbnailUrl":"https:\/\/otcorganics.com\/wp-content\/uploads\/2023\/04\/Kwaliteit-en-traceerbaarheid-verticaal1.jpg","datePublished":"2023-02-07T12:45:41+00:00","dateModified":"2023-06-19T14:53:12+00:00","breadcrumb":{"@id":"https:\/\/otcorganics.com\/de\/oekologische-integritaet\/qualitaet-und-rueckverfolgbarkeit\/#breadcrumb"},"inLanguage":"de","potentialAction":[{"@type":"ReadAction","target":["https:\/\/otcorganics.com\/de\/oekologische-integritaet\/qualitaet-und-rueckverfolgbarkeit\/"]}]},{"@type":"ImageObject","inLanguage":"de","@id":"https:\/\/otcorganics.com\/de\/oekologische-integritaet\/qualitaet-und-rueckverfolgbarkeit\/#primaryimage","url":"https:\/\/otcorganics.com\/wp-content\/uploads\/2023\/04\/Kwaliteit-en-traceerbaarheid-verticaal1.jpg","contentUrl":"https:\/\/otcorganics.com\/wp-content\/uploads\/2023\/04\/Kwaliteit-en-traceerbaarheid-verticaal1.jpg"},{"@type":"BreadcrumbList","@id":"https:\/\/otcorganics.com\/de\/oekologische-integritaet\/qualitaet-und-rueckverfolgbarkeit\/#breadcrumb","itemListElement":[{"@type":"ListItem","position":1,"name":"Home","item":"https:\/\/otcorganics.com\/de\/"},{"@type":"ListItem","position":2,"name":"\u00d6kologische Integrit\u00e4t","item":"https:\/\/otcorganics.com\/de\/bio-integriteit\/"},{"@type":"ListItem","position":3,"name":"Qualit\u00e4t und R\u00fcckverfolgbarkeit"}]},{"@type":"WebSite","@id":"https:\/\/otcorganics.com\/de\/#website","url":"https:\/\/otcorganics.com\/de\/","name":"OTC Organics","description":"","potentialAction":[{"@type":"SearchAction","target":{"@type":"EntryPoint","urlTemplate":"https:\/\/otcorganics.com\/de\/?s={search_term_string}"},"query-input":{"@type":"PropertyValueSpecification","valueRequired":true,"valueName":"search_term_string"}}],"inLanguage":"de"}]}},"_links":{"self":[{"href":"https:\/\/otcorganics.com\/de\/wp-json\/wp\/v2\/pages\/4593","targetHints":{"allow":["GET"]}}],"collection":[{"href":"https:\/\/otcorganics.com\/de\/wp-json\/wp\/v2\/pages"}],"about":[{"href":"https:\/\/otcorganics.com\/de\/wp-json\/wp\/v2\/types\/page"}],"author":[{"embeddable":true,"href":"https:\/\/otcorganics.com\/de\/wp-json\/wp\/v2\/users\/1"}],"replies":[{"embeddable":true,"href":"https:\/\/otcorganics.com\/de\/wp-json\/wp\/v2\/comments?post=4593"}],"version-history":[{"count":10,"href":"https:\/\/otcorganics.com\/de\/wp-json\/wp\/v2\/pages\/4593\/revisions"}],"predecessor-version":[{"id":6422,"href":"https:\/\/otcorganics.com\/de\/wp-json\/wp\/v2\/pages\/4593\/revisions\/6422"}],"up":[{"embeddable":true,"href":"https:\/\/otcorganics.com\/de\/wp-json\/wp\/v2\/pages\/4589"}],"wp:attachment":[{"href":"https:\/\/otcorganics.com\/de\/wp-json\/wp\/v2\/media?parent=4593"}],"curies":[{"name":"wp","href":"https:\/\/api.w.org\/{rel}","templated":true}]}}