{"id":4603,"date":"2023-02-07T13:31:08","date_gmt":"2023-02-07T13:31:08","guid":{"rendered":"https:\/\/otcorganics.com\/ueber-uns\/"},"modified":"2023-05-23T14:55:44","modified_gmt":"2023-05-23T14:55:44","slug":"ueber-uns","status":"publish","type":"page","link":"https:\/\/otcorganics.com\/de\/ueber-uns\/","title":{"rendered":"\u00dcber uns"},"content":{"rendered":"\t\t<div data-elementor-type=\"wp-page\" data-elementor-id=\"4603\" class=\"elementor elementor-4603 elementor-1945\" data-elementor-post-type=\"page\">\n\t\t\t\t\t\t<section class=\"elementor-section elementor-top-section elementor-element elementor-element-0aeb097 elementor-section-full_width elementor-section-height-default elementor-section-height-default\" data-id=\"0aeb097\" data-element_type=\"section\">\n\t\t\t\t\t\t<div class=\"elementor-container elementor-column-gap-no\">\n\t\t\t\t\t<div class=\"elementor-column elementor-col-100 elementor-top-column elementor-element elementor-element-e4578ae\" data-id=\"e4578ae\" data-element_type=\"column\">\n\t\t\t<div class=\"elementor-widget-wrap elementor-element-populated\">\n\t\t\t\t\t\t<div class=\"elementor-element elementor-element-9574ee2 elementor-widget elementor-widget-sosso-breadcrumb\" data-id=\"9574ee2\" data-element_type=\"widget\" data-widget_type=\"sosso-breadcrumb.default\">\n\t\t\t\t<div class=\"elementor-widget-container\">\n\t\t\t\t\t<section class=\"page-title-area bg_cover d-flex align-items-center\" style=\"background-image: url(https:\/\/otcorganics.com\/wp-content\/uploads\/2023\/04\/Over-ons-header-scaled.jpg)\"><div class=\"container\"><div class=\"row\"><div class=\"col-lg-6\"><div class=\"page-title-content\"><h3 class=\"title\">\u00dcber uns<\/h3><nav aria-label=\"breadcrumb\"><nav aria-label=\"breadcrumb\"><ol class=\"breadcrumb\"><li class=\"breadcrumb-item\"><a  href=\"https:\/\/otcorganics.com\/de\/\" title=\"Home\" rel=\"bookmark\">Home<\/a> <\/li>  <\/ol><\/nav><\/nav><\/div><\/div><\/div><\/div><\/section>\t\t\t\t<\/div>\n\t\t\t\t<\/div>\n\t\t\t\t\t<\/div>\n\t\t<\/div>\n\t\t\t\t\t<\/div>\n\t\t<\/section>\n\t\t\t\t<section class=\"elementor-section elementor-top-section elementor-element elementor-element-d5c2eec elementor-section-content-middle elementor-section-boxed elementor-section-height-default elementor-section-height-default\" data-id=\"d5c2eec\" data-element_type=\"section\">\n\t\t\t\t\t\t<div class=\"elementor-container elementor-column-gap-default\">\n\t\t\t\t\t<div class=\"elementor-column elementor-col-50 elementor-top-column elementor-element elementor-element-078a1cf\" data-id=\"078a1cf\" data-element_type=\"column\">\n\t\t\t<div class=\"elementor-widget-wrap elementor-element-populated\">\n\t\t\t\t\t\t<div class=\"elementor-element elementor-element-7b11eb6 elementor-widget elementor-widget-sosso-single-image\" data-id=\"7b11eb6\" data-element_type=\"widget\" data-widget_type=\"sosso-single-image.default\">\n\t\t\t\t<div class=\"elementor-widget-container\">\n\t\t\t\t\t<div class=\"klb-single-image about-info-thumb ml-30 mr-30\"><img decoding=\"async\" src=\"https:\/\/otcorganics.com\/wp-content\/uploads\/2023\/04\/Over-ons-verticaal2.jpg\" alt=\"about\"><\/div>\t\t\t\t<\/div>\n\t\t\t\t<\/div>\n\t\t\t\t\t<\/div>\n\t\t<\/div>\n\t\t\t\t<div class=\"elementor-column elementor-col-50 elementor-top-column elementor-element elementor-element-dc4b616\" data-id=\"dc4b616\" data-element_type=\"column\">\n\t\t\t<div class=\"elementor-widget-wrap elementor-element-populated\">\n\t\t\t\t\t\t<div class=\"elementor-element elementor-element-3bad455 elementor-widget elementor-widget-sosso-custom-title\" data-id=\"3bad455\" data-element_type=\"widget\" data-widget_type=\"sosso-custom-title.default\">\n\t\t\t\t<div class=\"elementor-widget-container\">\n\t\t\t\t\t<div class=\"klb-custom-title\"><span>\u00dcber uns<\/span><h3 class=\"title\">Allen helfen, sich durch Bio-Produkte weiterzuentwickeln.\r\nDas tun wir!<\/h3><\/div>\t\t\t\t<\/div>\n\t\t\t\t<\/div>\n\t\t\t\t<div class=\"elementor-element elementor-element-1994d23 elementor-widget elementor-widget-text-editor\" data-id=\"1994d23\" data-element_type=\"widget\" data-widget_type=\"text-editor.default\">\n\t\t\t\t<div class=\"elementor-widget-container\">\n\t\t\t\t\t\t\t\t\t<p>Wir sind Fan von kurzen Ketten, ehrlicher Zusammenarbeit und Sicherheit. Anhand dieser Prinzipien bauen wir tagt\u00e4glich an einer nachhaltigen, sozialen Produktionskette. Damit alle wissen, woran sie sind und bekommen, was sie verdienen. Das macht uns einzigartig.<\/p>\n\t\t\t\t\t\t\t\t<\/div>\n\t\t\t\t<\/div>\n\t\t\t\t\t<\/div>\n\t\t<\/div>\n\t\t\t\t\t<\/div>\n\t\t<\/section>\n\t\t\t\t<section class=\"elementor-section elementor-top-section elementor-element elementor-element-33f7274 elementor-section-boxed elementor-section-height-default elementor-section-height-default\" data-id=\"33f7274\" data-element_type=\"section\">\n\t\t\t\t\t\t<div class=\"elementor-container elementor-column-gap-default\">\n\t\t\t\t\t<div class=\"elementor-column elementor-col-50 elementor-top-column elementor-element elementor-element-db65bc2\" data-id=\"db65bc2\" data-element_type=\"column\">\n\t\t\t<div class=\"elementor-widget-wrap elementor-element-populated\">\n\t\t\t\t\t\t<div class=\"elementor-element elementor-element-7e129a8 elementor-widget elementor-widget-heading\" data-id=\"7e129a8\" data-element_type=\"widget\" data-widget_type=\"heading.default\">\n\t\t\t\t<div class=\"elementor-widget-container\">\n\t\t\t\t\t<h2 class=\"elementor-heading-title elementor-size-default\">Unser Auftrag<\/h2>\t\t\t\t<\/div>\n\t\t\t\t<\/div>\n\t\t\t\t\t<\/div>\n\t\t<\/div>\n\t\t\t\t<div class=\"elementor-column elementor-col-50 elementor-top-column elementor-element elementor-element-89f2067\" data-id=\"89f2067\" data-element_type=\"column\">\n\t\t\t<div class=\"elementor-widget-wrap elementor-element-populated\">\n\t\t\t\t\t\t<div class=\"elementor-element elementor-element-a888b83 elementor-widget elementor-widget-text-editor\" data-id=\"a888b83\" data-element_type=\"widget\" data-widget_type=\"text-editor.default\">\n\t\t\t\t<div class=\"elementor-widget-container\">\n\t\t\t\t\t\t\t\t\t<p>Mit reinem Gewissen Bio-Gem\u00fcse und -Obst erzeugen und liefern wir Bio-Obst und -Gem\u00fcse, nachhaltig und von h\u00f6chster Qualit\u00e4t, in enger und engagierter Zusammenarbeit mit unseren professionellen Biobauern.<\/p>\n\t\t\t\t\t\t\t\t<\/div>\n\t\t\t\t<\/div>\n\t\t\t\t\t<\/div>\n\t\t<\/div>\n\t\t\t\t\t<\/div>\n\t\t<\/section>\n\t\t\t\t<section class=\"elementor-section elementor-top-section elementor-element elementor-element-2e6399b elementor-section-boxed elementor-section-height-default elementor-section-height-default\" data-id=\"2e6399b\" data-element_type=\"section\">\n\t\t\t\t\t\t<div class=\"elementor-container elementor-column-gap-default\">\n\t\t\t\t\t<div class=\"elementor-column elementor-col-50 elementor-top-column elementor-element elementor-element-1b34d43\" data-id=\"1b34d43\" data-element_type=\"column\">\n\t\t\t<div class=\"elementor-widget-wrap elementor-element-populated\">\n\t\t\t\t\t\t<div class=\"elementor-element elementor-element-3e844c1 elementor-widget elementor-widget-heading\" data-id=\"3e844c1\" data-element_type=\"widget\" data-widget_type=\"heading.default\">\n\t\t\t\t<div class=\"elementor-widget-container\">\n\t\t\t\t\t<h2 class=\"elementor-heading-title elementor-size-default\">Unser Vision<\/h2>\t\t\t\t<\/div>\n\t\t\t\t<\/div>\n\t\t\t\t\t<\/div>\n\t\t<\/div>\n\t\t\t\t<div class=\"elementor-column elementor-col-50 elementor-top-column elementor-element elementor-element-8c347d5\" data-id=\"8c347d5\" data-element_type=\"column\">\n\t\t\t<div class=\"elementor-widget-wrap elementor-element-populated\">\n\t\t\t\t\t\t<div class=\"elementor-element elementor-element-c28844e elementor-widget elementor-widget-text-editor\" data-id=\"c28844e\" data-element_type=\"widget\" data-widget_type=\"text-editor.default\">\n\t\t\t\t<div class=\"elementor-widget-container\">\n\t\t\t\t\t\t\t\t\t<p>OTC Organics m\u00f6chte auf europ\u00e4ischer Ebene Marktf\u00fchrer im Anbau und Vertrieb von nachhaltigem Gem\u00fcse und Obst aus biologischen Anbau werden. Wir f\u00fchlen uns daf\u00fcr verantwortlich, unsere Erzeuger, Lieferanten und Abnehmer auf allen Ebenen zu unterst\u00fctzen und eine gesunde Kette zu schaffen, in der alle Glieder gleich wichtig sind. Wir wollen die Erwartungen aller Beteiligten mit \u00d6kologische Integrit\u00e4t, Engagement, Transparenz, Leidenschaft und Professionalit\u00e4t erf\u00fcllen.<\/p>\n\t\t\t\t\t\t\t\t<\/div>\n\t\t\t\t<\/div>\n\t\t\t\t\t<\/div>\n\t\t<\/div>\n\t\t\t\t\t<\/div>\n\t\t<\/section>\n\t\t\t\t<section class=\"elementor-section elementor-top-section elementor-element elementor-element-68b66fa elementor-section-boxed elementor-section-height-default elementor-section-height-default\" data-id=\"68b66fa\" data-element_type=\"section\">\n\t\t\t\t\t\t<div class=\"elementor-container elementor-column-gap-default\">\n\t\t\t\t\t<div class=\"elementor-column elementor-col-50 elementor-top-column elementor-element elementor-element-c1c44c1\" data-id=\"c1c44c1\" data-element_type=\"column\">\n\t\t\t<div class=\"elementor-widget-wrap elementor-element-populated\">\n\t\t\t\t\t\t<div class=\"elementor-element elementor-element-cc4aa29 elementor-widget elementor-widget-heading\" data-id=\"cc4aa29\" data-element_type=\"widget\" data-widget_type=\"heading.default\">\n\t\t\t\t<div class=\"elementor-widget-container\">\n\t\t\t\t\t<h2 class=\"elementor-heading-title elementor-size-default\">Unsere Kernwerte\u00a0<\/h2>\t\t\t\t<\/div>\n\t\t\t\t<\/div>\n\t\t\t\t\t<\/div>\n\t\t<\/div>\n\t\t\t\t<div class=\"elementor-column elementor-col-50 elementor-top-column elementor-element elementor-element-0af2c80\" data-id=\"0af2c80\" data-element_type=\"column\">\n\t\t\t<div class=\"elementor-widget-wrap elementor-element-populated\">\n\t\t\t\t\t\t<div class=\"elementor-element elementor-element-5ac6713 elementor-widget elementor-widget-text-editor\" data-id=\"5ac6713\" data-element_type=\"widget\" data-widget_type=\"text-editor.default\">\n\t\t\t\t<div class=\"elementor-widget-container\">\n\t\t\t\t\t\t\t\t\t<p>Bei OTC Organics stehen f\u00fcnf Kernwerte im Mittelpunkt: \u00d6kologische Integrit\u00e4t, Transparenz, Engagement, Leidenschaft und Professionalit\u00e4t. Das treibt uns bei allem, was wir tun, an. Innerhalb und au\u00dferhalb unserer Organisation. Wir versuchen st\u00e4ndig das ideale Gleichgewicht in der Kette zu finden und gehen respektvoll mit unseren Erzeugern, Lieferanten, Abnehmern, Partnern und Mitarbeitern um.<\/p>\n\t\t\t\t\t\t\t\t<\/div>\n\t\t\t\t<\/div>\n\t\t\t\t\t<\/div>\n\t\t<\/div>\n\t\t\t\t\t<\/div>\n\t\t<\/section>\n\t\t\t\t<section class=\"elementor-section elementor-top-section elementor-element elementor-element-ddb9822 elementor-section-boxed elementor-section-height-default elementor-section-height-default\" data-id=\"ddb9822\" data-element_type=\"section\">\n\t\t\t\t\t\t<div class=\"elementor-container elementor-column-gap-default\">\n\t\t\t\t\t<div class=\"elementor-column elementor-col-50 elementor-top-column elementor-element elementor-element-96dc4bf\" data-id=\"96dc4bf\" data-element_type=\"column\">\n\t\t\t<div class=\"elementor-widget-wrap elementor-element-populated\">\n\t\t\t\t\t\t<div class=\"elementor-element elementor-element-4ef8269 elementor-widget elementor-widget-sosso-icon-box\" data-id=\"4ef8269\" data-element_type=\"widget\" data-widget_type=\"sosso-icon-box.default\">\n\t\t\t\t<div class=\"elementor-widget-container\">\n\t\t\t\t\t<div class=\"klb-icon-box features-items\"><div class=\"item\"><i class=\"flaticon-agriculture\"><\/i><h4 class=\"title\">\u00d6kologische Integrit\u00e4t<\/h4><p><ul><li>als biologische Spezialisten f\u00fchlen wir uns f\u00fcr unsere Branche verantwortlich;<\/li><li>wir leisten einen Beitrag zur sozialen und wirtschaftlichen Entwicklung;<\/li><li>wir arbeiten mit professionellen, zuverl\u00e4ssigen Erzeugern und Lieferanten zusammen;<\/li><li>wir k\u00f6nnen garantieren, dass unsere Produkte 100 % Bio sind.<\/li><\/ul><\/p><a href=\"\" ><\/a><\/div><\/div>\t\t\t\t<\/div>\n\t\t\t\t<\/div>\n\t\t\t\t\t<\/div>\n\t\t<\/div>\n\t\t\t\t<div class=\"elementor-column elementor-col-50 elementor-top-column elementor-element elementor-element-0f1cb3a\" data-id=\"0f1cb3a\" data-element_type=\"column\">\n\t\t\t<div class=\"elementor-widget-wrap elementor-element-populated\">\n\t\t\t\t\t\t<div class=\"elementor-element elementor-element-0174ac8 elementor-widget elementor-widget-sosso-icon-box\" data-id=\"0174ac8\" data-element_type=\"widget\" data-widget_type=\"sosso-icon-box.default\">\n\t\t\t\t<div class=\"elementor-widget-container\">\n\t\t\t\t\t<div class=\"klb-icon-box features-items\"><div class=\"item\"><i class=\"flaticon-sprout\"><\/i><h4 class=\"title\">Engagement<\/h4><p><ul><li>wir gehen respektvoll miteinander um und spornen einander an, uns weiterzuentwickeln;<\/li><li>wir verstehen, dass \u201awir\u2018 wichtiger ist als \u201aich;<\/li><li>f\u00fcr uns ist der bewusste Umgang mit Geld ein Sport;<\/li><li>wir arbeiten mit vollem Einsatz am Erfolg unserer Erzeuger, Lieferanten und Abnehmer.<\/li><\/ul><\/p><a href=\"\" ><\/a><\/div><\/div>\t\t\t\t<\/div>\n\t\t\t\t<\/div>\n\t\t\t\t\t<\/div>\n\t\t<\/div>\n\t\t\t\t\t<\/div>\n\t\t<\/section>\n\t\t\t\t<section class=\"elementor-section elementor-top-section elementor-element elementor-element-30507ef elementor-section-boxed elementor-section-height-default elementor-section-height-default\" data-id=\"30507ef\" data-element_type=\"section\">\n\t\t\t\t\t\t<div class=\"elementor-container elementor-column-gap-default\">\n\t\t\t\t\t<div class=\"elementor-column elementor-col-50 elementor-top-column elementor-element elementor-element-56661dc\" data-id=\"56661dc\" data-element_type=\"column\">\n\t\t\t<div class=\"elementor-widget-wrap elementor-element-populated\">\n\t\t\t\t\t\t<div class=\"elementor-element elementor-element-2cac7e9 elementor-widget elementor-widget-sosso-icon-box\" data-id=\"2cac7e9\" data-element_type=\"widget\" data-widget_type=\"sosso-icon-box.default\">\n\t\t\t\t<div class=\"elementor-widget-container\">\n\t\t\t\t\t<div class=\"klb-icon-box features-items\"><div class=\"item\"><i class=\"flaticon-lemon\"><\/i><h4 class=\"title\">Transparenz<\/h4><p><ul><li>wir legen in unseren gesch\u00e4ftlichen Kontakten Wert auf Transparenz;<\/li><li>wir tauschen unsere Expertise im Bio-Bereich aus, um anderen zu helfen;<\/li><li>wir sagen, was wir tun und halten uns an unsere Versprechen.<\/li><\/ul><\/p><a href=\"\" ><\/a><\/div><\/div>\t\t\t\t<\/div>\n\t\t\t\t<\/div>\n\t\t\t\t\t<\/div>\n\t\t<\/div>\n\t\t\t\t<div class=\"elementor-column elementor-col-50 elementor-top-column elementor-element elementor-element-93094dd\" data-id=\"93094dd\" data-element_type=\"column\">\n\t\t\t<div class=\"elementor-widget-wrap elementor-element-populated\">\n\t\t\t\t\t\t<div class=\"elementor-element elementor-element-8394d47 elementor-widget elementor-widget-sosso-icon-box\" data-id=\"8394d47\" data-element_type=\"widget\" data-widget_type=\"sosso-icon-box.default\">\n\t\t\t\t<div class=\"elementor-widget-container\">\n\t\t\t\t\t<div class=\"klb-icon-box features-items\"><div class=\"item\"><i class=\"flaticon-rice\"><\/i><h4 class=\"title\">Leidenschaft<\/h4><p><ul><li>wir sind von allem, was wir tun begeistert und inspiriert;<\/li><li>wir sind mit Herz und Seele von unserer Arbeitsweise \u00fcberzeugt.<\/li><\/ul><\/p><a href=\"\" ><\/a><\/div><\/div>\t\t\t\t<\/div>\n\t\t\t\t<\/div>\n\t\t\t\t\t<\/div>\n\t\t<\/div>\n\t\t\t\t\t<\/div>\n\t\t<\/section>\n\t\t\t\t<section class=\"elementor-section elementor-top-section elementor-element elementor-element-ea9f8b7 elementor-section-boxed elementor-section-height-default elementor-section-height-default\" data-id=\"ea9f8b7\" data-element_type=\"section\">\n\t\t\t\t\t\t<div class=\"elementor-container elementor-column-gap-default\">\n\t\t\t\t\t<div class=\"elementor-column elementor-col-50 elementor-top-column elementor-element elementor-element-1aef3d9\" data-id=\"1aef3d9\" data-element_type=\"column\">\n\t\t\t<div class=\"elementor-widget-wrap elementor-element-populated\">\n\t\t\t\t\t\t<div class=\"elementor-element elementor-element-3ee69d9 elementor-widget elementor-widget-sosso-icon-box\" data-id=\"3ee69d9\" data-element_type=\"widget\" data-widget_type=\"sosso-icon-box.default\">\n\t\t\t\t<div class=\"elementor-widget-container\">\n\t\t\t\t\t<div class=\"klb-icon-box features-items\"><div class=\"item\"><i class=\"flaticon-agriculture-1\"><\/i><h4 class=\"title\">Professionalit\u00e4t<\/h4><p><ul>\r\n \t<li>Wir sind l\u00f6sungsorientiert;<\/li>\r\n \t<li>Genauigkeit ist wichtig in unser Arbeit und t\u00e4gliche Routine.<\/li>\r\n<\/ul><\/p><a href=\"\" ><\/a><\/div><\/div>\t\t\t\t<\/div>\n\t\t\t\t<\/div>\n\t\t\t\t\t<\/div>\n\t\t<\/div>\n\t\t\t\t<div class=\"elementor-column elementor-col-50 elementor-top-column elementor-element elementor-element-a8860f1\" data-id=\"a8860f1\" data-element_type=\"column\">\n\t\t\t<div class=\"elementor-widget-wrap\">\n\t\t\t\t\t\t\t<\/div>\n\t\t<\/div>\n\t\t\t\t\t<\/div>\n\t\t<\/section>\n\t\t\t\t<\/div>\n\t\t","protected":false},"excerpt":{"rendered":"<p>\u00dcber uns Home \u00dcber uns Allen helfen, sich durch Bio-Produkte weiterzuentwickeln. Das tun wir! Wir sind Fan von kurzen Ketten, ehrlicher Zusammenarbeit und Sicherheit. Anhand dieser Prinzipien bauen wir tagt\u00e4glich an einer nachhaltigen, sozialen Produktionskette. Damit alle wissen, woran sie sind und bekommen, was sie verdienen. Das macht uns einzigartig. Unser Auftrag Mit reinem Gewissen<\/p>\n<div class=\"read-more\"><a href=\"https:\/\/otcorganics.com\/de\/ueber-uns\/\"><i class=\"fal fa-arrow-right\"><\/i>Lesen Sie mehr<\/a><\/div>\n","protected":false},"author":1,"featured_media":0,"parent":0,"menu_order":0,"comment_status":"closed","ping_status":"closed","template":"","meta":{"_acf_changed":false,"footnotes":""},"class_list":["post-4603","page","type-page","status-publish","hentry"],"acf":[],"yoast_head":"<!-- This site is optimized with the Yoast SEO plugin v26.0 - https:\/\/yoast.com\/wordpress\/plugins\/seo\/ -->\n<title>\u00dcber uns - OTC Organics<\/title>\n<meta name=\"robots\" content=\"index, follow, max-snippet:-1, max-image-preview:large, max-video-preview:-1\" \/>\n<link rel=\"canonical\" href=\"https:\/\/otcorganics.com\/de\/ueber-uns\/\" \/>\n<meta property=\"og:locale\" content=\"de_DE\" \/>\n<meta property=\"og:type\" content=\"article\" \/>\n<meta property=\"og:title\" content=\"\u00dcber uns - OTC Organics\" \/>\n<meta property=\"og:description\" content=\"\u00dcber uns Home \u00dcber uns Allen helfen, sich durch Bio-Produkte weiterzuentwickeln. Das tun wir! Wir sind Fan von kurzen Ketten, ehrlicher Zusammenarbeit und Sicherheit. Anhand dieser Prinzipien bauen wir tagt\u00e4glich an einer nachhaltigen, sozialen Produktionskette. Damit alle wissen, woran sie sind und bekommen, was sie verdienen. Das macht uns einzigartig. Unser Auftrag Mit reinem GewissenLesen Sie mehr\" \/>\n<meta property=\"og:url\" content=\"https:\/\/otcorganics.com\/de\/ueber-uns\/\" \/>\n<meta property=\"og:site_name\" content=\"OTC Organics\" \/>\n<meta property=\"article:modified_time\" content=\"2023-05-23T14:55:44+00:00\" \/>\n<meta property=\"og:image\" content=\"https:\/\/otcorganics.com\/wp-content\/uploads\/2023\/04\/Over-ons-verticaal2.jpg\" \/>\n<meta name=\"twitter:card\" content=\"summary_large_image\" \/>\n<meta name=\"twitter:label1\" content=\"Gesch\u00e4tzte Lesezeit\" \/>\n\t<meta name=\"twitter:data1\" content=\"2\u00a0Minuten\" \/>\n<!-- \/ Yoast SEO plugin. -->","yoast_head_json":{"title":"\u00dcber uns - OTC Organics","robots":{"index":"index","follow":"follow","max-snippet":"max-snippet:-1","max-image-preview":"max-image-preview:large","max-video-preview":"max-video-preview:-1"},"canonical":"https:\/\/otcorganics.com\/de\/ueber-uns\/","og_locale":"de_DE","og_type":"article","og_title":"\u00dcber uns - OTC Organics","og_description":"\u00dcber uns Home \u00dcber uns Allen helfen, sich durch Bio-Produkte weiterzuentwickeln. Das tun wir! Wir sind Fan von kurzen Ketten, ehrlicher Zusammenarbeit und Sicherheit. Anhand dieser Prinzipien bauen wir tagt\u00e4glich an einer nachhaltigen, sozialen Produktionskette. Damit alle wissen, woran sie sind und bekommen, was sie verdienen. Das macht uns einzigartig. Unser Auftrag Mit reinem GewissenLesen Sie mehr","og_url":"https:\/\/otcorganics.com\/de\/ueber-uns\/","og_site_name":"OTC Organics","article_modified_time":"2023-05-23T14:55:44+00:00","og_image":[{"url":"https:\/\/otcorganics.com\/wp-content\/uploads\/2023\/04\/Over-ons-verticaal2.jpg","type":"","width":"","height":""}],"twitter_card":"summary_large_image","twitter_misc":{"Gesch\u00e4tzte Lesezeit":"2\u00a0Minuten"},"schema":{"@context":"https:\/\/schema.org","@graph":[{"@type":"WebPage","@id":"https:\/\/otcorganics.com\/de\/ueber-uns\/","url":"https:\/\/otcorganics.com\/de\/ueber-uns\/","name":"\u00dcber uns - OTC Organics","isPartOf":{"@id":"https:\/\/otcorganics.com\/de\/#website"},"primaryImageOfPage":{"@id":"https:\/\/otcorganics.com\/de\/ueber-uns\/#primaryimage"},"image":{"@id":"https:\/\/otcorganics.com\/de\/ueber-uns\/#primaryimage"},"thumbnailUrl":"https:\/\/otcorganics.com\/wp-content\/uploads\/2023\/04\/Over-ons-verticaal2.jpg","datePublished":"2023-02-07T13:31:08+00:00","dateModified":"2023-05-23T14:55:44+00:00","breadcrumb":{"@id":"https:\/\/otcorganics.com\/de\/ueber-uns\/#breadcrumb"},"inLanguage":"de","potentialAction":[{"@type":"ReadAction","target":["https:\/\/otcorganics.com\/de\/ueber-uns\/"]}]},{"@type":"ImageObject","inLanguage":"de","@id":"https:\/\/otcorganics.com\/de\/ueber-uns\/#primaryimage","url":"https:\/\/otcorganics.com\/wp-content\/uploads\/2023\/04\/Over-ons-verticaal2.jpg","contentUrl":"https:\/\/otcorganics.com\/wp-content\/uploads\/2023\/04\/Over-ons-verticaal2.jpg"},{"@type":"BreadcrumbList","@id":"https:\/\/otcorganics.com\/de\/ueber-uns\/#breadcrumb","itemListElement":[{"@type":"ListItem","position":1,"name":"Home","item":"https:\/\/otcorganics.com\/de\/"},{"@type":"ListItem","position":2,"name":"\u00dcber uns"}]},{"@type":"WebSite","@id":"https:\/\/otcorganics.com\/de\/#website","url":"https:\/\/otcorganics.com\/de\/","name":"OTC Organics","description":"","potentialAction":[{"@type":"SearchAction","target":{"@type":"EntryPoint","urlTemplate":"https:\/\/otcorganics.com\/de\/?s={search_term_string}"},"query-input":{"@type":"PropertyValueSpecification","valueRequired":true,"valueName":"search_term_string"}}],"inLanguage":"de"}]}},"_links":{"self":[{"href":"https:\/\/otcorganics.com\/de\/wp-json\/wp\/v2\/pages\/4603","targetHints":{"allow":["GET"]}}],"collection":[{"href":"https:\/\/otcorganics.com\/de\/wp-json\/wp\/v2\/pages"}],"about":[{"href":"https:\/\/otcorganics.com\/de\/wp-json\/wp\/v2\/types\/page"}],"author":[{"embeddable":true,"href":"https:\/\/otcorganics.com\/de\/wp-json\/wp\/v2\/users\/1"}],"replies":[{"embeddable":true,"href":"https:\/\/otcorganics.com\/de\/wp-json\/wp\/v2\/comments?post=4603"}],"version-history":[{"count":9,"href":"https:\/\/otcorganics.com\/de\/wp-json\/wp\/v2\/pages\/4603\/revisions"}],"predecessor-version":[{"id":6160,"href":"https:\/\/otcorganics.com\/de\/wp-json\/wp\/v2\/pages\/4603\/revisions\/6160"}],"wp:attachment":[{"href":"https:\/\/otcorganics.com\/de\/wp-json\/wp\/v2\/media?parent=4603"}],"curies":[{"name":"wp","href":"https:\/\/api.w.org\/{rel}","templated":true}]}}