{"id":4605,"date":"2023-02-14T09:26:56","date_gmt":"2023-02-14T09:26:56","guid":{"rendered":"https:\/\/otcorganics.com\/ueber-uns\/nachhaltigkeit\/"},"modified":"2023-05-16T13:51:24","modified_gmt":"2023-05-16T13:51:24","slug":"nachhaltigkeit","status":"publish","type":"page","link":"https:\/\/otcorganics.com\/de\/ueber-uns\/nachhaltigkeit\/","title":{"rendered":"Nachhaltigkeit"},"content":{"rendered":"\t\t<div data-elementor-type=\"wp-page\" data-elementor-id=\"4605\" class=\"elementor elementor-4605 elementor-2543\" data-elementor-post-type=\"page\">\n\t\t\t\t\t\t<section class=\"elementor-section elementor-top-section elementor-element elementor-element-0aeb097 elementor-section-full_width elementor-section-height-default elementor-section-height-default\" data-id=\"0aeb097\" data-element_type=\"section\">\n\t\t\t\t\t\t<div class=\"elementor-container elementor-column-gap-no\">\n\t\t\t\t\t<div class=\"elementor-column elementor-col-100 elementor-top-column elementor-element elementor-element-e4578ae\" data-id=\"e4578ae\" data-element_type=\"column\">\n\t\t\t<div class=\"elementor-widget-wrap elementor-element-populated\">\n\t\t\t\t\t\t<div class=\"elementor-element elementor-element-9574ee2 elementor-widget elementor-widget-sosso-breadcrumb\" data-id=\"9574ee2\" data-element_type=\"widget\" data-widget_type=\"sosso-breadcrumb.default\">\n\t\t\t\t<div class=\"elementor-widget-container\">\n\t\t\t\t\t<section class=\"page-title-area bg_cover d-flex align-items-center\" style=\"background-image: url(https:\/\/otcorganics.com\/wp-content\/uploads\/2023\/04\/Duurzaamheid-header.jpg)\"><div class=\"container\"><div class=\"row\"><div class=\"col-lg-6\"><div class=\"page-title-content\"><h3 class=\"title\">Nachhaltigkeit<\/h3><nav aria-label=\"breadcrumb\"><nav aria-label=\"breadcrumb\"><ol class=\"breadcrumb\"><li class=\"breadcrumb-item\"><a  href=\"https:\/\/otcorganics.com\/de\/\" title=\"Home\" rel=\"bookmark\">Home<\/a> <\/li>  <\/ol><\/nav><\/nav><\/div><\/div><\/div><\/div><\/section>\t\t\t\t<\/div>\n\t\t\t\t<\/div>\n\t\t\t\t\t<\/div>\n\t\t<\/div>\n\t\t\t\t\t<\/div>\n\t\t<\/section>\n\t\t\t\t<section class=\"elementor-section elementor-top-section elementor-element elementor-element-d5c2eec elementor-section-content-middle elementor-section-boxed elementor-section-height-default elementor-section-height-default\" data-id=\"d5c2eec\" data-element_type=\"section\">\n\t\t\t\t\t\t<div class=\"elementor-container elementor-column-gap-default\">\n\t\t\t\t\t<div class=\"elementor-column elementor-col-50 elementor-top-column elementor-element elementor-element-078a1cf\" data-id=\"078a1cf\" data-element_type=\"column\">\n\t\t\t<div class=\"elementor-widget-wrap elementor-element-populated\">\n\t\t\t\t\t\t<div class=\"elementor-element elementor-element-7b11eb6 elementor-widget elementor-widget-sosso-single-image\" data-id=\"7b11eb6\" data-element_type=\"widget\" data-widget_type=\"sosso-single-image.default\">\n\t\t\t\t<div class=\"elementor-widget-container\">\n\t\t\t\t\t<div class=\"klb-single-image about-info-thumb ml-30 mr-30\"><img decoding=\"async\" src=\"https:\/\/otcorganics.com\/wp-content\/uploads\/2023\/04\/Duurzaamheid-verticaal2.jpg\" alt=\"about\"><\/div>\t\t\t\t<\/div>\n\t\t\t\t<\/div>\n\t\t\t\t\t<\/div>\n\t\t<\/div>\n\t\t\t\t<div class=\"elementor-column elementor-col-50 elementor-top-column elementor-element elementor-element-dc4b616\" data-id=\"dc4b616\" data-element_type=\"column\">\n\t\t\t<div class=\"elementor-widget-wrap elementor-element-populated\">\n\t\t\t\t\t\t<div class=\"elementor-element elementor-element-3bad455 elementor-widget elementor-widget-sosso-custom-title\" data-id=\"3bad455\" data-element_type=\"widget\" data-widget_type=\"sosso-custom-title.default\">\n\t\t\t\t<div class=\"elementor-widget-container\">\n\t\t\t\t\t<div class=\"klb-custom-title\"><span>Nachhaltigkeit<\/span><h3 class=\"title\">Allen helfen, sich durch Bio-Produkte weiterzuentwickeln<\/h3><\/div>\t\t\t\t<\/div>\n\t\t\t\t<\/div>\n\t\t\t\t<div class=\"elementor-element elementor-element-1994d23 elementor-widget elementor-widget-text-editor\" data-id=\"1994d23\" data-element_type=\"widget\" data-widget_type=\"text-editor.default\">\n\t\t\t\t<div class=\"elementor-widget-container\">\n\t\t\t\t\t\t\t\t\t<p>Nachhaltigkeit ist das Bem\u00fchen um ein Gleichgewicht zwischen Mensch, Umwelt und Wirtschaft, damit wir die Erde nicht ersch\u00f6pfen und auch f\u00fcr k\u00fcnftige Generationen einen bewohnbaren Planeten hinterlassen. Es ist phantastisch, f\u00fcr ein Unternehmen zu arbeiten, das sich auf den Einkauf und Verkauf von Obst und Gem\u00fcse aus \u00f6kologischem Anbau spezialisiert hat, und gleichzeitig mit unseren Partnern, Erzeugern und Lieferanten einen Beitrag zu einer nachhaltigen Gesellschaft leisten zu k\u00f6nnen. Im Interesse unsere wundersch\u00f6nen Erde und allen, die auf ihr Leben, legen wir gro\u00dfen Wert darauf, die Umwelt und die verf\u00fcgbaren Ressourcen rationell zu nutzen. Wir sind fest davon \u00fcberzeugt, dass der \u00f6kologische Landbau die beste Methode f\u00fcr die Produktion nachhaltiger Lebensmittel, den Schutz unseres Bodens und der Bek\u00e4mpfung des Klimawandels ist.<\/p>\n\t\t\t\t\t\t\t\t<\/div>\n\t\t\t\t<\/div>\n\t\t\t\t\t<\/div>\n\t\t<\/div>\n\t\t\t\t\t<\/div>\n\t\t<\/section>\n\t\t\t\t<section class=\"elementor-section elementor-top-section elementor-element elementor-element-2e6399b elementor-section-boxed elementor-section-height-default elementor-section-height-default\" data-id=\"2e6399b\" data-element_type=\"section\">\n\t\t\t\t\t\t<div class=\"elementor-container elementor-column-gap-default\">\n\t\t\t\t\t<div class=\"elementor-column elementor-col-50 elementor-top-column elementor-element elementor-element-1b34d43\" data-id=\"1b34d43\" data-element_type=\"column\">\n\t\t\t<div class=\"elementor-widget-wrap elementor-element-populated\">\n\t\t\t\t\t\t<div class=\"elementor-element elementor-element-3e844c1 elementor-widget elementor-widget-heading\" data-id=\"3e844c1\" data-element_type=\"widget\" data-widget_type=\"heading.default\">\n\t\t\t\t<div class=\"elementor-widget-container\">\n\t\t\t\t\t<h2 class=\"elementor-heading-title elementor-size-default\">Nachhaltigkeit ist in unserem Unternehmen und in unserer Produktionskette ein kontinuierlicher Prozess<\/h2>\t\t\t\t<\/div>\n\t\t\t\t<\/div>\n\t\t\t\t\t<\/div>\n\t\t<\/div>\n\t\t\t\t<div class=\"elementor-column elementor-col-50 elementor-top-column elementor-element elementor-element-8c347d5\" data-id=\"8c347d5\" data-element_type=\"column\">\n\t\t\t<div class=\"elementor-widget-wrap elementor-element-populated\">\n\t\t\t\t\t\t<div class=\"elementor-element elementor-element-c28844e elementor-widget elementor-widget-text-editor\" data-id=\"c28844e\" data-element_type=\"widget\" data-widget_type=\"text-editor.default\">\n\t\t\t\t<div class=\"elementor-widget-container\">\n\t\t\t\t\t\t\t\t\t<p>Im Rahmen eines bewussten Umgangs mit Nachhaltigkeit treffen wir gr\u00fcne Entscheidungen:<\/p>\n<h4>Recycling<\/h4>\n<p>F\u00fcr jedes Produkt, das wir verpacken, untersuchen wir nachhaltige Alternativen. Wir verf\u00fcgen \u00fcber unterschiedliche Formen recycelbarer Kartonverpackungen und unsere Tragetaschen sind nicht mehr aus Plastik, sondern aus Papier. Au\u00dferdem verpacken wir diverse Produkte in 100 % kompostierbare Netze aus Zellulose. Denn wir finden, dass ein sch\u00f6nes Bio-Produkt eine gute, \u00f6kologisch vertretbare Verpackung verdient.<\/p>\n<h4>Elektrizit\u00e4t bewusst einsetzen<\/h4>\n<p>In unserer Hauptgesch\u00e4ftsstelle in Dronten arbeiten wir in einem hypermodernen gasfreien B\u00fcrogeb\u00e4ude. Dort wurden auch 4 elektrische Ladestationen installiert. Aber auch unsere Partner treffen im Hinblick auf Elektrizit\u00e4t bewusste Entscheidungen und wir beobachten regelm\u00e4\u00dfig Solarmodule auf den D\u00e4chern und Windm\u00fchlen auf den Ackern.<\/p>\n<h4>Bewusst mit Lebensmitteln umgehen<\/h4>\n<p>Wird eine Charge Gem\u00fcse oder Obst trotz aller Vorsorgema\u00dfnahmen zur\u00fcckgewiesen, aber noch zum Verzehr geeignet? Dann versuchen wir, eine geeignete Nutzung daf\u00fcr zu finden. Zum Beispiel die Tafel, aber auch Saft- und Smoothie-Produzenten, damit wir m\u00f6glichst wenig Lebensmittel verschwenden.<\/p>\n<p>Wir leisten jedoch auch durch andere Ma\u00dfnahmen wir einen Beitrag zu einer nachhaltigeren Welt. Ein Gro\u00dfteil der Mitarbeiter arbeitet hybrid: B\u00fcrotage werden mit Homeoffice-Tagen abgewechselt, beim Kauf der Firmenwagen entscheiden wir uns zunehmend bewusst f\u00fcr elektrische\/hybride Autos, wir arbeiten m\u00f6glichst digital (keine gedruckten Rechnungen mehr) und nutzen Zeitschalter f\u00fcr die Beleuchtung und Ger\u00e4te. Und da bleibt es nat\u00fcrlich nicht bei.<\/p>\n\t\t\t\t\t\t\t\t<\/div>\n\t\t\t\t<\/div>\n\t\t\t\t\t<\/div>\n\t\t<\/div>\n\t\t\t\t\t<\/div>\n\t\t<\/section>\n\t\t\t\t<\/div>\n\t\t","protected":false},"excerpt":{"rendered":"<p>Nachhaltigkeit Home Nachhaltigkeit Allen helfen, sich durch Bio-Produkte weiterzuentwickeln Nachhaltigkeit ist das Bem\u00fchen um ein Gleichgewicht zwischen Mensch, Umwelt und Wirtschaft, damit wir die Erde nicht ersch\u00f6pfen und auch f\u00fcr k\u00fcnftige Generationen einen bewohnbaren Planeten hinterlassen. Es ist phantastisch, f\u00fcr ein Unternehmen zu arbeiten, das sich auf den Einkauf und Verkauf von Obst und Gem\u00fcse<\/p>\n<div class=\"read-more\"><a href=\"https:\/\/otcorganics.com\/de\/ueber-uns\/nachhaltigkeit\/\"><i class=\"fal fa-arrow-right\"><\/i>Lesen Sie mehr<\/a><\/div>\n","protected":false},"author":1,"featured_media":0,"parent":4603,"menu_order":0,"comment_status":"closed","ping_status":"closed","template":"","meta":{"_acf_changed":false,"footnotes":""},"class_list":["post-4605","page","type-page","status-publish","hentry"],"acf":[],"yoast_head":"<!-- This site is optimized with the Yoast SEO plugin v26.0 - https:\/\/yoast.com\/wordpress\/plugins\/seo\/ -->\n<title>Nachhaltigkeit - OTC Organics<\/title>\n<meta name=\"robots\" content=\"index, follow, max-snippet:-1, max-image-preview:large, max-video-preview:-1\" \/>\n<link rel=\"canonical\" href=\"https:\/\/otcorganics.com\/de\/ueber-uns\/nachhaltigkeit\/\" \/>\n<meta property=\"og:locale\" content=\"de_DE\" \/>\n<meta property=\"og:type\" content=\"article\" \/>\n<meta property=\"og:title\" content=\"Nachhaltigkeit - OTC Organics\" \/>\n<meta property=\"og:description\" content=\"Nachhaltigkeit Home Nachhaltigkeit Allen helfen, sich durch Bio-Produkte weiterzuentwickeln Nachhaltigkeit ist das Bem\u00fchen um ein Gleichgewicht zwischen Mensch, Umwelt und Wirtschaft, damit wir die Erde nicht ersch\u00f6pfen und auch f\u00fcr k\u00fcnftige Generationen einen bewohnbaren Planeten hinterlassen. Es ist phantastisch, f\u00fcr ein Unternehmen zu arbeiten, das sich auf den Einkauf und Verkauf von Obst und Gem\u00fcseLesen Sie mehr\" \/>\n<meta property=\"og:url\" content=\"https:\/\/otcorganics.com\/de\/ueber-uns\/nachhaltigkeit\/\" \/>\n<meta property=\"og:site_name\" content=\"OTC Organics\" \/>\n<meta property=\"article:modified_time\" content=\"2023-05-16T13:51:24+00:00\" \/>\n<meta property=\"og:image\" content=\"https:\/\/otcorganics.com\/wp-content\/uploads\/2023\/04\/Duurzaamheid-verticaal2.jpg\" \/>\n<meta name=\"twitter:card\" content=\"summary_large_image\" \/>\n<meta name=\"twitter:label1\" content=\"Gesch\u00e4tzte Lesezeit\" \/>\n\t<meta name=\"twitter:data1\" content=\"2\u00a0Minuten\" \/>\n<!-- \/ Yoast SEO plugin. -->","yoast_head_json":{"title":"Nachhaltigkeit - OTC Organics","robots":{"index":"index","follow":"follow","max-snippet":"max-snippet:-1","max-image-preview":"max-image-preview:large","max-video-preview":"max-video-preview:-1"},"canonical":"https:\/\/otcorganics.com\/de\/ueber-uns\/nachhaltigkeit\/","og_locale":"de_DE","og_type":"article","og_title":"Nachhaltigkeit - OTC Organics","og_description":"Nachhaltigkeit Home Nachhaltigkeit Allen helfen, sich durch Bio-Produkte weiterzuentwickeln Nachhaltigkeit ist das Bem\u00fchen um ein Gleichgewicht zwischen Mensch, Umwelt und Wirtschaft, damit wir die Erde nicht ersch\u00f6pfen und auch f\u00fcr k\u00fcnftige Generationen einen bewohnbaren Planeten hinterlassen. Es ist phantastisch, f\u00fcr ein Unternehmen zu arbeiten, das sich auf den Einkauf und Verkauf von Obst und Gem\u00fcseLesen Sie mehr","og_url":"https:\/\/otcorganics.com\/de\/ueber-uns\/nachhaltigkeit\/","og_site_name":"OTC Organics","article_modified_time":"2023-05-16T13:51:24+00:00","og_image":[{"url":"https:\/\/otcorganics.com\/wp-content\/uploads\/2023\/04\/Duurzaamheid-verticaal2.jpg","type":"","width":"","height":""}],"twitter_card":"summary_large_image","twitter_misc":{"Gesch\u00e4tzte Lesezeit":"2\u00a0Minuten"},"schema":{"@context":"https:\/\/schema.org","@graph":[{"@type":"WebPage","@id":"https:\/\/otcorganics.com\/de\/ueber-uns\/nachhaltigkeit\/","url":"https:\/\/otcorganics.com\/de\/ueber-uns\/nachhaltigkeit\/","name":"Nachhaltigkeit - OTC Organics","isPartOf":{"@id":"https:\/\/otcorganics.com\/de\/#website"},"primaryImageOfPage":{"@id":"https:\/\/otcorganics.com\/de\/ueber-uns\/nachhaltigkeit\/#primaryimage"},"image":{"@id":"https:\/\/otcorganics.com\/de\/ueber-uns\/nachhaltigkeit\/#primaryimage"},"thumbnailUrl":"https:\/\/otcorganics.com\/wp-content\/uploads\/2023\/04\/Duurzaamheid-verticaal2.jpg","datePublished":"2023-02-14T09:26:56+00:00","dateModified":"2023-05-16T13:51:24+00:00","breadcrumb":{"@id":"https:\/\/otcorganics.com\/de\/ueber-uns\/nachhaltigkeit\/#breadcrumb"},"inLanguage":"de","potentialAction":[{"@type":"ReadAction","target":["https:\/\/otcorganics.com\/de\/ueber-uns\/nachhaltigkeit\/"]}]},{"@type":"ImageObject","inLanguage":"de","@id":"https:\/\/otcorganics.com\/de\/ueber-uns\/nachhaltigkeit\/#primaryimage","url":"https:\/\/otcorganics.com\/wp-content\/uploads\/2023\/04\/Duurzaamheid-verticaal2.jpg","contentUrl":"https:\/\/otcorganics.com\/wp-content\/uploads\/2023\/04\/Duurzaamheid-verticaal2.jpg"},{"@type":"BreadcrumbList","@id":"https:\/\/otcorganics.com\/de\/ueber-uns\/nachhaltigkeit\/#breadcrumb","itemListElement":[{"@type":"ListItem","position":1,"name":"Home","item":"https:\/\/otcorganics.com\/de\/"},{"@type":"ListItem","position":2,"name":"\u00dcber uns","item":"https:\/\/otcorganics.com\/de\/over-ons\/"},{"@type":"ListItem","position":3,"name":"Nachhaltigkeit"}]},{"@type":"WebSite","@id":"https:\/\/otcorganics.com\/de\/#website","url":"https:\/\/otcorganics.com\/de\/","name":"OTC Organics","description":"","potentialAction":[{"@type":"SearchAction","target":{"@type":"EntryPoint","urlTemplate":"https:\/\/otcorganics.com\/de\/?s={search_term_string}"},"query-input":{"@type":"PropertyValueSpecification","valueRequired":true,"valueName":"search_term_string"}}],"inLanguage":"de"}]}},"_links":{"self":[{"href":"https:\/\/otcorganics.com\/de\/wp-json\/wp\/v2\/pages\/4605","targetHints":{"allow":["GET"]}}],"collection":[{"href":"https:\/\/otcorganics.com\/de\/wp-json\/wp\/v2\/pages"}],"about":[{"href":"https:\/\/otcorganics.com\/de\/wp-json\/wp\/v2\/types\/page"}],"author":[{"embeddable":true,"href":"https:\/\/otcorganics.com\/de\/wp-json\/wp\/v2\/users\/1"}],"replies":[{"embeddable":true,"href":"https:\/\/otcorganics.com\/de\/wp-json\/wp\/v2\/comments?post=4605"}],"version-history":[{"count":8,"href":"https:\/\/otcorganics.com\/de\/wp-json\/wp\/v2\/pages\/4605\/revisions"}],"predecessor-version":[{"id":5977,"href":"https:\/\/otcorganics.com\/de\/wp-json\/wp\/v2\/pages\/4605\/revisions\/5977"}],"up":[{"embeddable":true,"href":"https:\/\/otcorganics.com\/de\/wp-json\/wp\/v2\/pages\/4603"}],"wp:attachment":[{"href":"https:\/\/otcorganics.com\/de\/wp-json\/wp\/v2\/media?parent=4605"}],"curies":[{"name":"wp","href":"https:\/\/api.w.org\/{rel}","templated":true}]}}