{"id":4609,"date":"2023-02-07T14:27:00","date_gmt":"2023-02-07T14:27:00","guid":{"rendered":"https:\/\/otcorganics.com\/ueber-uns\/historische-highlights\/"},"modified":"2023-05-16T13:47:10","modified_gmt":"2023-05-16T13:47:10","slug":"historische-highlights","status":"publish","type":"page","link":"https:\/\/otcorganics.com\/de\/ueber-uns\/historische-highlights\/","title":{"rendered":"Historische Highlights"},"content":{"rendered":"\t\t<div data-elementor-type=\"wp-page\" data-elementor-id=\"4609\" class=\"elementor elementor-4609 elementor-2004\" data-elementor-post-type=\"page\">\n\t\t\t\t\t\t<section class=\"elementor-section elementor-top-section elementor-element elementor-element-a3c4eb8 elementor-section-full_width elementor-section-height-default elementor-section-height-default\" data-id=\"a3c4eb8\" data-element_type=\"section\">\n\t\t\t\t\t\t<div class=\"elementor-container elementor-column-gap-no\">\n\t\t\t\t\t<div class=\"elementor-column elementor-col-100 elementor-top-column elementor-element elementor-element-06fe199\" data-id=\"06fe199\" data-element_type=\"column\">\n\t\t\t<div class=\"elementor-widget-wrap elementor-element-populated\">\n\t\t\t\t\t\t<div class=\"elementor-element elementor-element-ea0dfe9 elementor-widget elementor-widget-sosso-breadcrumb\" data-id=\"ea0dfe9\" data-element_type=\"widget\" data-widget_type=\"sosso-breadcrumb.default\">\n\t\t\t\t<div class=\"elementor-widget-container\">\n\t\t\t\t\t<section class=\"page-title-area bg_cover d-flex align-items-center\" style=\"background-image: url(https:\/\/otcorganics.com\/wp-content\/uploads\/2023\/05\/Kopie-van-website-header-5.jpg)\"><div class=\"container\"><div class=\"row\"><div class=\"col-lg-6\"><div class=\"page-title-content\"><h3 class=\"title\">Historische Highlights <\/h3><nav aria-label=\"breadcrumb\"><nav aria-label=\"breadcrumb\"><ol class=\"breadcrumb\"><li class=\"breadcrumb-item\"><a  href=\"https:\/\/otcorganics.com\/de\/\" title=\"Home\" rel=\"bookmark\">Home<\/a> <\/li>  <\/ol><\/nav><\/nav><\/div><\/div><\/div><\/div><\/section>\t\t\t\t<\/div>\n\t\t\t\t<\/div>\n\t\t\t\t\t<\/div>\n\t\t<\/div>\n\t\t\t\t\t<\/div>\n\t\t<\/section>\n\t\t\t\t<div class=\"elementor-section elementor-top-section elementor-element elementor-element-3d0f581 elementor-section-boxed elementor-section-height-default elementor-section-height-default\" data-id=\"3d0f581\" data-element_type=\"section\">\n\t\t\t\t\t\t<div class=\"elementor-container elementor-column-gap-default\">\n\t\t\t\t\t<div class=\"elementor-column elementor-col-50 elementor-top-column elementor-element elementor-element-663b8b9b\" data-id=\"663b8b9b\" data-element_type=\"column\">\n\t\t\t<div class=\"elementor-widget-wrap elementor-element-populated\">\n\t\t\t\t\t\t<div class=\"elementor-element elementor-element-2c366129 elementor-widget elementor-widget-sosso-faq-content\" data-id=\"2c366129\" data-element_type=\"widget\" data-widget_type=\"sosso-faq-content.default\">\n\t\t\t\t<div class=\"elementor-widget-container\">\n\t\t\t\t\t<div class=\"klb-faq faq-content\"><span>FAQ<\/span><h3 class=\"title\">Historische Highlights<\/h3><p>Wo liegt unser Ursprung und in welche Richtung bewegen wir uns? In diesem kurzen Frage-Antwort-Interview erz\u00e4hlen wir Ihnen etwas zur Geschichte von OTC Organics.<\/p><a class=\"main-btn\" href=\"\" ><\/a><\/div>\t\t\t\t<\/div>\n\t\t\t\t<\/div>\n\t\t\t\t\t<\/div>\n\t\t<\/div>\n\t\t\t\t<div class=\"elementor-column elementor-col-50 elementor-top-column elementor-element elementor-element-c1d6093\" data-id=\"c1d6093\" data-element_type=\"column\">\n\t\t\t<div class=\"elementor-widget-wrap elementor-element-populated\">\n\t\t\t\t\t\t<div class=\"elementor-element elementor-element-1adee96c elementor-widget elementor-widget-accordion\" data-id=\"1adee96c\" data-element_type=\"widget\" data-widget_type=\"accordion.default\">\n\t\t\t\t<div class=\"elementor-widget-container\">\n\t\t\t\t\t\t\t<div class=\"elementor-accordion\">\n\t\t\t\t\t\t\t<div class=\"elementor-accordion-item\">\n\t\t\t\t\t<div id=\"elementor-tab-title-4501\" class=\"elementor-tab-title\" data-tab=\"1\" role=\"button\" aria-controls=\"elementor-tab-content-4501\" aria-expanded=\"false\">\n\t\t\t\t\t\t\t\t\t\t\t\t<a class=\"elementor-accordion-title\" tabindex=\"0\">Wer hat OTC Organics gegr\u00fcndet?<\/a>\n\t\t\t\t\t<\/div>\n\t\t\t\t\t<div id=\"elementor-tab-content-4501\" class=\"elementor-tab-content elementor-clearfix\" data-tab=\"1\" role=\"region\" aria-labelledby=\"elementor-tab-title-4501\"><p>Alles begann bei Fred Kloen und Edward Out. Sie gr\u00fcndeten das Unternehmen 2001 in Lelystad, unter dem Namen Tellus Produce B.V. Fred und Edward waren beide H\u00e4ndler im \u00f6kologischen Obst- und Gem\u00fcsebereich und taten sich f\u00fcr den Export von Freilandprodukten aus biologischem Anbau aus den Niederlanden und Belgien zusammen.<\/p>\n<\/div>\n\t\t\t\t<\/div>\n\t\t\t\t\t\t\t<div class=\"elementor-accordion-item\">\n\t\t\t\t\t<div id=\"elementor-tab-title-4502\" class=\"elementor-tab-title\" data-tab=\"2\" role=\"button\" aria-controls=\"elementor-tab-content-4502\" aria-expanded=\"false\">\n\t\t\t\t\t\t\t\t\t\t\t\t<a class=\"elementor-accordion-title\" tabindex=\"0\">Wann starteten sie mit dem Import ausl\u00e4ndischer Produkte?<\/a>\n\t\t\t\t\t<\/div>\n\t\t\t\t\t<div id=\"elementor-tab-content-4502\" class=\"elementor-tab-content elementor-clearfix\" data-tab=\"2\" role=\"region\" aria-labelledby=\"elementor-tab-title-4502\"><p>2003 kontaktierte Tradin Organic Agriculture die Tellus B.V. um eine Zusammenarbeit mit Tochterfirma Trabana B.V. Dieses Unternehmen hatte sich auf Bananen und exotische Fr\u00fcchte aus \u00f6kologischem Anbau spezialisiert. So hat es angefangen.<\/p>\n<\/div>\n\t\t\t\t<\/div>\n\t\t\t\t\t\t\t<div class=\"elementor-accordion-item\">\n\t\t\t\t\t<div id=\"elementor-tab-title-4503\" class=\"elementor-tab-title\" data-tab=\"3\" role=\"button\" aria-controls=\"elementor-tab-content-4503\" aria-expanded=\"false\">\n\t\t\t\t\t\t\t\t\t\t\t\t<a class=\"elementor-accordion-title\" tabindex=\"0\">Wann wurde der Name ge\u00e4ndert?<\/a>\n\t\t\t\t\t<\/div>\n\t\t\t\t\t<div id=\"elementor-tab-content-4503\" class=\"elementor-tab-content elementor-clearfix\" data-tab=\"3\" role=\"region\" aria-labelledby=\"elementor-tab-title-4503\"><p>Bevor wir unseren heutigen Namen bekamen, hie\u00dfen wir erst noch eine Weile Organic Trade Company Holland B.V. Die Namens\u00e4nderung erfolgte am 1. April 2004, als die Aktivit\u00e4ten von Tellus Produce B.V. und Trabana B.V. zusammengef\u00fcgt wurden.<\/p>\n<\/div>\n\t\t\t\t<\/div>\n\t\t\t\t\t\t\t<div class=\"elementor-accordion-item\">\n\t\t\t\t\t<div id=\"elementor-tab-title-4504\" class=\"elementor-tab-title\" data-tab=\"4\" role=\"button\" aria-controls=\"elementor-tab-content-4504\" aria-expanded=\"false\">\n\t\t\t\t\t\t\t\t\t\t\t\t<a class=\"elementor-accordion-title\" tabindex=\"0\">Wurde das Unternehmen damals auch ausgeweitet? <\/a>\n\t\t\t\t\t<\/div>\n\t\t\t\t\t<div id=\"elementor-tab-content-4504\" class=\"elementor-tab-content elementor-clearfix\" data-tab=\"4\" role=\"region\" aria-labelledby=\"elementor-tab-title-4504\"><p>Ja. Dank des breiten Netzwerks und den unterst\u00fctzenden Diensten von Tradin Organic Agriculture wurden in den Jahren 2005-2007 die Importaktivit\u00e4ten stark ausgeweitet. Es kam noch hinzu, dass wir ein Jahrzehnt sp\u00e4ter eine Partnerschaft mit Total Produce Nordic eingegangen sind, um Zugang zum skandinavischen Markt zu bekommen. Dadurch haben wir sowohl unser Import- als auch unser Exportgebiet immer weiter ausgebaut.<\/p>\n<\/div>\n\t\t\t\t<\/div>\n\t\t\t\t\t\t\t<div class=\"elementor-accordion-item\">\n\t\t\t\t\t<div id=\"elementor-tab-title-4505\" class=\"elementor-tab-title\" data-tab=\"5\" role=\"button\" aria-controls=\"elementor-tab-content-4505\" aria-expanded=\"false\">\n\t\t\t\t\t\t\t\t\t\t\t\t<a class=\"elementor-accordion-title\" tabindex=\"0\">Und wann bekam OTC Organics seinen heutigen Namen?<\/a>\n\t\t\t\t\t<\/div>\n\t\t\t\t\t<div id=\"elementor-tab-content-4505\" class=\"elementor-tab-content elementor-clearfix\" data-tab=\"5\" role=\"region\" aria-labelledby=\"elementor-tab-title-4505\"><p>2018 haben wir den Namen ge\u00e4ndert, sind von Lelystad nach Dronten umgezogen und haben unser Konzept \u201afrom trading to farming\u2018 gestartet. Und zwar, indem wir Erzeuger und Abnehmer direkt miteinander verbinden und beide Parteien mit unserem Wissen unterst\u00fctzen.<\/p>\n<\/div>\n\t\t\t\t<\/div>\n\t\t\t\t\t\t\t<div class=\"elementor-accordion-item\">\n\t\t\t\t\t<div id=\"elementor-tab-title-4506\" class=\"elementor-tab-title\" data-tab=\"6\" role=\"button\" aria-controls=\"elementor-tab-content-4506\" aria-expanded=\"false\">\n\t\t\t\t\t\t\t\t\t\t\t\t<a class=\"elementor-accordion-title\" tabindex=\"0\">Und jetzt arbeitet ihr mit Dole zusammen?<\/a>\n\t\t\t\t\t<\/div>\n\t\t\t\t\t<div id=\"elementor-tab-content-4506\" class=\"elementor-tab-content elementor-clearfix\" data-tab=\"6\" role=\"region\" aria-labelledby=\"elementor-tab-title-4506\"><p>2022 wurden wir 100 % Teil von Dole plc. Innerhalb der Dole-Gruppe sind wir der Spezialist f\u00fcr Produkte aus \u00f6kologischem Anbau und darauf sind wir ganz besonders stolz.<\/p>\n<\/div>\n\t\t\t\t<\/div>\n\t\t\t\t\t\t\t\t<\/div>\n\t\t\t\t\t\t<\/div>\n\t\t\t\t<\/div>\n\t\t\t\t\t<\/div>\n\t\t<\/div>\n\t\t\t\t\t<\/div>\n\t\t<\/div>\n\t\t\t\t<\/div>\n\t\t","protected":false},"excerpt":{"rendered":"<p>Historische Highlights Home FAQ Historische Highlights Wo liegt unser Ursprung und in welche Richtung bewegen wir uns? In diesem kurzen Frage-Antwort-Interview erz\u00e4hlen wir Ihnen etwas zur Geschichte von OTC Organics. Wer hat OTC Organics gegr\u00fcndet? Alles begann bei Fred Kloen und Edward Out. Sie gr\u00fcndeten das Unternehmen 2001 in Lelystad, unter dem Namen Tellus Produce<\/p>\n<div class=\"read-more\"><a href=\"https:\/\/otcorganics.com\/de\/ueber-uns\/historische-highlights\/\"><i class=\"fal fa-arrow-right\"><\/i>Lesen Sie mehr<\/a><\/div>\n","protected":false},"author":1,"featured_media":0,"parent":4603,"menu_order":0,"comment_status":"closed","ping_status":"closed","template":"","meta":{"_acf_changed":false,"footnotes":""},"class_list":["post-4609","page","type-page","status-publish","hentry"],"acf":[],"yoast_head":"<!-- This site is optimized with the Yoast SEO plugin v26.0 - https:\/\/yoast.com\/wordpress\/plugins\/seo\/ -->\n<title>Historische Highlights - OTC Organics<\/title>\n<meta name=\"robots\" content=\"index, follow, max-snippet:-1, max-image-preview:large, max-video-preview:-1\" \/>\n<link rel=\"canonical\" href=\"https:\/\/otcorganics.com\/de\/ueber-uns\/historische-highlights\/\" \/>\n<meta property=\"og:locale\" content=\"de_DE\" \/>\n<meta property=\"og:type\" content=\"article\" \/>\n<meta property=\"og:title\" content=\"Historische Highlights - OTC Organics\" \/>\n<meta property=\"og:description\" content=\"Historische Highlights Home FAQ Historische Highlights Wo liegt unser Ursprung und in welche Richtung bewegen wir uns? In diesem kurzen Frage-Antwort-Interview erz\u00e4hlen wir Ihnen etwas zur Geschichte von OTC Organics. Wer hat OTC Organics gegr\u00fcndet? Alles begann bei Fred Kloen und Edward Out. Sie gr\u00fcndeten das Unternehmen 2001 in Lelystad, unter dem Namen Tellus ProduceLesen Sie mehr\" \/>\n<meta property=\"og:url\" content=\"https:\/\/otcorganics.com\/de\/ueber-uns\/historische-highlights\/\" \/>\n<meta property=\"og:site_name\" content=\"OTC Organics\" \/>\n<meta property=\"article:modified_time\" content=\"2023-05-16T13:47:10+00:00\" \/>\n<meta name=\"twitter:card\" content=\"summary_large_image\" \/>\n<meta name=\"twitter:label1\" content=\"Gesch\u00e4tzte Lesezeit\" \/>\n\t<meta name=\"twitter:data1\" content=\"2\u00a0Minuten\" \/>\n<!-- \/ Yoast SEO plugin. -->","yoast_head_json":{"title":"Historische Highlights - OTC Organics","robots":{"index":"index","follow":"follow","max-snippet":"max-snippet:-1","max-image-preview":"max-image-preview:large","max-video-preview":"max-video-preview:-1"},"canonical":"https:\/\/otcorganics.com\/de\/ueber-uns\/historische-highlights\/","og_locale":"de_DE","og_type":"article","og_title":"Historische Highlights - OTC Organics","og_description":"Historische Highlights Home FAQ Historische Highlights Wo liegt unser Ursprung und in welche Richtung bewegen wir uns? In diesem kurzen Frage-Antwort-Interview erz\u00e4hlen wir Ihnen etwas zur Geschichte von OTC Organics. Wer hat OTC Organics gegr\u00fcndet? Alles begann bei Fred Kloen und Edward Out. Sie gr\u00fcndeten das Unternehmen 2001 in Lelystad, unter dem Namen Tellus ProduceLesen Sie mehr","og_url":"https:\/\/otcorganics.com\/de\/ueber-uns\/historische-highlights\/","og_site_name":"OTC Organics","article_modified_time":"2023-05-16T13:47:10+00:00","twitter_card":"summary_large_image","twitter_misc":{"Gesch\u00e4tzte Lesezeit":"2\u00a0Minuten"},"schema":{"@context":"https:\/\/schema.org","@graph":[{"@type":"WebPage","@id":"https:\/\/otcorganics.com\/de\/ueber-uns\/historische-highlights\/","url":"https:\/\/otcorganics.com\/de\/ueber-uns\/historische-highlights\/","name":"Historische Highlights - OTC Organics","isPartOf":{"@id":"https:\/\/otcorganics.com\/de\/#website"},"datePublished":"2023-02-07T14:27:00+00:00","dateModified":"2023-05-16T13:47:10+00:00","breadcrumb":{"@id":"https:\/\/otcorganics.com\/de\/ueber-uns\/historische-highlights\/#breadcrumb"},"inLanguage":"de","potentialAction":[{"@type":"ReadAction","target":["https:\/\/otcorganics.com\/de\/ueber-uns\/historische-highlights\/"]}]},{"@type":"BreadcrumbList","@id":"https:\/\/otcorganics.com\/de\/ueber-uns\/historische-highlights\/#breadcrumb","itemListElement":[{"@type":"ListItem","position":1,"name":"Home","item":"https:\/\/otcorganics.com\/de\/"},{"@type":"ListItem","position":2,"name":"\u00dcber uns","item":"https:\/\/otcorganics.com\/de\/over-ons\/"},{"@type":"ListItem","position":3,"name":"Historische Highlights"}]},{"@type":"WebSite","@id":"https:\/\/otcorganics.com\/de\/#website","url":"https:\/\/otcorganics.com\/de\/","name":"OTC Organics","description":"","potentialAction":[{"@type":"SearchAction","target":{"@type":"EntryPoint","urlTemplate":"https:\/\/otcorganics.com\/de\/?s={search_term_string}"},"query-input":{"@type":"PropertyValueSpecification","valueRequired":true,"valueName":"search_term_string"}}],"inLanguage":"de"}]}},"_links":{"self":[{"href":"https:\/\/otcorganics.com\/de\/wp-json\/wp\/v2\/pages\/4609","targetHints":{"allow":["GET"]}}],"collection":[{"href":"https:\/\/otcorganics.com\/de\/wp-json\/wp\/v2\/pages"}],"about":[{"href":"https:\/\/otcorganics.com\/de\/wp-json\/wp\/v2\/types\/page"}],"author":[{"embeddable":true,"href":"https:\/\/otcorganics.com\/de\/wp-json\/wp\/v2\/users\/1"}],"replies":[{"embeddable":true,"href":"https:\/\/otcorganics.com\/de\/wp-json\/wp\/v2\/comments?post=4609"}],"version-history":[{"count":9,"href":"https:\/\/otcorganics.com\/de\/wp-json\/wp\/v2\/pages\/4609\/revisions"}],"predecessor-version":[{"id":5970,"href":"https:\/\/otcorganics.com\/de\/wp-json\/wp\/v2\/pages\/4609\/revisions\/5970"}],"up":[{"embeddable":true,"href":"https:\/\/otcorganics.com\/de\/wp-json\/wp\/v2\/pages\/4603"}],"wp:attachment":[{"href":"https:\/\/otcorganics.com\/de\/wp-json\/wp\/v2\/media?parent=4609"}],"curies":[{"name":"wp","href":"https:\/\/api.w.org\/{rel}","templated":true}]}}