{"id":4611,"date":"2023-02-07T14:21:00","date_gmt":"2023-02-07T14:21:00","guid":{"rendered":"https:\/\/otcorganics.com\/ueber-uns\/mitgliedschaften\/"},"modified":"2023-05-24T12:08:45","modified_gmt":"2023-05-24T12:08:45","slug":"mitgliedschaften","status":"publish","type":"page","link":"https:\/\/otcorganics.com\/de\/ueber-uns\/mitgliedschaften\/","title":{"rendered":"Mitgliedschaften"},"content":{"rendered":"\t\t<div data-elementor-type=\"wp-page\" data-elementor-id=\"4611\" class=\"elementor elementor-4611 elementor-1981\" data-elementor-post-type=\"page\">\n\t\t\t\t\t\t<section class=\"elementor-section elementor-top-section elementor-element elementor-element-bb3165d elementor-section-boxed elementor-section-height-default elementor-section-height-default\" data-id=\"bb3165d\" data-element_type=\"section\">\n\t\t\t\t\t\t<div class=\"elementor-container elementor-column-gap-no\">\n\t\t\t\t\t<div class=\"elementor-column elementor-col-100 elementor-top-column elementor-element elementor-element-6bcc4bc\" data-id=\"6bcc4bc\" data-element_type=\"column\">\n\t\t\t<div class=\"elementor-widget-wrap elementor-element-populated\">\n\t\t\t\t\t\t<section class=\"elementor-section elementor-inner-section elementor-element elementor-element-6010ed6 elementor-section-boxed elementor-section-height-default elementor-section-height-default\" data-id=\"6010ed6\" data-element_type=\"section\">\n\t\t\t\t\t\t<div class=\"elementor-container elementor-column-gap-no\">\n\t\t\t\t\t<div class=\"elementor-column elementor-col-33 elementor-inner-column elementor-element elementor-element-5ed536a\" data-id=\"5ed536a\" data-element_type=\"column\">\n\t\t\t<div class=\"elementor-widget-wrap\">\n\t\t\t\t\t\t\t<\/div>\n\t\t<\/div>\n\t\t\t\t<div class=\"elementor-column elementor-col-33 elementor-inner-column elementor-element elementor-element-d63a41b\" data-id=\"d63a41b\" data-element_type=\"column\">\n\t\t\t<div class=\"elementor-widget-wrap elementor-element-populated\">\n\t\t\t\t\t\t<div class=\"elementor-element elementor-element-649399b elementor-widget elementor-widget-sosso-custom-title\" data-id=\"649399b\" data-element_type=\"widget\" data-widget_type=\"sosso-custom-title.default\">\n\t\t\t\t<div class=\"elementor-widget-container\">\n\t\t\t\t\t<div class=\"section-title text-center\"><span>Mitgliedschaften<\/span><h3 class=\"title\">Zusammenarbeit mit Branchenverb\u00e4nden<\/h3><\/div>\t\t\t\t<\/div>\n\t\t\t\t<\/div>\n\t\t\t\t\t<\/div>\n\t\t<\/div>\n\t\t\t\t<div class=\"elementor-column elementor-col-33 elementor-inner-column elementor-element elementor-element-a3e412e\" data-id=\"a3e412e\" data-element_type=\"column\">\n\t\t\t<div class=\"elementor-widget-wrap\">\n\t\t\t\t\t\t\t<\/div>\n\t\t<\/div>\n\t\t\t\t\t<\/div>\n\t\t<\/section>\n\t\t\t\t<section class=\"elementor-section elementor-inner-section elementor-element elementor-element-4600444 elementor-section-boxed elementor-section-height-default elementor-section-height-default\" data-id=\"4600444\" data-element_type=\"section\">\n\t\t\t\t\t\t<div class=\"elementor-container elementor-column-gap-default\">\n\t\t\t\t\t<div class=\"elementor-column elementor-col-33 elementor-inner-column elementor-element elementor-element-2ebd25a\" data-id=\"2ebd25a\" data-element_type=\"column\">\n\t\t\t<div class=\"elementor-widget-wrap\">\n\t\t\t\t\t\t\t<\/div>\n\t\t<\/div>\n\t\t\t\t<div class=\"elementor-column elementor-col-33 elementor-inner-column elementor-element elementor-element-a3ef8f7\" data-id=\"a3ef8f7\" data-element_type=\"column\">\n\t\t\t<div class=\"elementor-widget-wrap elementor-element-populated\">\n\t\t\t\t\t\t<div class=\"elementor-element elementor-element-a31c371 elementor-widget elementor-widget-text-editor\" data-id=\"a31c371\" data-element_type=\"widget\" data-widget_type=\"text-editor.default\">\n\t\t\t\t<div class=\"elementor-widget-container\">\n\t\t\t\t\t\t\t\t\t<p>Bei OTC Organics sind wir davon \u00fcberzeugt, dass wir gemeinsam st\u00e4rker sind. Darum arbeiten wir nicht nur intensiv mit unseren Kunden und (strategischen) Partnern zusammen, sondern sind auch Mitglied mehrerer wichtiger Wissensverb\u00e4nde und Interessenvertreter in unserer Branche.<\/p>\n\t\t\t\t\t\t\t\t<\/div>\n\t\t\t\t<\/div>\n\t\t\t\t\t<\/div>\n\t\t<\/div>\n\t\t\t\t<div class=\"elementor-column elementor-col-33 elementor-inner-column elementor-element elementor-element-7298368\" data-id=\"7298368\" data-element_type=\"column\">\n\t\t\t<div class=\"elementor-widget-wrap\">\n\t\t\t\t\t\t\t<\/div>\n\t\t<\/div>\n\t\t\t\t\t<\/div>\n\t\t<\/section>\n\t\t\t\t<section class=\"elementor-section elementor-inner-section elementor-element elementor-element-3ac0d71 elementor-section-boxed elementor-section-height-default elementor-section-height-default\" data-id=\"3ac0d71\" data-element_type=\"section\">\n\t\t\t\t\t\t<div class=\"elementor-container elementor-column-gap-default\">\n\t\t\t\t\t<div class=\"elementor-column elementor-col-100 elementor-inner-column elementor-element elementor-element-adaf11e\" data-id=\"adaf11e\" data-element_type=\"column\">\n\t\t\t<div class=\"elementor-widget-wrap elementor-element-populated\">\n\t\t\t\t\t\t<div class=\"elementor-element elementor-element-66e20d7 elementor-posts--thumbnail-top elementor-grid-3 elementor-grid-tablet-2 elementor-grid-mobile-1 elementor-widget elementor-widget-posts\" data-id=\"66e20d7\" data-element_type=\"widget\" data-settings=\"{&quot;custom_columns&quot;:&quot;3&quot;,&quot;custom_columns_tablet&quot;:&quot;2&quot;,&quot;custom_columns_mobile&quot;:&quot;1&quot;,&quot;custom_row_gap&quot;:{&quot;unit&quot;:&quot;px&quot;,&quot;size&quot;:35,&quot;sizes&quot;:[]},&quot;custom_row_gap_tablet&quot;:{&quot;unit&quot;:&quot;px&quot;,&quot;size&quot;:&quot;&quot;,&quot;sizes&quot;:[]},&quot;custom_row_gap_mobile&quot;:{&quot;unit&quot;:&quot;px&quot;,&quot;size&quot;:&quot;&quot;,&quot;sizes&quot;:[]}}\" data-widget_type=\"posts.custom\">\n\t\t\t\t<div class=\"elementor-widget-container\">\n\t\t\t\t\t      <div class=\"ecs-posts elementor-posts-container elementor-posts   elementor-grid elementor-posts--skin-custom\" data-settings=\"{&quot;current_page&quot;:1,&quot;max_num_pages&quot;:0,&quot;load_method&quot;:&quot;&quot;,&quot;widget_id&quot;:&quot;66e20d7&quot;,&quot;post_id&quot;:4611,&quot;theme_id&quot;:4611,&quot;change_url&quot;:false,&quot;reinit_js&quot;:false}\">\n      <div class=\"elementor-posts-nothing-found\"><\/div>\t\t<\/div>\n\t\t\t\t\t\t<\/div>\n\t\t\t\t<\/div>\n\t\t\t\t\t<\/div>\n\t\t<\/div>\n\t\t\t\t\t<\/div>\n\t\t<\/section>\n\t\t\t\t\t<\/div>\n\t\t<\/div>\n\t\t\t\t\t<\/div>\n\t\t<\/section>\n\t\t\t\t<\/div>\n\t\t","protected":false},"excerpt":{"rendered":"<p>Mitgliedschaften Zusammenarbeit mit Branchenverb\u00e4nden Bei OTC Organics sind wir davon \u00fcberzeugt, dass wir gemeinsam st\u00e4rker sind. Darum arbeiten wir nicht nur intensiv mit unseren Kunden und (strategischen) Partnern zusammen, sondern sind auch Mitglied mehrerer wichtiger Wissensverb\u00e4nde und Interessenvertreter in unserer Branche.<\/p>\n","protected":false},"author":1,"featured_media":0,"parent":4603,"menu_order":0,"comment_status":"closed","ping_status":"closed","template":"","meta":{"_acf_changed":false,"footnotes":""},"class_list":["post-4611","page","type-page","status-publish","hentry"],"acf":[],"yoast_head":"<!-- This site is optimized with the Yoast SEO plugin v26.0 - https:\/\/yoast.com\/wordpress\/plugins\/seo\/ -->\n<title>Mitgliedschaften - OTC Organics<\/title>\n<meta name=\"robots\" content=\"index, follow, max-snippet:-1, max-image-preview:large, max-video-preview:-1\" \/>\n<link rel=\"canonical\" href=\"https:\/\/otcorganics.com\/de\/ueber-uns\/mitgliedschaften\/\" \/>\n<meta property=\"og:locale\" content=\"de_DE\" \/>\n<meta property=\"og:type\" content=\"article\" \/>\n<meta property=\"og:title\" content=\"Mitgliedschaften - OTC Organics\" \/>\n<meta property=\"og:description\" content=\"Mitgliedschaften Zusammenarbeit mit Branchenverb\u00e4nden Bei OTC Organics sind wir davon \u00fcberzeugt, dass wir gemeinsam st\u00e4rker sind. Darum arbeiten wir nicht nur intensiv mit unseren Kunden und (strategischen) Partnern zusammen, sondern sind auch Mitglied mehrerer wichtiger Wissensverb\u00e4nde und Interessenvertreter in unserer Branche.\" \/>\n<meta property=\"og:url\" content=\"https:\/\/otcorganics.com\/de\/ueber-uns\/mitgliedschaften\/\" \/>\n<meta property=\"og:site_name\" content=\"OTC Organics\" \/>\n<meta property=\"article:modified_time\" content=\"2023-05-24T12:08:45+00:00\" \/>\n<meta name=\"twitter:card\" content=\"summary_large_image\" \/>\n<!-- \/ Yoast SEO plugin. -->","yoast_head_json":{"title":"Mitgliedschaften - OTC Organics","robots":{"index":"index","follow":"follow","max-snippet":"max-snippet:-1","max-image-preview":"max-image-preview:large","max-video-preview":"max-video-preview:-1"},"canonical":"https:\/\/otcorganics.com\/de\/ueber-uns\/mitgliedschaften\/","og_locale":"de_DE","og_type":"article","og_title":"Mitgliedschaften - OTC Organics","og_description":"Mitgliedschaften Zusammenarbeit mit Branchenverb\u00e4nden Bei OTC Organics sind wir davon \u00fcberzeugt, dass wir gemeinsam st\u00e4rker sind. Darum arbeiten wir nicht nur intensiv mit unseren Kunden und (strategischen) Partnern zusammen, sondern sind auch Mitglied mehrerer wichtiger Wissensverb\u00e4nde und Interessenvertreter in unserer Branche.","og_url":"https:\/\/otcorganics.com\/de\/ueber-uns\/mitgliedschaften\/","og_site_name":"OTC Organics","article_modified_time":"2023-05-24T12:08:45+00:00","twitter_card":"summary_large_image","schema":{"@context":"https:\/\/schema.org","@graph":[{"@type":"WebPage","@id":"https:\/\/otcorganics.com\/de\/ueber-uns\/mitgliedschaften\/","url":"https:\/\/otcorganics.com\/de\/ueber-uns\/mitgliedschaften\/","name":"Mitgliedschaften - OTC Organics","isPartOf":{"@id":"https:\/\/otcorganics.com\/de\/#website"},"datePublished":"2023-02-07T14:21:00+00:00","dateModified":"2023-05-24T12:08:45+00:00","breadcrumb":{"@id":"https:\/\/otcorganics.com\/de\/ueber-uns\/mitgliedschaften\/#breadcrumb"},"inLanguage":"de","potentialAction":[{"@type":"ReadAction","target":["https:\/\/otcorganics.com\/de\/ueber-uns\/mitgliedschaften\/"]}]},{"@type":"BreadcrumbList","@id":"https:\/\/otcorganics.com\/de\/ueber-uns\/mitgliedschaften\/#breadcrumb","itemListElement":[{"@type":"ListItem","position":1,"name":"Home","item":"https:\/\/otcorganics.com\/de\/"},{"@type":"ListItem","position":2,"name":"\u00dcber uns","item":"https:\/\/otcorganics.com\/de\/over-ons\/"},{"@type":"ListItem","position":3,"name":"Mitgliedschaften"}]},{"@type":"WebSite","@id":"https:\/\/otcorganics.com\/de\/#website","url":"https:\/\/otcorganics.com\/de\/","name":"OTC Organics","description":"","potentialAction":[{"@type":"SearchAction","target":{"@type":"EntryPoint","urlTemplate":"https:\/\/otcorganics.com\/de\/?s={search_term_string}"},"query-input":{"@type":"PropertyValueSpecification","valueRequired":true,"valueName":"search_term_string"}}],"inLanguage":"de"}]}},"_links":{"self":[{"href":"https:\/\/otcorganics.com\/de\/wp-json\/wp\/v2\/pages\/4611","targetHints":{"allow":["GET"]}}],"collection":[{"href":"https:\/\/otcorganics.com\/de\/wp-json\/wp\/v2\/pages"}],"about":[{"href":"https:\/\/otcorganics.com\/de\/wp-json\/wp\/v2\/types\/page"}],"author":[{"embeddable":true,"href":"https:\/\/otcorganics.com\/de\/wp-json\/wp\/v2\/users\/1"}],"replies":[{"embeddable":true,"href":"https:\/\/otcorganics.com\/de\/wp-json\/wp\/v2\/comments?post=4611"}],"version-history":[{"count":4,"href":"https:\/\/otcorganics.com\/de\/wp-json\/wp\/v2\/pages\/4611\/revisions"}],"predecessor-version":[{"id":4791,"href":"https:\/\/otcorganics.com\/de\/wp-json\/wp\/v2\/pages\/4611\/revisions\/4791"}],"up":[{"embeddable":true,"href":"https:\/\/otcorganics.com\/de\/wp-json\/wp\/v2\/pages\/4603"}],"wp:attachment":[{"href":"https:\/\/otcorganics.com\/de\/wp-json\/wp\/v2\/media?parent=4611"}],"curies":[{"name":"wp","href":"https:\/\/api.w.org\/{rel}","templated":true}]}}