{"id":4619,"date":"2023-02-07T15:02:25","date_gmt":"2023-02-07T15:02:25","guid":{"rendered":"https:\/\/otcorganics.com\/bei-otc-organics-arbeiten\/"},"modified":"2023-07-19T12:11:04","modified_gmt":"2023-07-19T12:11:04","slug":"bei-otc-organics-arbeiten","status":"publish","type":"page","link":"https:\/\/otcorganics.com\/de\/bei-otc-organics-arbeiten\/","title":{"rendered":"Arbeiten bei OTC"},"content":{"rendered":"\t\t<div data-elementor-type=\"wp-page\" data-elementor-id=\"4619\" class=\"elementor elementor-4619 elementor-2042\" data-elementor-post-type=\"page\">\n\t\t\t\t\t\t<section class=\"elementor-section elementor-top-section elementor-element elementor-element-d5c2eec elementor-section-content-middle elementor-section-boxed elementor-section-height-default elementor-section-height-default\" data-id=\"d5c2eec\" data-element_type=\"section\">\n\t\t\t\t\t\t<div class=\"elementor-container elementor-column-gap-default\">\n\t\t\t\t\t<div class=\"elementor-column elementor-col-50 elementor-top-column elementor-element elementor-element-078a1cf\" data-id=\"078a1cf\" data-element_type=\"column\">\n\t\t\t<div class=\"elementor-widget-wrap elementor-element-populated\">\n\t\t\t\t\t\t<div class=\"elementor-element elementor-element-7b11eb6 elementor-widget elementor-widget-sosso-single-image\" data-id=\"7b11eb6\" data-element_type=\"widget\" data-widget_type=\"sosso-single-image.default\">\n\t\t\t\t<div class=\"elementor-widget-container\">\n\t\t\t\t\t<div class=\"klb-single-image about-info-thumb ml-30 mr-30\"><img decoding=\"async\" src=\"https:\/\/otcorganics.com\/wp-content\/uploads\/2023\/05\/Ontwerp-zonder-titel.png\" alt=\"about\"><\/div>\t\t\t\t<\/div>\n\t\t\t\t<\/div>\n\t\t\t\t\t<\/div>\n\t\t<\/div>\n\t\t\t\t<div class=\"elementor-column elementor-col-50 elementor-top-column elementor-element elementor-element-dc4b616\" data-id=\"dc4b616\" data-element_type=\"column\">\n\t\t\t<div class=\"elementor-widget-wrap elementor-element-populated\">\n\t\t\t\t\t\t<div class=\"elementor-element elementor-element-3bad455 elementor-widget elementor-widget-sosso-custom-title\" data-id=\"3bad455\" data-element_type=\"widget\" data-widget_type=\"sosso-custom-title.default\">\n\t\t\t\t<div class=\"elementor-widget-container\">\n\t\t\t\t\t<div class=\"klb-custom-title\"><span>Arbeiten bei OTC Organics<\/span><h3 class=\"title\">Wir leisten einen Beitrag f\u00fcr eine bessere Welt. Helfen Sie uns dabei?<\/h3><\/div>\t\t\t\t<\/div>\n\t\t\t\t<\/div>\n\t\t\t\t<div class=\"elementor-element elementor-element-1994d23 elementor-widget elementor-widget-text-editor\" data-id=\"1994d23\" data-element_type=\"widget\" data-widget_type=\"text-editor.default\">\n\t\t\t\t<div class=\"elementor-widget-container\">\n\t\t\t\t\t\t\t\t\t<p>Mit ca. 40 Mitarbeitern in Dronten und Poeldijk setzen wir uns tagt\u00e4glich f\u00fcr unseren gemeinsamen Auftrag ein: eine bessere Welt durch Obst und Gem\u00fcse aus \u00f6kologischem Anbau. Hierarchie? Das ist nicht echt unser Ding. In unserer buntgemischten Kollegengruppe herrscht eine informelle Atmosph\u00e4re. Von jungen Menschen, die bei uns starten bis hin zu Mitarbeitern, die bereits seit der Gr\u00fcndung bei OTC Organics arbeiten. Wir sind engagiert und leidenschaftlich und unser gemeinsames Ziel ist es, OTC Organics weiterzuentwickeln.<\/p>\n<p>&nbsp;<\/p>\n<p>So transparent wie unser gl\u00e4sernes B\u00fcro ist auch unsere Unternehmenskultur. Wir sind engagiert, arbeiten mit Leidenschaft und vollem Einsatz. Man nimmt sich jedoch auch die Zeit f\u00fcr ein Gespr\u00e4ch an der Kaffeemaschine. Oder f\u00fcr eine gelegentliche Kicker-Runde.<\/p>\n<p>&nbsp;<\/p>\n<p>Haben Sie Lust, unserem Team beizutreten? Reservieren Sie dann schon mal das erste Oktoberwochenende in Ihrem Kalender, denn dann machen wir einen gemeinsamen St\u00e4dtetrip. Des Weiteren sorgt unser Mitarbeiterverband jeden Mittag f\u00fcr ein ausf\u00fchrliches gemeinsames Mittagessen und es werden regelm\u00e4\u00dfig Aktivit\u00e4ten organisiert, wie z.B. ein Kneipenquiz, ein Grillabend und weitere Feiern, denn die Arbeit muss nat\u00fcrlich auch Spa\u00df machen.<\/p>\n\t\t\t\t\t\t\t\t<\/div>\n\t\t\t\t<\/div>\n\t\t\t\t<div class=\"elementor-element elementor-element-d88e652 elementor-widget elementor-widget-button\" data-id=\"d88e652\" data-element_type=\"widget\" data-widget_type=\"button.default\">\n\t\t\t\t<div class=\"elementor-widget-container\">\n\t\t\t\t\t\t\t\t\t<div class=\"elementor-button-wrapper\">\n\t\t\t\t\t<a class=\"elementor-button elementor-button-link elementor-size-sm\" href=\"https:\/\/otcorganics.com\/de\/bei-otc-organics-arbeiten\/stellenangebote\/\">\n\t\t\t\t\t\t<span class=\"elementor-button-content-wrapper\">\n\t\t\t\t\t\t<span class=\"elementor-button-icon\">\n\t\t\t\t<i aria-hidden=\"true\" class=\"fas fa-plus\"><\/i>\t\t\t<\/span>\n\t\t\t\t\t\t\t\t\t<span class=\"elementor-button-text\">Stellenangebote<\/span>\n\t\t\t\t\t<\/span>\n\t\t\t\t\t<\/a>\n\t\t\t\t<\/div>\n\t\t\t\t\t\t\t\t<\/div>\n\t\t\t\t<\/div>\n\t\t\t\t\t<\/div>\n\t\t<\/div>\n\t\t\t\t\t<\/div>\n\t\t<\/section>\n\t\t\t\t<section class=\"elementor-section elementor-top-section elementor-element elementor-element-992f882 elementor-section-boxed elementor-section-height-default elementor-section-height-default\" data-id=\"992f882\" data-element_type=\"section\">\n\t\t\t\t\t\t<div class=\"elementor-container elementor-column-gap-default\">\n\t\t\t\t\t<div class=\"elementor-column elementor-col-100 elementor-top-column elementor-element elementor-element-f500125\" data-id=\"f500125\" data-element_type=\"column\">\n\t\t\t<div class=\"elementor-widget-wrap elementor-element-populated\">\n\t\t\t\t\t\t<div class=\"elementor-element elementor-element-1888230 elementor-widget elementor-widget-gallery\" data-id=\"1888230\" data-element_type=\"widget\" data-settings=\"{&quot;aspect_ratio&quot;:&quot;1:1&quot;,&quot;lazyload&quot;:&quot;yes&quot;,&quot;gallery_layout&quot;:&quot;grid&quot;,&quot;columns&quot;:4,&quot;columns_tablet&quot;:2,&quot;columns_mobile&quot;:1,&quot;gap&quot;:{&quot;unit&quot;:&quot;px&quot;,&quot;size&quot;:10,&quot;sizes&quot;:[]},&quot;gap_tablet&quot;:{&quot;unit&quot;:&quot;px&quot;,&quot;size&quot;:10,&quot;sizes&quot;:[]},&quot;gap_mobile&quot;:{&quot;unit&quot;:&quot;px&quot;,&quot;size&quot;:10,&quot;sizes&quot;:[]},&quot;link_to&quot;:&quot;file&quot;,&quot;content_hover_animation&quot;:&quot;fade-in&quot;}\" data-widget_type=\"gallery.default\">\n\t\t\t\t<div class=\"elementor-widget-container\">\n\t\t\t\t\t\t\t\t<div class=\"elementor-gallery__titles-container e--pointer-underline e--animation-fade\" aria-label=\"Galeriefilter\">\n\t\t\t\t\n\t\t\t\t\t\t\t\t\t<a class=\"elementor-item elementor-gallery-title\" role=\"button\" tabindex=\"0\" data-gallery-index=\"0\">\n\t\t\t\t\t\t\t\t\t\t\t<\/a>\n\t\t\t\t\t\t\t\t<\/div>\n\t\t\t\t\t<div class=\"elementor-gallery__container\">\n\t\t\t\t\t\t\t<a class=\"e-gallery-item elementor-gallery-item elementor-animated-content\" data-e-gallery-tags=\"0\" href=\"https:\/\/otcorganics.com\/wp-content\/uploads\/2023\/05\/Ontwerp-zonder-titel.jpg\" data-elementor-open-lightbox=\"yes\" data-elementor-lightbox-slideshow=\"1888230\" data-elementor-lightbox-title=\"01-werken bij otc\" data-e-action-hash=\"#elementor-action%3Aaction%3Dlightbox%26settings%3DeyJpZCI6NTA5MywidXJsIjoiaHR0cHM6XC9cL290Y29yZ2FuaWNzLmNvbVwvd3AtY29udGVudFwvdXBsb2Fkc1wvMjAyM1wvMDVcL09udHdlcnAtem9uZGVyLXRpdGVsLmpwZyIsInNsaWRlc2hvdyI6IjE4ODgyMzAifQ%3D%3D\">\n\t\t\t\t\t<div class=\"e-gallery-image elementor-gallery-item__image\" data-thumbnail=\"https:\/\/otcorganics.com\/wp-content\/uploads\/2023\/05\/Ontwerp-zonder-titel-300x300.jpg\" data-width=\"300\" data-height=\"300\" aria-label=\"\" role=\"img\" ><\/div>\n\t\t\t\t\t\t\t\t\t\t\t\t\t\t<\/a>\n\t\t\t\t\t\t\t<a class=\"e-gallery-item elementor-gallery-item elementor-animated-content\" data-e-gallery-tags=\"0\" href=\"https:\/\/otcorganics.com\/wp-content\/uploads\/2023\/07\/werken-bij-otc-3.png\" data-elementor-open-lightbox=\"yes\" data-elementor-lightbox-slideshow=\"1888230\" data-elementor-lightbox-title=\"02-werken bij otc\" data-e-action-hash=\"#elementor-action%3Aaction%3Dlightbox%26settings%3DeyJpZCI6NjU5NCwidXJsIjoiaHR0cHM6XC9cL290Y29yZ2FuaWNzLmNvbVwvd3AtY29udGVudFwvdXBsb2Fkc1wvMjAyM1wvMDdcL3dlcmtlbi1iaWotb3RjLTMucG5nIiwic2xpZGVzaG93IjoiMTg4ODIzMCJ9\">\n\t\t\t\t\t<div class=\"e-gallery-image elementor-gallery-item__image\" data-thumbnail=\"https:\/\/otcorganics.com\/wp-content\/uploads\/2023\/07\/werken-bij-otc-3-300x300.png\" data-width=\"300\" data-height=\"300\" aria-label=\"\" role=\"img\" ><\/div>\n\t\t\t\t\t\t\t\t\t\t\t\t\t\t<\/a>\n\t\t\t\t\t\t\t<a class=\"e-gallery-item elementor-gallery-item elementor-animated-content\" data-e-gallery-tags=\"0\" href=\"https:\/\/otcorganics.com\/wp-content\/uploads\/2023\/05\/Ontwerp-zonder-titel-2.jpg\" data-elementor-open-lightbox=\"yes\" data-elementor-lightbox-slideshow=\"1888230\" data-elementor-lightbox-title=\"03-werken bij otc\" data-e-action-hash=\"#elementor-action%3Aaction%3Dlightbox%26settings%3DeyJpZCI6NTEwMywidXJsIjoiaHR0cHM6XC9cL290Y29yZ2FuaWNzLmNvbVwvd3AtY29udGVudFwvdXBsb2Fkc1wvMjAyM1wvMDVcL09udHdlcnAtem9uZGVyLXRpdGVsLTIuanBnIiwic2xpZGVzaG93IjoiMTg4ODIzMCJ9\">\n\t\t\t\t\t<div class=\"e-gallery-image elementor-gallery-item__image\" data-thumbnail=\"https:\/\/otcorganics.com\/wp-content\/uploads\/2023\/05\/Ontwerp-zonder-titel-2-300x300.jpg\" data-width=\"300\" data-height=\"300\" aria-label=\"\" role=\"img\" ><\/div>\n\t\t\t\t\t\t\t\t\t\t\t\t\t\t<\/a>\n\t\t\t\t\t\t\t<a class=\"e-gallery-item elementor-gallery-item elementor-animated-content\" data-e-gallery-tags=\"0\" href=\"https:\/\/otcorganics.com\/wp-content\/uploads\/2023\/05\/Ontwerp-zonder-titel-1.jpg\" data-elementor-open-lightbox=\"yes\" data-elementor-lightbox-slideshow=\"1888230\" data-elementor-lightbox-title=\"04-werken bij otc\" data-e-action-hash=\"#elementor-action%3Aaction%3Dlightbox%26settings%3DeyJpZCI6NTA5OCwidXJsIjoiaHR0cHM6XC9cL290Y29yZ2FuaWNzLmNvbVwvd3AtY29udGVudFwvdXBsb2Fkc1wvMjAyM1wvMDVcL09udHdlcnAtem9uZGVyLXRpdGVsLTEuanBnIiwic2xpZGVzaG93IjoiMTg4ODIzMCJ9\">\n\t\t\t\t\t<div class=\"e-gallery-image elementor-gallery-item__image\" data-thumbnail=\"https:\/\/otcorganics.com\/wp-content\/uploads\/2023\/05\/Ontwerp-zonder-titel-1-300x300.jpg\" data-width=\"300\" data-height=\"300\" aria-label=\"\" role=\"img\" ><\/div>\n\t\t\t\t\t\t\t\t\t\t\t\t\t\t<\/a>\n\t\t\t\t\t\t\t<a class=\"e-gallery-item elementor-gallery-item elementor-animated-content\" data-e-gallery-tags=\"0\" href=\"https:\/\/otcorganics.com\/wp-content\/uploads\/2023\/05\/werken-bij-otc.jpg\" data-elementor-open-lightbox=\"yes\" data-elementor-lightbox-slideshow=\"1888230\" data-elementor-lightbox-title=\"05-werken bij otc\" data-e-action-hash=\"#elementor-action%3Aaction%3Dlightbox%26settings%3DeyJpZCI6NTEwOCwidXJsIjoiaHR0cHM6XC9cL290Y29yZ2FuaWNzLmNvbVwvd3AtY29udGVudFwvdXBsb2Fkc1wvMjAyM1wvMDVcL3dlcmtlbi1iaWotb3RjLmpwZyIsInNsaWRlc2hvdyI6IjE4ODgyMzAifQ%3D%3D\">\n\t\t\t\t\t<div class=\"e-gallery-image elementor-gallery-item__image\" data-thumbnail=\"https:\/\/otcorganics.com\/wp-content\/uploads\/2023\/05\/werken-bij-otc-300x300.jpg\" data-width=\"300\" data-height=\"300\" aria-label=\"\" role=\"img\" ><\/div>\n\t\t\t\t\t\t\t\t\t\t\t\t\t\t<\/a>\n\t\t\t\t\t\t\t<a class=\"e-gallery-item elementor-gallery-item elementor-animated-content\" data-e-gallery-tags=\"0\" href=\"https:\/\/otcorganics.com\/wp-content\/uploads\/2023\/07\/werken-bij-otc.png\" data-elementor-open-lightbox=\"yes\" data-elementor-lightbox-slideshow=\"1888230\" data-elementor-lightbox-title=\"06-werken bij otc\" data-e-action-hash=\"#elementor-action%3Aaction%3Dlightbox%26settings%3DeyJpZCI6NjU1OCwidXJsIjoiaHR0cHM6XC9cL290Y29yZ2FuaWNzLmNvbVwvd3AtY29udGVudFwvdXBsb2Fkc1wvMjAyM1wvMDdcL3dlcmtlbi1iaWotb3RjLnBuZyIsInNsaWRlc2hvdyI6IjE4ODgyMzAifQ%3D%3D\">\n\t\t\t\t\t<div class=\"e-gallery-image elementor-gallery-item__image\" data-thumbnail=\"https:\/\/otcorganics.com\/wp-content\/uploads\/2023\/07\/werken-bij-otc-300x300.png\" data-width=\"300\" data-height=\"300\" aria-label=\"\" role=\"img\" ><\/div>\n\t\t\t\t\t\t\t\t\t\t\t\t\t\t<\/a>\n\t\t\t\t\t\t\t<a class=\"e-gallery-item elementor-gallery-item elementor-animated-content\" data-e-gallery-tags=\"0\" href=\"https:\/\/otcorganics.com\/wp-content\/uploads\/2023\/07\/werken-bij-otc-1.png\" data-elementor-open-lightbox=\"yes\" data-elementor-lightbox-slideshow=\"1888230\" data-elementor-lightbox-title=\"07-werken bij otc\" data-e-action-hash=\"#elementor-action%3Aaction%3Dlightbox%26settings%3DeyJpZCI6NjU3MCwidXJsIjoiaHR0cHM6XC9cL290Y29yZ2FuaWNzLmNvbVwvd3AtY29udGVudFwvdXBsb2Fkc1wvMjAyM1wvMDdcL3dlcmtlbi1iaWotb3RjLTEucG5nIiwic2xpZGVzaG93IjoiMTg4ODIzMCJ9\">\n\t\t\t\t\t<div class=\"e-gallery-image elementor-gallery-item__image\" data-thumbnail=\"https:\/\/otcorganics.com\/wp-content\/uploads\/2023\/07\/werken-bij-otc-1-300x300.png\" data-width=\"300\" data-height=\"300\" aria-label=\"\" role=\"img\" ><\/div>\n\t\t\t\t\t\t\t\t\t\t\t\t\t\t<\/a>\n\t\t\t\t\t\t\t<a class=\"e-gallery-item elementor-gallery-item elementor-animated-content\" data-e-gallery-tags=\"0\" href=\"https:\/\/otcorganics.com\/wp-content\/uploads\/2023\/07\/werken-bij-otc-5.png\" data-elementor-open-lightbox=\"yes\" data-elementor-lightbox-slideshow=\"1888230\" data-elementor-lightbox-title=\"08-werken bij otc\" data-e-action-hash=\"#elementor-action%3Aaction%3Dlightbox%26settings%3DeyJpZCI6NjYwNywidXJsIjoiaHR0cHM6XC9cL290Y29yZ2FuaWNzLmNvbVwvd3AtY29udGVudFwvdXBsb2Fkc1wvMjAyM1wvMDdcL3dlcmtlbi1iaWotb3RjLTUucG5nIiwic2xpZGVzaG93IjoiMTg4ODIzMCJ9\">\n\t\t\t\t\t<div class=\"e-gallery-image elementor-gallery-item__image\" data-thumbnail=\"https:\/\/otcorganics.com\/wp-content\/uploads\/2023\/07\/werken-bij-otc-5-300x300.png\" data-width=\"300\" data-height=\"300\" aria-label=\"\" role=\"img\" ><\/div>\n\t\t\t\t\t\t\t\t\t\t\t\t\t\t<\/a>\n\t\t\t\t\t<\/div>\n\t\t\t\t\t<\/div>\n\t\t\t\t<\/div>\n\t\t\t\t\t<\/div>\n\t\t<\/div>\n\t\t\t\t\t<\/div>\n\t\t<\/section>\n\t\t\t\t<\/div>\n\t\t","protected":false},"excerpt":{"rendered":"<p>Arbeiten bei OTC Organics Wir leisten einen Beitrag f\u00fcr eine bessere Welt. Helfen Sie uns dabei? Mit ca. 40 Mitarbeitern in Dronten und Poeldijk setzen wir uns tagt\u00e4glich f\u00fcr unseren gemeinsamen Auftrag ein: eine bessere Welt durch Obst und Gem\u00fcse aus \u00f6kologischem Anbau. Hierarchie? Das ist nicht echt unser Ding. In unserer buntgemischten Kollegengruppe herrscht<\/p>\n<div class=\"read-more\"><a href=\"https:\/\/otcorganics.com\/de\/bei-otc-organics-arbeiten\/\"><i class=\"fal fa-arrow-right\"><\/i>Lesen Sie mehr<\/a><\/div>\n","protected":false},"author":1,"featured_media":0,"parent":0,"menu_order":0,"comment_status":"closed","ping_status":"closed","template":"","meta":{"_acf_changed":false,"footnotes":""},"class_list":["post-4619","page","type-page","status-publish","hentry"],"acf":[],"yoast_head":"<!-- This site is optimized with the Yoast SEO plugin v26.0 - https:\/\/yoast.com\/wordpress\/plugins\/seo\/ -->\n<title>Arbeiten bei OTC - OTC Organics<\/title>\n<meta name=\"robots\" content=\"index, follow, max-snippet:-1, max-image-preview:large, max-video-preview:-1\" \/>\n<link rel=\"canonical\" href=\"https:\/\/otcorganics.com\/de\/bei-otc-organics-arbeiten\/\" \/>\n<meta property=\"og:locale\" content=\"de_DE\" \/>\n<meta property=\"og:type\" content=\"article\" \/>\n<meta property=\"og:title\" content=\"Arbeiten bei OTC - OTC Organics\" \/>\n<meta property=\"og:description\" content=\"Arbeiten bei OTC Organics Wir leisten einen Beitrag f\u00fcr eine bessere Welt. Helfen Sie uns dabei? Mit ca. 40 Mitarbeitern in Dronten und Poeldijk setzen wir uns tagt\u00e4glich f\u00fcr unseren gemeinsamen Auftrag ein: eine bessere Welt durch Obst und Gem\u00fcse aus \u00f6kologischem Anbau. Hierarchie? Das ist nicht echt unser Ding. In unserer buntgemischten Kollegengruppe herrschtLesen Sie mehr\" \/>\n<meta property=\"og:url\" content=\"https:\/\/otcorganics.com\/de\/bei-otc-organics-arbeiten\/\" \/>\n<meta property=\"og:site_name\" content=\"OTC Organics\" \/>\n<meta property=\"article:modified_time\" content=\"2023-07-19T12:11:04+00:00\" \/>\n<meta property=\"og:image\" content=\"https:\/\/otcorganics.com\/wp-content\/uploads\/2023\/05\/Ontwerp-zonder-titel.png\" \/>\n<meta name=\"twitter:card\" content=\"summary_large_image\" \/>\n<meta name=\"twitter:label1\" content=\"Gesch\u00e4tzte Lesezeit\" \/>\n\t<meta name=\"twitter:data1\" content=\"1\u00a0Minute\" \/>\n<!-- \/ Yoast SEO plugin. -->","yoast_head_json":{"title":"Arbeiten bei OTC - OTC Organics","robots":{"index":"index","follow":"follow","max-snippet":"max-snippet:-1","max-image-preview":"max-image-preview:large","max-video-preview":"max-video-preview:-1"},"canonical":"https:\/\/otcorganics.com\/de\/bei-otc-organics-arbeiten\/","og_locale":"de_DE","og_type":"article","og_title":"Arbeiten bei OTC - OTC Organics","og_description":"Arbeiten bei OTC Organics Wir leisten einen Beitrag f\u00fcr eine bessere Welt. Helfen Sie uns dabei? Mit ca. 40 Mitarbeitern in Dronten und Poeldijk setzen wir uns tagt\u00e4glich f\u00fcr unseren gemeinsamen Auftrag ein: eine bessere Welt durch Obst und Gem\u00fcse aus \u00f6kologischem Anbau. Hierarchie? Das ist nicht echt unser Ding. In unserer buntgemischten Kollegengruppe herrschtLesen Sie mehr","og_url":"https:\/\/otcorganics.com\/de\/bei-otc-organics-arbeiten\/","og_site_name":"OTC Organics","article_modified_time":"2023-07-19T12:11:04+00:00","og_image":[{"url":"https:\/\/otcorganics.com\/wp-content\/uploads\/2023\/05\/Ontwerp-zonder-titel.png","type":"","width":"","height":""}],"twitter_card":"summary_large_image","twitter_misc":{"Gesch\u00e4tzte Lesezeit":"1\u00a0Minute"},"schema":{"@context":"https:\/\/schema.org","@graph":[{"@type":"WebPage","@id":"https:\/\/otcorganics.com\/de\/bei-otc-organics-arbeiten\/","url":"https:\/\/otcorganics.com\/de\/bei-otc-organics-arbeiten\/","name":"Arbeiten bei OTC - OTC Organics","isPartOf":{"@id":"https:\/\/otcorganics.com\/de\/#website"},"primaryImageOfPage":{"@id":"https:\/\/otcorganics.com\/de\/bei-otc-organics-arbeiten\/#primaryimage"},"image":{"@id":"https:\/\/otcorganics.com\/de\/bei-otc-organics-arbeiten\/#primaryimage"},"thumbnailUrl":"https:\/\/otcorganics.com\/wp-content\/uploads\/2023\/05\/Ontwerp-zonder-titel.png","datePublished":"2023-02-07T15:02:25+00:00","dateModified":"2023-07-19T12:11:04+00:00","breadcrumb":{"@id":"https:\/\/otcorganics.com\/de\/bei-otc-organics-arbeiten\/#breadcrumb"},"inLanguage":"de","potentialAction":[{"@type":"ReadAction","target":["https:\/\/otcorganics.com\/de\/bei-otc-organics-arbeiten\/"]}]},{"@type":"ImageObject","inLanguage":"de","@id":"https:\/\/otcorganics.com\/de\/bei-otc-organics-arbeiten\/#primaryimage","url":"https:\/\/otcorganics.com\/wp-content\/uploads\/2023\/05\/Ontwerp-zonder-titel.png","contentUrl":"https:\/\/otcorganics.com\/wp-content\/uploads\/2023\/05\/Ontwerp-zonder-titel.png"},{"@type":"BreadcrumbList","@id":"https:\/\/otcorganics.com\/de\/bei-otc-organics-arbeiten\/#breadcrumb","itemListElement":[{"@type":"ListItem","position":1,"name":"Home","item":"https:\/\/otcorganics.com\/de\/"},{"@type":"ListItem","position":2,"name":"Arbeiten bei OTC"}]},{"@type":"WebSite","@id":"https:\/\/otcorganics.com\/de\/#website","url":"https:\/\/otcorganics.com\/de\/","name":"OTC Organics","description":"","potentialAction":[{"@type":"SearchAction","target":{"@type":"EntryPoint","urlTemplate":"https:\/\/otcorganics.com\/de\/?s={search_term_string}"},"query-input":{"@type":"PropertyValueSpecification","valueRequired":true,"valueName":"search_term_string"}}],"inLanguage":"de"}]}},"_links":{"self":[{"href":"https:\/\/otcorganics.com\/de\/wp-json\/wp\/v2\/pages\/4619","targetHints":{"allow":["GET"]}}],"collection":[{"href":"https:\/\/otcorganics.com\/de\/wp-json\/wp\/v2\/pages"}],"about":[{"href":"https:\/\/otcorganics.com\/de\/wp-json\/wp\/v2\/types\/page"}],"author":[{"embeddable":true,"href":"https:\/\/otcorganics.com\/de\/wp-json\/wp\/v2\/users\/1"}],"replies":[{"embeddable":true,"href":"https:\/\/otcorganics.com\/de\/wp-json\/wp\/v2\/comments?post=4619"}],"version-history":[{"count":19,"href":"https:\/\/otcorganics.com\/de\/wp-json\/wp\/v2\/pages\/4619\/revisions"}],"predecessor-version":[{"id":6629,"href":"https:\/\/otcorganics.com\/de\/wp-json\/wp\/v2\/pages\/4619\/revisions\/6629"}],"wp:attachment":[{"href":"https:\/\/otcorganics.com\/de\/wp-json\/wp\/v2\/media?parent=4619"}],"curies":[{"name":"wp","href":"https:\/\/api.w.org\/{rel}","templated":true}]}}