{"id":5419,"date":"2023-02-10T13:52:42","date_gmt":"2023-02-10T13:52:42","guid":{"rendered":"https:\/\/otcorganics.com\/cookie-richtlinie\/"},"modified":"2023-05-16T09:53:33","modified_gmt":"2023-05-16T09:53:33","slug":"cookie-richtlinie","status":"publish","type":"page","link":"https:\/\/otcorganics.com\/de\/cookie-richtlinie\/","title":{"rendered":"Cookie-Richtlinie"},"content":{"rendered":"\t\t<div data-elementor-type=\"wp-page\" data-elementor-id=\"5419\" class=\"elementor elementor-5419 elementor-2308\" data-elementor-post-type=\"page\">\n\t\t\t\t\t\t<section class=\"elementor-section elementor-top-section elementor-element elementor-element-a3c4eb8 elementor-section-full_width elementor-section-height-default elementor-section-height-default\" data-id=\"a3c4eb8\" data-element_type=\"section\">\n\t\t\t\t\t\t<div class=\"elementor-container elementor-column-gap-no\">\n\t\t\t\t\t<div class=\"elementor-column elementor-col-100 elementor-top-column elementor-element elementor-element-06fe199\" data-id=\"06fe199\" data-element_type=\"column\">\n\t\t\t<div class=\"elementor-widget-wrap elementor-element-populated\">\n\t\t\t\t\t\t<div class=\"elementor-element elementor-element-ea0dfe9 elementor-widget elementor-widget-sosso-breadcrumb\" data-id=\"ea0dfe9\" data-element_type=\"widget\" data-widget_type=\"sosso-breadcrumb.default\">\n\t\t\t\t<div class=\"elementor-widget-container\">\n\t\t\t\t\t<section class=\"page-title-area bg_cover d-flex align-items-center\" style=\"background-image: url(https:\/\/otcorganics.com\/wp-content\/uploads\/2023\/02\/header1.jpg)\"><div class=\"container\"><div class=\"row\"><div class=\"col-lg-6\"><div class=\"page-title-content\"><h3 class=\"title\">Cookie-Richtlinie<\/h3><nav aria-label=\"breadcrumb\"><nav aria-label=\"breadcrumb\"><ol class=\"breadcrumb\"><li class=\"breadcrumb-item\"><a  href=\"https:\/\/otcorganics.com\/de\/\" title=\"Home\" rel=\"bookmark\">Home<\/a> <\/li>  <\/ol><\/nav><\/nav><\/div><\/div><\/div><\/div><\/section>\t\t\t\t<\/div>\n\t\t\t\t<\/div>\n\t\t\t\t\t<\/div>\n\t\t<\/div>\n\t\t\t\t\t<\/div>\n\t\t<\/section>\n\t\t\t\t<section class=\"elementor-section elementor-top-section elementor-element elementor-element-596baa5e elementor-section-content-middle elementor-section-boxed elementor-section-height-default elementor-section-height-default\" data-id=\"596baa5e\" data-element_type=\"section\">\n\t\t\t\t\t\t<div class=\"elementor-container elementor-column-gap-default\">\n\t\t\t\t\t<div class=\"elementor-column elementor-col-100 elementor-top-column elementor-element elementor-element-5931f6ea\" data-id=\"5931f6ea\" data-element_type=\"column\">\n\t\t\t<div class=\"elementor-widget-wrap elementor-element-populated\">\n\t\t\t\t\t\t<div class=\"elementor-element elementor-element-6b782102 elementor-widget elementor-widget-sosso-custom-title\" data-id=\"6b782102\" data-element_type=\"widget\" data-widget_type=\"sosso-custom-title.default\">\n\t\t\t\t<div class=\"elementor-widget-container\">\n\t\t\t\t\t<div class=\"klb-custom-title\"><span>Cookie-Richtlinie<\/span><h3 class=\"title\">Cookie-Richtlinie<\/h3><\/div>\t\t\t\t<\/div>\n\t\t\t\t<\/div>\n\t\t\t\t<div class=\"elementor-element elementor-element-73d99c0b elementor-widget elementor-widget-text-editor\" data-id=\"73d99c0b\" data-element_type=\"widget\" data-widget_type=\"text-editor.default\">\n\t\t\t\t<div class=\"elementor-widget-container\">\n\t\t\t\t\t\t\t\t\t<p>Diese Cookie-Richtlinie wurde zuletzt am 15-04-2021 aktualisiert und gilt f\u00fcr B\u00fcrger und Einwohner mit st\u00e4ndigem Wohnsitz im Europ\u00e4ischen Wirtschaftsraum und der Schweiz.<\/p>\n\t\t\t\t\t\t\t\t<\/div>\n\t\t\t\t<\/div>\n\t\t\t\t<div class=\"elementor-element elementor-element-ff5a81e elementor-widget elementor-widget-text-editor\" data-id=\"ff5a81e\" data-element_type=\"widget\" data-widget_type=\"text-editor.default\">\n\t\t\t\t<div class=\"elementor-widget-container\">\n\t\t\t\t\t\t\t\t\t<h3>1.\u00a0Einf\u00fchrung<\/h3>\n<p>Unsere Website,\u00a0<a href=\"https:\/\/otcorganics.com\/de\">https:\/\/otcorganics.com\/de<\/a>\u00a0(im folgenden: &#8220;Die Website&#8221;) verwendet Cookies und \u00e4hnliche Technologien (der Einfachheit halber werden all diese unter &#8220;Cookies&#8221; zusammengefasst). Cookies werden au\u00dferdem von uns beauftragten Drittparteien platziert. In dem unten stehendem Dokument informieren wir dich \u00fcber die Verwendung von Cookies auf unserer Website.<\/p>\n\t\t\t\t\t\t\t\t<\/div>\n\t\t\t\t<\/div>\n\t\t\t\t<div class=\"elementor-element elementor-element-2f01d96 elementor-widget elementor-widget-text-editor\" data-id=\"2f01d96\" data-element_type=\"widget\" data-widget_type=\"text-editor.default\">\n\t\t\t\t<div class=\"elementor-widget-container\">\n\t\t\t\t\t\t\t\t\t<h3>2.\u00a0Was sind Cookies?<\/h3>\n<p>Ein Cookie ist eine einfache kleine Datei, die gemeinsam mit den Seiten einer Internetadresse versendet und vom Webbrowser auf dem PC oder einem anderen Ger\u00e4t gespeichert werden kann. Die darin gespeicherten Informationen k\u00f6nnen w\u00e4hrend folgender Besuche zu unseren oder den Servern relevanter Drittanbieter gesendet werden.<\/p>\n\t\t\t\t\t\t\t\t<\/div>\n\t\t\t\t<\/div>\n\t\t\t\t<div class=\"elementor-element elementor-element-1e959b0 elementor-widget elementor-widget-text-editor\" data-id=\"1e959b0\" data-element_type=\"widget\" data-widget_type=\"text-editor.default\">\n\t\t\t\t<div class=\"elementor-widget-container\">\n\t\t\t\t\t\t\t\t\t<h3>3.\u00a0Was sind Skripte?<\/h3>\n<p>Ein Script ist ein St\u00fcck Programmcode, das benutzt wird, um unserer Website Funktionalit\u00e4t und Interaktivit\u00e4t zu erm\u00f6glichen. Dieser Code wird auf unseren Servern oder auf deinem Ger\u00e4t ausgef\u00fchrt.<\/p>\n\t\t\t\t\t\t\t\t<\/div>\n\t\t\t\t<\/div>\n\t\t\t\t<div class=\"elementor-element elementor-element-3924910 elementor-widget elementor-widget-text-editor\" data-id=\"3924910\" data-element_type=\"widget\" data-widget_type=\"text-editor.default\">\n\t\t\t\t<div class=\"elementor-widget-container\">\n\t\t\t\t\t\t\t\t\t<h3>4.\u00a0Was ist ein Web Beacon?<\/h3>\n<p>Ein Web-Beacon (auch Pixel-Tag genannt), ist ein kleines unsichtbares Textfragment oder Bild auf einer Website, das benutzt wird, um den Verkehr auf der Website zu \u00fcberwachen. Um dies zu erm\u00f6glichen werden diverse Daten von dir mittels Web-Beacons gespeichert.<\/p>\n\t\t\t\t\t\t\t\t<\/div>\n\t\t\t\t<\/div>\n\t\t\t\t<div class=\"elementor-element elementor-element-ecede2c elementor-widget elementor-widget-text-editor\" data-id=\"ecede2c\" data-element_type=\"widget\" data-widget_type=\"text-editor.default\">\n\t\t\t\t<div class=\"elementor-widget-container\">\n\t\t\t\t\t\t\t\t\t<h3>5.\u00a0Cookies<\/h3>\n<h5 class=\"cmplz-subtitle\">5.1 Technische oder funktionelle Cookies<\/h5>\n<p>Einige Cookies stellen sicher, dass Teile unserer Website richtig funktionieren und deine Nutzervorlieben bekannt bleiben. Durch das Platzieren funktionaler Cookies machen wir es dir einfacher unsere Website zu besuchen. Auf diese Weise musst du bei Besuchen unserer Website nicht wiederholt die gleichen Informationen eingeben, oder deine Gegenst\u00e4nde bleiben beispielsweise in deinem Warenkorb bis du bezahlst. Wir k\u00f6nnen diese Cookies ohne dein Einverst\u00e4ndnis platzieren.<\/p>\n<h5 class=\"cmplz-subtitle\">5.2 Analytische Cookies<\/h5>\n<p>Wir verwenden analytische Cookies, um das Website-Erlebnis f\u00fcr unsere Nutzer zu optimieren. Mit diesen analytischen Cookies erhalten wir Einblicke in die Nutzung unserer Website.\u00a0Wir bitten um deine Erlaubnis, analytische Cookies zu setzen.<\/p>\n<h5 class=\"cmplz-subtitle\">5.3 Marketing- \/ Tracking-Cookies<\/h5>\n<p>Marketing- \/ Tracking-Cookies sind Cookies oder eine andere Form der lokalen Speicherung, die zur Erstellung von Benutzerprofilen verwendet werden, um Werbung anzuzeigen oder den Benutzer auf dieser Website oder \u00fcber mehrere Websites hinweg f\u00fcr \u00e4hnliche Marketingzwecke zu verfolgen.<\/p>\n\t\t\t\t\t\t\t\t<\/div>\n\t\t\t\t<\/div>\n\t\t\t\t<div class=\"elementor-element elementor-element-1db1c31 elementor-widget elementor-widget-text-editor\" data-id=\"1db1c31\" data-element_type=\"widget\" data-widget_type=\"text-editor.default\">\n\t\t\t\t<div class=\"elementor-widget-container\">\n\t\t\t\t\t\t\t\t\t<h3>6.\u00a0Platzierte Cookies<\/h3>\n\t\t\t\t\t\t\t\t<\/div>\n\t\t\t\t<\/div>\n\t\t\t\t<div class=\"elementor-element elementor-element-1adee96c elementor-widget elementor-widget-accordion\" data-id=\"1adee96c\" data-element_type=\"widget\" data-widget_type=\"accordion.default\">\n\t\t\t\t<div class=\"elementor-widget-container\">\n\t\t\t\t\t\t\t<div class=\"elementor-accordion\">\n\t\t\t\t\t\t\t<div class=\"elementor-accordion-item\">\n\t\t\t\t\t<div id=\"elementor-tab-title-4501\" class=\"elementor-tab-title\" data-tab=\"1\" role=\"button\" aria-controls=\"elementor-tab-content-4501\" aria-expanded=\"false\">\n\t\t\t\t\t\t\t\t\t\t\t\t<a class=\"elementor-accordion-title\" tabindex=\"0\">Google Analytics - Statistieken (anoniem)<\/a>\n\t\t\t\t\t<\/div>\n\t\t\t\t\t<div id=\"elementor-tab-content-4501\" class=\"elementor-tab-content elementor-clearfix\" data-tab=\"1\" role=\"region\" aria-labelledby=\"elementor-tab-title-4501\"><p><strong>Gebruik<\/strong><\/p>\n<p>We gebruiken Google Analytics voor website statistieken.<\/p>\n<p><strong>Delen van gegevens<\/strong><\/p>\n<p>Voor meer informatie, lees de <a href=\"https:\/\/policies.google.com\/privacy\" target=\"_blank\" rel=\"noopener noreferrer nofollow\">Google Analytics Privacyverklaring<\/a>.<\/p>\n<\/div>\n\t\t\t\t<\/div>\n\t\t\t\t\t\t\t<div class=\"elementor-accordion-item\">\n\t\t\t\t\t<div id=\"elementor-tab-title-4502\" class=\"elementor-tab-title\" data-tab=\"2\" role=\"button\" aria-controls=\"elementor-tab-content-4502\" aria-expanded=\"false\">\n\t\t\t\t\t\t\t\t\t\t\t\t<a class=\"elementor-accordion-title\" tabindex=\"0\">Google reCAPTCHA - Marketing\/Tracking<\/a>\n\t\t\t\t\t<\/div>\n\t\t\t\t\t<div id=\"elementor-tab-content-4502\" class=\"elementor-tab-content elementor-clearfix\" data-tab=\"2\" role=\"region\" aria-labelledby=\"elementor-tab-title-4502\"><p><strong>Gebruik<\/strong><\/p>\n<p>We gebruiken Google reCAPTCHA voor spampreventie.<\/p>\n<p><strong>Delen van gegevens<\/strong><\/p>\n<p>Voor meer informatie, lees de <a href=\"https:\/\/policies.google.com\/privacy\" target=\"_blank\" rel=\"noopener noreferrer nofollow\">Google reCAPTCHA Privacyverklaring<\/a>.<\/p>\n<\/div>\n\t\t\t\t<\/div>\n\t\t\t\t\t\t\t<div class=\"elementor-accordion-item\">\n\t\t\t\t\t<div id=\"elementor-tab-title-4503\" class=\"elementor-tab-title\" data-tab=\"3\" role=\"button\" aria-controls=\"elementor-tab-content-4503\" aria-expanded=\"false\">\n\t\t\t\t\t\t\t\t\t\t\t\t<a class=\"elementor-accordion-title\" tabindex=\"0\">Google Maps - Marketing\/Tracking<\/a>\n\t\t\t\t\t<\/div>\n\t\t\t\t\t<div id=\"elementor-tab-content-4503\" class=\"elementor-tab-content elementor-clearfix\" data-tab=\"3\" role=\"region\" aria-labelledby=\"elementor-tab-title-4503\"><p><strong>Gebruik<\/strong><\/p>\n<p>We gebruiken Google Maps voor het vertonen van kaarten.<\/p>\n<p><strong>Delen van gegevens<\/strong><\/p>\n<p>Voor meer informatie, lees de <a href=\"https:\/\/policies.google.com\/privacy\" target=\"_blank\" rel=\"noopener noreferrer nofollow\">Google Maps Privacyverklaring<\/a>.<\/p>\n<\/div>\n\t\t\t\t<\/div>\n\t\t\t\t\t\t\t<div class=\"elementor-accordion-item\">\n\t\t\t\t\t<div id=\"elementor-tab-title-4504\" class=\"elementor-tab-title\" data-tab=\"4\" role=\"button\" aria-controls=\"elementor-tab-content-4504\" aria-expanded=\"false\">\n\t\t\t\t\t\t\t\t\t\t\t\t<a class=\"elementor-accordion-title\" tabindex=\"0\">Diversen - Doel wordt onderzocht<\/a>\n\t\t\t\t\t<\/div>\n\t\t\t\t\t<div id=\"elementor-tab-content-4504\" class=\"elementor-tab-content elementor-clearfix\" data-tab=\"4\" role=\"region\" aria-labelledby=\"elementor-tab-title-4504\"><div class=\"cmplz-service-description\">\n<p><strong>Gebruik<\/strong><\/p>\n<p>&nbsp;<\/p>\n<\/div>\n<div class=\"cmplz-sharing-data\">\n<p><strong>Delen van gegevens<\/strong><\/p>\n<p>Het delen van gegevens is in afwachting van onderzoek<\/p>\n<\/div>\n<\/div>\n\t\t\t\t<\/div>\n\t\t\t\t\t\t\t\t<\/div>\n\t\t\t\t\t\t<\/div>\n\t\t\t\t<\/div>\n\t\t\t\t<div class=\"elementor-element elementor-element-8c605e4 elementor-widget elementor-widget-text-editor\" data-id=\"8c605e4\" data-element_type=\"widget\" data-widget_type=\"text-editor.default\">\n\t\t\t\t<div class=\"elementor-widget-container\">\n\t\t\t\t\t\t\t\t\t<h3>7.\u00a0Zustimmung<\/h3>\n<p>Wenn du unsere Website das erste Mal besuchst, zeigen wir dir ein Pop-Up mit einer Erkl\u00e4rung \u00fcber Cookies. Sobald du auf \u201eVoorkeuren bewaren\u201c klickst, gibst du uns dein Einverst\u00e4ndnis, alle von dir gew\u00e4hlten Kategorien von Cookies und Plugins wie in dieser Cookie-Erkl\u00e4rung beschrieben zu verwenden. Du kannst die Verwendung von Cookies \u00fcber deinen Browser deaktivieren, aber bitte beachte, dass unsere Website dann unter Umst\u00e4nden nicht richtig funktioniert.<\/p>\n\t\t\t\t\t\t\t\t<\/div>\n\t\t\t\t<\/div>\n\t\t\t\t<div class=\"elementor-element elementor-element-fd340a5 elementor-widget elementor-widget-accordion\" data-id=\"fd340a5\" data-element_type=\"widget\" data-widget_type=\"accordion.default\">\n\t\t\t\t<div class=\"elementor-widget-container\">\n\t\t\t\t\t\t\t<div class=\"elementor-accordion\">\n\t\t\t\t\t\t\t<div class=\"elementor-accordion-item\">\n\t\t\t\t\t<div id=\"elementor-tab-title-2651\" class=\"elementor-tab-title\" data-tab=\"1\" role=\"button\" aria-controls=\"elementor-tab-content-2651\" aria-expanded=\"false\">\n\t\t\t\t\t\t\t\t\t\t\t\t<a class=\"elementor-accordion-title\" tabindex=\"0\">Functioneel<\/a>\n\t\t\t\t\t<\/div>\n\t\t\t\t\t<div id=\"elementor-tab-content-2651\" class=\"elementor-tab-content elementor-clearfix\" data-tab=\"1\" role=\"region\" aria-labelledby=\"elementor-tab-title-2651\"><p>De technische opslag of toegang is strikt noodzakelijk voor het legitieme doel het gebruik mogelijk te maken van een specifieke dienst waarom de abonnee of gebruiker uitdrukkelijk heeft gevraagd, of met als enig doel de uitvoering van de transmissie van een communicatie over een elektronisch communicatienetwerk.<\/p>\n<\/div>\n\t\t\t\t<\/div>\n\t\t\t\t\t\t\t<div class=\"elementor-accordion-item\">\n\t\t\t\t\t<div id=\"elementor-tab-title-2652\" class=\"elementor-tab-title\" data-tab=\"2\" role=\"button\" aria-controls=\"elementor-tab-content-2652\" aria-expanded=\"false\">\n\t\t\t\t\t\t\t\t\t\t\t\t<a class=\"elementor-accordion-title\" tabindex=\"0\">Statistieken<\/a>\n\t\t\t\t\t<\/div>\n\t\t\t\t\t<div id=\"elementor-tab-content-2652\" class=\"elementor-tab-content elementor-clearfix\" data-tab=\"2\" role=\"region\" aria-labelledby=\"elementor-tab-title-2652\"><p>De technische opslag of toegang die uitsluitend wordt gebruikt voor anonieme statistische doeleinden. Zonder dagvaarding, vrijwillige naleving door uw Internet Service Provider, of aanvullende gegevens van een derde partij, kan informatie die alleen voor dit doel wordt opgeslagen of opgehaald gewoonlijk niet worden gebruikt om je te identificeren.<\/p>\n<\/div>\n\t\t\t\t<\/div>\n\t\t\t\t\t\t\t<div class=\"elementor-accordion-item\">\n\t\t\t\t\t<div id=\"elementor-tab-title-2653\" class=\"elementor-tab-title\" data-tab=\"3\" role=\"button\" aria-controls=\"elementor-tab-content-2653\" aria-expanded=\"false\">\n\t\t\t\t\t\t\t\t\t\t\t\t<a class=\"elementor-accordion-title\" tabindex=\"0\">Marketing<\/a>\n\t\t\t\t\t<\/div>\n\t\t\t\t\t<div id=\"elementor-tab-content-2653\" class=\"elementor-tab-content elementor-clearfix\" data-tab=\"3\" role=\"region\" aria-labelledby=\"elementor-tab-title-2653\"><p>De technische opslag of toegang is nodig om gebruikersprofielen op te stellen voor het verzenden van reclame, of om de gebruiker op een website of over verschillende websites te volgen voor soortgelijke marketingdoeleinden.<\/p>\n<\/div>\n\t\t\t\t<\/div>\n\t\t\t\t\t\t\t\t<\/div>\n\t\t\t\t\t\t<\/div>\n\t\t\t\t<\/div>\n\t\t\t\t<div class=\"elementor-element elementor-element-4fc8826 elementor-widget elementor-widget-text-editor\" data-id=\"4fc8826\" data-element_type=\"widget\" data-widget_type=\"text-editor.default\">\n\t\t\t\t<div class=\"elementor-widget-container\">\n\t\t\t\t\t\t\t\t\t<h3>8.\u00a0Aktivierung\/Deaktivierung und L\u00f6schen von Cookies<\/h3>\n<p>Du kannst deinen Internetbrowser verwenden um automatisch oder manuell Cookies zu l\u00f6schen. Du kannst au\u00dferdem spezifizieren ob spezielle Cookies nicht platziert werden sollen. Eine andere M\u00f6glichkeit ist es deinen Internetbrowser derart einzurichten, dass du jedes Mal benachrichtigt wirst, wenn ein Cookie platziert wird. F\u00fcr weitere Information \u00fcber diese M\u00f6glichkeiten beachte die Anweisungen in der Hilfesektion deines Browsers.<\/p>\n<p>Bitte nimm zur Kentniss, dass unsere Website m\u00f6glicherweise nicht richtig funktioniert wenn alle Cookies deaktiviert sind. Wenn du die Cookies in deinem Browser l\u00f6scht, werden diese neuplatziert wenn du unsere Website erneut besuchst.<\/p>\n\t\t\t\t\t\t\t\t<\/div>\n\t\t\t\t<\/div>\n\t\t\t\t<div class=\"elementor-element elementor-element-668b06e elementor-widget elementor-widget-text-editor\" data-id=\"668b06e\" data-element_type=\"widget\" data-widget_type=\"text-editor.default\">\n\t\t\t\t<div class=\"elementor-widget-container\">\n\t\t\t\t\t\t\t\t\t<h3>9.\u00a0Deine Rechte in Bezug auf pers\u00f6nliche Daten<\/h3>\n<p>Du hast in Bezug auf deine pers\u00f6nlichen Daten die folgenden Rechte:<\/p>\n<ul>\n<li>Du hast das Recht zu wissen, warum deine pers\u00f6nlichen Daten gebraucht werden, was mit ihnen passiert und wie lange diese verwahrt werden.<\/li>\n<li>Zugriffsrecht: Du hast das Recht deine uns bekannten pers\u00f6nliche Daten einzusehen.<\/li>\n<li>Recht auf Berichtigung: Du hast das Recht wann immer du w\u00fcnscht, deine pers\u00f6nlichen Daten zu erg\u00e4nzen, zu korrigieren sowie gel\u00f6scht oder blockiert zu bekommen.<\/li>\n<li>Wenn du uns dein Einverst\u00e4ndnis zur Verarbeitung deiner Daten gegeben hast, hast du das Recht dieses Einverst\u00e4ndnis zu widerrufen und deine pers\u00f6nlichen Daten l\u00f6schen zu lassen.<\/li>\n<li>Recht auf Datentransfer deiner Daten: Du hast das Recht, alle deine pers\u00f6nlichen Daten von einem Kontrolleur anzufordern und in ihrer Gesamtheit zu einem anderen Kontrolleur zu transferieren.<\/li>\n<li>Widerspruchsrecht: Du kannst der Verarbeitung deiner Daten widersprechen. Wir entsprechen dem, es sei denn es gibt berechtigte Gr\u00fcnde f\u00fcr die Verarbeitung.<\/li>\n<\/ul>\n<p>Um diese Rechte auszu\u00fcben kontaktiere uns bitte. Bitte beziehe dich auf die Kontaktdaten am Ende dieser Cookie-Erkl\u00e4rung. Wenn du eine Beschwerde dar\u00fcber hast, wie wir deine Daten behandeln, w\u00fcrden wir diese gerne h\u00f6ren, aber du hast auch das Recht diese an die Aufsichtsbeh\u00f6rde (der Datenschutzbeh\u00f6rde) zu richten.<\/p>\n\t\t\t\t\t\t\t\t<\/div>\n\t\t\t\t<\/div>\n\t\t\t\t<div class=\"elementor-element elementor-element-eecfa40 elementor-widget elementor-widget-text-editor\" data-id=\"eecfa40\" data-element_type=\"widget\" data-widget_type=\"text-editor.default\">\n\t\t\t\t<div class=\"elementor-widget-container\">\n\t\t\t\t\t\t\t\t\t<h3>10.\u00a0Kontaktdaten<\/h3>\n<p>F\u00fcr Fragen und\/oder Kommentare \u00fcber unsere Cookie-Richtlinien und diese Aussage kontaktiere uns bitte mittels der folgenden Kontaktdaten:<\/p>\n<p><span class=\"cmplz-contact-organisation\">OTC Organics B.V.<\/span><br \/>\n<span class=\"cmplz-contact-address\">Eskimolaan 11<br \/>\n8252 AS Dronten<\/span><br \/>\n<span class=\"cmplz-contact-country\">Niederlande<\/span><br \/>\nWebsite:\u00a0<span class=\"cmplz-contact-domain\"><a href=\"https:\/\/otcorganics.com\/de\">https:\/\/otcorganics.com\/de<\/a><\/span><br \/>\nE-Mail: <a href=\"mailto:info@otcorganics.com\">info@otcorganics.com<\/a><br \/>\n<span class=\"cmplz-contact-telephone\">Telefonnummer: +31 (0)885 880 400<\/span><\/p>\n<p>Diese Cookie-Richtlinie wurde mit\u00a0<a href=\"https:\/\/cookiedatabase.org\/\" target=\"_blank\" rel=\"noopener\">cookiedatabase.org<\/a>\u00a0am 08-12-2020 synchronisiert.<\/p>\n\t\t\t\t\t\t\t\t<\/div>\n\t\t\t\t<\/div>\n\t\t\t\t\t<\/div>\n\t\t<\/div>\n\t\t\t\t\t<\/div>\n\t\t<\/section>\n\t\t\t\t<\/div>\n\t\t","protected":false},"excerpt":{"rendered":"<p>Cookie-Richtlinie Home Cookie-Richtlinie Cookie-Richtlinie Diese Cookie-Richtlinie wurde zuletzt am 15-04-2021 aktualisiert und gilt f\u00fcr B\u00fcrger und Einwohner mit st\u00e4ndigem Wohnsitz im Europ\u00e4ischen Wirtschaftsraum und der Schweiz. 1.\u00a0Einf\u00fchrung Unsere Website,\u00a0https:\/\/otcorganics.com\/de\u00a0(im folgenden: &#8220;Die Website&#8221;) verwendet Cookies und \u00e4hnliche Technologien (der Einfachheit halber werden all diese unter &#8220;Cookies&#8221; zusammengefasst). Cookies werden au\u00dferdem von uns beauftragten Drittparteien platziert. In<\/p>\n<div class=\"read-more\"><a href=\"https:\/\/otcorganics.com\/de\/cookie-richtlinie\/\"><i class=\"fal fa-arrow-right\"><\/i>Lesen Sie mehr<\/a><\/div>\n","protected":false},"author":1,"featured_media":0,"parent":0,"menu_order":0,"comment_status":"closed","ping_status":"closed","template":"","meta":{"_acf_changed":false,"footnotes":""},"class_list":["post-5419","page","type-page","status-publish","hentry"],"acf":[],"yoast_head":"<!-- This site is optimized with the Yoast SEO plugin v26.0 - https:\/\/yoast.com\/wordpress\/plugins\/seo\/ -->\n<title>Cookie-Richtlinie - OTC Organics<\/title>\n<meta name=\"robots\" content=\"index, follow, max-snippet:-1, max-image-preview:large, max-video-preview:-1\" \/>\n<link rel=\"canonical\" href=\"https:\/\/otcorganics.com\/de\/cookie-richtlinie\/\" \/>\n<meta property=\"og:locale\" content=\"de_DE\" \/>\n<meta property=\"og:type\" content=\"article\" \/>\n<meta property=\"og:title\" content=\"Cookie-Richtlinie - OTC Organics\" \/>\n<meta property=\"og:description\" content=\"Cookie-Richtlinie Home Cookie-Richtlinie Cookie-Richtlinie Diese Cookie-Richtlinie wurde zuletzt am 15-04-2021 aktualisiert und gilt f\u00fcr B\u00fcrger und Einwohner mit st\u00e4ndigem Wohnsitz im Europ\u00e4ischen Wirtschaftsraum und der Schweiz. 1.\u00a0Einf\u00fchrung Unsere Website,\u00a0https:\/\/otcorganics.com\/de\u00a0(im folgenden: &#8220;Die Website&#8221;) verwendet Cookies und \u00e4hnliche Technologien (der Einfachheit halber werden all diese unter &#8220;Cookies&#8221; zusammengefasst). Cookies werden au\u00dferdem von uns beauftragten Drittparteien platziert. InLesen Sie mehr\" \/>\n<meta property=\"og:url\" content=\"https:\/\/otcorganics.com\/de\/cookie-richtlinie\/\" \/>\n<meta property=\"og:site_name\" content=\"OTC Organics\" \/>\n<meta property=\"article:modified_time\" content=\"2023-05-16T09:53:33+00:00\" \/>\n<meta name=\"twitter:card\" content=\"summary_large_image\" \/>\n<meta name=\"twitter:label1\" content=\"Gesch\u00e4tzte Lesezeit\" \/>\n\t<meta name=\"twitter:data1\" content=\"5\u00a0Minuten\" \/>\n<!-- \/ Yoast SEO plugin. -->","yoast_head_json":{"title":"Cookie-Richtlinie - OTC Organics","robots":{"index":"index","follow":"follow","max-snippet":"max-snippet:-1","max-image-preview":"max-image-preview:large","max-video-preview":"max-video-preview:-1"},"canonical":"https:\/\/otcorganics.com\/de\/cookie-richtlinie\/","og_locale":"de_DE","og_type":"article","og_title":"Cookie-Richtlinie - OTC Organics","og_description":"Cookie-Richtlinie Home Cookie-Richtlinie Cookie-Richtlinie Diese Cookie-Richtlinie wurde zuletzt am 15-04-2021 aktualisiert und gilt f\u00fcr B\u00fcrger und Einwohner mit st\u00e4ndigem Wohnsitz im Europ\u00e4ischen Wirtschaftsraum und der Schweiz. 1.\u00a0Einf\u00fchrung Unsere Website,\u00a0https:\/\/otcorganics.com\/de\u00a0(im folgenden: &#8220;Die Website&#8221;) verwendet Cookies und \u00e4hnliche Technologien (der Einfachheit halber werden all diese unter &#8220;Cookies&#8221; zusammengefasst). Cookies werden au\u00dferdem von uns beauftragten Drittparteien platziert. InLesen Sie mehr","og_url":"https:\/\/otcorganics.com\/de\/cookie-richtlinie\/","og_site_name":"OTC Organics","article_modified_time":"2023-05-16T09:53:33+00:00","twitter_card":"summary_large_image","twitter_misc":{"Gesch\u00e4tzte Lesezeit":"5\u00a0Minuten"},"schema":{"@context":"https:\/\/schema.org","@graph":[{"@type":"WebPage","@id":"https:\/\/otcorganics.com\/de\/cookie-richtlinie\/","url":"https:\/\/otcorganics.com\/de\/cookie-richtlinie\/","name":"Cookie-Richtlinie - OTC Organics","isPartOf":{"@id":"https:\/\/otcorganics.com\/de\/#website"},"datePublished":"2023-02-10T13:52:42+00:00","dateModified":"2023-05-16T09:53:33+00:00","breadcrumb":{"@id":"https:\/\/otcorganics.com\/de\/cookie-richtlinie\/#breadcrumb"},"inLanguage":"de","potentialAction":[{"@type":"ReadAction","target":["https:\/\/otcorganics.com\/de\/cookie-richtlinie\/"]}]},{"@type":"BreadcrumbList","@id":"https:\/\/otcorganics.com\/de\/cookie-richtlinie\/#breadcrumb","itemListElement":[{"@type":"ListItem","position":1,"name":"Home","item":"https:\/\/otcorganics.com\/de\/"},{"@type":"ListItem","position":2,"name":"Cookie-Richtlinie"}]},{"@type":"WebSite","@id":"https:\/\/otcorganics.com\/de\/#website","url":"https:\/\/otcorganics.com\/de\/","name":"OTC Organics","description":"","potentialAction":[{"@type":"SearchAction","target":{"@type":"EntryPoint","urlTemplate":"https:\/\/otcorganics.com\/de\/?s={search_term_string}"},"query-input":{"@type":"PropertyValueSpecification","valueRequired":true,"valueName":"search_term_string"}}],"inLanguage":"de"}]}},"_links":{"self":[{"href":"https:\/\/otcorganics.com\/de\/wp-json\/wp\/v2\/pages\/5419","targetHints":{"allow":["GET"]}}],"collection":[{"href":"https:\/\/otcorganics.com\/de\/wp-json\/wp\/v2\/pages"}],"about":[{"href":"https:\/\/otcorganics.com\/de\/wp-json\/wp\/v2\/types\/page"}],"author":[{"embeddable":true,"href":"https:\/\/otcorganics.com\/de\/wp-json\/wp\/v2\/users\/1"}],"replies":[{"embeddable":true,"href":"https:\/\/otcorganics.com\/de\/wp-json\/wp\/v2\/comments?post=5419"}],"version-history":[{"count":42,"href":"https:\/\/otcorganics.com\/de\/wp-json\/wp\/v2\/pages\/5419\/revisions"}],"predecessor-version":[{"id":5867,"href":"https:\/\/otcorganics.com\/de\/wp-json\/wp\/v2\/pages\/5419\/revisions\/5867"}],"wp:attachment":[{"href":"https:\/\/otcorganics.com\/de\/wp-json\/wp\/v2\/media?parent=5419"}],"curies":[{"name":"wp","href":"https:\/\/api.w.org\/{rel}","templated":true}]}}