{"id":4815,"date":"2023-02-07T14:36:50","date_gmt":"2023-02-07T14:36:50","guid":{"rendered":"https:\/\/otcorganics.com\/oferta\/desarrollo-de-productos\/"},"modified":"2023-05-16T13:19:12","modified_gmt":"2023-05-16T13:19:12","slug":"desarrollo-de-productos","status":"publish","type":"page","link":"https:\/\/otcorganics.com\/es\/oferta\/desarrollo-de-productos\/","title":{"rendered":"Desarrollo de Productos"},"content":{"rendered":"\t\t<div data-elementor-type=\"wp-page\" data-elementor-id=\"4815\" class=\"elementor elementor-4815 elementor-2013\" data-elementor-post-type=\"page\">\n\t\t\t\t\t\t<section class=\"elementor-section elementor-top-section elementor-element elementor-element-d5c2eec elementor-section-content-middle elementor-section-boxed elementor-section-height-default elementor-section-height-default\" data-id=\"d5c2eec\" data-element_type=\"section\">\n\t\t\t\t\t\t<div class=\"elementor-container elementor-column-gap-default\">\n\t\t\t\t\t<div class=\"elementor-column elementor-col-50 elementor-top-column elementor-element elementor-element-078a1cf\" data-id=\"078a1cf\" data-element_type=\"column\">\n\t\t\t<div class=\"elementor-widget-wrap elementor-element-populated\">\n\t\t\t\t\t\t<div class=\"elementor-element elementor-element-7b11eb6 elementor-widget elementor-widget-sosso-single-image\" data-id=\"7b11eb6\" data-element_type=\"widget\" data-widget_type=\"sosso-single-image.default\">\n\t\t\t\t<div class=\"elementor-widget-container\">\n\t\t\t\t\t<div class=\"klb-single-image about-info-thumb ml-30 mr-30\"><img decoding=\"async\" src=\"https:\/\/otcorganics.com\/wp-content\/uploads\/2023\/04\/Product-Development-verticaal2.jpg\" alt=\"about\"><\/div>\t\t\t\t<\/div>\n\t\t\t\t<\/div>\n\t\t\t\t\t<\/div>\n\t\t<\/div>\n\t\t\t\t<div class=\"elementor-column elementor-col-50 elementor-top-column elementor-element elementor-element-dc4b616\" data-id=\"dc4b616\" data-element_type=\"column\">\n\t\t\t<div class=\"elementor-widget-wrap elementor-element-populated\">\n\t\t\t\t\t\t<div class=\"elementor-element elementor-element-3bad455 elementor-widget elementor-widget-sosso-custom-title\" data-id=\"3bad455\" data-element_type=\"widget\" data-widget_type=\"sosso-custom-title.default\">\n\t\t\t\t<div class=\"elementor-widget-container\">\n\t\t\t\t\t<div class=\"klb-custom-title\"><span>Desarrollo de Productos<\/span><h3 class=\"title\">Acompa\u00f1amos a nuestros productos desde la flor hasta la cosecha<\/h3><\/div>\t\t\t\t<\/div>\n\t\t\t\t<\/div>\n\t\t\t\t<div class=\"elementor-element elementor-element-1994d23 elementor-widget elementor-widget-text-editor\" data-id=\"1994d23\" data-element_type=\"widget\" data-widget_type=\"text-editor.default\">\n\t\t\t\t<div class=\"elementor-widget-container\">\n\t\t\t\t\t\t\t\t\t<p>Cualquier amante de las frutas y verduras sabe que estos productos necesitan algo m\u00e1s que sol, agua y tierra: cuidado. Este aspecto ocupa un lugar central para nuestro departamento de Desarrollo de Productos. Todos los d\u00edas nos puede encontrar en las fincas de nuestros productores o en el campo, entre caballones de batatas o en mitad de los vi\u00f1edos o los campos de jengibre.<\/p>\n<p>&nbsp;<\/p>\n<h4><strong>Producir alimentos sostenibles<\/strong><\/h4>\n<p>&nbsp;<\/p>\n<h4><strong>Proteger el suelo<\/strong><\/h4>\n<p>&nbsp;<\/p>\n<h4><strong>Combatir el cambio clim\u00e1tico<\/strong><\/h4>\n\t\t\t\t\t\t\t\t<\/div>\n\t\t\t\t<\/div>\n\t\t\t\t\t<\/div>\n\t\t<\/div>\n\t\t\t\t\t<\/div>\n\t\t<\/section>\n\t\t\t\t<section class=\"elementor-section elementor-top-section elementor-element elementor-element-33f7274 elementor-section-boxed elementor-section-height-default elementor-section-height-default\" data-id=\"33f7274\" data-element_type=\"section\">\n\t\t\t\t\t\t<div class=\"elementor-container elementor-column-gap-default\">\n\t\t\t\t\t<div class=\"elementor-column elementor-col-50 elementor-top-column elementor-element elementor-element-db65bc2\" data-id=\"db65bc2\" data-element_type=\"column\">\n\t\t\t<div class=\"elementor-widget-wrap elementor-element-populated\">\n\t\t\t\t\t\t<div class=\"elementor-element elementor-element-7e129a8 elementor-widget elementor-widget-heading\" data-id=\"7e129a8\" data-element_type=\"widget\" data-widget_type=\"heading.default\">\n\t\t\t\t<div class=\"elementor-widget-container\">\n\t\t\t\t\t<h2 class=\"elementor-heading-title elementor-size-default\">Todo esto est\u00e1s haciendo cuando eliges fruta y verdura ecol\u00f3gica<\/h2>\t\t\t\t<\/div>\n\t\t\t\t<\/div>\n\t\t\t\t\t<\/div>\n\t\t<\/div>\n\t\t\t\t<div class=\"elementor-column elementor-col-50 elementor-top-column elementor-element elementor-element-89f2067\" data-id=\"89f2067\" data-element_type=\"column\">\n\t\t\t<div class=\"elementor-widget-wrap elementor-element-populated\">\n\t\t\t\t\t\t<div class=\"elementor-element elementor-element-a888b83 elementor-widget elementor-widget-text-editor\" data-id=\"a888b83\" data-element_type=\"widget\" data-widget_type=\"text-editor.default\">\n\t\t\t\t<div class=\"elementor-widget-container\">\n\t\t\t\t\t\t\t\t\t<p>Juntos nos ocupamos de que los productos sean fiables y de alta calidad y de que cumplan todos los requisitos para poder enviarlos a Europa sin retrasos. Al acompa\u00f1ar el proceso de producci\u00f3n desde la flor hasta la cosecha, aseguramos la integridad ecol\u00f3gica y podemos garantizar que nuestros productos son 100 % ecol\u00f3gicos.<\/p>\n\t\t\t\t\t\t\t\t<\/div>\n\t\t\t\t<\/div>\n\t\t\t\t\t<\/div>\n\t\t<\/div>\n\t\t\t\t\t<\/div>\n\t\t<\/section>\n\t\t\t\t<\/div>\n\t\t","protected":false},"excerpt":{"rendered":"<p>Desarrollo de Productos Acompa\u00f1amos a nuestros productos desde la flor hasta la cosecha Cualquier amante de las frutas y verduras sabe que estos productos necesitan algo m\u00e1s que sol, agua y tierra: cuidado. Este aspecto ocupa un lugar central para nuestro departamento de Desarrollo de Productos. Todos los d\u00edas nos puede encontrar en las fincas<\/p>\n<div class=\"read-more\"><a href=\"https:\/\/otcorganics.com\/es\/oferta\/desarrollo-de-productos\/\"><i class=\"fal fa-arrow-right\"><\/i>Leer m\u00e1s<\/a><\/div>\n","protected":false},"author":1,"featured_media":0,"parent":4807,"menu_order":0,"comment_status":"closed","ping_status":"closed","template":"","meta":{"_acf_changed":false,"footnotes":""},"class_list":["post-4815","page","type-page","status-publish","hentry"],"acf":[],"yoast_head":"<!-- This site is optimized with the Yoast SEO plugin v26.0 - https:\/\/yoast.com\/wordpress\/plugins\/seo\/ -->\n<title>Desarrollo de Productos - OTC Organics<\/title>\n<meta name=\"robots\" content=\"index, follow, max-snippet:-1, max-image-preview:large, max-video-preview:-1\" \/>\n<link rel=\"canonical\" href=\"https:\/\/otcorganics.com\/es\/oferta\/desarrollo-de-productos\/\" \/>\n<meta property=\"og:locale\" content=\"es_ES\" \/>\n<meta property=\"og:type\" content=\"article\" \/>\n<meta property=\"og:title\" content=\"Desarrollo de Productos - OTC Organics\" \/>\n<meta property=\"og:description\" content=\"Desarrollo de Productos Acompa\u00f1amos a nuestros productos desde la flor hasta la cosecha Cualquier amante de las frutas y verduras sabe que estos productos necesitan algo m\u00e1s que sol, agua y tierra: cuidado. Este aspecto ocupa un lugar central para nuestro departamento de Desarrollo de Productos. Todos los d\u00edas nos puede encontrar en las fincasLeer m\u00e1s\" \/>\n<meta property=\"og:url\" content=\"https:\/\/otcorganics.com\/es\/oferta\/desarrollo-de-productos\/\" \/>\n<meta property=\"og:site_name\" content=\"OTC Organics\" \/>\n<meta property=\"article:modified_time\" content=\"2023-05-16T13:19:12+00:00\" \/>\n<meta property=\"og:image\" content=\"https:\/\/otcorganics.com\/wp-content\/uploads\/2023\/04\/Product-Development-verticaal2.jpg\" \/>\n<meta name=\"twitter:card\" content=\"summary_large_image\" \/>\n<meta name=\"twitter:label1\" content=\"Tiempo de lectura\" \/>\n\t<meta name=\"twitter:data1\" content=\"1 minuto\" \/>\n<!-- \/ Yoast SEO plugin. -->","yoast_head_json":{"title":"Desarrollo de Productos - OTC Organics","robots":{"index":"index","follow":"follow","max-snippet":"max-snippet:-1","max-image-preview":"max-image-preview:large","max-video-preview":"max-video-preview:-1"},"canonical":"https:\/\/otcorganics.com\/es\/oferta\/desarrollo-de-productos\/","og_locale":"es_ES","og_type":"article","og_title":"Desarrollo de Productos - OTC Organics","og_description":"Desarrollo de Productos Acompa\u00f1amos a nuestros productos desde la flor hasta la cosecha Cualquier amante de las frutas y verduras sabe que estos productos necesitan algo m\u00e1s que sol, agua y tierra: cuidado. Este aspecto ocupa un lugar central para nuestro departamento de Desarrollo de Productos. Todos los d\u00edas nos puede encontrar en las fincasLeer m\u00e1s","og_url":"https:\/\/otcorganics.com\/es\/oferta\/desarrollo-de-productos\/","og_site_name":"OTC Organics","article_modified_time":"2023-05-16T13:19:12+00:00","og_image":[{"url":"https:\/\/otcorganics.com\/wp-content\/uploads\/2023\/04\/Product-Development-verticaal2.jpg","type":"","width":"","height":""}],"twitter_card":"summary_large_image","twitter_misc":{"Tiempo de lectura":"1 minuto"},"schema":{"@context":"https:\/\/schema.org","@graph":[{"@type":"WebPage","@id":"https:\/\/otcorganics.com\/es\/oferta\/desarrollo-de-productos\/","url":"https:\/\/otcorganics.com\/es\/oferta\/desarrollo-de-productos\/","name":"Desarrollo de Productos - OTC Organics","isPartOf":{"@id":"https:\/\/otcorganics.com\/es\/#website"},"primaryImageOfPage":{"@id":"https:\/\/otcorganics.com\/es\/oferta\/desarrollo-de-productos\/#primaryimage"},"image":{"@id":"https:\/\/otcorganics.com\/es\/oferta\/desarrollo-de-productos\/#primaryimage"},"thumbnailUrl":"https:\/\/otcorganics.com\/wp-content\/uploads\/2023\/04\/Product-Development-verticaal2.jpg","datePublished":"2023-02-07T14:36:50+00:00","dateModified":"2023-05-16T13:19:12+00:00","breadcrumb":{"@id":"https:\/\/otcorganics.com\/es\/oferta\/desarrollo-de-productos\/#breadcrumb"},"inLanguage":"es","potentialAction":[{"@type":"ReadAction","target":["https:\/\/otcorganics.com\/es\/oferta\/desarrollo-de-productos\/"]}]},{"@type":"ImageObject","inLanguage":"es","@id":"https:\/\/otcorganics.com\/es\/oferta\/desarrollo-de-productos\/#primaryimage","url":"https:\/\/otcorganics.com\/wp-content\/uploads\/2023\/04\/Product-Development-verticaal2.jpg","contentUrl":"https:\/\/otcorganics.com\/wp-content\/uploads\/2023\/04\/Product-Development-verticaal2.jpg"},{"@type":"BreadcrumbList","@id":"https:\/\/otcorganics.com\/es\/oferta\/desarrollo-de-productos\/#breadcrumb","itemListElement":[{"@type":"ListItem","position":1,"name":"Home","item":"https:\/\/otcorganics.com\/es\/"},{"@type":"ListItem","position":2,"name":"Oferta","item":"https:\/\/otcorganics.com\/es\/aanbod\/"},{"@type":"ListItem","position":3,"name":"Desarrollo de Productos"}]},{"@type":"WebSite","@id":"https:\/\/otcorganics.com\/es\/#website","url":"https:\/\/otcorganics.com\/es\/","name":"OTC Organics","description":"","potentialAction":[{"@type":"SearchAction","target":{"@type":"EntryPoint","urlTemplate":"https:\/\/otcorganics.com\/es\/?s={search_term_string}"},"query-input":{"@type":"PropertyValueSpecification","valueRequired":true,"valueName":"search_term_string"}}],"inLanguage":"es"}]}},"_links":{"self":[{"href":"https:\/\/otcorganics.com\/es\/wp-json\/wp\/v2\/pages\/4815","targetHints":{"allow":["GET"]}}],"collection":[{"href":"https:\/\/otcorganics.com\/es\/wp-json\/wp\/v2\/pages"}],"about":[{"href":"https:\/\/otcorganics.com\/es\/wp-json\/wp\/v2\/types\/page"}],"author":[{"embeddable":true,"href":"https:\/\/otcorganics.com\/es\/wp-json\/wp\/v2\/users\/1"}],"replies":[{"embeddable":true,"href":"https:\/\/otcorganics.com\/es\/wp-json\/wp\/v2\/comments?post=4815"}],"version-history":[{"count":4,"href":"https:\/\/otcorganics.com\/es\/wp-json\/wp\/v2\/pages\/4815\/revisions"}],"predecessor-version":[{"id":5938,"href":"https:\/\/otcorganics.com\/es\/wp-json\/wp\/v2\/pages\/4815\/revisions\/5938"}],"up":[{"embeddable":true,"href":"https:\/\/otcorganics.com\/es\/wp-json\/wp\/v2\/pages\/4807"}],"wp:attachment":[{"href":"https:\/\/otcorganics.com\/es\/wp-json\/wp\/v2\/media?parent=4815"}],"curies":[{"name":"wp","href":"https:\/\/api.w.org\/{rel}","templated":true}]}}