{"id":4819,"date":"2023-02-07T14:41:41","date_gmt":"2023-02-07T14:41:41","guid":{"rendered":"https:\/\/otcorganics.com\/oferta\/almacen-ecologico-de-ultima-generacion\/"},"modified":"2023-05-25T09:01:05","modified_gmt":"2023-05-25T09:01:05","slug":"almacen-ecologico-de-ultima-generacion","status":"publish","type":"page","link":"https:\/\/otcorganics.com\/es\/oferta\/almacen-ecologico-de-ultima-generacion\/","title":{"rendered":"Almac\u00e9n ecol\u00f3gico de \u00faltima generaci\u00f3n"},"content":{"rendered":"\t\t<div data-elementor-type=\"wp-page\" data-elementor-id=\"4819\" class=\"elementor elementor-4819 elementor-2018\" data-elementor-post-type=\"page\">\n\t\t\t\t\t\t<section class=\"elementor-section elementor-top-section elementor-element elementor-element-d5c2eec elementor-section-content-middle elementor-section-boxed elementor-section-height-default elementor-section-height-default\" data-id=\"d5c2eec\" data-element_type=\"section\">\n\t\t\t\t\t\t<div class=\"elementor-container elementor-column-gap-default\">\n\t\t\t\t\t<div class=\"elementor-column elementor-col-50 elementor-top-column elementor-element elementor-element-078a1cf\" data-id=\"078a1cf\" data-element_type=\"column\">\n\t\t\t<div class=\"elementor-widget-wrap elementor-element-populated\">\n\t\t\t\t\t\t<div class=\"elementor-element elementor-element-7b11eb6 elementor-widget elementor-widget-sosso-single-image\" data-id=\"7b11eb6\" data-element_type=\"widget\" data-widget_type=\"sosso-single-image.default\">\n\t\t\t\t<div class=\"elementor-widget-container\">\n\t\t\t\t\t<div class=\"klb-single-image about-info-thumb ml-30 mr-30\"><img decoding=\"async\" src=\"https:\/\/otcorganics.com\/wp-content\/uploads\/2023\/04\/State-of-the-art-verticaal2.jpg\" alt=\"about\"><\/div>\t\t\t\t<\/div>\n\t\t\t\t<\/div>\n\t\t\t\t\t<\/div>\n\t\t<\/div>\n\t\t\t\t<div class=\"elementor-column elementor-col-50 elementor-top-column elementor-element elementor-element-dc4b616\" data-id=\"dc4b616\" data-element_type=\"column\">\n\t\t\t<div class=\"elementor-widget-wrap elementor-element-populated\">\n\t\t\t\t\t\t<div class=\"elementor-element elementor-element-3bad455 elementor-widget elementor-widget-sosso-custom-title\" data-id=\"3bad455\" data-element_type=\"widget\" data-widget_type=\"sosso-custom-title.default\">\n\t\t\t\t<div class=\"elementor-widget-container\">\n\t\t\t\t\t<div class=\"klb-custom-title\"><span>Almac\u00e9n ecol\u00f3gico de \u00faltima generaci\u00f3n<\/span><h3 class=\"title\">Enviar, envasar, distribuir: no dejamos nada al azar<\/h3><\/div>\t\t\t\t<\/div>\n\t\t\t\t<\/div>\n\t\t\t\t<div class=\"elementor-element elementor-element-1994d23 elementor-widget elementor-widget-text-editor\" data-id=\"1994d23\" data-element_type=\"widget\" data-widget_type=\"text-editor.default\">\n\t\t\t\t<div class=\"elementor-widget-container\">\n\t\t\t\t\t\t\t\t\t<p>Suelo radiante, unidades de secado, c\u00e1maras frigor\u00edficas a la temperatura exacta&#8230; a nuestras frutas y verduras no les falta de nada cuando llegan a nuestro cliente en Europa.<\/p>\n<p>Almacenamos los productos en nuestro almac\u00e9n ecol\u00f3gico de \u00faltima generaci\u00f3n en Poeldijk, cerca de los puertos de R\u00f3terdam y Amberes. En Poeldijk, los productos son envasados cuidadosamente y de forma personalizada y, tras un control final exhaustivo, prosiguen su camino lo antes posible hacia nuestros clientes de toda Europa. \u00a1M\u00e1s frescura, imposible!<\/p>\n\t\t\t\t\t\t\t\t<\/div>\n\t\t\t\t<\/div>\n\t\t\t\t\t<\/div>\n\t\t<\/div>\n\t\t\t\t\t<\/div>\n\t\t<\/section>\n\t\t\t\t<\/div>\n\t\t","protected":false},"excerpt":{"rendered":"<p>Almac\u00e9n ecol\u00f3gico de \u00faltima generaci\u00f3n Enviar, envasar, distribuir: no dejamos nada al azar Suelo radiante, unidades de secado, c\u00e1maras frigor\u00edficas a la temperatura exacta&#8230; a nuestras frutas y verduras no les falta de nada cuando llegan a nuestro cliente en Europa. Almacenamos los productos en nuestro almac\u00e9n ecol\u00f3gico de \u00faltima generaci\u00f3n en Poeldijk, cerca de<\/p>\n<div class=\"read-more\"><a href=\"https:\/\/otcorganics.com\/es\/oferta\/almacen-ecologico-de-ultima-generacion\/\"><i class=\"fal fa-arrow-right\"><\/i>Leer m\u00e1s<\/a><\/div>\n","protected":false},"author":1,"featured_media":0,"parent":4807,"menu_order":0,"comment_status":"closed","ping_status":"closed","template":"","meta":{"_acf_changed":false,"footnotes":""},"class_list":["post-4819","page","type-page","status-publish","hentry"],"acf":[],"yoast_head":"<!-- This site is optimized with the Yoast SEO plugin v26.0 - https:\/\/yoast.com\/wordpress\/plugins\/seo\/ -->\n<title>Almac\u00e9n ecol\u00f3gico de \u00faltima generaci\u00f3n - OTC Organics<\/title>\n<meta name=\"robots\" content=\"index, follow, max-snippet:-1, max-image-preview:large, max-video-preview:-1\" \/>\n<link rel=\"canonical\" href=\"https:\/\/otcorganics.com\/es\/oferta\/almacen-ecologico-de-ultima-generacion\/\" \/>\n<meta property=\"og:locale\" content=\"es_ES\" \/>\n<meta property=\"og:type\" content=\"article\" \/>\n<meta property=\"og:title\" content=\"Almac\u00e9n ecol\u00f3gico de \u00faltima generaci\u00f3n - OTC Organics\" \/>\n<meta property=\"og:description\" content=\"Almac\u00e9n ecol\u00f3gico de \u00faltima generaci\u00f3n Enviar, envasar, distribuir: no dejamos nada al azar Suelo radiante, unidades de secado, c\u00e1maras frigor\u00edficas a la temperatura exacta&#8230; a nuestras frutas y verduras no les falta de nada cuando llegan a nuestro cliente en Europa. Almacenamos los productos en nuestro almac\u00e9n ecol\u00f3gico de \u00faltima generaci\u00f3n en Poeldijk, cerca deLeer m\u00e1s\" \/>\n<meta property=\"og:url\" content=\"https:\/\/otcorganics.com\/es\/oferta\/almacen-ecologico-de-ultima-generacion\/\" \/>\n<meta property=\"og:site_name\" content=\"OTC Organics\" \/>\n<meta property=\"article:modified_time\" content=\"2023-05-25T09:01:05+00:00\" \/>\n<meta property=\"og:image\" content=\"https:\/\/otcorganics.com\/wp-content\/uploads\/2023\/04\/State-of-the-art-verticaal2.jpg\" \/>\n<meta name=\"twitter:card\" content=\"summary_large_image\" \/>\n<meta name=\"twitter:label1\" content=\"Tiempo de lectura\" \/>\n\t<meta name=\"twitter:data1\" content=\"1 minuto\" \/>\n<!-- \/ Yoast SEO plugin. -->","yoast_head_json":{"title":"Almac\u00e9n ecol\u00f3gico de \u00faltima generaci\u00f3n - OTC Organics","robots":{"index":"index","follow":"follow","max-snippet":"max-snippet:-1","max-image-preview":"max-image-preview:large","max-video-preview":"max-video-preview:-1"},"canonical":"https:\/\/otcorganics.com\/es\/oferta\/almacen-ecologico-de-ultima-generacion\/","og_locale":"es_ES","og_type":"article","og_title":"Almac\u00e9n ecol\u00f3gico de \u00faltima generaci\u00f3n - OTC Organics","og_description":"Almac\u00e9n ecol\u00f3gico de \u00faltima generaci\u00f3n Enviar, envasar, distribuir: no dejamos nada al azar Suelo radiante, unidades de secado, c\u00e1maras frigor\u00edficas a la temperatura exacta&#8230; a nuestras frutas y verduras no les falta de nada cuando llegan a nuestro cliente en Europa. Almacenamos los productos en nuestro almac\u00e9n ecol\u00f3gico de \u00faltima generaci\u00f3n en Poeldijk, cerca deLeer m\u00e1s","og_url":"https:\/\/otcorganics.com\/es\/oferta\/almacen-ecologico-de-ultima-generacion\/","og_site_name":"OTC Organics","article_modified_time":"2023-05-25T09:01:05+00:00","og_image":[{"url":"https:\/\/otcorganics.com\/wp-content\/uploads\/2023\/04\/State-of-the-art-verticaal2.jpg","type":"","width":"","height":""}],"twitter_card":"summary_large_image","twitter_misc":{"Tiempo de lectura":"1 minuto"},"schema":{"@context":"https:\/\/schema.org","@graph":[{"@type":"WebPage","@id":"https:\/\/otcorganics.com\/es\/oferta\/almacen-ecologico-de-ultima-generacion\/","url":"https:\/\/otcorganics.com\/es\/oferta\/almacen-ecologico-de-ultima-generacion\/","name":"Almac\u00e9n ecol\u00f3gico de \u00faltima generaci\u00f3n - OTC Organics","isPartOf":{"@id":"https:\/\/otcorganics.com\/es\/#website"},"primaryImageOfPage":{"@id":"https:\/\/otcorganics.com\/es\/oferta\/almacen-ecologico-de-ultima-generacion\/#primaryimage"},"image":{"@id":"https:\/\/otcorganics.com\/es\/oferta\/almacen-ecologico-de-ultima-generacion\/#primaryimage"},"thumbnailUrl":"https:\/\/otcorganics.com\/wp-content\/uploads\/2023\/04\/State-of-the-art-verticaal2.jpg","datePublished":"2023-02-07T14:41:41+00:00","dateModified":"2023-05-25T09:01:05+00:00","breadcrumb":{"@id":"https:\/\/otcorganics.com\/es\/oferta\/almacen-ecologico-de-ultima-generacion\/#breadcrumb"},"inLanguage":"es","potentialAction":[{"@type":"ReadAction","target":["https:\/\/otcorganics.com\/es\/oferta\/almacen-ecologico-de-ultima-generacion\/"]}]},{"@type":"ImageObject","inLanguage":"es","@id":"https:\/\/otcorganics.com\/es\/oferta\/almacen-ecologico-de-ultima-generacion\/#primaryimage","url":"https:\/\/otcorganics.com\/wp-content\/uploads\/2023\/04\/State-of-the-art-verticaal2.jpg","contentUrl":"https:\/\/otcorganics.com\/wp-content\/uploads\/2023\/04\/State-of-the-art-verticaal2.jpg"},{"@type":"BreadcrumbList","@id":"https:\/\/otcorganics.com\/es\/oferta\/almacen-ecologico-de-ultima-generacion\/#breadcrumb","itemListElement":[{"@type":"ListItem","position":1,"name":"Home","item":"https:\/\/otcorganics.com\/es\/"},{"@type":"ListItem","position":2,"name":"Oferta","item":"https:\/\/otcorganics.com\/es\/aanbod\/"},{"@type":"ListItem","position":3,"name":"Almac\u00e9n ecol\u00f3gico de \u00faltima generaci\u00f3n"}]},{"@type":"WebSite","@id":"https:\/\/otcorganics.com\/es\/#website","url":"https:\/\/otcorganics.com\/es\/","name":"OTC Organics","description":"","potentialAction":[{"@type":"SearchAction","target":{"@type":"EntryPoint","urlTemplate":"https:\/\/otcorganics.com\/es\/?s={search_term_string}"},"query-input":{"@type":"PropertyValueSpecification","valueRequired":true,"valueName":"search_term_string"}}],"inLanguage":"es"}]}},"_links":{"self":[{"href":"https:\/\/otcorganics.com\/es\/wp-json\/wp\/v2\/pages\/4819","targetHints":{"allow":["GET"]}}],"collection":[{"href":"https:\/\/otcorganics.com\/es\/wp-json\/wp\/v2\/pages"}],"about":[{"href":"https:\/\/otcorganics.com\/es\/wp-json\/wp\/v2\/types\/page"}],"author":[{"embeddable":true,"href":"https:\/\/otcorganics.com\/es\/wp-json\/wp\/v2\/users\/1"}],"replies":[{"embeddable":true,"href":"https:\/\/otcorganics.com\/es\/wp-json\/wp\/v2\/comments?post=4819"}],"version-history":[{"count":3,"href":"https:\/\/otcorganics.com\/es\/wp-json\/wp\/v2\/pages\/4819\/revisions"}],"predecessor-version":[{"id":6245,"href":"https:\/\/otcorganics.com\/es\/wp-json\/wp\/v2\/pages\/4819\/revisions\/6245"}],"up":[{"embeddable":true,"href":"https:\/\/otcorganics.com\/es\/wp-json\/wp\/v2\/pages\/4807"}],"wp:attachment":[{"href":"https:\/\/otcorganics.com\/es\/wp-json\/wp\/v2\/media?parent=4819"}],"curies":[{"name":"wp","href":"https:\/\/api.w.org\/{rel}","templated":true}]}}