{"id":4847,"date":"2023-02-07T12:45:41","date_gmt":"2023-02-07T12:45:41","guid":{"rendered":"https:\/\/otcorganics.com\/integridad-ecologica\/calidad-y-trazabilidad\/"},"modified":"2023-06-19T14:53:48","modified_gmt":"2023-06-19T14:53:48","slug":"calidad-y-trazabilidad","status":"publish","type":"page","link":"https:\/\/otcorganics.com\/es\/integridad-ecologica\/calidad-y-trazabilidad\/","title":{"rendered":"Calidad y trazabilidad"},"content":{"rendered":"\t\t<div data-elementor-type=\"wp-page\" data-elementor-id=\"4847\" class=\"elementor elementor-4847 elementor-1911\" data-elementor-post-type=\"page\">\n\t\t\t\t\t\t<section class=\"elementor-section elementor-top-section elementor-element elementor-element-0aeb097 elementor-section-full_width elementor-section-height-default elementor-section-height-default\" data-id=\"0aeb097\" data-element_type=\"section\">\n\t\t\t\t\t\t<div class=\"elementor-container elementor-column-gap-no\">\n\t\t\t\t\t<div class=\"elementor-column elementor-col-100 elementor-top-column elementor-element elementor-element-e4578ae\" data-id=\"e4578ae\" data-element_type=\"column\">\n\t\t\t<div class=\"elementor-widget-wrap elementor-element-populated\">\n\t\t\t\t\t\t<div class=\"elementor-element elementor-element-9574ee2 elementor-widget elementor-widget-sosso-breadcrumb\" data-id=\"9574ee2\" data-element_type=\"widget\" data-widget_type=\"sosso-breadcrumb.default\">\n\t\t\t\t<div class=\"elementor-widget-container\">\n\t\t\t\t\t<section class=\"page-title-area bg_cover d-flex align-items-center\" style=\"background-image: url(https:\/\/otcorganics.com\/wp-content\/uploads\/2023\/04\/Kwaliteit-en-traceerbaarheid-header.jpg)\"><div class=\"container\"><div class=\"row\"><div class=\"col-lg-6\"><div class=\"page-title-content\"><h3 class=\"title\">Calidad y trazabilidad<\/h3><nav aria-label=\"breadcrumb\"><nav aria-label=\"breadcrumb\"><ol class=\"breadcrumb\"><li class=\"breadcrumb-item\"><a  href=\"https:\/\/otcorganics.com\/es\/\" title=\"Home\" rel=\"bookmark\">Home<\/a> <\/li>  <\/ol><\/nav><\/nav><\/div><\/div><\/div><\/div><\/section>\t\t\t\t<\/div>\n\t\t\t\t<\/div>\n\t\t\t\t\t<\/div>\n\t\t<\/div>\n\t\t\t\t\t<\/div>\n\t\t<\/section>\n\t\t\t\t<section class=\"elementor-section elementor-top-section elementor-element elementor-element-d5c2eec elementor-section-content-middle elementor-section-boxed elementor-section-height-default elementor-section-height-default\" data-id=\"d5c2eec\" data-element_type=\"section\">\n\t\t\t\t\t\t<div class=\"elementor-container elementor-column-gap-default\">\n\t\t\t\t\t<div class=\"elementor-column elementor-col-50 elementor-top-column elementor-element elementor-element-078a1cf\" data-id=\"078a1cf\" data-element_type=\"column\">\n\t\t\t<div class=\"elementor-widget-wrap elementor-element-populated\">\n\t\t\t\t\t\t<div class=\"elementor-element elementor-element-7b11eb6 elementor-widget elementor-widget-sosso-single-image\" data-id=\"7b11eb6\" data-element_type=\"widget\" data-widget_type=\"sosso-single-image.default\">\n\t\t\t\t<div class=\"elementor-widget-container\">\n\t\t\t\t\t<div class=\"klb-single-image about-info-thumb ml-30 mr-30\"><img decoding=\"async\" src=\"https:\/\/otcorganics.com\/wp-content\/uploads\/2023\/04\/Kwaliteit-en-traceerbaarheid-verticaal1.jpg\" alt=\"about\"><\/div>\t\t\t\t<\/div>\n\t\t\t\t<\/div>\n\t\t\t\t\t<\/div>\n\t\t<\/div>\n\t\t\t\t<div class=\"elementor-column elementor-col-50 elementor-top-column elementor-element elementor-element-dc4b616\" data-id=\"dc4b616\" data-element_type=\"column\">\n\t\t\t<div class=\"elementor-widget-wrap elementor-element-populated\">\n\t\t\t\t\t\t<div class=\"elementor-element elementor-element-3bad455 elementor-widget elementor-widget-sosso-custom-title\" data-id=\"3bad455\" data-element_type=\"widget\" data-widget_type=\"sosso-custom-title.default\">\n\t\t\t\t<div class=\"elementor-widget-container\">\n\t\t\t\t\t<div class=\"klb-custom-title\"><span>Calidad y trazabilidad<\/span><h3 class=\"title\">La impecable trazabilidad de nuestros productos da confianza a los minoristas y consigue que los proveedores puedan trabajar de forma \u00f3ptima<\/h3><\/div>\t\t\t\t<\/div>\n\t\t\t\t<\/div>\n\t\t\t\t<div class=\"elementor-element elementor-element-1994d23 elementor-widget elementor-widget-text-editor\" data-id=\"1994d23\" data-element_type=\"widget\" data-widget_type=\"text-editor.default\">\n\t\t\t\t<div class=\"elementor-widget-container\">\n\t\t\t\t\t\t\t\t\t<p>Como minorista, usted necesita tener esta seguridad, porque las frutas y verduras ecol\u00f3gicas tienen que cumplir muchos requisitos. Gracias a la trazabilidad de nuestros productos, si es necesario somos capaces de reaccionar de forma r\u00e1pida y adecuada en caso de problemas de calidad. Esto tiene ventajas no solo para el minorista, sino tambi\u00e9n para el proveedor. Al garantizar la trazabilidad de todas las etapas de la cadena, podemos averiguar f\u00e1cilmente y enseguida la causa en caso de incidencias y las solucionamos con igual rapidez. \u00a1Para nosotros la integridad ecol\u00f3gica es lo primero!<\/p>\n\t\t\t\t\t\t\t\t<\/div>\n\t\t\t\t<\/div>\n\t\t\t\t\t<\/div>\n\t\t<\/div>\n\t\t\t\t\t<\/div>\n\t\t<\/section>\n\t\t\t\t<section class=\"elementor-section elementor-top-section elementor-element elementor-element-33f7274 elementor-section-boxed elementor-section-height-default elementor-section-height-default\" data-id=\"33f7274\" data-element_type=\"section\">\n\t\t\t\t\t\t<div class=\"elementor-container elementor-column-gap-default\">\n\t\t\t\t\t<div class=\"elementor-column elementor-col-50 elementor-top-column elementor-element elementor-element-db65bc2\" data-id=\"db65bc2\" data-element_type=\"column\">\n\t\t\t<div class=\"elementor-widget-wrap elementor-element-populated\">\n\t\t\t\t\t\t<div class=\"elementor-element elementor-element-7e129a8 elementor-widget elementor-widget-heading\" data-id=\"7e129a8\" data-element_type=\"widget\" data-widget_type=\"heading.default\">\n\t\t\t\t<div class=\"elementor-widget-container\">\n\t\t\t\t\t<h2 class=\"elementor-heading-title elementor-size-default\">Los controles dan confianza<\/h2>\t\t\t\t<\/div>\n\t\t\t\t<\/div>\n\t\t\t\t\t<\/div>\n\t\t<\/div>\n\t\t\t\t<div class=\"elementor-column elementor-col-50 elementor-top-column elementor-element elementor-element-89f2067\" data-id=\"89f2067\" data-element_type=\"column\">\n\t\t\t<div class=\"elementor-widget-wrap elementor-element-populated\">\n\t\t\t\t\t\t<div class=\"elementor-element elementor-element-a888b83 elementor-widget elementor-widget-text-editor\" data-id=\"a888b83\" data-element_type=\"widget\" data-widget_type=\"text-editor.default\">\n\t\t\t\t<div class=\"elementor-widget-container\">\n\t\t\t\t\t\t\t\t\t<p>Adem\u00e1s de una red firme y confiable, nuestros certificados nos ayudan a garantizar la integridad ecol\u00f3gica y la seguridad alimentaria de nuestros productos. Disponemos de un gran surtido de marcados con los que podemos servir a minoristas europeos. Desde Krav a Fair Trade, pasando por GLOBALG.A.P. y Demeter.<\/p>\n\t\t\t\t\t\t\t\t<\/div>\n\t\t\t\t<\/div>\n\t\t\t\t\t<\/div>\n\t\t<\/div>\n\t\t\t\t\t<\/div>\n\t\t<\/section>\n\t\t\t\t<section class=\"elementor-section elementor-top-section elementor-element elementor-element-01ea138 elementor-section-boxed elementor-section-height-default elementor-section-height-default\" data-id=\"01ea138\" data-element_type=\"section\">\n\t\t\t\t\t\t<div class=\"elementor-container elementor-column-gap-default\">\n\t\t\t\t\t<div class=\"elementor-column elementor-col-50 elementor-top-column elementor-element elementor-element-b118196\" data-id=\"b118196\" data-element_type=\"column\">\n\t\t\t<div class=\"elementor-widget-wrap elementor-element-populated\">\n\t\t\t\t\t\t<div class=\"elementor-element elementor-element-ca51caf elementor-widget elementor-widget-heading\" data-id=\"ca51caf\" data-element_type=\"widget\" data-widget_type=\"heading.default\">\n\t\t\t\t<div class=\"elementor-widget-container\">\n\t\t\t\t\t<h2 class=\"elementor-heading-title elementor-size-default\">Inspeccionar, inspeccionar y volver a inspeccionar<\/h2>\t\t\t\t<\/div>\n\t\t\t\t<\/div>\n\t\t\t\t\t<\/div>\n\t\t<\/div>\n\t\t\t\t<div class=\"elementor-column elementor-col-50 elementor-top-column elementor-element elementor-element-95fa37d\" data-id=\"95fa37d\" data-element_type=\"column\">\n\t\t\t<div class=\"elementor-widget-wrap elementor-element-populated\">\n\t\t\t\t\t\t<div class=\"elementor-element elementor-element-9376a39 elementor-widget elementor-widget-text-editor\" data-id=\"9376a39\" data-element_type=\"widget\" data-widget_type=\"text-editor.default\">\n\t\t\t\t<div class=\"elementor-widget-container\">\n\t\t\t\t\t\t\t\t\t<p>Las organizaciones que est\u00e1n detr\u00e1s de esos marcados llevan a cabo controles aleatorios de nuestros productos, pero nosotros mismos realizamos tambi\u00e9n un control exhaustivo de la calidad y la integridad ecol\u00f3gica. No hay lote o contenedor que salga de nuestro almac\u00e9n de Poeldijk sin haber sido revisado dos veces: al llegar y al salir.<\/p>\n\t\t\t\t\t\t\t\t<\/div>\n\t\t\t\t<\/div>\n\t\t\t\t\t<\/div>\n\t\t<\/div>\n\t\t\t\t\t<\/div>\n\t\t<\/section>\n\t\t\t\t<\/div>\n\t\t","protected":false},"excerpt":{"rendered":"<p>Calidad y trazabilidad Home Calidad y trazabilidad La impecable trazabilidad de nuestros productos da confianza a los minoristas y consigue que los proveedores puedan trabajar de forma \u00f3ptima Como minorista, usted necesita tener esta seguridad, porque las frutas y verduras ecol\u00f3gicas tienen que cumplir muchos requisitos. Gracias a la trazabilidad de nuestros productos, si es<\/p>\n<div class=\"read-more\"><a href=\"https:\/\/otcorganics.com\/es\/integridad-ecologica\/calidad-y-trazabilidad\/\"><i class=\"fal fa-arrow-right\"><\/i>Leer m\u00e1s<\/a><\/div>\n","protected":false},"author":1,"featured_media":0,"parent":4831,"menu_order":0,"comment_status":"closed","ping_status":"closed","template":"","meta":{"_acf_changed":false,"footnotes":""},"class_list":["post-4847","page","type-page","status-publish","hentry"],"acf":[],"yoast_head":"<!-- This site is optimized with the Yoast SEO plugin v26.0 - https:\/\/yoast.com\/wordpress\/plugins\/seo\/ -->\n<title>Calidad y trazabilidad - OTC Organics<\/title>\n<meta name=\"robots\" content=\"index, follow, max-snippet:-1, max-image-preview:large, max-video-preview:-1\" \/>\n<link rel=\"canonical\" href=\"https:\/\/otcorganics.com\/es\/integridad-ecologica\/calidad-y-trazabilidad\/\" \/>\n<meta property=\"og:locale\" content=\"es_ES\" \/>\n<meta property=\"og:type\" content=\"article\" \/>\n<meta property=\"og:title\" content=\"Calidad y trazabilidad - OTC Organics\" \/>\n<meta property=\"og:description\" content=\"Calidad y trazabilidad Home Calidad y trazabilidad La impecable trazabilidad de nuestros productos da confianza a los minoristas y consigue que los proveedores puedan trabajar de forma \u00f3ptima Como minorista, usted necesita tener esta seguridad, porque las frutas y verduras ecol\u00f3gicas tienen que cumplir muchos requisitos. Gracias a la trazabilidad de nuestros productos, si esLeer m\u00e1s\" \/>\n<meta property=\"og:url\" content=\"https:\/\/otcorganics.com\/es\/integridad-ecologica\/calidad-y-trazabilidad\/\" \/>\n<meta property=\"og:site_name\" content=\"OTC Organics\" \/>\n<meta property=\"article:modified_time\" content=\"2023-06-19T14:53:48+00:00\" \/>\n<meta property=\"og:image\" content=\"https:\/\/otcorganics.com\/wp-content\/uploads\/2023\/04\/Kwaliteit-en-traceerbaarheid-verticaal1.jpg\" \/>\n<meta name=\"twitter:card\" content=\"summary_large_image\" \/>\n<meta name=\"twitter:label1\" content=\"Tiempo de lectura\" \/>\n\t<meta name=\"twitter:data1\" content=\"1 minuto\" \/>\n<!-- \/ Yoast SEO plugin. -->","yoast_head_json":{"title":"Calidad y trazabilidad - OTC Organics","robots":{"index":"index","follow":"follow","max-snippet":"max-snippet:-1","max-image-preview":"max-image-preview:large","max-video-preview":"max-video-preview:-1"},"canonical":"https:\/\/otcorganics.com\/es\/integridad-ecologica\/calidad-y-trazabilidad\/","og_locale":"es_ES","og_type":"article","og_title":"Calidad y trazabilidad - OTC Organics","og_description":"Calidad y trazabilidad Home Calidad y trazabilidad La impecable trazabilidad de nuestros productos da confianza a los minoristas y consigue que los proveedores puedan trabajar de forma \u00f3ptima Como minorista, usted necesita tener esta seguridad, porque las frutas y verduras ecol\u00f3gicas tienen que cumplir muchos requisitos. Gracias a la trazabilidad de nuestros productos, si esLeer m\u00e1s","og_url":"https:\/\/otcorganics.com\/es\/integridad-ecologica\/calidad-y-trazabilidad\/","og_site_name":"OTC Organics","article_modified_time":"2023-06-19T14:53:48+00:00","og_image":[{"url":"https:\/\/otcorganics.com\/wp-content\/uploads\/2023\/04\/Kwaliteit-en-traceerbaarheid-verticaal1.jpg","type":"","width":"","height":""}],"twitter_card":"summary_large_image","twitter_misc":{"Tiempo de lectura":"1 minuto"},"schema":{"@context":"https:\/\/schema.org","@graph":[{"@type":"WebPage","@id":"https:\/\/otcorganics.com\/es\/integridad-ecologica\/calidad-y-trazabilidad\/","url":"https:\/\/otcorganics.com\/es\/integridad-ecologica\/calidad-y-trazabilidad\/","name":"Calidad y trazabilidad - OTC Organics","isPartOf":{"@id":"https:\/\/otcorganics.com\/es\/#website"},"primaryImageOfPage":{"@id":"https:\/\/otcorganics.com\/es\/integridad-ecologica\/calidad-y-trazabilidad\/#primaryimage"},"image":{"@id":"https:\/\/otcorganics.com\/es\/integridad-ecologica\/calidad-y-trazabilidad\/#primaryimage"},"thumbnailUrl":"https:\/\/otcorganics.com\/wp-content\/uploads\/2023\/04\/Kwaliteit-en-traceerbaarheid-verticaal1.jpg","datePublished":"2023-02-07T12:45:41+00:00","dateModified":"2023-06-19T14:53:48+00:00","breadcrumb":{"@id":"https:\/\/otcorganics.com\/es\/integridad-ecologica\/calidad-y-trazabilidad\/#breadcrumb"},"inLanguage":"es","potentialAction":[{"@type":"ReadAction","target":["https:\/\/otcorganics.com\/es\/integridad-ecologica\/calidad-y-trazabilidad\/"]}]},{"@type":"ImageObject","inLanguage":"es","@id":"https:\/\/otcorganics.com\/es\/integridad-ecologica\/calidad-y-trazabilidad\/#primaryimage","url":"https:\/\/otcorganics.com\/wp-content\/uploads\/2023\/04\/Kwaliteit-en-traceerbaarheid-verticaal1.jpg","contentUrl":"https:\/\/otcorganics.com\/wp-content\/uploads\/2023\/04\/Kwaliteit-en-traceerbaarheid-verticaal1.jpg"},{"@type":"BreadcrumbList","@id":"https:\/\/otcorganics.com\/es\/integridad-ecologica\/calidad-y-trazabilidad\/#breadcrumb","itemListElement":[{"@type":"ListItem","position":1,"name":"Home","item":"https:\/\/otcorganics.com\/es\/"},{"@type":"ListItem","position":2,"name":"Integridad ecol\u00f3gica","item":"https:\/\/otcorganics.com\/es\/bio-integriteit\/"},{"@type":"ListItem","position":3,"name":"Calidad y trazabilidad"}]},{"@type":"WebSite","@id":"https:\/\/otcorganics.com\/es\/#website","url":"https:\/\/otcorganics.com\/es\/","name":"OTC Organics","description":"","potentialAction":[{"@type":"SearchAction","target":{"@type":"EntryPoint","urlTemplate":"https:\/\/otcorganics.com\/es\/?s={search_term_string}"},"query-input":{"@type":"PropertyValueSpecification","valueRequired":true,"valueName":"search_term_string"}}],"inLanguage":"es"}]}},"_links":{"self":[{"href":"https:\/\/otcorganics.com\/es\/wp-json\/wp\/v2\/pages\/4847","targetHints":{"allow":["GET"]}}],"collection":[{"href":"https:\/\/otcorganics.com\/es\/wp-json\/wp\/v2\/pages"}],"about":[{"href":"https:\/\/otcorganics.com\/es\/wp-json\/wp\/v2\/types\/page"}],"author":[{"embeddable":true,"href":"https:\/\/otcorganics.com\/es\/wp-json\/wp\/v2\/users\/1"}],"replies":[{"embeddable":true,"href":"https:\/\/otcorganics.com\/es\/wp-json\/wp\/v2\/comments?post=4847"}],"version-history":[{"count":8,"href":"https:\/\/otcorganics.com\/es\/wp-json\/wp\/v2\/pages\/4847\/revisions"}],"predecessor-version":[{"id":6423,"href":"https:\/\/otcorganics.com\/es\/wp-json\/wp\/v2\/pages\/4847\/revisions\/6423"}],"up":[{"embeddable":true,"href":"https:\/\/otcorganics.com\/es\/wp-json\/wp\/v2\/pages\/4831"}],"wp:attachment":[{"href":"https:\/\/otcorganics.com\/es\/wp-json\/wp\/v2\/media?parent=4847"}],"curies":[{"name":"wp","href":"https:\/\/api.w.org\/{rel}","templated":true}]}}