{"id":4856,"date":"2020-03-22T10:19:25","date_gmt":"2020-03-22T10:19:25","guid":{"rendered":"https:\/\/otcorganics.com\/inicio\/"},"modified":"2023-06-19T13:49:36","modified_gmt":"2023-06-19T13:49:36","slug":"inicio","status":"publish","type":"page","link":"https:\/\/otcorganics.com\/es\/","title":{"rendered":"Inicio"},"content":{"rendered":"\t\t<div data-elementor-type=\"wp-page\" data-elementor-id=\"4856\" class=\"elementor elementor-4856 elementor-1160\" data-elementor-post-type=\"page\">\n\t\t\t\t\t\t<div class=\"elementor-section elementor-top-section elementor-element elementor-element-2ffbec9 elementor-section-full_width elementor-section-height-default elementor-section-height-default\" data-id=\"2ffbec9\" data-element_type=\"section\">\n\t\t\t\t\t\t<div class=\"elementor-container elementor-column-gap-no\">\n\t\t\t\t\t<div class=\"elementor-column elementor-col-100 elementor-top-column elementor-element elementor-element-0d7ceab\" data-id=\"0d7ceab\" data-element_type=\"column\">\n\t\t\t<div class=\"elementor-widget-wrap elementor-element-populated\">\n\t\t\t\t\t\t<div class=\"elementor-element elementor-element-6e47869 elementor-widget elementor-widget-sosso-home-slider\" data-id=\"6e47869\" data-element_type=\"widget\" data-widget_type=\"sosso-home-slider.default\">\n\t\t\t\t<div class=\"elementor-widget-container\">\n\t\t\t\t\t<section class=\"banner-area\" data-autoplay=\"false\" data-autospeed=\"\"><div class=\"banner-item bg_cover\" style=\"background-image: url(https:\/\/otcorganics.com\/wp-content\/uploads\/2023\/02\/header1.jpg)\"><div class=\"container\"><div class=\"row\"><div class=\"col-lg-9\"><div class=\"banner-content\"><span>Del comercio al cultivo<\/span><h1 class=\"title\">Marquemos la diferencia con productos ecol\u00f3gicos<\/h1><p><\/p><ul><li><a href=\"\/telers\" class=\"main-btn\" >PARA LOS PRODUCTORES <i class=\"far fa-plus\"><\/i><\/a><\/li><li><a href=\"\/klanten\" class=\"main-btn main-btn-2\" >PARA LOS CLIENTES <i class=\"far fa-plus\"><\/i><\/a><\/li><\/ul><\/div><\/div><\/div><\/div><\/div><\/section>\t\t\t\t<\/div>\n\t\t\t\t<\/div>\n\t\t\t\t\t<\/div>\n\t\t<\/div>\n\t\t\t\t\t<\/div>\n\t\t<\/div>\n\t\t\t\t<section class=\"elementor-section elementor-top-section elementor-element elementor-element-d5c2eec elementor-section-content-middle elementor-section-boxed elementor-section-height-default elementor-section-height-default\" data-id=\"d5c2eec\" data-element_type=\"section\">\n\t\t\t\t\t\t<div class=\"elementor-container elementor-column-gap-default\">\n\t\t\t\t\t<div class=\"elementor-column elementor-col-50 elementor-top-column elementor-element elementor-element-078a1cf\" data-id=\"078a1cf\" data-element_type=\"column\">\n\t\t\t<div class=\"elementor-widget-wrap elementor-element-populated\">\n\t\t\t\t\t\t<div class=\"elementor-element elementor-element-7b11eb6 elementor-widget elementor-widget-sosso-single-image\" data-id=\"7b11eb6\" data-element_type=\"widget\" data-widget_type=\"sosso-single-image.default\">\n\t\t\t\t<div class=\"elementor-widget-container\">\n\t\t\t\t\t<div class=\"klb-single-image about-info-thumb ml-30 mr-30\"><img decoding=\"async\" src=\"https:\/\/otcorganics.com\/wp-content\/uploads\/2023\/04\/Home-Waarom-samenwerken-met-OTC-Organics.jpg\" alt=\"about\"><\/div>\t\t\t\t<\/div>\n\t\t\t\t<\/div>\n\t\t\t\t\t<\/div>\n\t\t<\/div>\n\t\t\t\t<div class=\"elementor-column elementor-col-50 elementor-top-column elementor-element elementor-element-dc4b616\" data-id=\"dc4b616\" data-element_type=\"column\">\n\t\t\t<div class=\"elementor-widget-wrap elementor-element-populated\">\n\t\t\t\t\t\t<div class=\"elementor-element elementor-element-3bad455 elementor-widget elementor-widget-sosso-custom-title\" data-id=\"3bad455\" data-element_type=\"widget\" data-widget_type=\"sosso-custom-title.default\">\n\t\t\t\t<div class=\"elementor-widget-container\">\n\t\t\t\t\t<div class=\"klb-custom-title\"><span>Qui\u00e9nes somos<\/span><h3 class=\"title\">\u00bfPor qu\u00e9 colaborar con OTC Organics?<\/h3><\/div>\t\t\t\t<\/div>\n\t\t\t\t<\/div>\n\t\t\t\t<div class=\"elementor-element elementor-element-1994d23 elementor-widget elementor-widget-text-editor\" data-id=\"1994d23\" data-element_type=\"widget\" data-widget_type=\"text-editor.default\">\n\t\t\t\t<div class=\"elementor-widget-container\">\n\t\t\t\t\t\t\t\t\t<p>Cultivar y suministrar fruta y verdura ecol\u00f3gica con la conciencia tranquila. Sostenible y de calidad superior. Con una colaboraci\u00f3n estrecha y comprometida con nuestros productores ecol\u00f3gicos profesionales.<\/p>\n<h4>\u00bfSuena bien, no?<strong><br \/>\n<\/strong><\/h4>\n<p>Pero no es tan simple como parece. Y es que la distribuci\u00f3n ecol\u00f3gica verdaderamente es otra historia. Los productos ecol\u00f3gicos tienen que cumplir montones de requisitos, cosa que obviamente est\u00e1 fenomenal. Antes de que salga para Europa un contenedor de fruta o verdura ecol\u00f3gica, han tenido que coordinarse todos los socios de la cadena de suministro. \u00a1As\u00ed que nada de enviar por ah\u00ed un contenedor de limones de cualquier manera!<\/p>\n<p><a class=\"klb-btn-text\" href=\"https:\/\/otcorganics.preview.websight.nl\/es\/quienes-somos\/\">Siga leyendo<\/a><\/p>\n\t\t\t\t\t\t\t\t<\/div>\n\t\t\t\t<\/div>\n\t\t\t\t\t<\/div>\n\t\t<\/div>\n\t\t\t\t\t<\/div>\n\t\t<\/section>\n\t\t\t\t<div class=\"elementor-section elementor-top-section elementor-element elementor-element-0c258a1 elementor-section-full_width elementor-section-height-default elementor-section-height-default\" data-id=\"0c258a1\" data-element_type=\"section\">\n\t\t\t\t\t\t<div class=\"elementor-container elementor-column-gap-no\">\n\t\t\t\t\t<div class=\"elementor-column elementor-col-100 elementor-top-column elementor-element elementor-element-7dcd1a8\" data-id=\"7dcd1a8\" data-element_type=\"column\">\n\t\t\t<div class=\"elementor-widget-wrap elementor-element-populated\">\n\t\t\t\t\t\t<div class=\"elementor-element elementor-element-3ab3409 elementor-widget elementor-widget-sosso-image-overlay\" data-id=\"3ab3409\" data-element_type=\"widget\" data-widget_type=\"sosso-image-overlay.default\">\n\t\t\t\t<div class=\"elementor-widget-container\">\n\t\t\t\t\t<section class=\"farms-area d-flex align-items-center bg_cover\" style=\"background-image:url(https:\/\/otcorganics.com\/wp-content\/uploads\/2023\/02\/Teler-flip.jpg)\"><div class=\"container\"><div class=\"row\"><div class=\"col-lg-7\"><div class=\"farms-content\"><span>CADA UNO A SU OFICIO, CADA UNO A SU TALENTO<\/span><h3 class=\"title\">Nuestra especialidad es el mercado ecol\u00f3gico<\/h3><a class=\"main-btn\" href=\"https:\/\/otcorganics.com\/bio-integriteit\/\" >INTEGRIDAD ECOL\u00d3GICA <i class=\"far fa-plus\"><\/i><\/a><\/div><\/div><\/div><\/div><\/section>\t\t\t\t<\/div>\n\t\t\t\t<\/div>\n\t\t\t\t\t<\/div>\n\t\t<\/div>\n\t\t\t\t\t<\/div>\n\t\t<\/div>\n\t\t\t\t<section class=\"elementor-section elementor-top-section elementor-element elementor-element-43fa805 elementor-section-boxed elementor-section-height-default elementor-section-height-default\" data-id=\"43fa805\" data-element_type=\"section\" data-settings=\"{&quot;background_background&quot;:&quot;classic&quot;}\">\n\t\t\t\t\t\t<div class=\"elementor-container elementor-column-gap-no\">\n\t\t\t\t\t<div class=\"elementor-column elementor-col-100 elementor-top-column elementor-element elementor-element-945a2eb\" data-id=\"945a2eb\" data-element_type=\"column\">\n\t\t\t<div class=\"elementor-widget-wrap elementor-element-populated\">\n\t\t\t\t\t\t<section class=\"elementor-section elementor-inner-section elementor-element elementor-element-5a93960 elementor-section-content-middle elementor-section-boxed elementor-section-height-default elementor-section-height-default\" data-id=\"5a93960\" data-element_type=\"section\">\n\t\t\t\t\t\t<div class=\"elementor-container elementor-column-gap-default\">\n\t\t\t\t\t<div class=\"elementor-column elementor-col-50 elementor-inner-column elementor-element elementor-element-f7585e2\" data-id=\"f7585e2\" data-element_type=\"column\">\n\t\t\t<div class=\"elementor-widget-wrap elementor-element-populated\">\n\t\t\t\t\t\t<div class=\"elementor-element elementor-element-a616468 elementor-widget elementor-widget-sosso-custom-title\" data-id=\"a616468\" data-element_type=\"widget\" data-widget_type=\"sosso-custom-title.default\">\n\t\t\t\t<div class=\"elementor-widget-container\">\n\t\t\t\t\t<div class=\"klb-custom-title\"><span>TODOS GANAMOS<\/span><h3 class=\"title\">Creemos que en una colaboraci\u00f3n fruct\u00edfera todos crecemos<\/h3><\/div>\t\t\t\t<\/div>\n\t\t\t\t<\/div>\n\t\t\t\t\t<\/div>\n\t\t<\/div>\n\t\t\t\t<div class=\"elementor-column elementor-col-50 elementor-inner-column elementor-element elementor-element-40d34da\" data-id=\"40d34da\" data-element_type=\"column\">\n\t\t\t<div class=\"elementor-widget-wrap elementor-element-populated\">\n\t\t\t\t\t\t<div class=\"elementor-element elementor-element-aa433d1 elementor-widget elementor-widget-text-editor\" data-id=\"aa433d1\" data-element_type=\"widget\" data-widget_type=\"text-editor.default\">\n\t\t\t\t<div class=\"elementor-widget-container\">\n\t\t\t\t\t\t\t\t\t<p>Para nosotros, mandar cajas y hacer dinero r\u00e1pido no es de lo que se trata. De lo que s\u00ed se trata es de implicarnos proactivamente. Estamos literalmente al lado de nuestros productores y con los pies metidos en el barro, en la huerta o en el invernadero. Para poder hacer correcciones a tiempo (cuando son necesarias) y asegurarnos de que los productos se cultiven bien y consigan la certificaci\u00f3n europea.<\/p>\n<p>Nuestras l\u00edneas son cortas, conocemos la legislaci\u00f3n aplicable y los caminos adecuados, y estamos a su disposici\u00f3n cuando nos necesita. Ayudamos a los cultivadores a convertirse en productores ecol\u00f3gicos sostenibles y socialmente responsables, as\u00ed como a ser autosuficientes y econ\u00f3micamente independientes. Y ayudamos a los clientes al ocuparnos de que los deseos y requisitos establecidos se cumplan y se respeten en el lugar del que proceden los productos. Usted feliz. Ellos felices. Nosotros felices.<\/p>\n\t\t\t\t\t\t\t\t<\/div>\n\t\t\t\t<\/div>\n\t\t\t\t\t<\/div>\n\t\t<\/div>\n\t\t\t\t\t<\/div>\n\t\t<\/section>\n\t\t\t\t<section class=\"elementor-section elementor-inner-section elementor-element elementor-element-6d99299 elementor-section-boxed elementor-section-height-default elementor-section-height-default\" data-id=\"6d99299\" data-element_type=\"section\">\n\t\t\t\t\t\t<div class=\"elementor-container elementor-column-gap-default\">\n\t\t\t\t\t<div class=\"elementor-column elementor-col-50 elementor-inner-column elementor-element elementor-element-fa5ed5e\" data-id=\"fa5ed5e\" data-element_type=\"column\">\n\t\t\t<div class=\"elementor-widget-wrap elementor-element-populated\">\n\t\t\t\t\t\t<div class=\"elementor-element elementor-element-df6e7bb elementor-widget elementor-widget-sosso-icon-box\" data-id=\"df6e7bb\" data-element_type=\"widget\" data-widget_type=\"sosso-icon-box.default\">\n\t\t\t\t<div class=\"elementor-widget-container\">\n\t\t\t\t\t<div class=\"klb-icon-box features-items\"><div class=\"item\"><i class=\"flaticon-agriculture-1\"><\/i><h4 class=\"title\">Para los productores<\/h4><p>Como cultivador, usted quiere ser tratado con respeto y obtener un precio justo por sus productos. <\/p><a href=\"\/telers\" >Leer m\u00e1s<\/a><\/div><\/div>\t\t\t\t<\/div>\n\t\t\t\t<\/div>\n\t\t\t\t\t<\/div>\n\t\t<\/div>\n\t\t\t\t<div class=\"elementor-column elementor-col-50 elementor-inner-column elementor-element elementor-element-db9ad17\" data-id=\"db9ad17\" data-element_type=\"column\">\n\t\t\t<div class=\"elementor-widget-wrap elementor-element-populated\">\n\t\t\t\t\t\t<div class=\"elementor-element elementor-element-23de10c elementor-widget elementor-widget-sosso-icon-box\" data-id=\"23de10c\" data-element_type=\"widget\" data-widget_type=\"sosso-icon-box.default\">\n\t\t\t\t<div class=\"elementor-widget-container\">\n\t\t\t\t\t<div class=\"klb-icon-box features-items\"><div class=\"item\"><i class=\"flaticon-fruit\"><\/i><h4 class=\"title\">Para los clientes<\/h4><p>Como minorista, usted quiere seguridad en lo que respecta a la calidad y disponibilidad de los productos. Da igual en qu\u00e9 eslab\u00f3n de la cadena se encuentre: estamos para ofrecerle esas garant\u00edas.<\/p><a href=\"\/klanten\" >Leer m\u00e1s<\/a><\/div><\/div>\t\t\t\t<\/div>\n\t\t\t\t<\/div>\n\t\t\t\t\t<\/div>\n\t\t<\/div>\n\t\t\t\t\t<\/div>\n\t\t<\/section>\n\t\t\t\t\t<\/div>\n\t\t<\/div>\n\t\t\t\t\t<\/div>\n\t\t<\/section>\n\t\t\t\t<div class=\"elementor-section elementor-top-section elementor-element elementor-element-481725e elementor-section-full_width elementor-section-height-default elementor-section-height-default\" data-id=\"481725e\" data-element_type=\"section\">\n\t\t\t\t\t\t<div class=\"elementor-container elementor-column-gap-no\">\n\t\t\t\t\t<div class=\"elementor-column elementor-col-100 elementor-top-column elementor-element elementor-element-52c1eea\" data-id=\"52c1eea\" data-element_type=\"column\">\n\t\t\t<div class=\"elementor-widget-wrap elementor-element-populated\">\n\t\t\t\t\t\t<div class=\"elementor-element elementor-element-51d2789 elementor-widget elementor-widget-sosso-latest-blog\" data-id=\"51d2789\" data-element_type=\"widget\" data-widget_type=\"sosso-latest-blog.default\">\n\t\t\t\t<div class=\"elementor-widget-container\">\n\t\t\t\t\t<section class=\"blog-area\"><div class=\"container\"><div class=\"row justify-content-center\"><div class=\"col-lg-7 col-md-9\"><div class=\"section-title text-center\"><span>NOTICIAS<\/span><h3 class=\"title\">\u00daltimas noticias<\/h3><\/div><\/div><\/div><div class=\"row justify-content-center\"><div class=\"col-lg-4 col-md-7 col-sm-9\"><div class=\"blog-item active mt-30\" style=\"background-image:url();\"><span><i class=\"far fa-calendar-alt\"><\/i> 3 Abr 2024<\/span><h4 class=\"title\">Thank you Edward Out!<\/h4><a  href=\"https:\/\/otcorganics.com\/es\/thank-you-edward-out\/\">Read More<\/a><\/div><\/div><div class=\"col-lg-4 col-md-7 col-sm-9\"><div class=\"blog-item mt-70\" style=\"background-image:url(https:\/\/otcorganics.com\/wp-content\/uploads\/2024\/03\/Website-tegel-vacature-2.png);\"><span><i class=\"far fa-calendar-alt\"><\/i> 21 Mar 2024<\/span><h4 class=\"title\">Update about the upcoming organic citrus season<\/h4><a  href=\"https:\/\/otcorganics.com\/es\/update-about-the-upcoming-organic-citrus-season\/\">Read More<\/a><\/div><\/div><div class=\"col-lg-4 col-md-7 col-sm-9\"><div class=\"blog-item mt-30\" style=\"background-image:url(https:\/\/otcorganics.com\/wp-content\/uploads\/2024\/03\/01-OTC-Academy-SPRING-certification.jpg);\"><span><i class=\"far fa-calendar-alt\"><\/i> 18 Mar 2024<\/span><h4 class=\"title\">OTC Academy empowers Peruvian organic avocado growers with SPRING certification workshops<\/h4><a  href=\"https:\/\/otcorganics.com\/es\/otc-academy-empowers-peruvian-organic-avocado-growers-with-spring-certification-workshops\/\">Read More<\/a><\/div><\/div><\/div><\/div><\/section>\t\t\t\t<\/div>\n\t\t\t\t<\/div>\n\t\t\t\t\t<\/div>\n\t\t<\/div>\n\t\t\t\t\t<\/div>\n\t\t<\/div>\n\t\t\t\t<section class=\"elementor-section elementor-top-section elementor-element elementor-element-f80c7ed elementor-section-boxed elementor-section-height-default elementor-section-height-default\" data-id=\"f80c7ed\" data-element_type=\"section\" data-settings=\"{&quot;background_background&quot;:&quot;classic&quot;}\">\n\t\t\t\t\t\t<div class=\"elementor-container elementor-column-gap-default\">\n\t\t\t\t\t<div class=\"elementor-column elementor-col-100 elementor-top-column elementor-element elementor-element-168cf9b\" data-id=\"168cf9b\" data-element_type=\"column\">\n\t\t\t<div class=\"elementor-widget-wrap elementor-element-populated\">\n\t\t\t\t\t\t<div class=\"elementor-element elementor-element-d9f55ee elementor-align-center elementor-widget elementor-widget-button\" data-id=\"d9f55ee\" data-element_type=\"widget\" data-widget_type=\"button.default\">\n\t\t\t\t<div class=\"elementor-widget-container\">\n\t\t\t\t\t\t\t\t\t<div class=\"elementor-button-wrapper\">\n\t\t\t\t\t<a class=\"elementor-button elementor-button-link elementor-size-sm\" href=\"https:\/\/otcorganics.com\/nl\/nieuws\/\">\n\t\t\t\t\t\t<span class=\"elementor-button-content-wrapper\">\n\t\t\t\t\t\t<span class=\"elementor-button-icon\">\n\t\t\t\t<i aria-hidden=\"true\" class=\"fas fa-plus\"><\/i>\t\t\t<\/span>\n\t\t\t\t\t\t\t\t\t<span class=\"elementor-button-text\">M\u00e1s noticias<\/span>\n\t\t\t\t\t<\/span>\n\t\t\t\t\t<\/a>\n\t\t\t\t<\/div>\n\t\t\t\t\t\t\t\t<\/div>\n\t\t\t\t<\/div>\n\t\t\t\t\t<\/div>\n\t\t<\/div>\n\t\t\t\t\t<\/div>\n\t\t<\/section>\n\t\t\t\t<\/div>\n\t\t","protected":false},"excerpt":{"rendered":"<p>Del comercio al cultivo Marquemos la diferencia con productos ecol\u00f3gicos PARA LOS PRODUCTORES PARA LOS CLIENTES Qui\u00e9nes somos \u00bfPor qu\u00e9 colaborar con OTC Organics? Cultivar y suministrar fruta y verdura ecol\u00f3gica con la conciencia tranquila. Sostenible y de calidad superior. Con una colaboraci\u00f3n estrecha y comprometida con nuestros productores ecol\u00f3gicos profesionales. \u00bfSuena bien, no? Pero<\/p>\n<div class=\"read-more\"><a href=\"https:\/\/otcorganics.com\/es\/otc-academy-empowers-peruvian-organic-avocado-growers-with-spring-certification-workshops\/\"><i class=\"fal fa-arrow-right\"><\/i>Leer m\u00e1s<\/a><\/div>\n","protected":false},"author":1,"featured_media":0,"parent":0,"menu_order":0,"comment_status":"closed","ping_status":"closed","template":"","meta":{"_acf_changed":false,"footnotes":""},"class_list":["post-4856","page","type-page","status-publish","hentry"],"acf":[],"yoast_head":"<!-- This site is optimized with the Yoast SEO plugin v26.0 - https:\/\/yoast.com\/wordpress\/plugins\/seo\/ -->\n<title>Inicio - OTC Organics<\/title>\n<meta name=\"robots\" content=\"index, follow, max-snippet:-1, max-image-preview:large, max-video-preview:-1\" \/>\n<link rel=\"canonical\" href=\"https:\/\/otcorganics.com\/es\/\" \/>\n<meta property=\"og:locale\" content=\"es_ES\" \/>\n<meta property=\"og:type\" content=\"article\" \/>\n<meta property=\"og:title\" content=\"Inicio - OTC Organics\" \/>\n<meta property=\"og:description\" content=\"Del comercio al cultivo Marquemos la diferencia con productos ecol\u00f3gicos PARA LOS PRODUCTORES PARA LOS CLIENTES Qui\u00e9nes somos \u00bfPor qu\u00e9 colaborar con OTC Organics? Cultivar y suministrar fruta y verdura ecol\u00f3gica con la conciencia tranquila. Sostenible y de calidad superior. Con una colaboraci\u00f3n estrecha y comprometida con nuestros productores ecol\u00f3gicos profesionales. \u00bfSuena bien, no? PeroLeer m\u00e1s\" \/>\n<meta property=\"og:url\" content=\"https:\/\/otcorganics.com\/es\/\" \/>\n<meta property=\"og:site_name\" content=\"OTC Organics\" \/>\n<meta property=\"article:modified_time\" content=\"2023-06-19T13:49:36+00:00\" \/>\n<meta property=\"og:image\" content=\"https:\/\/otcorganics.com\/wp-content\/uploads\/2023\/04\/Home-Waarom-samenwerken-met-OTC-Organics.jpg\" \/>\n<meta name=\"twitter:card\" content=\"summary_large_image\" \/>\n<meta name=\"twitter:label1\" content=\"Tiempo de lectura\" \/>\n\t<meta name=\"twitter:data1\" content=\"2 minutos\" \/>\n<!-- \/ Yoast SEO plugin. -->","yoast_head_json":{"title":"Inicio - OTC Organics","robots":{"index":"index","follow":"follow","max-snippet":"max-snippet:-1","max-image-preview":"max-image-preview:large","max-video-preview":"max-video-preview:-1"},"canonical":"https:\/\/otcorganics.com\/es\/","og_locale":"es_ES","og_type":"article","og_title":"Inicio - OTC Organics","og_description":"Del comercio al cultivo Marquemos la diferencia con productos ecol\u00f3gicos PARA LOS PRODUCTORES PARA LOS CLIENTES Qui\u00e9nes somos \u00bfPor qu\u00e9 colaborar con OTC Organics? Cultivar y suministrar fruta y verdura ecol\u00f3gica con la conciencia tranquila. Sostenible y de calidad superior. Con una colaboraci\u00f3n estrecha y comprometida con nuestros productores ecol\u00f3gicos profesionales. \u00bfSuena bien, no? PeroLeer m\u00e1s","og_url":"https:\/\/otcorganics.com\/es\/","og_site_name":"OTC Organics","article_modified_time":"2023-06-19T13:49:36+00:00","og_image":[{"url":"https:\/\/otcorganics.com\/wp-content\/uploads\/2023\/04\/Home-Waarom-samenwerken-met-OTC-Organics.jpg","type":"","width":"","height":""}],"twitter_card":"summary_large_image","twitter_misc":{"Tiempo de lectura":"2 minutos"},"schema":{"@context":"https:\/\/schema.org","@graph":[{"@type":"WebPage","@id":"https:\/\/otcorganics.com\/es\/","url":"https:\/\/otcorganics.com\/es\/","name":"Inicio - OTC Organics","isPartOf":{"@id":"https:\/\/otcorganics.com\/es\/#website"},"primaryImageOfPage":{"@id":"https:\/\/otcorganics.com\/es\/#primaryimage"},"image":{"@id":"https:\/\/otcorganics.com\/es\/#primaryimage"},"thumbnailUrl":"https:\/\/otcorganics.com\/wp-content\/uploads\/2023\/04\/Home-Waarom-samenwerken-met-OTC-Organics.jpg","datePublished":"2020-03-22T10:19:25+00:00","dateModified":"2023-06-19T13:49:36+00:00","breadcrumb":{"@id":"https:\/\/otcorganics.com\/es\/#breadcrumb"},"inLanguage":"es","potentialAction":[{"@type":"ReadAction","target":["https:\/\/otcorganics.com\/es\/"]}]},{"@type":"ImageObject","inLanguage":"es","@id":"https:\/\/otcorganics.com\/es\/#primaryimage","url":"https:\/\/otcorganics.com\/wp-content\/uploads\/2023\/04\/Home-Waarom-samenwerken-met-OTC-Organics.jpg","contentUrl":"https:\/\/otcorganics.com\/wp-content\/uploads\/2023\/04\/Home-Waarom-samenwerken-met-OTC-Organics.jpg"},{"@type":"BreadcrumbList","@id":"https:\/\/otcorganics.com\/es\/#breadcrumb","itemListElement":[{"@type":"ListItem","position":1,"name":"Home","item":"https:\/\/otcorganics.com\/es\/"},{"@type":"ListItem","position":2,"name":"Inicio"}]},{"@type":"WebSite","@id":"https:\/\/otcorganics.com\/es\/#website","url":"https:\/\/otcorganics.com\/es\/","name":"OTC Organics","description":"","potentialAction":[{"@type":"SearchAction","target":{"@type":"EntryPoint","urlTemplate":"https:\/\/otcorganics.com\/es\/?s={search_term_string}"},"query-input":{"@type":"PropertyValueSpecification","valueRequired":true,"valueName":"search_term_string"}}],"inLanguage":"es"}]}},"_links":{"self":[{"href":"https:\/\/otcorganics.com\/es\/wp-json\/wp\/v2\/pages\/4856","targetHints":{"allow":["GET"]}}],"collection":[{"href":"https:\/\/otcorganics.com\/es\/wp-json\/wp\/v2\/pages"}],"about":[{"href":"https:\/\/otcorganics.com\/es\/wp-json\/wp\/v2\/types\/page"}],"author":[{"embeddable":true,"href":"https:\/\/otcorganics.com\/es\/wp-json\/wp\/v2\/users\/1"}],"replies":[{"embeddable":true,"href":"https:\/\/otcorganics.com\/es\/wp-json\/wp\/v2\/comments?post=4856"}],"version-history":[{"count":15,"href":"https:\/\/otcorganics.com\/es\/wp-json\/wp\/v2\/pages\/4856\/revisions"}],"predecessor-version":[{"id":6355,"href":"https:\/\/otcorganics.com\/es\/wp-json\/wp\/v2\/pages\/4856\/revisions\/6355"}],"wp:attachment":[{"href":"https:\/\/otcorganics.com\/es\/wp-json\/wp\/v2\/media?parent=4856"}],"curies":[{"name":"wp","href":"https:\/\/api.w.org\/{rel}","templated":true}]}}