{"id":4872,"date":"2023-02-07T13:31:08","date_gmt":"2023-02-07T13:31:08","guid":{"rendered":"https:\/\/otcorganics.com\/quienes-somos\/"},"modified":"2023-05-23T15:06:30","modified_gmt":"2023-05-23T15:06:30","slug":"quienes-somos","status":"publish","type":"page","link":"https:\/\/otcorganics.com\/es\/quienes-somos\/","title":{"rendered":"Qui\u00e9nes somos"},"content":{"rendered":"\t\t<div data-elementor-type=\"wp-page\" data-elementor-id=\"4872\" class=\"elementor elementor-4872 elementor-1945\" data-elementor-post-type=\"page\">\n\t\t\t\t\t\t<section class=\"elementor-section elementor-top-section elementor-element elementor-element-0aeb097 elementor-section-full_width elementor-section-height-default elementor-section-height-default\" data-id=\"0aeb097\" data-element_type=\"section\">\n\t\t\t\t\t\t<div class=\"elementor-container elementor-column-gap-no\">\n\t\t\t\t\t<div class=\"elementor-column elementor-col-100 elementor-top-column elementor-element elementor-element-e4578ae\" data-id=\"e4578ae\" data-element_type=\"column\">\n\t\t\t<div class=\"elementor-widget-wrap elementor-element-populated\">\n\t\t\t\t\t\t<div class=\"elementor-element elementor-element-9574ee2 elementor-widget elementor-widget-sosso-breadcrumb\" data-id=\"9574ee2\" data-element_type=\"widget\" data-widget_type=\"sosso-breadcrumb.default\">\n\t\t\t\t<div class=\"elementor-widget-container\">\n\t\t\t\t\t<section class=\"page-title-area bg_cover d-flex align-items-center\" style=\"background-image: url(https:\/\/otcorganics.com\/wp-content\/uploads\/2023\/04\/Over-ons-header-scaled.jpg)\"><div class=\"container\"><div class=\"row\"><div class=\"col-lg-6\"><div class=\"page-title-content\"><h3 class=\"title\">Qui\u00e9nes somos<\/h3><nav aria-label=\"breadcrumb\"><nav aria-label=\"breadcrumb\"><ol class=\"breadcrumb\"><li class=\"breadcrumb-item\"><a  href=\"https:\/\/otcorganics.com\/es\/\" title=\"Home\" rel=\"bookmark\">Home<\/a> <\/li>  <\/ol><\/nav><\/nav><\/div><\/div><\/div><\/div><\/section>\t\t\t\t<\/div>\n\t\t\t\t<\/div>\n\t\t\t\t\t<\/div>\n\t\t<\/div>\n\t\t\t\t\t<\/div>\n\t\t<\/section>\n\t\t\t\t<section class=\"elementor-section elementor-top-section elementor-element elementor-element-d5c2eec elementor-section-content-middle elementor-section-boxed elementor-section-height-default elementor-section-height-default\" data-id=\"d5c2eec\" data-element_type=\"section\">\n\t\t\t\t\t\t<div class=\"elementor-container elementor-column-gap-default\">\n\t\t\t\t\t<div class=\"elementor-column elementor-col-50 elementor-top-column elementor-element elementor-element-078a1cf\" data-id=\"078a1cf\" data-element_type=\"column\">\n\t\t\t<div class=\"elementor-widget-wrap elementor-element-populated\">\n\t\t\t\t\t\t<div class=\"elementor-element elementor-element-7b11eb6 elementor-widget elementor-widget-sosso-single-image\" data-id=\"7b11eb6\" data-element_type=\"widget\" data-widget_type=\"sosso-single-image.default\">\n\t\t\t\t<div class=\"elementor-widget-container\">\n\t\t\t\t\t<div class=\"klb-single-image about-info-thumb ml-30 mr-30\"><img decoding=\"async\" src=\"https:\/\/otcorganics.com\/wp-content\/uploads\/2023\/04\/Over-ons-verticaal2.jpg\" alt=\"about\"><\/div>\t\t\t\t<\/div>\n\t\t\t\t<\/div>\n\t\t\t\t\t<\/div>\n\t\t<\/div>\n\t\t\t\t<div class=\"elementor-column elementor-col-50 elementor-top-column elementor-element elementor-element-dc4b616\" data-id=\"dc4b616\" data-element_type=\"column\">\n\t\t\t<div class=\"elementor-widget-wrap elementor-element-populated\">\n\t\t\t\t\t\t<div class=\"elementor-element elementor-element-3bad455 elementor-widget elementor-widget-sosso-custom-title\" data-id=\"3bad455\" data-element_type=\"widget\" data-widget_type=\"sosso-custom-title.default\">\n\t\t\t\t<div class=\"elementor-widget-container\">\n\t\t\t\t\t<div class=\"klb-custom-title\"><span>Qui\u00e9nes somos<\/span><h3 class=\"title\">Conseguir que todo el mundo crezca gracias a los productos ecol\u00f3gicos.\r\n\u00a1Eso es lo que hacemos!<\/h3><\/div>\t\t\t\t<\/div>\n\t\t\t\t<\/div>\n\t\t\t\t<div class=\"elementor-element elementor-element-1994d23 elementor-widget elementor-widget-text-editor\" data-id=\"1994d23\" data-element_type=\"widget\" data-widget_type=\"text-editor.default\">\n\t\t\t\t<div class=\"elementor-widget-container\">\n\t\t\t\t\t\t\t\t\t<p>Nos encantan las l\u00edneas cortas, la colaboraci\u00f3n justa y la seguridad. Partiendo de esta forma de trabajar, d\u00eda a d\u00eda construimos cadenas de producci\u00f3n sostenibles y socialmente responsables. Para que todo el mundo sepa qu\u00e9 esperar y reciba lo que merece. Eso es lo que nos hace \u00fanicos.<\/p>\n\t\t\t\t\t\t\t\t<\/div>\n\t\t\t\t<\/div>\n\t\t\t\t\t<\/div>\n\t\t<\/div>\n\t\t\t\t\t<\/div>\n\t\t<\/section>\n\t\t\t\t<section class=\"elementor-section elementor-top-section elementor-element elementor-element-33f7274 elementor-section-boxed elementor-section-height-default elementor-section-height-default\" data-id=\"33f7274\" data-element_type=\"section\">\n\t\t\t\t\t\t<div class=\"elementor-container elementor-column-gap-default\">\n\t\t\t\t\t<div class=\"elementor-column elementor-col-50 elementor-top-column elementor-element elementor-element-db65bc2\" data-id=\"db65bc2\" data-element_type=\"column\">\n\t\t\t<div class=\"elementor-widget-wrap elementor-element-populated\">\n\t\t\t\t\t\t<div class=\"elementor-element elementor-element-7e129a8 elementor-widget elementor-widget-heading\" data-id=\"7e129a8\" data-element_type=\"widget\" data-widget_type=\"heading.default\">\n\t\t\t\t<div class=\"elementor-widget-container\">\n\t\t\t\t\t<h2 class=\"elementor-heading-title elementor-size-default\">Nuestra misi\u00f3n<\/h2>\t\t\t\t<\/div>\n\t\t\t\t<\/div>\n\t\t\t\t\t<\/div>\n\t\t<\/div>\n\t\t\t\t<div class=\"elementor-column elementor-col-50 elementor-top-column elementor-element elementor-element-89f2067\" data-id=\"89f2067\" data-element_type=\"column\">\n\t\t\t<div class=\"elementor-widget-wrap elementor-element-populated\">\n\t\t\t\t\t\t<div class=\"elementor-element elementor-element-a888b83 elementor-widget elementor-widget-text-editor\" data-id=\"a888b83\" data-element_type=\"widget\" data-widget_type=\"text-editor.default\">\n\t\t\t\t<div class=\"elementor-widget-container\">\n\t\t\t\t\t\t\t\t\t<p>Cultivar y suministrar con la conciencia tranquila fruta y verdura ecol\u00f3gica, sostenible y de calidad superior, con una colaboraci\u00f3n estrecha y comprometida con nuestros cultivadores ecol\u00f3gicos profesionales.<\/p>\n\t\t\t\t\t\t\t\t<\/div>\n\t\t\t\t<\/div>\n\t\t\t\t\t<\/div>\n\t\t<\/div>\n\t\t\t\t\t<\/div>\n\t\t<\/section>\n\t\t\t\t<section class=\"elementor-section elementor-top-section elementor-element elementor-element-2e6399b elementor-section-boxed elementor-section-height-default elementor-section-height-default\" data-id=\"2e6399b\" data-element_type=\"section\">\n\t\t\t\t\t\t<div class=\"elementor-container elementor-column-gap-default\">\n\t\t\t\t\t<div class=\"elementor-column elementor-col-50 elementor-top-column elementor-element elementor-element-1b34d43\" data-id=\"1b34d43\" data-element_type=\"column\">\n\t\t\t<div class=\"elementor-widget-wrap elementor-element-populated\">\n\t\t\t\t\t\t<div class=\"elementor-element elementor-element-3e844c1 elementor-widget elementor-widget-heading\" data-id=\"3e844c1\" data-element_type=\"widget\" data-widget_type=\"heading.default\">\n\t\t\t\t<div class=\"elementor-widget-container\">\n\t\t\t\t\t<h2 class=\"elementor-heading-title elementor-size-default\">Nuestra visi\u00f3n<\/h2>\t\t\t\t<\/div>\n\t\t\t\t<\/div>\n\t\t\t\t\t<\/div>\n\t\t<\/div>\n\t\t\t\t<div class=\"elementor-column elementor-col-50 elementor-top-column elementor-element elementor-element-8c347d5\" data-id=\"8c347d5\" data-element_type=\"column\">\n\t\t\t<div class=\"elementor-widget-wrap elementor-element-populated\">\n\t\t\t\t\t\t<div class=\"elementor-element elementor-element-c28844e elementor-widget elementor-widget-text-editor\" data-id=\"c28844e\" data-element_type=\"widget\" data-widget_type=\"text-editor.default\">\n\t\t\t\t<div class=\"elementor-widget-container\">\n\t\t\t\t\t\t\t\t\t<p>OTC Organics quiere ser l\u00edder en Europa en el cultivo y distribuci\u00f3n de fruta y verdura ecol\u00f3gica sostenible. Consideramos nuestra responsabilidad apoyar a nuestros productores, proveedores y clientes en todos los aspectos posibles y crear una cadena saludable en la que todos los eslabones sean igual de importantes. Queremos cumplir con las expectativas de todos los implicados, con integridad, compromiso, transparencia, pasi\u00f3n y profesionalidad.<\/p>\n\t\t\t\t\t\t\t\t<\/div>\n\t\t\t\t<\/div>\n\t\t\t\t\t<\/div>\n\t\t<\/div>\n\t\t\t\t\t<\/div>\n\t\t<\/section>\n\t\t\t\t<section class=\"elementor-section elementor-top-section elementor-element elementor-element-68b66fa elementor-section-boxed elementor-section-height-default elementor-section-height-default\" data-id=\"68b66fa\" data-element_type=\"section\">\n\t\t\t\t\t\t<div class=\"elementor-container elementor-column-gap-default\">\n\t\t\t\t\t<div class=\"elementor-column elementor-col-50 elementor-top-column elementor-element elementor-element-c1c44c1\" data-id=\"c1c44c1\" data-element_type=\"column\">\n\t\t\t<div class=\"elementor-widget-wrap elementor-element-populated\">\n\t\t\t\t\t\t<div class=\"elementor-element elementor-element-cc4aa29 elementor-widget elementor-widget-heading\" data-id=\"cc4aa29\" data-element_type=\"widget\" data-widget_type=\"heading.default\">\n\t\t\t\t<div class=\"elementor-widget-container\">\n\t\t\t\t\t<h2 class=\"elementor-heading-title elementor-size-default\">Nuestros valores fundamentales\u00a0<\/h2>\t\t\t\t<\/div>\n\t\t\t\t<\/div>\n\t\t\t\t\t<\/div>\n\t\t<\/div>\n\t\t\t\t<div class=\"elementor-column elementor-col-50 elementor-top-column elementor-element elementor-element-0af2c80\" data-id=\"0af2c80\" data-element_type=\"column\">\n\t\t\t<div class=\"elementor-widget-wrap elementor-element-populated\">\n\t\t\t\t\t\t<div class=\"elementor-element elementor-element-5ac6713 elementor-widget elementor-widget-text-editor\" data-id=\"5ac6713\" data-element_type=\"widget\" data-widget_type=\"text-editor.default\">\n\t\t\t\t<div class=\"elementor-widget-container\">\n\t\t\t\t\t\t\t\t\t<p>En OTC Organics todo gira en torno a cinco valores fundamentales: integridad ecol\u00f3gica, transparencia, compromiso, pasi\u00f3n y profesionalidad. Eso es lo que nos mueve, en todo lo que hacemos. Dentro y fuera de los muros de nuestra organizaci\u00f3n. Siempre estamos a la b\u00fasqueda del equilibrio perfecto en la cadena de suministro y tratamos con respeto a nuestros productores, proveedores, clientes, socios y empleados.<\/p>\n\t\t\t\t\t\t\t\t<\/div>\n\t\t\t\t<\/div>\n\t\t\t\t\t<\/div>\n\t\t<\/div>\n\t\t\t\t\t<\/div>\n\t\t<\/section>\n\t\t\t\t<section class=\"elementor-section elementor-top-section elementor-element elementor-element-ddb9822 elementor-section-boxed elementor-section-height-default elementor-section-height-default\" data-id=\"ddb9822\" data-element_type=\"section\">\n\t\t\t\t\t\t<div class=\"elementor-container elementor-column-gap-default\">\n\t\t\t\t\t<div class=\"elementor-column elementor-col-50 elementor-top-column elementor-element elementor-element-96dc4bf\" data-id=\"96dc4bf\" data-element_type=\"column\">\n\t\t\t<div class=\"elementor-widget-wrap elementor-element-populated\">\n\t\t\t\t\t\t<div class=\"elementor-element elementor-element-4ef8269 elementor-widget elementor-widget-sosso-icon-box\" data-id=\"4ef8269\" data-element_type=\"widget\" data-widget_type=\"sosso-icon-box.default\">\n\t\t\t\t<div class=\"elementor-widget-container\">\n\t\t\t\t\t<div class=\"klb-icon-box features-items\"><div class=\"item\"><i class=\"flaticon-agriculture\"><\/i><h4 class=\"title\">Integridad ecol\u00f3gica<\/h4><p><ul><li>Como especialistas en productos ecol\u00f3gicos, nos sentimos responsables de nuestro sector.<\/li><li>Contribuimos al desarrollo econ\u00f3mico y social.<\/li><li>Colaboramos con agricultores y proveedores profesionales de confianza.<\/li><li>Podemos garantizar que nuestros productos son 100 % ecol\u00f3gicos.<\/li><\/ul><\/p><a href=\"\" ><\/a><\/div><\/div>\t\t\t\t<\/div>\n\t\t\t\t<\/div>\n\t\t\t\t\t<\/div>\n\t\t<\/div>\n\t\t\t\t<div class=\"elementor-column elementor-col-50 elementor-top-column elementor-element elementor-element-0f1cb3a\" data-id=\"0f1cb3a\" data-element_type=\"column\">\n\t\t\t<div class=\"elementor-widget-wrap elementor-element-populated\">\n\t\t\t\t\t\t<div class=\"elementor-element elementor-element-0174ac8 elementor-widget elementor-widget-sosso-icon-box\" data-id=\"0174ac8\" data-element_type=\"widget\" data-widget_type=\"sosso-icon-box.default\">\n\t\t\t\t<div class=\"elementor-widget-container\">\n\t\t\t\t\t<div class=\"klb-icon-box features-items\"><div class=\"item\"><i class=\"flaticon-sprout\"><\/i><h4 class=\"title\">Compromiso<\/h4><p><ul><li>Nos tratamos con respecto y nos animamos mutuamente a seguir desarroll\u00e1ndonos.<\/li><li>Comprendemos que lo colectivo es m\u00e1s importante que lo individual.<\/li><li>Nos parece natural utilizar el dinero de forma responsable.<\/li><li>Trabajamos con dedicaci\u00f3n por el \u00e9xito de nuestros productores, proveedores y clientes.<\/li><\/ul><\/p><a href=\"\" ><\/a><\/div><\/div>\t\t\t\t<\/div>\n\t\t\t\t<\/div>\n\t\t\t\t\t<\/div>\n\t\t<\/div>\n\t\t\t\t\t<\/div>\n\t\t<\/section>\n\t\t\t\t<section class=\"elementor-section elementor-top-section elementor-element elementor-element-30507ef elementor-section-boxed elementor-section-height-default elementor-section-height-default\" data-id=\"30507ef\" data-element_type=\"section\">\n\t\t\t\t\t\t<div class=\"elementor-container elementor-column-gap-default\">\n\t\t\t\t\t<div class=\"elementor-column elementor-col-50 elementor-top-column elementor-element elementor-element-56661dc\" data-id=\"56661dc\" data-element_type=\"column\">\n\t\t\t<div class=\"elementor-widget-wrap elementor-element-populated\">\n\t\t\t\t\t\t<div class=\"elementor-element elementor-element-2cac7e9 elementor-widget elementor-widget-sosso-icon-box\" data-id=\"2cac7e9\" data-element_type=\"widget\" data-widget_type=\"sosso-icon-box.default\">\n\t\t\t\t<div class=\"elementor-widget-container\">\n\t\t\t\t\t<div class=\"klb-icon-box features-items\"><div class=\"item\"><i class=\"flaticon-lemon\"><\/i><h4 class=\"title\">Transparencia<\/h4><p><ul><li>Valoramos la transparencia en nuestros contactos comerciales.<\/li><li>Compartimos nuestros conocimientos y experiencia en el terreno ecol\u00f3gico para ayudar a los dem\u00e1s.<\/li><li>Contamos lo que hacemos y hacemos lo que prometemos.<\/li><\/ul><\/p><a href=\"\" ><\/a><\/div><\/div>\t\t\t\t<\/div>\n\t\t\t\t<\/div>\n\t\t\t\t\t<\/div>\n\t\t<\/div>\n\t\t\t\t<div class=\"elementor-column elementor-col-50 elementor-top-column elementor-element elementor-element-93094dd\" data-id=\"93094dd\" data-element_type=\"column\">\n\t\t\t<div class=\"elementor-widget-wrap elementor-element-populated\">\n\t\t\t\t\t\t<div class=\"elementor-element elementor-element-8394d47 elementor-widget elementor-widget-sosso-icon-box\" data-id=\"8394d47\" data-element_type=\"widget\" data-widget_type=\"sosso-icon-box.default\">\n\t\t\t\t<div class=\"elementor-widget-container\">\n\t\t\t\t\t<div class=\"klb-icon-box features-items\"><div class=\"item\"><i class=\"flaticon-rice\"><\/i><h4 class=\"title\">Pasi\u00f3n<\/h4><p><ul><li>Ponemos entusiasmo y pasi\u00f3n en todo lo que hacemos.<\/li><li>Defendemos con cuerpo y alma nuestra forma de trabajar.<\/li><\/ul><\/p><a href=\"\" ><\/a><\/div><\/div>\t\t\t\t<\/div>\n\t\t\t\t<\/div>\n\t\t\t\t\t<\/div>\n\t\t<\/div>\n\t\t\t\t\t<\/div>\n\t\t<\/section>\n\t\t\t\t<section class=\"elementor-section elementor-top-section elementor-element elementor-element-ea9f8b7 elementor-section-boxed elementor-section-height-default elementor-section-height-default\" data-id=\"ea9f8b7\" data-element_type=\"section\">\n\t\t\t\t\t\t<div class=\"elementor-container elementor-column-gap-default\">\n\t\t\t\t\t<div class=\"elementor-column elementor-col-50 elementor-top-column elementor-element elementor-element-1aef3d9\" data-id=\"1aef3d9\" data-element_type=\"column\">\n\t\t\t<div class=\"elementor-widget-wrap elementor-element-populated\">\n\t\t\t\t\t\t<div class=\"elementor-element elementor-element-3ee69d9 elementor-widget elementor-widget-sosso-icon-box\" data-id=\"3ee69d9\" data-element_type=\"widget\" data-widget_type=\"sosso-icon-box.default\">\n\t\t\t\t<div class=\"elementor-widget-container\">\n\t\t\t\t\t<div class=\"klb-icon-box features-items\"><div class=\"item\"><i class=\"flaticon-agriculture-1\"><\/i><h4 class=\"title\">Profesionalidad<\/h4><p><ul>\r\n \t<li>Nos enfocamos en soluciones.<\/li>\r\n \t<li>Exactitud es la clave en nuestro trabajo y rutina diaria.<\/li>\r\n<\/ul><\/p><a href=\"\" ><\/a><\/div><\/div>\t\t\t\t<\/div>\n\t\t\t\t<\/div>\n\t\t\t\t\t<\/div>\n\t\t<\/div>\n\t\t\t\t<div class=\"elementor-column elementor-col-50 elementor-top-column elementor-element elementor-element-a8860f1\" data-id=\"a8860f1\" data-element_type=\"column\">\n\t\t\t<div class=\"elementor-widget-wrap\">\n\t\t\t\t\t\t\t<\/div>\n\t\t<\/div>\n\t\t\t\t\t<\/div>\n\t\t<\/section>\n\t\t\t\t<\/div>\n\t\t","protected":false},"excerpt":{"rendered":"<p>Qui\u00e9nes somos Home Qui\u00e9nes somos Conseguir que todo el mundo crezca gracias a los productos ecol\u00f3gicos. \u00a1Eso es lo que hacemos! Nos encantan las l\u00edneas cortas, la colaboraci\u00f3n justa y la seguridad. Partiendo de esta forma de trabajar, d\u00eda a d\u00eda construimos cadenas de producci\u00f3n sostenibles y socialmente responsables. Para que todo el mundo sepa<\/p>\n<div class=\"read-more\"><a href=\"https:\/\/otcorganics.com\/es\/quienes-somos\/\"><i class=\"fal fa-arrow-right\"><\/i>Leer m\u00e1s<\/a><\/div>\n","protected":false},"author":1,"featured_media":0,"parent":0,"menu_order":0,"comment_status":"closed","ping_status":"closed","template":"","meta":{"_acf_changed":false,"footnotes":""},"class_list":["post-4872","page","type-page","status-publish","hentry"],"acf":[],"yoast_head":"<!-- This site is optimized with the Yoast SEO plugin v26.0 - https:\/\/yoast.com\/wordpress\/plugins\/seo\/ -->\n<title>Qui\u00e9nes somos - OTC Organics<\/title>\n<meta name=\"robots\" content=\"index, follow, max-snippet:-1, max-image-preview:large, max-video-preview:-1\" \/>\n<link rel=\"canonical\" href=\"https:\/\/otcorganics.com\/es\/quienes-somos\/\" \/>\n<meta property=\"og:locale\" content=\"es_ES\" \/>\n<meta property=\"og:type\" content=\"article\" \/>\n<meta property=\"og:title\" content=\"Qui\u00e9nes somos - OTC Organics\" \/>\n<meta property=\"og:description\" content=\"Qui\u00e9nes somos Home Qui\u00e9nes somos Conseguir que todo el mundo crezca gracias a los productos ecol\u00f3gicos. \u00a1Eso es lo que hacemos! Nos encantan las l\u00edneas cortas, la colaboraci\u00f3n justa y la seguridad. Partiendo de esta forma de trabajar, d\u00eda a d\u00eda construimos cadenas de producci\u00f3n sostenibles y socialmente responsables. Para que todo el mundo sepaLeer m\u00e1s\" \/>\n<meta property=\"og:url\" content=\"https:\/\/otcorganics.com\/es\/quienes-somos\/\" \/>\n<meta property=\"og:site_name\" content=\"OTC Organics\" \/>\n<meta property=\"article:modified_time\" content=\"2023-05-23T15:06:30+00:00\" \/>\n<meta property=\"og:image\" content=\"https:\/\/otcorganics.com\/wp-content\/uploads\/2023\/04\/Over-ons-verticaal2.jpg\" \/>\n<meta name=\"twitter:card\" content=\"summary_large_image\" \/>\n<meta name=\"twitter:label1\" content=\"Tiempo de lectura\" \/>\n\t<meta name=\"twitter:data1\" content=\"2 minutos\" \/>\n<!-- \/ Yoast SEO plugin. -->","yoast_head_json":{"title":"Qui\u00e9nes somos - OTC Organics","robots":{"index":"index","follow":"follow","max-snippet":"max-snippet:-1","max-image-preview":"max-image-preview:large","max-video-preview":"max-video-preview:-1"},"canonical":"https:\/\/otcorganics.com\/es\/quienes-somos\/","og_locale":"es_ES","og_type":"article","og_title":"Qui\u00e9nes somos - OTC Organics","og_description":"Qui\u00e9nes somos Home Qui\u00e9nes somos Conseguir que todo el mundo crezca gracias a los productos ecol\u00f3gicos. \u00a1Eso es lo que hacemos! Nos encantan las l\u00edneas cortas, la colaboraci\u00f3n justa y la seguridad. Partiendo de esta forma de trabajar, d\u00eda a d\u00eda construimos cadenas de producci\u00f3n sostenibles y socialmente responsables. Para que todo el mundo sepaLeer m\u00e1s","og_url":"https:\/\/otcorganics.com\/es\/quienes-somos\/","og_site_name":"OTC Organics","article_modified_time":"2023-05-23T15:06:30+00:00","og_image":[{"url":"https:\/\/otcorganics.com\/wp-content\/uploads\/2023\/04\/Over-ons-verticaal2.jpg","type":"","width":"","height":""}],"twitter_card":"summary_large_image","twitter_misc":{"Tiempo de lectura":"2 minutos"},"schema":{"@context":"https:\/\/schema.org","@graph":[{"@type":"WebPage","@id":"https:\/\/otcorganics.com\/es\/quienes-somos\/","url":"https:\/\/otcorganics.com\/es\/quienes-somos\/","name":"Qui\u00e9nes somos - OTC Organics","isPartOf":{"@id":"https:\/\/otcorganics.com\/es\/#website"},"primaryImageOfPage":{"@id":"https:\/\/otcorganics.com\/es\/quienes-somos\/#primaryimage"},"image":{"@id":"https:\/\/otcorganics.com\/es\/quienes-somos\/#primaryimage"},"thumbnailUrl":"https:\/\/otcorganics.com\/wp-content\/uploads\/2023\/04\/Over-ons-verticaal2.jpg","datePublished":"2023-02-07T13:31:08+00:00","dateModified":"2023-05-23T15:06:30+00:00","breadcrumb":{"@id":"https:\/\/otcorganics.com\/es\/quienes-somos\/#breadcrumb"},"inLanguage":"es","potentialAction":[{"@type":"ReadAction","target":["https:\/\/otcorganics.com\/es\/quienes-somos\/"]}]},{"@type":"ImageObject","inLanguage":"es","@id":"https:\/\/otcorganics.com\/es\/quienes-somos\/#primaryimage","url":"https:\/\/otcorganics.com\/wp-content\/uploads\/2023\/04\/Over-ons-verticaal2.jpg","contentUrl":"https:\/\/otcorganics.com\/wp-content\/uploads\/2023\/04\/Over-ons-verticaal2.jpg"},{"@type":"BreadcrumbList","@id":"https:\/\/otcorganics.com\/es\/quienes-somos\/#breadcrumb","itemListElement":[{"@type":"ListItem","position":1,"name":"Home","item":"https:\/\/otcorganics.com\/es\/"},{"@type":"ListItem","position":2,"name":"Qui\u00e9nes somos"}]},{"@type":"WebSite","@id":"https:\/\/otcorganics.com\/es\/#website","url":"https:\/\/otcorganics.com\/es\/","name":"OTC Organics","description":"","potentialAction":[{"@type":"SearchAction","target":{"@type":"EntryPoint","urlTemplate":"https:\/\/otcorganics.com\/es\/?s={search_term_string}"},"query-input":{"@type":"PropertyValueSpecification","valueRequired":true,"valueName":"search_term_string"}}],"inLanguage":"es"}]}},"_links":{"self":[{"href":"https:\/\/otcorganics.com\/es\/wp-json\/wp\/v2\/pages\/4872","targetHints":{"allow":["GET"]}}],"collection":[{"href":"https:\/\/otcorganics.com\/es\/wp-json\/wp\/v2\/pages"}],"about":[{"href":"https:\/\/otcorganics.com\/es\/wp-json\/wp\/v2\/types\/page"}],"author":[{"embeddable":true,"href":"https:\/\/otcorganics.com\/es\/wp-json\/wp\/v2\/users\/1"}],"replies":[{"embeddable":true,"href":"https:\/\/otcorganics.com\/es\/wp-json\/wp\/v2\/comments?post=4872"}],"version-history":[{"count":6,"href":"https:\/\/otcorganics.com\/es\/wp-json\/wp\/v2\/pages\/4872\/revisions"}],"predecessor-version":[{"id":6163,"href":"https:\/\/otcorganics.com\/es\/wp-json\/wp\/v2\/pages\/4872\/revisions\/6163"}],"wp:attachment":[{"href":"https:\/\/otcorganics.com\/es\/wp-json\/wp\/v2\/media?parent=4872"}],"curies":[{"name":"wp","href":"https:\/\/api.w.org\/{rel}","templated":true}]}}