{"id":4883,"date":"2023-02-14T09:26:56","date_gmt":"2023-02-14T09:26:56","guid":{"rendered":"https:\/\/otcorganics.com\/quienes-somos\/sostenibilidad\/"},"modified":"2023-05-16T13:51:26","modified_gmt":"2023-05-16T13:51:26","slug":"sostenibilidad","status":"publish","type":"page","link":"https:\/\/otcorganics.com\/es\/quienes-somos\/sostenibilidad\/","title":{"rendered":"Sostenibilidad"},"content":{"rendered":"\t\t<div data-elementor-type=\"wp-page\" data-elementor-id=\"4883\" class=\"elementor elementor-4883 elementor-2543\" data-elementor-post-type=\"page\">\n\t\t\t\t\t\t<section class=\"elementor-section elementor-top-section elementor-element elementor-element-0aeb097 elementor-section-full_width elementor-section-height-default elementor-section-height-default\" data-id=\"0aeb097\" data-element_type=\"section\">\n\t\t\t\t\t\t<div class=\"elementor-container elementor-column-gap-no\">\n\t\t\t\t\t<div class=\"elementor-column elementor-col-100 elementor-top-column elementor-element elementor-element-e4578ae\" data-id=\"e4578ae\" data-element_type=\"column\">\n\t\t\t<div class=\"elementor-widget-wrap elementor-element-populated\">\n\t\t\t\t\t\t<div class=\"elementor-element elementor-element-9574ee2 elementor-widget elementor-widget-sosso-breadcrumb\" data-id=\"9574ee2\" data-element_type=\"widget\" data-widget_type=\"sosso-breadcrumb.default\">\n\t\t\t\t<div class=\"elementor-widget-container\">\n\t\t\t\t\t<section class=\"page-title-area bg_cover d-flex align-items-center\" style=\"background-image: url(https:\/\/otcorganics.com\/wp-content\/uploads\/2023\/04\/Duurzaamheid-header.jpg)\"><div class=\"container\"><div class=\"row\"><div class=\"col-lg-6\"><div class=\"page-title-content\"><h3 class=\"title\">Sostenibilidad<\/h3><nav aria-label=\"breadcrumb\"><nav aria-label=\"breadcrumb\"><ol class=\"breadcrumb\"><li class=\"breadcrumb-item\"><a  href=\"https:\/\/otcorganics.com\/es\/\" title=\"Home\" rel=\"bookmark\">Home<\/a> <\/li>  <\/ol><\/nav><\/nav><\/div><\/div><\/div><\/div><\/section>\t\t\t\t<\/div>\n\t\t\t\t<\/div>\n\t\t\t\t\t<\/div>\n\t\t<\/div>\n\t\t\t\t\t<\/div>\n\t\t<\/section>\n\t\t\t\t<section class=\"elementor-section elementor-top-section elementor-element elementor-element-d5c2eec elementor-section-content-middle elementor-section-boxed elementor-section-height-default elementor-section-height-default\" data-id=\"d5c2eec\" data-element_type=\"section\">\n\t\t\t\t\t\t<div class=\"elementor-container elementor-column-gap-default\">\n\t\t\t\t\t<div class=\"elementor-column elementor-col-50 elementor-top-column elementor-element elementor-element-078a1cf\" data-id=\"078a1cf\" data-element_type=\"column\">\n\t\t\t<div class=\"elementor-widget-wrap elementor-element-populated\">\n\t\t\t\t\t\t<div class=\"elementor-element elementor-element-7b11eb6 elementor-widget elementor-widget-sosso-single-image\" data-id=\"7b11eb6\" data-element_type=\"widget\" data-widget_type=\"sosso-single-image.default\">\n\t\t\t\t<div class=\"elementor-widget-container\">\n\t\t\t\t\t<div class=\"klb-single-image about-info-thumb ml-30 mr-30\"><img decoding=\"async\" src=\"https:\/\/otcorganics.com\/wp-content\/uploads\/2023\/04\/Duurzaamheid-verticaal2.jpg\" alt=\"about\"><\/div>\t\t\t\t<\/div>\n\t\t\t\t<\/div>\n\t\t\t\t\t<\/div>\n\t\t<\/div>\n\t\t\t\t<div class=\"elementor-column elementor-col-50 elementor-top-column elementor-element elementor-element-dc4b616\" data-id=\"dc4b616\" data-element_type=\"column\">\n\t\t\t<div class=\"elementor-widget-wrap elementor-element-populated\">\n\t\t\t\t\t\t<div class=\"elementor-element elementor-element-3bad455 elementor-widget elementor-widget-sosso-custom-title\" data-id=\"3bad455\" data-element_type=\"widget\" data-widget_type=\"sosso-custom-title.default\">\n\t\t\t\t<div class=\"elementor-widget-container\">\n\t\t\t\t\t<div class=\"klb-custom-title\"><span>Sostenibilidad<\/span><h3 class=\"title\">Hacer crecer el mundo gracias a la agricultura ecol\u00f3gica<\/h3><\/div>\t\t\t\t<\/div>\n\t\t\t\t<\/div>\n\t\t\t\t<div class=\"elementor-element elementor-element-1994d23 elementor-widget elementor-widget-text-editor\" data-id=\"1994d23\" data-element_type=\"widget\" data-widget_type=\"text-editor.default\">\n\t\t\t\t<div class=\"elementor-widget-container\">\n\t\t\t\t\t\t\t\t\t<p>La sostenibilidad es el cuidado del equilibrio entre el ser humano, el medioambiente y la econom\u00eda con el fin de no agotar la Tierra y legar a las generaciones futuras un planeta habitable. Qu\u00e9 bonito es poder trabajar para una empresa que est\u00e1 especializada en la compra y venta de frutas y verduras ecol\u00f3gicas y que, al mismo tiempo, estemos contribuyendo a una sociedad sostenible junto con nuestros socios, productores y proveedores. Por el bien de nuestra preciosa Tierra y el de todos los que viven en ella, creemos que es importante usar de una forma racional el medioambiente y los recursos disponibles. Creemos que la agricultura ecol\u00f3gica es la mejor manera de producir alimentos sostenibles, proteger nuestro suelo y combatir el cambio clim\u00e1tico.<\/p>\n\t\t\t\t\t\t\t\t<\/div>\n\t\t\t\t<\/div>\n\t\t\t\t\t<\/div>\n\t\t<\/div>\n\t\t\t\t\t<\/div>\n\t\t<\/section>\n\t\t\t\t<section class=\"elementor-section elementor-top-section elementor-element elementor-element-2e6399b elementor-section-boxed elementor-section-height-default elementor-section-height-default\" data-id=\"2e6399b\" data-element_type=\"section\">\n\t\t\t\t\t\t<div class=\"elementor-container elementor-column-gap-default\">\n\t\t\t\t\t<div class=\"elementor-column elementor-col-50 elementor-top-column elementor-element elementor-element-1b34d43\" data-id=\"1b34d43\" data-element_type=\"column\">\n\t\t\t<div class=\"elementor-widget-wrap elementor-element-populated\">\n\t\t\t\t\t\t<div class=\"elementor-element elementor-element-3e844c1 elementor-widget elementor-widget-heading\" data-id=\"3e844c1\" data-element_type=\"widget\" data-widget_type=\"heading.default\">\n\t\t\t\t<div class=\"elementor-widget-container\">\n\t\t\t\t\t<h2 class=\"elementor-heading-title elementor-size-default\">La sostenibilidad es un proceso continuo dentro de nuestra organizaci\u00f3n y en nuestra cadena<\/h2>\t\t\t\t<\/div>\n\t\t\t\t<\/div>\n\t\t\t\t\t<\/div>\n\t\t<\/div>\n\t\t\t\t<div class=\"elementor-column elementor-col-50 elementor-top-column elementor-element elementor-element-8c347d5\" data-id=\"8c347d5\" data-element_type=\"column\">\n\t\t\t<div class=\"elementor-widget-wrap elementor-element-populated\">\n\t\t\t\t\t\t<div class=\"elementor-element elementor-element-c28844e elementor-widget elementor-widget-text-editor\" data-id=\"c28844e\" data-element_type=\"widget\" data-widget_type=\"text-editor.default\">\n\t\t\t\t<div class=\"elementor-widget-container\">\n\t\t\t\t\t\t\t\t\t<p>Al trabajar de forma consciente con sostenibilidad, tomamos decisiones verdes:<\/p>\n<h4>Reciclaje<\/h4>\n<p>En cada producto que envasamos estudiamos las alternativas sostenibles. As\u00ed, tenemos diferentes tipos de envases de cart\u00f3n reciclable, y ya no tenemos bolsas de pl\u00e1stico, sino de papel. Tambi\u00e9n envasamos diversos productos en una red 100 % compostable hecha de celulosa. Porque creemos que un magn\u00edfico producto ecol\u00f3gico se merece un envase bueno y sostenible.<\/p>\n<h4>Uso responsable de la electricidad<\/h4>\n<p>En nuestra sede principal de Dronten trabajamos en una ultramoderna oficina sin gas en la que se han instalado cuatro postes de recarga de veh\u00edculos el\u00e9ctricos. Pero tambi\u00e9n nuestros socios, productores y proveedores hacen elecciones responsables en el \u00e1rea de la electricidad, y es muy normal ver que tienen paneles solares en los tejados y molinos de viento en los campos.<\/p>\n<h4>Uso responsable de los alimentos<\/h4>\n<p>\u00bfA pesar de todas las medidas de precauci\u00f3n un lote de fruta o verdura ha sido rechazado, pero sigue siendo apto para el consumo? En ese caso, intentamos buscarle un destino adecuado. Este puede ser un banco de alimentos o tambi\u00e9n, por ejemplo, un productor de zumos y batidos, de forma que se desperdicie la menor cantidad de alimento posible.<\/p>\n<p>Pero tambi\u00e9n contribuimos a un mundo sostenible de otras maneras. Gran parte de los empleados tienen jornada h\u00edbrida y alternan d\u00edas de oficina y teletrabajo, cuando adquirimos veh\u00edculos en arrendamiento, optamos conscientemente por coches el\u00e9ctricos o h\u00edbridos, trabajamos de forma digital al m\u00e1ximo posible (ya no tenemos facturas de papel) y utilizamos temporizadores para la iluminaci\u00f3n y los aparatos. Y eso no es ni mucho menos todo.<\/p>\n\t\t\t\t\t\t\t\t<\/div>\n\t\t\t\t<\/div>\n\t\t\t\t\t<\/div>\n\t\t<\/div>\n\t\t\t\t\t<\/div>\n\t\t<\/section>\n\t\t\t\t<\/div>\n\t\t","protected":false},"excerpt":{"rendered":"<p>Sostenibilidad Home Sostenibilidad Hacer crecer el mundo gracias a la agricultura ecol\u00f3gica La sostenibilidad es el cuidado del equilibrio entre el ser humano, el medioambiente y la econom\u00eda con el fin de no agotar la Tierra y legar a las generaciones futuras un planeta habitable. Qu\u00e9 bonito es poder trabajar para una empresa que est\u00e1<\/p>\n<div class=\"read-more\"><a href=\"https:\/\/otcorganics.com\/es\/quienes-somos\/sostenibilidad\/\"><i class=\"fal fa-arrow-right\"><\/i>Leer m\u00e1s<\/a><\/div>\n","protected":false},"author":1,"featured_media":0,"parent":4872,"menu_order":0,"comment_status":"closed","ping_status":"closed","template":"","meta":{"_acf_changed":false,"footnotes":""},"class_list":["post-4883","page","type-page","status-publish","hentry"],"acf":[],"yoast_head":"<!-- This site is optimized with the Yoast SEO plugin v26.0 - https:\/\/yoast.com\/wordpress\/plugins\/seo\/ -->\n<title>Sostenibilidad - OTC Organics<\/title>\n<meta name=\"robots\" content=\"index, follow, max-snippet:-1, max-image-preview:large, max-video-preview:-1\" \/>\n<link rel=\"canonical\" href=\"https:\/\/otcorganics.com\/es\/quienes-somos\/sostenibilidad\/\" \/>\n<meta property=\"og:locale\" content=\"es_ES\" \/>\n<meta property=\"og:type\" content=\"article\" \/>\n<meta property=\"og:title\" content=\"Sostenibilidad - OTC Organics\" \/>\n<meta property=\"og:description\" content=\"Sostenibilidad Home Sostenibilidad Hacer crecer el mundo gracias a la agricultura ecol\u00f3gica La sostenibilidad es el cuidado del equilibrio entre el ser humano, el medioambiente y la econom\u00eda con el fin de no agotar la Tierra y legar a las generaciones futuras un planeta habitable. Qu\u00e9 bonito es poder trabajar para una empresa que est\u00e1Leer m\u00e1s\" \/>\n<meta property=\"og:url\" content=\"https:\/\/otcorganics.com\/es\/quienes-somos\/sostenibilidad\/\" \/>\n<meta property=\"og:site_name\" content=\"OTC Organics\" \/>\n<meta property=\"article:modified_time\" content=\"2023-05-16T13:51:26+00:00\" \/>\n<meta property=\"og:image\" content=\"https:\/\/otcorganics.com\/wp-content\/uploads\/2023\/04\/Duurzaamheid-verticaal2.jpg\" \/>\n<meta name=\"twitter:card\" content=\"summary_large_image\" \/>\n<meta name=\"twitter:label1\" content=\"Tiempo de lectura\" \/>\n\t<meta name=\"twitter:data1\" content=\"2 minutos\" \/>\n<!-- \/ Yoast SEO plugin. -->","yoast_head_json":{"title":"Sostenibilidad - OTC Organics","robots":{"index":"index","follow":"follow","max-snippet":"max-snippet:-1","max-image-preview":"max-image-preview:large","max-video-preview":"max-video-preview:-1"},"canonical":"https:\/\/otcorganics.com\/es\/quienes-somos\/sostenibilidad\/","og_locale":"es_ES","og_type":"article","og_title":"Sostenibilidad - OTC Organics","og_description":"Sostenibilidad Home Sostenibilidad Hacer crecer el mundo gracias a la agricultura ecol\u00f3gica La sostenibilidad es el cuidado del equilibrio entre el ser humano, el medioambiente y la econom\u00eda con el fin de no agotar la Tierra y legar a las generaciones futuras un planeta habitable. Qu\u00e9 bonito es poder trabajar para una empresa que est\u00e1Leer m\u00e1s","og_url":"https:\/\/otcorganics.com\/es\/quienes-somos\/sostenibilidad\/","og_site_name":"OTC Organics","article_modified_time":"2023-05-16T13:51:26+00:00","og_image":[{"url":"https:\/\/otcorganics.com\/wp-content\/uploads\/2023\/04\/Duurzaamheid-verticaal2.jpg","type":"","width":"","height":""}],"twitter_card":"summary_large_image","twitter_misc":{"Tiempo de lectura":"2 minutos"},"schema":{"@context":"https:\/\/schema.org","@graph":[{"@type":"WebPage","@id":"https:\/\/otcorganics.com\/es\/quienes-somos\/sostenibilidad\/","url":"https:\/\/otcorganics.com\/es\/quienes-somos\/sostenibilidad\/","name":"Sostenibilidad - OTC Organics","isPartOf":{"@id":"https:\/\/otcorganics.com\/es\/#website"},"primaryImageOfPage":{"@id":"https:\/\/otcorganics.com\/es\/quienes-somos\/sostenibilidad\/#primaryimage"},"image":{"@id":"https:\/\/otcorganics.com\/es\/quienes-somos\/sostenibilidad\/#primaryimage"},"thumbnailUrl":"https:\/\/otcorganics.com\/wp-content\/uploads\/2023\/04\/Duurzaamheid-verticaal2.jpg","datePublished":"2023-02-14T09:26:56+00:00","dateModified":"2023-05-16T13:51:26+00:00","breadcrumb":{"@id":"https:\/\/otcorganics.com\/es\/quienes-somos\/sostenibilidad\/#breadcrumb"},"inLanguage":"es","potentialAction":[{"@type":"ReadAction","target":["https:\/\/otcorganics.com\/es\/quienes-somos\/sostenibilidad\/"]}]},{"@type":"ImageObject","inLanguage":"es","@id":"https:\/\/otcorganics.com\/es\/quienes-somos\/sostenibilidad\/#primaryimage","url":"https:\/\/otcorganics.com\/wp-content\/uploads\/2023\/04\/Duurzaamheid-verticaal2.jpg","contentUrl":"https:\/\/otcorganics.com\/wp-content\/uploads\/2023\/04\/Duurzaamheid-verticaal2.jpg"},{"@type":"BreadcrumbList","@id":"https:\/\/otcorganics.com\/es\/quienes-somos\/sostenibilidad\/#breadcrumb","itemListElement":[{"@type":"ListItem","position":1,"name":"Home","item":"https:\/\/otcorganics.com\/es\/"},{"@type":"ListItem","position":2,"name":"Qui\u00e9nes somos","item":"https:\/\/otcorganics.com\/es\/over-ons\/"},{"@type":"ListItem","position":3,"name":"Sostenibilidad"}]},{"@type":"WebSite","@id":"https:\/\/otcorganics.com\/es\/#website","url":"https:\/\/otcorganics.com\/es\/","name":"OTC Organics","description":"","potentialAction":[{"@type":"SearchAction","target":{"@type":"EntryPoint","urlTemplate":"https:\/\/otcorganics.com\/es\/?s={search_term_string}"},"query-input":{"@type":"PropertyValueSpecification","valueRequired":true,"valueName":"search_term_string"}}],"inLanguage":"es"}]}},"_links":{"self":[{"href":"https:\/\/otcorganics.com\/es\/wp-json\/wp\/v2\/pages\/4883","targetHints":{"allow":["GET"]}}],"collection":[{"href":"https:\/\/otcorganics.com\/es\/wp-json\/wp\/v2\/pages"}],"about":[{"href":"https:\/\/otcorganics.com\/es\/wp-json\/wp\/v2\/types\/page"}],"author":[{"embeddable":true,"href":"https:\/\/otcorganics.com\/es\/wp-json\/wp\/v2\/users\/1"}],"replies":[{"embeddable":true,"href":"https:\/\/otcorganics.com\/es\/wp-json\/wp\/v2\/comments?post=4883"}],"version-history":[{"count":3,"href":"https:\/\/otcorganics.com\/es\/wp-json\/wp\/v2\/pages\/4883\/revisions"}],"predecessor-version":[{"id":5979,"href":"https:\/\/otcorganics.com\/es\/wp-json\/wp\/v2\/pages\/4883\/revisions\/5979"}],"up":[{"embeddable":true,"href":"https:\/\/otcorganics.com\/es\/wp-json\/wp\/v2\/pages\/4872"}],"wp:attachment":[{"href":"https:\/\/otcorganics.com\/es\/wp-json\/wp\/v2\/media?parent=4883"}],"curies":[{"name":"wp","href":"https:\/\/api.w.org\/{rel}","templated":true}]}}