{"id":4891,"date":"2023-02-07T14:27:00","date_gmt":"2023-02-07T14:27:00","guid":{"rendered":"https:\/\/otcorganics.com\/quienes-somos\/momentos-clave-en-nuestra-historia\/"},"modified":"2023-05-16T13:47:13","modified_gmt":"2023-05-16T13:47:13","slug":"momentos-clave-en-nuestra-historia","status":"publish","type":"page","link":"https:\/\/otcorganics.com\/es\/quienes-somos\/momentos-clave-en-nuestra-historia\/","title":{"rendered":"Momentos clave en nuestra historia"},"content":{"rendered":"\t\t<div data-elementor-type=\"wp-page\" data-elementor-id=\"4891\" class=\"elementor elementor-4891 elementor-2004\" data-elementor-post-type=\"page\">\n\t\t\t\t\t\t<section class=\"elementor-section elementor-top-section elementor-element elementor-element-a3c4eb8 elementor-section-full_width elementor-section-height-default elementor-section-height-default\" data-id=\"a3c4eb8\" data-element_type=\"section\">\n\t\t\t\t\t\t<div class=\"elementor-container elementor-column-gap-no\">\n\t\t\t\t\t<div class=\"elementor-column elementor-col-100 elementor-top-column elementor-element elementor-element-06fe199\" data-id=\"06fe199\" data-element_type=\"column\">\n\t\t\t<div class=\"elementor-widget-wrap elementor-element-populated\">\n\t\t\t\t\t\t<div class=\"elementor-element elementor-element-ea0dfe9 elementor-widget elementor-widget-sosso-breadcrumb\" data-id=\"ea0dfe9\" data-element_type=\"widget\" data-widget_type=\"sosso-breadcrumb.default\">\n\t\t\t\t<div class=\"elementor-widget-container\">\n\t\t\t\t\t<section class=\"page-title-area bg_cover d-flex align-items-center\" style=\"background-image: url(https:\/\/otcorganics.com\/wp-content\/uploads\/2023\/05\/Kopie-van-website-header-5.jpg)\"><div class=\"container\"><div class=\"row\"><div class=\"col-lg-6\"><div class=\"page-title-content\"><h3 class=\"title\">Momentos clave en nuestra historia<\/h3><nav aria-label=\"breadcrumb\"><nav aria-label=\"breadcrumb\"><ol class=\"breadcrumb\"><li class=\"breadcrumb-item\"><a  href=\"https:\/\/otcorganics.com\/es\/\" title=\"Home\" rel=\"bookmark\">Home<\/a> <\/li>  <\/ol><\/nav><\/nav><\/div><\/div><\/div><\/div><\/section>\t\t\t\t<\/div>\n\t\t\t\t<\/div>\n\t\t\t\t\t<\/div>\n\t\t<\/div>\n\t\t\t\t\t<\/div>\n\t\t<\/section>\n\t\t\t\t<div class=\"elementor-section elementor-top-section elementor-element elementor-element-3d0f581 elementor-section-boxed elementor-section-height-default elementor-section-height-default\" data-id=\"3d0f581\" data-element_type=\"section\">\n\t\t\t\t\t\t<div class=\"elementor-container elementor-column-gap-default\">\n\t\t\t\t\t<div class=\"elementor-column elementor-col-50 elementor-top-column elementor-element elementor-element-663b8b9b\" data-id=\"663b8b9b\" data-element_type=\"column\">\n\t\t\t<div class=\"elementor-widget-wrap elementor-element-populated\">\n\t\t\t\t\t\t<div class=\"elementor-element elementor-element-2c366129 elementor-widget elementor-widget-sosso-faq-content\" data-id=\"2c366129\" data-element_type=\"widget\" data-widget_type=\"sosso-faq-content.default\">\n\t\t\t\t<div class=\"elementor-widget-container\">\n\t\t\t\t\t<div class=\"klb-faq faq-content\"><span>FAQ<\/span><h3 class=\"title\">Momentos clave en nuestra historia<\/h3><p>\u00bfDe d\u00f3nde venimos y ad\u00f3nde vamos? Le contamos brevemente la historia de OTC Organics con preguntas y respuestas.<\/p><a class=\"main-btn\" href=\"\" ><\/a><\/div>\t\t\t\t<\/div>\n\t\t\t\t<\/div>\n\t\t\t\t\t<\/div>\n\t\t<\/div>\n\t\t\t\t<div class=\"elementor-column elementor-col-50 elementor-top-column elementor-element elementor-element-c1d6093\" data-id=\"c1d6093\" data-element_type=\"column\">\n\t\t\t<div class=\"elementor-widget-wrap elementor-element-populated\">\n\t\t\t\t\t\t<div class=\"elementor-element elementor-element-1adee96c elementor-widget elementor-widget-accordion\" data-id=\"1adee96c\" data-element_type=\"widget\" data-widget_type=\"accordion.default\">\n\t\t\t\t<div class=\"elementor-widget-container\">\n\t\t\t\t\t\t\t<div class=\"elementor-accordion\">\n\t\t\t\t\t\t\t<div class=\"elementor-accordion-item\">\n\t\t\t\t\t<div id=\"elementor-tab-title-4501\" class=\"elementor-tab-title\" data-tab=\"1\" role=\"button\" aria-controls=\"elementor-tab-content-4501\" aria-expanded=\"false\">\n\t\t\t\t\t\t\t\t\t\t\t\t<a class=\"elementor-accordion-title\" tabindex=\"0\">\u00bfQui\u00e9n fund\u00f3 OTC Organics?<\/a>\n\t\t\t\t\t<\/div>\n\t\t\t\t\t<div id=\"elementor-tab-content-4501\" class=\"elementor-tab-content elementor-clearfix\" data-tab=\"1\" role=\"region\" aria-labelledby=\"elementor-tab-title-4501\"><p>Todo empez\u00f3 con Fred Kloen y Edward Out. Ellos fundaron la empresa en 2001 en Lelystad, con el nombre de Tellus Produce B.V. Tanto Fred como Edward eran comerciantes del sector de las frutas y verduras ecol\u00f3gicas, y unieron sus fuerzas para exportar productos ecol\u00f3gicos cultivados al aire libre en Pa\u00edses Bajos y B\u00e9lgica.<\/p>\n<\/div>\n\t\t\t\t<\/div>\n\t\t\t\t\t\t\t<div class=\"elementor-accordion-item\">\n\t\t\t\t\t<div id=\"elementor-tab-title-4502\" class=\"elementor-tab-title\" data-tab=\"2\" role=\"button\" aria-controls=\"elementor-tab-content-4502\" aria-expanded=\"false\">\n\t\t\t\t\t\t\t\t\t\t\t\t<a class=\"elementor-accordion-title\" tabindex=\"0\">\u00bfCu\u00e1ndo empezaron a importar productos del extranjero?<\/a>\n\t\t\t\t\t<\/div>\n\t\t\t\t\t<div id=\"elementor-tab-content-4502\" class=\"elementor-tab-content elementor-clearfix\" data-tab=\"2\" role=\"region\" aria-labelledby=\"elementor-tab-title-4502\"><p>En 2003 Tradin Organic Agriculture contact\u00f3 con Tellus B.V. para preguntar si quer\u00edan colaborar con su filial Trabana B.V. Esta empresa estaba especializada en bananas y frutas ex\u00f3ticas ecol\u00f3gicas. Y as\u00ed es como empezaron.<\/p>\n<\/div>\n\t\t\t\t<\/div>\n\t\t\t\t\t\t\t<div class=\"elementor-accordion-item\">\n\t\t\t\t\t<div id=\"elementor-tab-title-4503\" class=\"elementor-tab-title\" data-tab=\"3\" role=\"button\" aria-controls=\"elementor-tab-content-4503\" aria-expanded=\"false\">\n\t\t\t\t\t\t\t\t\t\t\t\t<a class=\"elementor-accordion-title\" tabindex=\"0\">\u00bfCu\u00e1ndo cambi\u00f3 de nombre la organizaci\u00f3n?<\/a>\n\t\t\t\t\t<\/div>\n\t\t\t\t\t<div id=\"elementor-tab-content-4503\" class=\"elementor-tab-content elementor-clearfix\" data-tab=\"3\" role=\"region\" aria-labelledby=\"elementor-tab-title-4503\"><p>Antes de tener nuestro nombre actual, durante un tiempo nos llamamos Organic Trade Company Holland B.V. Eso fue a partir del 1 de abril de 2004, cuando las actividades de Tellus Produce B.V. y Trabana B.V. se fusionaron por completo.<\/p>\n<\/div>\n\t\t\t\t<\/div>\n\t\t\t\t\t\t\t<div class=\"elementor-accordion-item\">\n\t\t\t\t\t<div id=\"elementor-tab-title-4504\" class=\"elementor-tab-title\" data-tab=\"4\" role=\"button\" aria-controls=\"elementor-tab-content-4504\" aria-expanded=\"false\">\n\t\t\t\t\t\t\t\t\t\t\t\t<a class=\"elementor-accordion-title\" tabindex=\"0\">\u00bfY en ese momento tambi\u00e9n se expandi\u00f3 la empresa?<\/a>\n\t\t\t\t\t<\/div>\n\t\t\t\t\t<div id=\"elementor-tab-content-4504\" class=\"elementor-tab-content elementor-clearfix\" data-tab=\"4\" role=\"region\" aria-labelledby=\"elementor-tab-title-4504\"><p>Y tanto que s\u00ed. Gracias a la extensa red y actividades de apoyo de Tradin Organic Agriculture, entre 2005 y 2007 aumentamos mucho nuestras actividades de importaci\u00f3n. Y no solo eso: para acceder al mercado escandinavo, una d\u00e9cada m\u00e1s tarde iniciamos una colaboraci\u00f3n con Total Produce Nordic. As\u00ed expandimos m\u00e1s a\u00fan nuestras actividades tanto de importaci\u00f3n como de exportaci\u00f3n.<\/p>\n<\/div>\n\t\t\t\t<\/div>\n\t\t\t\t\t\t\t<div class=\"elementor-accordion-item\">\n\t\t\t\t\t<div id=\"elementor-tab-title-4505\" class=\"elementor-tab-title\" data-tab=\"5\" role=\"button\" aria-controls=\"elementor-tab-content-4505\" aria-expanded=\"false\">\n\t\t\t\t\t\t\t\t\t\t\t\t<a class=\"elementor-accordion-title\" tabindex=\"0\">\u00bfY cu\u00e1ndo empezasteis a llamaros OTC Organics?<\/a>\n\t\t\t\t\t<\/div>\n\t\t\t\t\t<div id=\"elementor-tab-content-4505\" class=\"elementor-tab-content elementor-clearfix\" data-tab=\"5\" role=\"region\" aria-labelledby=\"elementor-tab-title-4505\"><p>En 2018 cambiamos de nombre, nos mudamos de Lelystad a Dronten e iniciamos nuestro concepto \u00abdel comercio al cultivo\u00bb, conectando directamente a los agricultores con los clientes y apoyando a ambas partes con nuestros conocimientos.<\/p>\n<\/div>\n\t\t\t\t<\/div>\n\t\t\t\t\t\t\t<div class=\"elementor-accordion-item\">\n\t\t\t\t\t<div id=\"elementor-tab-title-4506\" class=\"elementor-tab-title\" data-tab=\"6\" role=\"button\" aria-controls=\"elementor-tab-content-4506\" aria-expanded=\"false\">\n\t\t\t\t\t\t\t\t\t\t\t\t<a class=\"elementor-accordion-title\" tabindex=\"0\">\u00bfY ahora colabor\u00e1is con Dole?<\/a>\n\t\t\t\t\t<\/div>\n\t\t\t\t\t<div id=\"elementor-tab-content-4506\" class=\"elementor-tab-content elementor-clearfix\" data-tab=\"6\" role=\"region\" aria-labelledby=\"elementor-tab-title-4506\"><p>En 2022 empezamos a ser 100 % parte de Dole plc. Dentro de la familia Dole, somos los especialistas en productos de cultivo ecol\u00f3gico, y eso es algo que nos llena de orgullo.<\/p>\n<\/div>\n\t\t\t\t<\/div>\n\t\t\t\t\t\t\t\t<\/div>\n\t\t\t\t\t\t<\/div>\n\t\t\t\t<\/div>\n\t\t\t\t\t<\/div>\n\t\t<\/div>\n\t\t\t\t\t<\/div>\n\t\t<\/div>\n\t\t\t\t<\/div>\n\t\t","protected":false},"excerpt":{"rendered":"<p>Momentos clave en nuestra historia Home FAQ Momentos clave en nuestra historia \u00bfDe d\u00f3nde venimos y ad\u00f3nde vamos? Le contamos brevemente la historia de OTC Organics con preguntas y respuestas. \u00bfQui\u00e9n fund\u00f3 OTC Organics? Todo empez\u00f3 con Fred Kloen y Edward Out. Ellos fundaron la empresa en 2001 en Lelystad, con el nombre de Tellus<\/p>\n<div class=\"read-more\"><a href=\"https:\/\/otcorganics.com\/es\/quienes-somos\/momentos-clave-en-nuestra-historia\/\"><i class=\"fal fa-arrow-right\"><\/i>Leer m\u00e1s<\/a><\/div>\n","protected":false},"author":1,"featured_media":0,"parent":4872,"menu_order":0,"comment_status":"closed","ping_status":"closed","template":"","meta":{"_acf_changed":false,"footnotes":""},"class_list":["post-4891","page","type-page","status-publish","hentry"],"acf":[],"yoast_head":"<!-- This site is optimized with the Yoast SEO plugin v26.0 - https:\/\/yoast.com\/wordpress\/plugins\/seo\/ -->\n<title>Momentos clave en nuestra historia - OTC Organics<\/title>\n<meta name=\"robots\" content=\"index, follow, max-snippet:-1, max-image-preview:large, max-video-preview:-1\" \/>\n<link rel=\"canonical\" href=\"https:\/\/otcorganics.com\/es\/quienes-somos\/momentos-clave-en-nuestra-historia\/\" \/>\n<meta property=\"og:locale\" content=\"es_ES\" \/>\n<meta property=\"og:type\" content=\"article\" \/>\n<meta property=\"og:title\" content=\"Momentos clave en nuestra historia - OTC Organics\" \/>\n<meta property=\"og:description\" content=\"Momentos clave en nuestra historia Home FAQ Momentos clave en nuestra historia \u00bfDe d\u00f3nde venimos y ad\u00f3nde vamos? Le contamos brevemente la historia de OTC Organics con preguntas y respuestas. \u00bfQui\u00e9n fund\u00f3 OTC Organics? Todo empez\u00f3 con Fred Kloen y Edward Out. Ellos fundaron la empresa en 2001 en Lelystad, con el nombre de TellusLeer m\u00e1s\" \/>\n<meta property=\"og:url\" content=\"https:\/\/otcorganics.com\/es\/quienes-somos\/momentos-clave-en-nuestra-historia\/\" \/>\n<meta property=\"og:site_name\" content=\"OTC Organics\" \/>\n<meta property=\"article:modified_time\" content=\"2023-05-16T13:47:13+00:00\" \/>\n<meta name=\"twitter:card\" content=\"summary_large_image\" \/>\n<meta name=\"twitter:label1\" content=\"Tiempo de lectura\" \/>\n\t<meta name=\"twitter:data1\" content=\"2 minutos\" \/>\n<!-- \/ Yoast SEO plugin. -->","yoast_head_json":{"title":"Momentos clave en nuestra historia - OTC Organics","robots":{"index":"index","follow":"follow","max-snippet":"max-snippet:-1","max-image-preview":"max-image-preview:large","max-video-preview":"max-video-preview:-1"},"canonical":"https:\/\/otcorganics.com\/es\/quienes-somos\/momentos-clave-en-nuestra-historia\/","og_locale":"es_ES","og_type":"article","og_title":"Momentos clave en nuestra historia - OTC Organics","og_description":"Momentos clave en nuestra historia Home FAQ Momentos clave en nuestra historia \u00bfDe d\u00f3nde venimos y ad\u00f3nde vamos? Le contamos brevemente la historia de OTC Organics con preguntas y respuestas. \u00bfQui\u00e9n fund\u00f3 OTC Organics? Todo empez\u00f3 con Fred Kloen y Edward Out. Ellos fundaron la empresa en 2001 en Lelystad, con el nombre de TellusLeer m\u00e1s","og_url":"https:\/\/otcorganics.com\/es\/quienes-somos\/momentos-clave-en-nuestra-historia\/","og_site_name":"OTC Organics","article_modified_time":"2023-05-16T13:47:13+00:00","twitter_card":"summary_large_image","twitter_misc":{"Tiempo de lectura":"2 minutos"},"schema":{"@context":"https:\/\/schema.org","@graph":[{"@type":"WebPage","@id":"https:\/\/otcorganics.com\/es\/quienes-somos\/momentos-clave-en-nuestra-historia\/","url":"https:\/\/otcorganics.com\/es\/quienes-somos\/momentos-clave-en-nuestra-historia\/","name":"Momentos clave en nuestra historia - OTC Organics","isPartOf":{"@id":"https:\/\/otcorganics.com\/es\/#website"},"datePublished":"2023-02-07T14:27:00+00:00","dateModified":"2023-05-16T13:47:13+00:00","breadcrumb":{"@id":"https:\/\/otcorganics.com\/es\/quienes-somos\/momentos-clave-en-nuestra-historia\/#breadcrumb"},"inLanguage":"es","potentialAction":[{"@type":"ReadAction","target":["https:\/\/otcorganics.com\/es\/quienes-somos\/momentos-clave-en-nuestra-historia\/"]}]},{"@type":"BreadcrumbList","@id":"https:\/\/otcorganics.com\/es\/quienes-somos\/momentos-clave-en-nuestra-historia\/#breadcrumb","itemListElement":[{"@type":"ListItem","position":1,"name":"Home","item":"https:\/\/otcorganics.com\/es\/"},{"@type":"ListItem","position":2,"name":"Qui\u00e9nes somos","item":"https:\/\/otcorganics.com\/es\/over-ons\/"},{"@type":"ListItem","position":3,"name":"Momentos clave en nuestra historia"}]},{"@type":"WebSite","@id":"https:\/\/otcorganics.com\/es\/#website","url":"https:\/\/otcorganics.com\/es\/","name":"OTC Organics","description":"","potentialAction":[{"@type":"SearchAction","target":{"@type":"EntryPoint","urlTemplate":"https:\/\/otcorganics.com\/es\/?s={search_term_string}"},"query-input":{"@type":"PropertyValueSpecification","valueRequired":true,"valueName":"search_term_string"}}],"inLanguage":"es"}]}},"_links":{"self":[{"href":"https:\/\/otcorganics.com\/es\/wp-json\/wp\/v2\/pages\/4891","targetHints":{"allow":["GET"]}}],"collection":[{"href":"https:\/\/otcorganics.com\/es\/wp-json\/wp\/v2\/pages"}],"about":[{"href":"https:\/\/otcorganics.com\/es\/wp-json\/wp\/v2\/types\/page"}],"author":[{"embeddable":true,"href":"https:\/\/otcorganics.com\/es\/wp-json\/wp\/v2\/users\/1"}],"replies":[{"embeddable":true,"href":"https:\/\/otcorganics.com\/es\/wp-json\/wp\/v2\/comments?post=4891"}],"version-history":[{"count":7,"href":"https:\/\/otcorganics.com\/es\/wp-json\/wp\/v2\/pages\/4891\/revisions"}],"predecessor-version":[{"id":5972,"href":"https:\/\/otcorganics.com\/es\/wp-json\/wp\/v2\/pages\/4891\/revisions\/5972"}],"up":[{"embeddable":true,"href":"https:\/\/otcorganics.com\/es\/wp-json\/wp\/v2\/pages\/4872"}],"wp:attachment":[{"href":"https:\/\/otcorganics.com\/es\/wp-json\/wp\/v2\/media?parent=4891"}],"curies":[{"name":"wp","href":"https:\/\/api.w.org\/{rel}","templated":true}]}}