{"id":4903,"date":"2023-02-06T15:09:57","date_gmt":"2023-02-06T15:09:57","guid":{"rendered":"https:\/\/otcorganics.com\/cultivadores\/"},"modified":"2023-05-16T12:44:23","modified_gmt":"2023-05-16T12:44:23","slug":"cultivadores","status":"publish","type":"page","link":"https:\/\/otcorganics.com\/es\/cultivadores\/","title":{"rendered":"Cultivadores"},"content":{"rendered":"\t\t<div data-elementor-type=\"wp-page\" data-elementor-id=\"4903\" class=\"elementor elementor-4903 elementor-1738\" data-elementor-post-type=\"page\">\n\t\t\t\t\t\t<section class=\"elementor-section elementor-top-section elementor-element elementor-element-0aeb097 elementor-section-full_width elementor-section-height-default elementor-section-height-default\" data-id=\"0aeb097\" data-element_type=\"section\">\n\t\t\t\t\t\t<div class=\"elementor-container elementor-column-gap-no\">\n\t\t\t\t\t<div class=\"elementor-column elementor-col-100 elementor-top-column elementor-element elementor-element-e4578ae\" data-id=\"e4578ae\" data-element_type=\"column\">\n\t\t\t<div class=\"elementor-widget-wrap elementor-element-populated\">\n\t\t\t\t\t\t<div class=\"elementor-element elementor-element-9574ee2 elementor-widget elementor-widget-sosso-breadcrumb\" data-id=\"9574ee2\" data-element_type=\"widget\" data-widget_type=\"sosso-breadcrumb.default\">\n\t\t\t\t<div class=\"elementor-widget-container\">\n\t\t\t\t\t<section class=\"page-title-area bg_cover d-flex align-items-center\" style=\"background-image: url(https:\/\/otcorganics.com\/wp-content\/uploads\/2023\/05\/Telers-header-3.jpg)\"><div class=\"container\"><div class=\"row\"><div class=\"col-lg-6\"><div class=\"page-title-content\"><h3 class=\"title\">Cultivadores<\/h3><nav aria-label=\"breadcrumb\"><nav aria-label=\"breadcrumb\"><ol class=\"breadcrumb\"><li class=\"breadcrumb-item\"><a  href=\"https:\/\/otcorganics.com\/es\/\" title=\"Home\" rel=\"bookmark\">Home<\/a> <\/li>  <\/ol><\/nav><\/nav><\/div><\/div><\/div><\/div><\/section>\t\t\t\t<\/div>\n\t\t\t\t<\/div>\n\t\t\t\t\t<\/div>\n\t\t<\/div>\n\t\t\t\t\t<\/div>\n\t\t<\/section>\n\t\t\t\t<section class=\"elementor-section elementor-top-section elementor-element elementor-element-d5c2eec elementor-section-content-middle elementor-section-boxed elementor-section-height-default elementor-section-height-default\" data-id=\"d5c2eec\" data-element_type=\"section\">\n\t\t\t\t\t\t<div class=\"elementor-container elementor-column-gap-default\">\n\t\t\t\t\t<div class=\"elementor-column elementor-col-50 elementor-top-column elementor-element elementor-element-078a1cf\" data-id=\"078a1cf\" data-element_type=\"column\">\n\t\t\t<div class=\"elementor-widget-wrap elementor-element-populated\">\n\t\t\t\t\t\t<div class=\"elementor-element elementor-element-7b11eb6 elementor-widget elementor-widget-sosso-single-image\" data-id=\"7b11eb6\" data-element_type=\"widget\" data-widget_type=\"sosso-single-image.default\">\n\t\t\t\t<div class=\"elementor-widget-container\">\n\t\t\t\t\t<div class=\"klb-single-image about-info-thumb ml-30 mr-30\"><img decoding=\"async\" src=\"https:\/\/otcorganics.com\/wp-content\/uploads\/2023\/04\/Telers-verticaal2.jpg\" alt=\"about\"><\/div>\t\t\t\t<\/div>\n\t\t\t\t<\/div>\n\t\t\t\t\t<\/div>\n\t\t<\/div>\n\t\t\t\t<div class=\"elementor-column elementor-col-50 elementor-top-column elementor-element elementor-element-dc4b616\" data-id=\"dc4b616\" data-element_type=\"column\">\n\t\t\t<div class=\"elementor-widget-wrap elementor-element-populated\">\n\t\t\t\t\t\t<div class=\"elementor-element elementor-element-3bad455 elementor-widget elementor-widget-sosso-custom-title\" data-id=\"3bad455\" data-element_type=\"widget\" data-widget_type=\"sosso-custom-title.default\">\n\t\t\t\t<div class=\"elementor-widget-container\">\n\t\t\t\t\t<div class=\"klb-custom-title\"><span>Cultivadores<\/span><h3 class=\"title\">Muchos pa\u00edses, misma forma de trabajo<\/h3><\/div>\t\t\t\t<\/div>\n\t\t\t\t<\/div>\n\t\t\t\t<div class=\"elementor-element elementor-element-1994d23 elementor-widget elementor-widget-text-editor\" data-id=\"1994d23\" data-element_type=\"widget\" data-widget_type=\"text-editor.default\">\n\t\t\t\t<div class=\"elementor-widget-container\">\n\t\t\t\t\t\t\t\t\t<p style=\"font-weight: 400;\">Trabajamos en todo el mundo con agricultores que se esfuerzan en cuerpo y alma cada d\u00eda por cultivar fruta y verdura ecol\u00f3gica de calidad excelente. Nos encanta que los cultivadores nos cuenten sus experiencias. Al mismo tiempo, les ayudamos a expedir los productos a Europa de forma responsable para su posterior distribuci\u00f3n. Con seis de estos productores tenemos una colaboraci\u00f3n tan intensiva que podemos decir que son nuestros socios estrat\u00e9gicos.<\/p>\n<p>&nbsp;<\/p>\n<h4 style=\"font-weight: 400;\"><strong>Bajamos al barro por nuestros cultivadores, literalmente<\/strong><\/h4>\n<p style=\"font-weight: 400;\">Nuestro equipo de Desarrollo de Productos trabaja sobre el terreno con agricultores de todo el mundo. Junto con el productor, su trabajo consiste en mejorar el terreno y los procesos si es necesario, hacer que se cumplan las normativas y legislaciones y revisar el etiquetado que marca la ley. Porque las normas del mercado ecol\u00f3gico son muy estrictas y lo \u00faltimo que queremos es que cosechas enteras sean rechazadas y destruidas al llegar a los Pa\u00edses Bajos.<\/p>\n\t\t\t\t\t\t\t\t<\/div>\n\t\t\t\t<\/div>\n\t\t\t\t\t<\/div>\n\t\t<\/div>\n\t\t\t\t\t<\/div>\n\t\t<\/section>\n\t\t\t\t<section class=\"elementor-section elementor-top-section elementor-element elementor-element-33f7274 elementor-section-boxed elementor-section-height-default elementor-section-height-default\" data-id=\"33f7274\" data-element_type=\"section\">\n\t\t\t\t\t\t<div class=\"elementor-container elementor-column-gap-default\">\n\t\t\t\t\t<div class=\"elementor-column elementor-col-50 elementor-top-column elementor-element elementor-element-db65bc2\" data-id=\"db65bc2\" data-element_type=\"column\">\n\t\t\t<div class=\"elementor-widget-wrap elementor-element-populated\">\n\t\t\t\t\t\t<div class=\"elementor-element elementor-element-7e129a8 elementor-widget elementor-widget-heading\" data-id=\"7e129a8\" data-element_type=\"widget\" data-widget_type=\"heading.default\">\n\t\t\t\t<div class=\"elementor-widget-container\">\n\t\t\t\t\t<h2 class=\"elementor-heading-title elementor-size-default\">Observar cuando se puede, Ayudar cuando nos lo piden, Intervenir cuando es debido<\/h2>\t\t\t\t<\/div>\n\t\t\t\t<\/div>\n\t\t\t\t\t<\/div>\n\t\t<\/div>\n\t\t\t\t<div class=\"elementor-column elementor-col-50 elementor-top-column elementor-element elementor-element-89f2067\" data-id=\"89f2067\" data-element_type=\"column\">\n\t\t\t<div class=\"elementor-widget-wrap elementor-element-populated\">\n\t\t\t\t\t\t<div class=\"elementor-element elementor-element-a888b83 elementor-widget elementor-widget-text-editor\" data-id=\"a888b83\" data-element_type=\"widget\" data-widget_type=\"text-editor.default\">\n\t\t\t\t<div class=\"elementor-widget-container\">\n\t\t\t\t\t\t\t\t\t<p style=\"font-weight: 400;\">Trabajamos de forma personal, transparente y sobre una base de igualdad. Valoramos y respetamos su profesionalidad y experiencia ecol\u00f3gica. Y gracias a nuestra gran red europea y a nuestro extenso mercado de salida, somos un socio fiable al que puede confiar sus productos con toda tranquilidad.<\/p>\n\t\t\t\t\t\t\t\t<\/div>\n\t\t\t\t<\/div>\n\t\t\t\t\t<\/div>\n\t\t<\/div>\n\t\t\t\t\t<\/div>\n\t\t<\/section>\n\t\t\t\t<\/div>\n\t\t","protected":false},"excerpt":{"rendered":"<p>Cultivadores Home Cultivadores Muchos pa\u00edses, misma forma de trabajo Trabajamos en todo el mundo con agricultores que se esfuerzan en cuerpo y alma cada d\u00eda por cultivar fruta y verdura ecol\u00f3gica de calidad excelente. Nos encanta que los cultivadores nos cuenten sus experiencias. Al mismo tiempo, les ayudamos a expedir los productos a Europa de<\/p>\n<div class=\"read-more\"><a href=\"https:\/\/otcorganics.com\/es\/cultivadores\/\"><i class=\"fal fa-arrow-right\"><\/i>Leer m\u00e1s<\/a><\/div>\n","protected":false},"author":1,"featured_media":0,"parent":0,"menu_order":0,"comment_status":"closed","ping_status":"closed","template":"","meta":{"_acf_changed":false,"footnotes":""},"class_list":["post-4903","page","type-page","status-publish","hentry"],"acf":[],"yoast_head":"<!-- This site is optimized with the Yoast SEO plugin v26.0 - https:\/\/yoast.com\/wordpress\/plugins\/seo\/ -->\n<title>Cultivadores - OTC Organics<\/title>\n<meta name=\"robots\" content=\"index, follow, max-snippet:-1, max-image-preview:large, max-video-preview:-1\" \/>\n<link rel=\"canonical\" href=\"https:\/\/otcorganics.com\/es\/cultivadores\/\" \/>\n<meta property=\"og:locale\" content=\"es_ES\" \/>\n<meta property=\"og:type\" content=\"article\" \/>\n<meta property=\"og:title\" content=\"Cultivadores - OTC Organics\" \/>\n<meta property=\"og:description\" content=\"Cultivadores Home Cultivadores Muchos pa\u00edses, misma forma de trabajo Trabajamos en todo el mundo con agricultores que se esfuerzan en cuerpo y alma cada d\u00eda por cultivar fruta y verdura ecol\u00f3gica de calidad excelente. Nos encanta que los cultivadores nos cuenten sus experiencias. Al mismo tiempo, les ayudamos a expedir los productos a Europa deLeer m\u00e1s\" \/>\n<meta property=\"og:url\" content=\"https:\/\/otcorganics.com\/es\/cultivadores\/\" \/>\n<meta property=\"og:site_name\" content=\"OTC Organics\" \/>\n<meta property=\"article:modified_time\" content=\"2023-05-16T12:44:23+00:00\" \/>\n<meta property=\"og:image\" content=\"https:\/\/otcorganics.com\/wp-content\/uploads\/2023\/04\/Telers-verticaal2.jpg\" \/>\n<meta name=\"twitter:card\" content=\"summary_large_image\" \/>\n<meta name=\"twitter:label1\" content=\"Tiempo de lectura\" \/>\n\t<meta name=\"twitter:data1\" content=\"1 minuto\" \/>\n<!-- \/ Yoast SEO plugin. -->","yoast_head_json":{"title":"Cultivadores - OTC Organics","robots":{"index":"index","follow":"follow","max-snippet":"max-snippet:-1","max-image-preview":"max-image-preview:large","max-video-preview":"max-video-preview:-1"},"canonical":"https:\/\/otcorganics.com\/es\/cultivadores\/","og_locale":"es_ES","og_type":"article","og_title":"Cultivadores - OTC Organics","og_description":"Cultivadores Home Cultivadores Muchos pa\u00edses, misma forma de trabajo Trabajamos en todo el mundo con agricultores que se esfuerzan en cuerpo y alma cada d\u00eda por cultivar fruta y verdura ecol\u00f3gica de calidad excelente. Nos encanta que los cultivadores nos cuenten sus experiencias. Al mismo tiempo, les ayudamos a expedir los productos a Europa deLeer m\u00e1s","og_url":"https:\/\/otcorganics.com\/es\/cultivadores\/","og_site_name":"OTC Organics","article_modified_time":"2023-05-16T12:44:23+00:00","og_image":[{"url":"https:\/\/otcorganics.com\/wp-content\/uploads\/2023\/04\/Telers-verticaal2.jpg","type":"","width":"","height":""}],"twitter_card":"summary_large_image","twitter_misc":{"Tiempo de lectura":"1 minuto"},"schema":{"@context":"https:\/\/schema.org","@graph":[{"@type":"WebPage","@id":"https:\/\/otcorganics.com\/es\/cultivadores\/","url":"https:\/\/otcorganics.com\/es\/cultivadores\/","name":"Cultivadores - OTC Organics","isPartOf":{"@id":"https:\/\/otcorganics.com\/es\/#website"},"primaryImageOfPage":{"@id":"https:\/\/otcorganics.com\/es\/cultivadores\/#primaryimage"},"image":{"@id":"https:\/\/otcorganics.com\/es\/cultivadores\/#primaryimage"},"thumbnailUrl":"https:\/\/otcorganics.com\/wp-content\/uploads\/2023\/04\/Telers-verticaal2.jpg","datePublished":"2023-02-06T15:09:57+00:00","dateModified":"2023-05-16T12:44:23+00:00","breadcrumb":{"@id":"https:\/\/otcorganics.com\/es\/cultivadores\/#breadcrumb"},"inLanguage":"es","potentialAction":[{"@type":"ReadAction","target":["https:\/\/otcorganics.com\/es\/cultivadores\/"]}]},{"@type":"ImageObject","inLanguage":"es","@id":"https:\/\/otcorganics.com\/es\/cultivadores\/#primaryimage","url":"https:\/\/otcorganics.com\/wp-content\/uploads\/2023\/04\/Telers-verticaal2.jpg","contentUrl":"https:\/\/otcorganics.com\/wp-content\/uploads\/2023\/04\/Telers-verticaal2.jpg"},{"@type":"BreadcrumbList","@id":"https:\/\/otcorganics.com\/es\/cultivadores\/#breadcrumb","itemListElement":[{"@type":"ListItem","position":1,"name":"Home","item":"https:\/\/otcorganics.com\/es\/"},{"@type":"ListItem","position":2,"name":"Cultivadores"}]},{"@type":"WebSite","@id":"https:\/\/otcorganics.com\/es\/#website","url":"https:\/\/otcorganics.com\/es\/","name":"OTC Organics","description":"","potentialAction":[{"@type":"SearchAction","target":{"@type":"EntryPoint","urlTemplate":"https:\/\/otcorganics.com\/es\/?s={search_term_string}"},"query-input":{"@type":"PropertyValueSpecification","valueRequired":true,"valueName":"search_term_string"}}],"inLanguage":"es"}]}},"_links":{"self":[{"href":"https:\/\/otcorganics.com\/es\/wp-json\/wp\/v2\/pages\/4903","targetHints":{"allow":["GET"]}}],"collection":[{"href":"https:\/\/otcorganics.com\/es\/wp-json\/wp\/v2\/pages"}],"about":[{"href":"https:\/\/otcorganics.com\/es\/wp-json\/wp\/v2\/types\/page"}],"author":[{"embeddable":true,"href":"https:\/\/otcorganics.com\/es\/wp-json\/wp\/v2\/users\/1"}],"replies":[{"embeddable":true,"href":"https:\/\/otcorganics.com\/es\/wp-json\/wp\/v2\/comments?post=4903"}],"version-history":[{"count":5,"href":"https:\/\/otcorganics.com\/es\/wp-json\/wp\/v2\/pages\/4903\/revisions"}],"predecessor-version":[{"id":5908,"href":"https:\/\/otcorganics.com\/es\/wp-json\/wp\/v2\/pages\/4903\/revisions\/5908"}],"wp:attachment":[{"href":"https:\/\/otcorganics.com\/es\/wp-json\/wp\/v2\/media?parent=4903"}],"curies":[{"name":"wp","href":"https:\/\/api.w.org\/{rel}","templated":true}]}}