{"id":4915,"date":"2023-02-07T15:02:25","date_gmt":"2023-02-07T15:02:25","guid":{"rendered":"https:\/\/otcorganics.com\/trabajar-en-otc-organics\/"},"modified":"2023-07-19T12:11:05","modified_gmt":"2023-07-19T12:11:05","slug":"trabajar-en-otc-organics","status":"publish","type":"page","link":"https:\/\/otcorganics.com\/es\/trabajar-en-otc-organics\/","title":{"rendered":"Trabajar en OTC"},"content":{"rendered":"\t\t<div data-elementor-type=\"wp-page\" data-elementor-id=\"4915\" class=\"elementor elementor-4915 elementor-2042\" data-elementor-post-type=\"page\">\n\t\t\t\t\t\t<section class=\"elementor-section elementor-top-section elementor-element elementor-element-d5c2eec elementor-section-content-middle elementor-section-boxed elementor-section-height-default elementor-section-height-default\" data-id=\"d5c2eec\" data-element_type=\"section\">\n\t\t\t\t\t\t<div class=\"elementor-container elementor-column-gap-default\">\n\t\t\t\t\t<div class=\"elementor-column elementor-col-50 elementor-top-column elementor-element elementor-element-078a1cf\" data-id=\"078a1cf\" data-element_type=\"column\">\n\t\t\t<div class=\"elementor-widget-wrap elementor-element-populated\">\n\t\t\t\t\t\t<div class=\"elementor-element elementor-element-7b11eb6 elementor-widget elementor-widget-sosso-single-image\" data-id=\"7b11eb6\" data-element_type=\"widget\" data-widget_type=\"sosso-single-image.default\">\n\t\t\t\t<div class=\"elementor-widget-container\">\n\t\t\t\t\t<div class=\"klb-single-image about-info-thumb ml-30 mr-30\"><img decoding=\"async\" src=\"https:\/\/otcorganics.com\/wp-content\/uploads\/2023\/05\/Ontwerp-zonder-titel.png\" alt=\"about\"><\/div>\t\t\t\t<\/div>\n\t\t\t\t<\/div>\n\t\t\t\t\t<\/div>\n\t\t<\/div>\n\t\t\t\t<div class=\"elementor-column elementor-col-50 elementor-top-column elementor-element elementor-element-dc4b616\" data-id=\"dc4b616\" data-element_type=\"column\">\n\t\t\t<div class=\"elementor-widget-wrap elementor-element-populated\">\n\t\t\t\t\t\t<div class=\"elementor-element elementor-element-3bad455 elementor-widget elementor-widget-sosso-custom-title\" data-id=\"3bad455\" data-element_type=\"widget\" data-widget_type=\"sosso-custom-title.default\">\n\t\t\t\t<div class=\"elementor-widget-container\">\n\t\t\t\t\t<div class=\"klb-custom-title\"><span>Trabajar en OTC Organics <\/span><h3 class=\"title\">Estamos contribuyendo a un mundo mejor. \u00bfQuieres venir a ayudarnos?<\/h3><\/div>\t\t\t\t<\/div>\n\t\t\t\t<\/div>\n\t\t\t\t<div class=\"elementor-element elementor-element-1994d23 elementor-widget elementor-widget-text-editor\" data-id=\"1994d23\" data-element_type=\"widget\" data-widget_type=\"text-editor.default\">\n\t\t\t\t<div class=\"elementor-widget-container\">\n\t\t\t\t\t\t\t\t\t<p>Con unos 40 empleados en Dronten y Poeldijk, nos esforzamos cada d\u00eda por cumplir nuestra misi\u00f3n com\u00fan: un mundo mejor mediante frutas y verduras ecol\u00f3gicas y justas. \u00bfJerarqu\u00edas? No van mucho con nosotros. El ambiente informal predomina en nuestro variado grupo de compa\u00f1eros. Desde veintea\u00f1eros que est\u00e1n empezando con nosotros hasta gente que lleva trabajando en OTC Organics desde su fundaci\u00f3n. Somos comprometidos y apasionados, y tenemos el objetivo com\u00fan de continuar desarrollando OTC Organics.<\/p>\n<p>&nbsp;<\/p>\n<p>Tan transparente como nuestra oficina de cristal, as\u00ed es nuestra cultura corporativa. Estamos comprometidos, trabajamos con pasi\u00f3n y nos encanta arrimar el hombro. Pero siempre hay tiempo tambi\u00e9n para charlar un poco junto a la cafetera. O para echar un futbol\u00edn o una partidita cuando el tiempo lo permite.<\/p>\n<p>&nbsp;<\/p>\n<p>\u00bfQuieres unirte a nuestro equipo? De momento, reserva en tu agenda el primer fin de semana de octubre, \u00a1porque nos vamos todos de visita tur\u00edstica! Adem\u00e1s, todos los d\u00edas nuestro club de personal da una comida colectiva para todo el mundo, y se organizan actividades con regularidad, como noches de trivial en el pub, barbacoas y dem\u00e1s fiestas, \u00a1porque trabajar tambi\u00e9n debe ser divertido!<\/p>\n\t\t\t\t\t\t\t\t<\/div>\n\t\t\t\t<\/div>\n\t\t\t\t<div class=\"elementor-element elementor-element-d88e652 elementor-widget elementor-widget-button\" data-id=\"d88e652\" data-element_type=\"widget\" data-widget_type=\"button.default\">\n\t\t\t\t<div class=\"elementor-widget-container\">\n\t\t\t\t\t\t\t\t\t<div class=\"elementor-button-wrapper\">\n\t\t\t\t\t<a class=\"elementor-button elementor-button-link elementor-size-sm\" href=\"https:\/\/otcorganics.com\/es\/trabajar-en-otc-organics\/ofertas-de-empleo\/\">\n\t\t\t\t\t\t<span class=\"elementor-button-content-wrapper\">\n\t\t\t\t\t\t<span class=\"elementor-button-icon\">\n\t\t\t\t<i aria-hidden=\"true\" class=\"fas fa-plus\"><\/i>\t\t\t<\/span>\n\t\t\t\t\t\t\t\t\t<span class=\"elementor-button-text\">Ofertas de empleo <\/span>\n\t\t\t\t\t<\/span>\n\t\t\t\t\t<\/a>\n\t\t\t\t<\/div>\n\t\t\t\t\t\t\t\t<\/div>\n\t\t\t\t<\/div>\n\t\t\t\t\t<\/div>\n\t\t<\/div>\n\t\t\t\t\t<\/div>\n\t\t<\/section>\n\t\t\t\t<section class=\"elementor-section elementor-top-section elementor-element elementor-element-992f882 elementor-section-boxed elementor-section-height-default elementor-section-height-default\" data-id=\"992f882\" data-element_type=\"section\">\n\t\t\t\t\t\t<div class=\"elementor-container elementor-column-gap-default\">\n\t\t\t\t\t<div class=\"elementor-column elementor-col-100 elementor-top-column elementor-element elementor-element-f500125\" data-id=\"f500125\" data-element_type=\"column\">\n\t\t\t<div class=\"elementor-widget-wrap elementor-element-populated\">\n\t\t\t\t\t\t<div class=\"elementor-element elementor-element-1888230 elementor-widget elementor-widget-gallery\" data-id=\"1888230\" data-element_type=\"widget\" data-settings=\"{&quot;aspect_ratio&quot;:&quot;1:1&quot;,&quot;lazyload&quot;:&quot;yes&quot;,&quot;gallery_layout&quot;:&quot;grid&quot;,&quot;columns&quot;:4,&quot;columns_tablet&quot;:2,&quot;columns_mobile&quot;:1,&quot;gap&quot;:{&quot;unit&quot;:&quot;px&quot;,&quot;size&quot;:10,&quot;sizes&quot;:[]},&quot;gap_tablet&quot;:{&quot;unit&quot;:&quot;px&quot;,&quot;size&quot;:10,&quot;sizes&quot;:[]},&quot;gap_mobile&quot;:{&quot;unit&quot;:&quot;px&quot;,&quot;size&quot;:10,&quot;sizes&quot;:[]},&quot;link_to&quot;:&quot;file&quot;,&quot;content_hover_animation&quot;:&quot;fade-in&quot;}\" data-widget_type=\"gallery.default\">\n\t\t\t\t<div class=\"elementor-widget-container\">\n\t\t\t\t\t\t\t\t<div class=\"elementor-gallery__titles-container e--pointer-underline e--animation-fade\" aria-label=\"Filtro de galer\u00eda\">\n\t\t\t\t\n\t\t\t\t\t\t\t\t\t<a class=\"elementor-item elementor-gallery-title\" role=\"button\" tabindex=\"0\" data-gallery-index=\"0\">\n\t\t\t\t\t\t\t\t\t\t\t<\/a>\n\t\t\t\t\t\t\t\t<\/div>\n\t\t\t\t\t<div class=\"elementor-gallery__container\">\n\t\t\t\t\t\t\t<a class=\"e-gallery-item elementor-gallery-item elementor-animated-content\" data-e-gallery-tags=\"0\" href=\"https:\/\/otcorganics.com\/wp-content\/uploads\/2023\/05\/Ontwerp-zonder-titel.jpg\" data-elementor-open-lightbox=\"yes\" data-elementor-lightbox-slideshow=\"1888230\" data-elementor-lightbox-title=\"01-werken bij otc\" data-e-action-hash=\"#elementor-action%3Aaction%3Dlightbox%26settings%3DeyJpZCI6NTA5MywidXJsIjoiaHR0cHM6XC9cL290Y29yZ2FuaWNzLmNvbVwvd3AtY29udGVudFwvdXBsb2Fkc1wvMjAyM1wvMDVcL09udHdlcnAtem9uZGVyLXRpdGVsLmpwZyIsInNsaWRlc2hvdyI6IjE4ODgyMzAifQ%3D%3D\">\n\t\t\t\t\t<div class=\"e-gallery-image elementor-gallery-item__image\" data-thumbnail=\"https:\/\/otcorganics.com\/wp-content\/uploads\/2023\/05\/Ontwerp-zonder-titel-300x300.jpg\" data-width=\"300\" data-height=\"300\" aria-label=\"\" role=\"img\" ><\/div>\n\t\t\t\t\t\t\t\t\t\t\t\t\t\t<\/a>\n\t\t\t\t\t\t\t<a class=\"e-gallery-item elementor-gallery-item elementor-animated-content\" data-e-gallery-tags=\"0\" href=\"https:\/\/otcorganics.com\/wp-content\/uploads\/2023\/07\/werken-bij-otc-3.png\" data-elementor-open-lightbox=\"yes\" data-elementor-lightbox-slideshow=\"1888230\" data-elementor-lightbox-title=\"02-werken bij otc\" data-e-action-hash=\"#elementor-action%3Aaction%3Dlightbox%26settings%3DeyJpZCI6NjU5NCwidXJsIjoiaHR0cHM6XC9cL290Y29yZ2FuaWNzLmNvbVwvd3AtY29udGVudFwvdXBsb2Fkc1wvMjAyM1wvMDdcL3dlcmtlbi1iaWotb3RjLTMucG5nIiwic2xpZGVzaG93IjoiMTg4ODIzMCJ9\">\n\t\t\t\t\t<div class=\"e-gallery-image elementor-gallery-item__image\" data-thumbnail=\"https:\/\/otcorganics.com\/wp-content\/uploads\/2023\/07\/werken-bij-otc-3-300x300.png\" data-width=\"300\" data-height=\"300\" aria-label=\"\" role=\"img\" ><\/div>\n\t\t\t\t\t\t\t\t\t\t\t\t\t\t<\/a>\n\t\t\t\t\t\t\t<a class=\"e-gallery-item elementor-gallery-item elementor-animated-content\" data-e-gallery-tags=\"0\" href=\"https:\/\/otcorganics.com\/wp-content\/uploads\/2023\/05\/Ontwerp-zonder-titel-2.jpg\" data-elementor-open-lightbox=\"yes\" data-elementor-lightbox-slideshow=\"1888230\" data-elementor-lightbox-title=\"03-werken bij otc\" data-e-action-hash=\"#elementor-action%3Aaction%3Dlightbox%26settings%3DeyJpZCI6NTEwMywidXJsIjoiaHR0cHM6XC9cL290Y29yZ2FuaWNzLmNvbVwvd3AtY29udGVudFwvdXBsb2Fkc1wvMjAyM1wvMDVcL09udHdlcnAtem9uZGVyLXRpdGVsLTIuanBnIiwic2xpZGVzaG93IjoiMTg4ODIzMCJ9\">\n\t\t\t\t\t<div class=\"e-gallery-image elementor-gallery-item__image\" data-thumbnail=\"https:\/\/otcorganics.com\/wp-content\/uploads\/2023\/05\/Ontwerp-zonder-titel-2-300x300.jpg\" data-width=\"300\" data-height=\"300\" aria-label=\"\" role=\"img\" ><\/div>\n\t\t\t\t\t\t\t\t\t\t\t\t\t\t<\/a>\n\t\t\t\t\t\t\t<a class=\"e-gallery-item elementor-gallery-item elementor-animated-content\" data-e-gallery-tags=\"0\" href=\"https:\/\/otcorganics.com\/wp-content\/uploads\/2023\/05\/Ontwerp-zonder-titel-1.jpg\" data-elementor-open-lightbox=\"yes\" data-elementor-lightbox-slideshow=\"1888230\" data-elementor-lightbox-title=\"04-werken bij otc\" data-e-action-hash=\"#elementor-action%3Aaction%3Dlightbox%26settings%3DeyJpZCI6NTA5OCwidXJsIjoiaHR0cHM6XC9cL290Y29yZ2FuaWNzLmNvbVwvd3AtY29udGVudFwvdXBsb2Fkc1wvMjAyM1wvMDVcL09udHdlcnAtem9uZGVyLXRpdGVsLTEuanBnIiwic2xpZGVzaG93IjoiMTg4ODIzMCJ9\">\n\t\t\t\t\t<div class=\"e-gallery-image elementor-gallery-item__image\" data-thumbnail=\"https:\/\/otcorganics.com\/wp-content\/uploads\/2023\/05\/Ontwerp-zonder-titel-1-300x300.jpg\" data-width=\"300\" data-height=\"300\" aria-label=\"\" role=\"img\" ><\/div>\n\t\t\t\t\t\t\t\t\t\t\t\t\t\t<\/a>\n\t\t\t\t\t\t\t<a class=\"e-gallery-item elementor-gallery-item elementor-animated-content\" data-e-gallery-tags=\"0\" href=\"https:\/\/otcorganics.com\/wp-content\/uploads\/2023\/05\/werken-bij-otc.jpg\" data-elementor-open-lightbox=\"yes\" data-elementor-lightbox-slideshow=\"1888230\" data-elementor-lightbox-title=\"05-werken bij otc\" data-e-action-hash=\"#elementor-action%3Aaction%3Dlightbox%26settings%3DeyJpZCI6NTEwOCwidXJsIjoiaHR0cHM6XC9cL290Y29yZ2FuaWNzLmNvbVwvd3AtY29udGVudFwvdXBsb2Fkc1wvMjAyM1wvMDVcL3dlcmtlbi1iaWotb3RjLmpwZyIsInNsaWRlc2hvdyI6IjE4ODgyMzAifQ%3D%3D\">\n\t\t\t\t\t<div class=\"e-gallery-image elementor-gallery-item__image\" data-thumbnail=\"https:\/\/otcorganics.com\/wp-content\/uploads\/2023\/05\/werken-bij-otc-300x300.jpg\" data-width=\"300\" data-height=\"300\" aria-label=\"\" role=\"img\" ><\/div>\n\t\t\t\t\t\t\t\t\t\t\t\t\t\t<\/a>\n\t\t\t\t\t\t\t<a class=\"e-gallery-item elementor-gallery-item elementor-animated-content\" data-e-gallery-tags=\"0\" href=\"https:\/\/otcorganics.com\/wp-content\/uploads\/2023\/07\/werken-bij-otc.png\" data-elementor-open-lightbox=\"yes\" data-elementor-lightbox-slideshow=\"1888230\" data-elementor-lightbox-title=\"06-werken bij otc\" data-e-action-hash=\"#elementor-action%3Aaction%3Dlightbox%26settings%3DeyJpZCI6NjU1OCwidXJsIjoiaHR0cHM6XC9cL290Y29yZ2FuaWNzLmNvbVwvd3AtY29udGVudFwvdXBsb2Fkc1wvMjAyM1wvMDdcL3dlcmtlbi1iaWotb3RjLnBuZyIsInNsaWRlc2hvdyI6IjE4ODgyMzAifQ%3D%3D\">\n\t\t\t\t\t<div class=\"e-gallery-image elementor-gallery-item__image\" data-thumbnail=\"https:\/\/otcorganics.com\/wp-content\/uploads\/2023\/07\/werken-bij-otc-300x300.png\" data-width=\"300\" data-height=\"300\" aria-label=\"\" role=\"img\" ><\/div>\n\t\t\t\t\t\t\t\t\t\t\t\t\t\t<\/a>\n\t\t\t\t\t\t\t<a class=\"e-gallery-item elementor-gallery-item elementor-animated-content\" data-e-gallery-tags=\"0\" href=\"https:\/\/otcorganics.com\/wp-content\/uploads\/2023\/07\/werken-bij-otc-1.png\" data-elementor-open-lightbox=\"yes\" data-elementor-lightbox-slideshow=\"1888230\" data-elementor-lightbox-title=\"07-werken bij otc\" data-e-action-hash=\"#elementor-action%3Aaction%3Dlightbox%26settings%3DeyJpZCI6NjU3MCwidXJsIjoiaHR0cHM6XC9cL290Y29yZ2FuaWNzLmNvbVwvd3AtY29udGVudFwvdXBsb2Fkc1wvMjAyM1wvMDdcL3dlcmtlbi1iaWotb3RjLTEucG5nIiwic2xpZGVzaG93IjoiMTg4ODIzMCJ9\">\n\t\t\t\t\t<div class=\"e-gallery-image elementor-gallery-item__image\" data-thumbnail=\"https:\/\/otcorganics.com\/wp-content\/uploads\/2023\/07\/werken-bij-otc-1-300x300.png\" data-width=\"300\" data-height=\"300\" aria-label=\"\" role=\"img\" ><\/div>\n\t\t\t\t\t\t\t\t\t\t\t\t\t\t<\/a>\n\t\t\t\t\t\t\t<a class=\"e-gallery-item elementor-gallery-item elementor-animated-content\" data-e-gallery-tags=\"0\" href=\"https:\/\/otcorganics.com\/wp-content\/uploads\/2023\/07\/werken-bij-otc-5.png\" data-elementor-open-lightbox=\"yes\" data-elementor-lightbox-slideshow=\"1888230\" data-elementor-lightbox-title=\"08-werken bij otc\" data-e-action-hash=\"#elementor-action%3Aaction%3Dlightbox%26settings%3DeyJpZCI6NjYwNywidXJsIjoiaHR0cHM6XC9cL290Y29yZ2FuaWNzLmNvbVwvd3AtY29udGVudFwvdXBsb2Fkc1wvMjAyM1wvMDdcL3dlcmtlbi1iaWotb3RjLTUucG5nIiwic2xpZGVzaG93IjoiMTg4ODIzMCJ9\">\n\t\t\t\t\t<div class=\"e-gallery-image elementor-gallery-item__image\" data-thumbnail=\"https:\/\/otcorganics.com\/wp-content\/uploads\/2023\/07\/werken-bij-otc-5-300x300.png\" data-width=\"300\" data-height=\"300\" aria-label=\"\" role=\"img\" ><\/div>\n\t\t\t\t\t\t\t\t\t\t\t\t\t\t<\/a>\n\t\t\t\t\t<\/div>\n\t\t\t\t\t<\/div>\n\t\t\t\t<\/div>\n\t\t\t\t\t<\/div>\n\t\t<\/div>\n\t\t\t\t\t<\/div>\n\t\t<\/section>\n\t\t\t\t<\/div>\n\t\t","protected":false},"excerpt":{"rendered":"<p>Trabajar en OTC Organics Estamos contribuyendo a un mundo mejor. \u00bfQuieres venir a ayudarnos? Con unos 40 empleados en Dronten y Poeldijk, nos esforzamos cada d\u00eda por cumplir nuestra misi\u00f3n com\u00fan: un mundo mejor mediante frutas y verduras ecol\u00f3gicas y justas. \u00bfJerarqu\u00edas? No van mucho con nosotros. El ambiente informal predomina en nuestro variado grupo<\/p>\n<div class=\"read-more\"><a href=\"https:\/\/otcorganics.com\/es\/trabajar-en-otc-organics\/\"><i class=\"fal fa-arrow-right\"><\/i>Leer m\u00e1s<\/a><\/div>\n","protected":false},"author":1,"featured_media":0,"parent":0,"menu_order":0,"comment_status":"closed","ping_status":"closed","template":"","meta":{"_acf_changed":false,"footnotes":""},"class_list":["post-4915","page","type-page","status-publish","hentry"],"acf":[],"yoast_head":"<!-- This site is optimized with the Yoast SEO plugin v26.0 - https:\/\/yoast.com\/wordpress\/plugins\/seo\/ -->\n<title>Trabajar en OTC - OTC Organics<\/title>\n<meta name=\"robots\" content=\"index, follow, max-snippet:-1, max-image-preview:large, max-video-preview:-1\" \/>\n<link rel=\"canonical\" href=\"https:\/\/otcorganics.com\/es\/trabajar-en-otc-organics\/\" \/>\n<meta property=\"og:locale\" content=\"es_ES\" \/>\n<meta property=\"og:type\" content=\"article\" \/>\n<meta property=\"og:title\" content=\"Trabajar en OTC - OTC Organics\" \/>\n<meta property=\"og:description\" content=\"Trabajar en OTC Organics Estamos contribuyendo a un mundo mejor. \u00bfQuieres venir a ayudarnos? Con unos 40 empleados en Dronten y Poeldijk, nos esforzamos cada d\u00eda por cumplir nuestra misi\u00f3n com\u00fan: un mundo mejor mediante frutas y verduras ecol\u00f3gicas y justas. \u00bfJerarqu\u00edas? No van mucho con nosotros. El ambiente informal predomina en nuestro variado grupoLeer m\u00e1s\" \/>\n<meta property=\"og:url\" content=\"https:\/\/otcorganics.com\/es\/trabajar-en-otc-organics\/\" \/>\n<meta property=\"og:site_name\" content=\"OTC Organics\" \/>\n<meta property=\"article:modified_time\" content=\"2023-07-19T12:11:05+00:00\" \/>\n<meta property=\"og:image\" content=\"https:\/\/otcorganics.com\/wp-content\/uploads\/2023\/05\/Ontwerp-zonder-titel.png\" \/>\n<meta name=\"twitter:card\" content=\"summary_large_image\" \/>\n<meta name=\"twitter:label1\" content=\"Tiempo de lectura\" \/>\n\t<meta name=\"twitter:data1\" content=\"1 minuto\" \/>\n<!-- \/ Yoast SEO plugin. -->","yoast_head_json":{"title":"Trabajar en OTC - OTC Organics","robots":{"index":"index","follow":"follow","max-snippet":"max-snippet:-1","max-image-preview":"max-image-preview:large","max-video-preview":"max-video-preview:-1"},"canonical":"https:\/\/otcorganics.com\/es\/trabajar-en-otc-organics\/","og_locale":"es_ES","og_type":"article","og_title":"Trabajar en OTC - OTC Organics","og_description":"Trabajar en OTC Organics Estamos contribuyendo a un mundo mejor. \u00bfQuieres venir a ayudarnos? Con unos 40 empleados en Dronten y Poeldijk, nos esforzamos cada d\u00eda por cumplir nuestra misi\u00f3n com\u00fan: un mundo mejor mediante frutas y verduras ecol\u00f3gicas y justas. \u00bfJerarqu\u00edas? No van mucho con nosotros. El ambiente informal predomina en nuestro variado grupoLeer m\u00e1s","og_url":"https:\/\/otcorganics.com\/es\/trabajar-en-otc-organics\/","og_site_name":"OTC Organics","article_modified_time":"2023-07-19T12:11:05+00:00","og_image":[{"url":"https:\/\/otcorganics.com\/wp-content\/uploads\/2023\/05\/Ontwerp-zonder-titel.png","type":"","width":"","height":""}],"twitter_card":"summary_large_image","twitter_misc":{"Tiempo de lectura":"1 minuto"},"schema":{"@context":"https:\/\/schema.org","@graph":[{"@type":"WebPage","@id":"https:\/\/otcorganics.com\/es\/trabajar-en-otc-organics\/","url":"https:\/\/otcorganics.com\/es\/trabajar-en-otc-organics\/","name":"Trabajar en OTC - OTC Organics","isPartOf":{"@id":"https:\/\/otcorganics.com\/es\/#website"},"primaryImageOfPage":{"@id":"https:\/\/otcorganics.com\/es\/trabajar-en-otc-organics\/#primaryimage"},"image":{"@id":"https:\/\/otcorganics.com\/es\/trabajar-en-otc-organics\/#primaryimage"},"thumbnailUrl":"https:\/\/otcorganics.com\/wp-content\/uploads\/2023\/05\/Ontwerp-zonder-titel.png","datePublished":"2023-02-07T15:02:25+00:00","dateModified":"2023-07-19T12:11:05+00:00","breadcrumb":{"@id":"https:\/\/otcorganics.com\/es\/trabajar-en-otc-organics\/#breadcrumb"},"inLanguage":"es","potentialAction":[{"@type":"ReadAction","target":["https:\/\/otcorganics.com\/es\/trabajar-en-otc-organics\/"]}]},{"@type":"ImageObject","inLanguage":"es","@id":"https:\/\/otcorganics.com\/es\/trabajar-en-otc-organics\/#primaryimage","url":"https:\/\/otcorganics.com\/wp-content\/uploads\/2023\/05\/Ontwerp-zonder-titel.png","contentUrl":"https:\/\/otcorganics.com\/wp-content\/uploads\/2023\/05\/Ontwerp-zonder-titel.png"},{"@type":"BreadcrumbList","@id":"https:\/\/otcorganics.com\/es\/trabajar-en-otc-organics\/#breadcrumb","itemListElement":[{"@type":"ListItem","position":1,"name":"Home","item":"https:\/\/otcorganics.com\/es\/"},{"@type":"ListItem","position":2,"name":"Trabajar en OTC"}]},{"@type":"WebSite","@id":"https:\/\/otcorganics.com\/es\/#website","url":"https:\/\/otcorganics.com\/es\/","name":"OTC Organics","description":"","potentialAction":[{"@type":"SearchAction","target":{"@type":"EntryPoint","urlTemplate":"https:\/\/otcorganics.com\/es\/?s={search_term_string}"},"query-input":{"@type":"PropertyValueSpecification","valueRequired":true,"valueName":"search_term_string"}}],"inLanguage":"es"}]}},"_links":{"self":[{"href":"https:\/\/otcorganics.com\/es\/wp-json\/wp\/v2\/pages\/4915","targetHints":{"allow":["GET"]}}],"collection":[{"href":"https:\/\/otcorganics.com\/es\/wp-json\/wp\/v2\/pages"}],"about":[{"href":"https:\/\/otcorganics.com\/es\/wp-json\/wp\/v2\/types\/page"}],"author":[{"embeddable":true,"href":"https:\/\/otcorganics.com\/es\/wp-json\/wp\/v2\/users\/1"}],"replies":[{"embeddable":true,"href":"https:\/\/otcorganics.com\/es\/wp-json\/wp\/v2\/comments?post=4915"}],"version-history":[{"count":14,"href":"https:\/\/otcorganics.com\/es\/wp-json\/wp\/v2\/pages\/4915\/revisions"}],"predecessor-version":[{"id":6631,"href":"https:\/\/otcorganics.com\/es\/wp-json\/wp\/v2\/pages\/4915\/revisions\/6631"}],"wp:attachment":[{"href":"https:\/\/otcorganics.com\/es\/wp-json\/wp\/v2\/media?parent=4915"}],"curies":[{"name":"wp","href":"https:\/\/api.w.org\/{rel}","templated":true}]}}