{"id":4924,"date":"2023-02-07T15:27:46","date_gmt":"2023-02-07T15:27:46","guid":{"rendered":"https:\/\/otcorganics.com\/trabajar-en-otc-organics\/ofertas-de-empleo\/"},"modified":"2023-05-10T09:31:30","modified_gmt":"2023-05-10T09:31:30","slug":"ofertas-de-empleo","status":"publish","type":"page","link":"https:\/\/otcorganics.com\/es\/trabajar-en-otc-organics\/ofertas-de-empleo\/","title":{"rendered":"Ofertas de empleo"},"content":{"rendered":"\t\t<div data-elementor-type=\"wp-page\" data-elementor-id=\"4924\" class=\"elementor elementor-4924 elementor-2083\" data-elementor-post-type=\"page\">\n\t\t\t\t\t\t<section class=\"elementor-section elementor-top-section elementor-element elementor-element-3c0e2762 elementor-section-boxed elementor-section-height-default elementor-section-height-default\" data-id=\"3c0e2762\" data-element_type=\"section\">\n\t\t\t\t\t\t<div class=\"elementor-container elementor-column-gap-no\">\n\t\t\t\t\t<div class=\"elementor-column elementor-col-100 elementor-top-column elementor-element elementor-element-78253baf\" data-id=\"78253baf\" data-element_type=\"column\">\n\t\t\t<div class=\"elementor-widget-wrap elementor-element-populated\">\n\t\t\t\t\t\t<section class=\"elementor-section elementor-inner-section elementor-element elementor-element-384f26a5 elementor-section-boxed elementor-section-height-default elementor-section-height-default\" data-id=\"384f26a5\" data-element_type=\"section\">\n\t\t\t\t\t\t<div class=\"elementor-container elementor-column-gap-no\">\n\t\t\t\t\t<div class=\"elementor-column elementor-col-33 elementor-inner-column elementor-element elementor-element-23c06e33\" data-id=\"23c06e33\" data-element_type=\"column\">\n\t\t\t<div class=\"elementor-widget-wrap\">\n\t\t\t\t\t\t\t<\/div>\n\t\t<\/div>\n\t\t\t\t<div class=\"elementor-column elementor-col-33 elementor-inner-column elementor-element elementor-element-95caa4a\" data-id=\"95caa4a\" data-element_type=\"column\">\n\t\t\t<div class=\"elementor-widget-wrap elementor-element-populated\">\n\t\t\t\t\t\t<div class=\"elementor-element elementor-element-38f6aefc elementor-widget elementor-widget-sosso-custom-title\" data-id=\"38f6aefc\" data-element_type=\"widget\" data-widget_type=\"sosso-custom-title.default\">\n\t\t\t\t<div class=\"elementor-widget-container\">\n\t\t\t\t\t<div class=\"section-title text-center\"><span>Trabajar en OTC Organics <\/span><h3 class=\"title\">Ofertas de empleo <\/h3><\/div>\t\t\t\t<\/div>\n\t\t\t\t<\/div>\n\t\t\t\t\t<\/div>\n\t\t<\/div>\n\t\t\t\t<div class=\"elementor-column elementor-col-33 elementor-inner-column elementor-element elementor-element-3269df7a\" data-id=\"3269df7a\" data-element_type=\"column\">\n\t\t\t<div class=\"elementor-widget-wrap\">\n\t\t\t\t\t\t\t<\/div>\n\t\t<\/div>\n\t\t\t\t\t<\/div>\n\t\t<\/section>\n\t\t\t\t<section class=\"elementor-section elementor-inner-section elementor-element elementor-element-50bc94f elementor-section-boxed elementor-section-height-default elementor-section-height-default\" data-id=\"50bc94f\" data-element_type=\"section\">\n\t\t\t\t\t\t<div class=\"elementor-container elementor-column-gap-default\">\n\t\t\t\t\t<div class=\"elementor-column elementor-col-33 elementor-inner-column elementor-element elementor-element-0da9586\" data-id=\"0da9586\" data-element_type=\"column\">\n\t\t\t<div class=\"elementor-widget-wrap\">\n\t\t\t\t\t\t\t<\/div>\n\t\t<\/div>\n\t\t\t\t<div class=\"elementor-column elementor-col-33 elementor-inner-column elementor-element elementor-element-f00e2ae\" data-id=\"f00e2ae\" data-element_type=\"column\">\n\t\t\t<div class=\"elementor-widget-wrap elementor-element-populated\">\n\t\t\t\t\t\t<div class=\"elementor-element elementor-element-8f306a4 elementor-widget elementor-widget-text-editor\" data-id=\"8f306a4\" data-element_type=\"widget\" data-widget_type=\"text-editor.default\">\n\t\t\t\t<div class=\"elementor-widget-container\">\n\t\t\t\t\t\t\t\t\t<p>Disculpa, pero esta entrada est\u00e1 disponible s\u00f3lo en <a href=\"https:\/\/otcorganics.com\/es\/trabajar-en-otc-organics\/ofertas-de-empleo\/\">Neerland\u00e9s<\/a>.<\/p>\n\t\t\t\t\t\t\t\t<\/div>\n\t\t\t\t<\/div>\n\t\t\t\t\t<\/div>\n\t\t<\/div>\n\t\t\t\t<div class=\"elementor-column elementor-col-33 elementor-inner-column elementor-element elementor-element-5886bca\" data-id=\"5886bca\" data-element_type=\"column\">\n\t\t\t<div class=\"elementor-widget-wrap\">\n\t\t\t\t\t\t\t<\/div>\n\t\t<\/div>\n\t\t\t\t\t<\/div>\n\t\t<\/section>\n\t\t\t\t\t<\/div>\n\t\t<\/div>\n\t\t\t\t\t<\/div>\n\t\t<\/section>\n\t\t\t\t<\/div>\n\t\t","protected":false},"excerpt":{"rendered":"<p>Trabajar en OTC Organics Ofertas de empleo Disculpa, pero esta entrada est\u00e1 disponible s\u00f3lo en Neerland\u00e9s.<\/p>\n","protected":false},"author":1,"featured_media":0,"parent":4915,"menu_order":0,"comment_status":"closed","ping_status":"closed","template":"","meta":{"_acf_changed":false,"footnotes":""},"class_list":["post-4924","page","type-page","status-publish","hentry"],"acf":[],"yoast_head":"<!-- This site is optimized with the Yoast SEO plugin v26.0 - https:\/\/yoast.com\/wordpress\/plugins\/seo\/ -->\n<title>Ofertas de empleo - OTC Organics<\/title>\n<meta name=\"robots\" content=\"index, follow, max-snippet:-1, max-image-preview:large, max-video-preview:-1\" \/>\n<link rel=\"canonical\" href=\"https:\/\/otcorganics.com\/es\/trabajar-en-otc-organics\/ofertas-de-empleo\/\" \/>\n<meta property=\"og:locale\" content=\"es_ES\" \/>\n<meta property=\"og:type\" content=\"article\" \/>\n<meta property=\"og:title\" content=\"Ofertas de empleo - OTC Organics\" \/>\n<meta property=\"og:description\" content=\"Trabajar en OTC Organics Ofertas de empleo Disculpa, pero esta entrada est\u00e1 disponible s\u00f3lo en Neerland\u00e9s.\" \/>\n<meta property=\"og:url\" content=\"https:\/\/otcorganics.com\/es\/trabajar-en-otc-organics\/ofertas-de-empleo\/\" \/>\n<meta property=\"og:site_name\" content=\"OTC Organics\" \/>\n<meta property=\"article:modified_time\" content=\"2023-05-10T09:31:30+00:00\" \/>\n<meta name=\"twitter:card\" content=\"summary_large_image\" \/>\n<!-- \/ Yoast SEO plugin. -->","yoast_head_json":{"title":"Ofertas de empleo - OTC Organics","robots":{"index":"index","follow":"follow","max-snippet":"max-snippet:-1","max-image-preview":"max-image-preview:large","max-video-preview":"max-video-preview:-1"},"canonical":"https:\/\/otcorganics.com\/es\/trabajar-en-otc-organics\/ofertas-de-empleo\/","og_locale":"es_ES","og_type":"article","og_title":"Ofertas de empleo - OTC Organics","og_description":"Trabajar en OTC Organics Ofertas de empleo Disculpa, pero esta entrada est\u00e1 disponible s\u00f3lo en Neerland\u00e9s.","og_url":"https:\/\/otcorganics.com\/es\/trabajar-en-otc-organics\/ofertas-de-empleo\/","og_site_name":"OTC Organics","article_modified_time":"2023-05-10T09:31:30+00:00","twitter_card":"summary_large_image","schema":{"@context":"https:\/\/schema.org","@graph":[{"@type":"WebPage","@id":"https:\/\/otcorganics.com\/es\/trabajar-en-otc-organics\/ofertas-de-empleo\/","url":"https:\/\/otcorganics.com\/es\/trabajar-en-otc-organics\/ofertas-de-empleo\/","name":"Ofertas de empleo - OTC Organics","isPartOf":{"@id":"https:\/\/otcorganics.com\/es\/#website"},"datePublished":"2023-02-07T15:27:46+00:00","dateModified":"2023-05-10T09:31:30+00:00","breadcrumb":{"@id":"https:\/\/otcorganics.com\/es\/trabajar-en-otc-organics\/ofertas-de-empleo\/#breadcrumb"},"inLanguage":"es","potentialAction":[{"@type":"ReadAction","target":["https:\/\/otcorganics.com\/es\/trabajar-en-otc-organics\/ofertas-de-empleo\/"]}]},{"@type":"BreadcrumbList","@id":"https:\/\/otcorganics.com\/es\/trabajar-en-otc-organics\/ofertas-de-empleo\/#breadcrumb","itemListElement":[{"@type":"ListItem","position":1,"name":"Home","item":"https:\/\/otcorganics.com\/es\/"},{"@type":"ListItem","position":2,"name":"Trabajar en OTC","item":"https:\/\/otcorganics.com\/es\/werken-bij-otc\/"},{"@type":"ListItem","position":3,"name":"Ofertas de empleo"}]},{"@type":"WebSite","@id":"https:\/\/otcorganics.com\/es\/#website","url":"https:\/\/otcorganics.com\/es\/","name":"OTC Organics","description":"","potentialAction":[{"@type":"SearchAction","target":{"@type":"EntryPoint","urlTemplate":"https:\/\/otcorganics.com\/es\/?s={search_term_string}"},"query-input":{"@type":"PropertyValueSpecification","valueRequired":true,"valueName":"search_term_string"}}],"inLanguage":"es"}]}},"_links":{"self":[{"href":"https:\/\/otcorganics.com\/es\/wp-json\/wp\/v2\/pages\/4924","targetHints":{"allow":["GET"]}}],"collection":[{"href":"https:\/\/otcorganics.com\/es\/wp-json\/wp\/v2\/pages"}],"about":[{"href":"https:\/\/otcorganics.com\/es\/wp-json\/wp\/v2\/types\/page"}],"author":[{"embeddable":true,"href":"https:\/\/otcorganics.com\/es\/wp-json\/wp\/v2\/users\/1"}],"replies":[{"embeddable":true,"href":"https:\/\/otcorganics.com\/es\/wp-json\/wp\/v2\/comments?post=4924"}],"version-history":[{"count":3,"href":"https:\/\/otcorganics.com\/es\/wp-json\/wp\/v2\/pages\/4924\/revisions"}],"predecessor-version":[{"id":5370,"href":"https:\/\/otcorganics.com\/es\/wp-json\/wp\/v2\/pages\/4924\/revisions\/5370"}],"up":[{"embeddable":true,"href":"https:\/\/otcorganics.com\/es\/wp-json\/wp\/v2\/pages\/4915"}],"wp:attachment":[{"href":"https:\/\/otcorganics.com\/es\/wp-json\/wp\/v2\/media?parent=4924"}],"curies":[{"name":"wp","href":"https:\/\/api.w.org\/{rel}","templated":true}]}}