{"id":5461,"date":"2023-02-10T13:52:42","date_gmt":"2023-02-10T13:52:42","guid":{"rendered":"https:\/\/otcorganics.com\/politica-de-cookies\/"},"modified":"2023-05-16T09:55:41","modified_gmt":"2023-05-16T09:55:41","slug":"politica-de-cookies","status":"publish","type":"page","link":"https:\/\/otcorganics.com\/es\/politica-de-cookies\/","title":{"rendered":"Pol\u00edtica de cookies"},"content":{"rendered":"\t\t<div data-elementor-type=\"wp-page\" data-elementor-id=\"5461\" class=\"elementor elementor-5461 elementor-2308\" data-elementor-post-type=\"page\">\n\t\t\t\t\t\t<section class=\"elementor-section elementor-top-section elementor-element elementor-element-a3c4eb8 elementor-section-full_width elementor-section-height-default elementor-section-height-default\" data-id=\"a3c4eb8\" data-element_type=\"section\">\n\t\t\t\t\t\t<div class=\"elementor-container elementor-column-gap-no\">\n\t\t\t\t\t<div class=\"elementor-column elementor-col-100 elementor-top-column elementor-element elementor-element-06fe199\" data-id=\"06fe199\" data-element_type=\"column\">\n\t\t\t<div class=\"elementor-widget-wrap elementor-element-populated\">\n\t\t\t\t\t\t<div class=\"elementor-element elementor-element-ea0dfe9 elementor-widget elementor-widget-sosso-breadcrumb\" data-id=\"ea0dfe9\" data-element_type=\"widget\" data-widget_type=\"sosso-breadcrumb.default\">\n\t\t\t\t<div class=\"elementor-widget-container\">\n\t\t\t\t\t<section class=\"page-title-area bg_cover d-flex align-items-center\" style=\"background-image: url(https:\/\/otcorganics.com\/wp-content\/uploads\/2023\/02\/header1.jpg)\"><div class=\"container\"><div class=\"row\"><div class=\"col-lg-6\"><div class=\"page-title-content\"><h3 class=\"title\">Pol\u00edtica de cookies<\/h3><nav aria-label=\"breadcrumb\"><nav aria-label=\"breadcrumb\"><ol class=\"breadcrumb\"><li class=\"breadcrumb-item\"><a  href=\"https:\/\/otcorganics.com\/es\/\" title=\"Home\" rel=\"bookmark\">Home<\/a> <\/li>  <\/ol><\/nav><\/nav><\/div><\/div><\/div><\/div><\/section>\t\t\t\t<\/div>\n\t\t\t\t<\/div>\n\t\t\t\t\t<\/div>\n\t\t<\/div>\n\t\t\t\t\t<\/div>\n\t\t<\/section>\n\t\t\t\t<section class=\"elementor-section elementor-top-section elementor-element elementor-element-596baa5e elementor-section-content-middle elementor-section-boxed elementor-section-height-default elementor-section-height-default\" data-id=\"596baa5e\" data-element_type=\"section\">\n\t\t\t\t\t\t<div class=\"elementor-container elementor-column-gap-default\">\n\t\t\t\t\t<div class=\"elementor-column elementor-col-100 elementor-top-column elementor-element elementor-element-5931f6ea\" data-id=\"5931f6ea\" data-element_type=\"column\">\n\t\t\t<div class=\"elementor-widget-wrap elementor-element-populated\">\n\t\t\t\t\t\t<div class=\"elementor-element elementor-element-6b782102 elementor-widget elementor-widget-sosso-custom-title\" data-id=\"6b782102\" data-element_type=\"widget\" data-widget_type=\"sosso-custom-title.default\">\n\t\t\t\t<div class=\"elementor-widget-container\">\n\t\t\t\t\t<div class=\"klb-custom-title\"><span>Pol\u00edtica de cookies<\/span><h3 class=\"title\">Pol\u00edtica de cookies<\/h3><\/div>\t\t\t\t<\/div>\n\t\t\t\t<\/div>\n\t\t\t\t<div class=\"elementor-element elementor-element-73d99c0b elementor-widget elementor-widget-text-editor\" data-id=\"73d99c0b\" data-element_type=\"widget\" data-widget_type=\"text-editor.default\">\n\t\t\t\t<div class=\"elementor-widget-container\">\n\t\t\t\t\t\t\t\t\t<p>Esta pol\u00edtica de cookies fue actualizada por \u00faltima vez el 15-04-2021 y se aplica a los ciudadanos y residentes legales permanentes del Espacio Econ\u00f3mico Europeo y Suiza.<\/p>\n\t\t\t\t\t\t\t\t<\/div>\n\t\t\t\t<\/div>\n\t\t\t\t<div class=\"elementor-element elementor-element-ff5a81e elementor-widget elementor-widget-text-editor\" data-id=\"ff5a81e\" data-element_type=\"widget\" data-widget_type=\"text-editor.default\">\n\t\t\t\t<div class=\"elementor-widget-container\">\n\t\t\t\t\t\t\t\t\t<h3>1.\u00a0Introducci\u00f3n<\/h3>\n<p>Nuestra web,\u00a0<a href=\"https:\/\/otcorganics.com\/es\">https:\/\/otcorganics.com\/es<\/a>\u00a0(en adelante: \u00abla web\u00bb) utiliza cookies y otras tecnolog\u00edas relacionadas (para mayor comodidad, todas las tecnolog\u00edas se denominan \u00abcookies\u00bb). Las cookies tambi\u00e9n son colocadas por terceros a los que hemos contratado. En el siguiente documento te informamos sobre el uso de cookies en nuestra web.<\/p>\n\t\t\t\t\t\t\t\t<\/div>\n\t\t\t\t<\/div>\n\t\t\t\t<div class=\"elementor-element elementor-element-2f01d96 elementor-widget elementor-widget-text-editor\" data-id=\"2f01d96\" data-element_type=\"widget\" data-widget_type=\"text-editor.default\">\n\t\t\t\t<div class=\"elementor-widget-container\">\n\t\t\t\t\t\t\t\t\t<h3>2.\u00a0\u00bfQu\u00e9 son las cookies?<\/h3>\n<p>Una cookie es un peque\u00f1o archivo que se env\u00eda junto con las p\u00e1ginas de esta web y que su navegador almacena en el disco duro de su ordenador u otro dispositivo. La informaci\u00f3n almacenada puede ser devuelta a nuestros servidores o a los servidores de terceros apropiados durante una visita posterior.<\/p>\n\t\t\t\t\t\t\t\t<\/div>\n\t\t\t\t<\/div>\n\t\t\t\t<div class=\"elementor-element elementor-element-1e959b0 elementor-widget elementor-widget-text-editor\" data-id=\"1e959b0\" data-element_type=\"widget\" data-widget_type=\"text-editor.default\">\n\t\t\t\t<div class=\"elementor-widget-container\">\n\t\t\t\t\t\t\t\t\t<h3>3.\u00a0\u00bfQu\u00e9 son los scripts?<\/h3>\n<p>Un script es un fragmento de c\u00f3digo de programa que se utiliza para hacer que nuestra web funcione correctamente y de forma interactiva. Este c\u00f3digo se ejecuta en nuestro servidor o en su dispositivo.<\/p>\n\t\t\t\t\t\t\t\t<\/div>\n\t\t\t\t<\/div>\n\t\t\t\t<div class=\"elementor-element elementor-element-3924910 elementor-widget elementor-widget-text-editor\" data-id=\"3924910\" data-element_type=\"widget\" data-widget_type=\"text-editor.default\">\n\t\t\t\t<div class=\"elementor-widget-container\">\n\t\t\t\t\t\t\t\t\t<h3>4.\u00a0\u00bfQu\u00e9 es un web beacon?<\/h3>\n<p>Una baliza web (o una etiqueta de p\u00edxel) es una peque\u00f1a e invisible pieza de texto o imagen en una web que se utiliza para monitorear el tr\u00e1fico en una web. Para ello, se almacenan varios datos sobre usted mediante estas balizas web.<\/p>\n\t\t\t\t\t\t\t\t<\/div>\n\t\t\t\t<\/div>\n\t\t\t\t<div class=\"elementor-element elementor-element-ecede2c elementor-widget elementor-widget-text-editor\" data-id=\"ecede2c\" data-element_type=\"widget\" data-widget_type=\"text-editor.default\">\n\t\t\t\t<div class=\"elementor-widget-container\">\n\t\t\t\t\t\t\t\t\t<h3>5. Cookies<\/h3>\n<h5 class=\"cmplz-subtitle\">5.1 Cookies t\u00e9cnicas o funcionales<\/h5>\n<p>Algunas cookies aseguran que ciertas partes de la web funcionen correctamente y que tus preferencias de usuario sigan record\u00e1ndose. Al colocar cookies funcionales, te facilitamos la visita a nuestra web. De esta manera, no necesitas introducir repetidamente la misma informaci\u00f3n cuando visitas nuestra web y, por ejemplo, los art\u00edculos permanecen en tu cesta de la compra hasta que hayas pagado. Podemos colocar estas cookies sin tu consentimiento.<\/p>\n<h5 class=\"cmplz-subtitle\">5.2 Cookies de estad\u00edsticas<\/h5>\n<p>Utilizamos cookies estad\u00edsticas para optimizar la experiencia de la web para nuestros usuarios. Con estas cookies estad\u00edsticas obtenemos informaci\u00f3n sobre el uso de nuestra web.\u00a0Te pedimos tu permiso para colocar cookies de estad\u00edsticas.<\/p>\n<h5 class=\"cmplz-subtitle\">5.3 Cookies de Marketing\/Seguimiento<\/h5>\n<p>Las cookies de marketing\/seguimiento son cookies, o cualquier otra forma de almacenamiento local, usadas para crear perfiles de usuario para mostrar publicidad o para hacer el seguimiento del usuario en esta web o en varias webs con fines de marketing similares.<\/p>\n\t\t\t\t\t\t\t\t<\/div>\n\t\t\t\t<\/div>\n\t\t\t\t<div class=\"elementor-element elementor-element-1db1c31 elementor-widget elementor-widget-text-editor\" data-id=\"1db1c31\" data-element_type=\"widget\" data-widget_type=\"text-editor.default\">\n\t\t\t\t<div class=\"elementor-widget-container\">\n\t\t\t\t\t\t\t\t\t<h3>6.\u00a0Cookies usadas<\/h3>\n\t\t\t\t\t\t\t\t<\/div>\n\t\t\t\t<\/div>\n\t\t\t\t<div class=\"elementor-element elementor-element-1adee96c elementor-widget elementor-widget-accordion\" data-id=\"1adee96c\" data-element_type=\"widget\" data-widget_type=\"accordion.default\">\n\t\t\t\t<div class=\"elementor-widget-container\">\n\t\t\t\t\t\t\t<div class=\"elementor-accordion\">\n\t\t\t\t\t\t\t<div class=\"elementor-accordion-item\">\n\t\t\t\t\t<div id=\"elementor-tab-title-4501\" class=\"elementor-tab-title\" data-tab=\"1\" role=\"button\" aria-controls=\"elementor-tab-content-4501\" aria-expanded=\"false\">\n\t\t\t\t\t\t\t\t\t\t\t\t<a class=\"elementor-accordion-title\" tabindex=\"0\">Google Analytics - Statistieken (anoniem)<\/a>\n\t\t\t\t\t<\/div>\n\t\t\t\t\t<div id=\"elementor-tab-content-4501\" class=\"elementor-tab-content elementor-clearfix\" data-tab=\"1\" role=\"region\" aria-labelledby=\"elementor-tab-title-4501\"><p><strong>Gebruik<\/strong><\/p>\n<p>We gebruiken Google Analytics voor website statistieken.<\/p>\n<p><strong>Delen van gegevens<\/strong><\/p>\n<p>Voor meer informatie, lees de <a href=\"https:\/\/policies.google.com\/privacy\" target=\"_blank\" rel=\"noopener noreferrer nofollow\">Google Analytics Privacyverklaring<\/a>.<\/p>\n<\/div>\n\t\t\t\t<\/div>\n\t\t\t\t\t\t\t<div class=\"elementor-accordion-item\">\n\t\t\t\t\t<div id=\"elementor-tab-title-4502\" class=\"elementor-tab-title\" data-tab=\"2\" role=\"button\" aria-controls=\"elementor-tab-content-4502\" aria-expanded=\"false\">\n\t\t\t\t\t\t\t\t\t\t\t\t<a class=\"elementor-accordion-title\" tabindex=\"0\">Google reCAPTCHA - Marketing\/Tracking<\/a>\n\t\t\t\t\t<\/div>\n\t\t\t\t\t<div id=\"elementor-tab-content-4502\" class=\"elementor-tab-content elementor-clearfix\" data-tab=\"2\" role=\"region\" aria-labelledby=\"elementor-tab-title-4502\"><p><strong>Gebruik<\/strong><\/p>\n<p>We gebruiken Google reCAPTCHA voor spampreventie.<\/p>\n<p><strong>Delen van gegevens<\/strong><\/p>\n<p>Voor meer informatie, lees de <a href=\"https:\/\/policies.google.com\/privacy\" target=\"_blank\" rel=\"noopener noreferrer nofollow\">Google reCAPTCHA Privacyverklaring<\/a>.<\/p>\n<\/div>\n\t\t\t\t<\/div>\n\t\t\t\t\t\t\t<div class=\"elementor-accordion-item\">\n\t\t\t\t\t<div id=\"elementor-tab-title-4503\" class=\"elementor-tab-title\" data-tab=\"3\" role=\"button\" aria-controls=\"elementor-tab-content-4503\" aria-expanded=\"false\">\n\t\t\t\t\t\t\t\t\t\t\t\t<a class=\"elementor-accordion-title\" tabindex=\"0\">Google Maps - Marketing\/Tracking<\/a>\n\t\t\t\t\t<\/div>\n\t\t\t\t\t<div id=\"elementor-tab-content-4503\" class=\"elementor-tab-content elementor-clearfix\" data-tab=\"3\" role=\"region\" aria-labelledby=\"elementor-tab-title-4503\"><p><strong>Gebruik<\/strong><\/p>\n<p>We gebruiken Google Maps voor het vertonen van kaarten.<\/p>\n<p><strong>Delen van gegevens<\/strong><\/p>\n<p>Voor meer informatie, lees de <a href=\"https:\/\/policies.google.com\/privacy\" target=\"_blank\" rel=\"noopener noreferrer nofollow\">Google Maps Privacyverklaring<\/a>.<\/p>\n<\/div>\n\t\t\t\t<\/div>\n\t\t\t\t\t\t\t<div class=\"elementor-accordion-item\">\n\t\t\t\t\t<div id=\"elementor-tab-title-4504\" class=\"elementor-tab-title\" data-tab=\"4\" role=\"button\" aria-controls=\"elementor-tab-content-4504\" aria-expanded=\"false\">\n\t\t\t\t\t\t\t\t\t\t\t\t<a class=\"elementor-accordion-title\" tabindex=\"0\">Diversen - Doel wordt onderzocht<\/a>\n\t\t\t\t\t<\/div>\n\t\t\t\t\t<div id=\"elementor-tab-content-4504\" class=\"elementor-tab-content elementor-clearfix\" data-tab=\"4\" role=\"region\" aria-labelledby=\"elementor-tab-title-4504\"><div class=\"cmplz-service-description\">\n<p><strong>Gebruik<\/strong><\/p>\n<p>&nbsp;<\/p>\n<\/div>\n<div class=\"cmplz-sharing-data\">\n<p><strong>Delen van gegevens<\/strong><\/p>\n<p>Het delen van gegevens is in afwachting van onderzoek<\/p>\n<\/div>\n<\/div>\n\t\t\t\t<\/div>\n\t\t\t\t\t\t\t\t<\/div>\n\t\t\t\t\t\t<\/div>\n\t\t\t\t<\/div>\n\t\t\t\t<div class=\"elementor-element elementor-element-8c605e4 elementor-widget elementor-widget-text-editor\" data-id=\"8c605e4\" data-element_type=\"widget\" data-widget_type=\"text-editor.default\">\n\t\t\t\t<div class=\"elementor-widget-container\">\n\t\t\t\t\t\t\t\t\t<h3>7.\u00a0Consentimiento<\/h3>\n<p>Cuando visites nuestra web por primera vez, te mostraremos una ventana emergente con una explicaci\u00f3n sobre las cookies. Tan pronto como hagas clic en \u00abVoorkeuren bewaren\u00bb, aceptas que usemos las categor\u00edas de cookies y plugins que has seleccionado en la ventana emergente, tal y como se describe en esta pol\u00edtica de cookies. Puedes desactivar el uso de cookies a trav\u00e9s de tu navegador, pero, por favor, ten en cuenta que nuestra web puede dejar de funcionar correctamente.<\/p>\n\t\t\t\t\t\t\t\t<\/div>\n\t\t\t\t<\/div>\n\t\t\t\t<div class=\"elementor-element elementor-element-fd340a5 elementor-widget elementor-widget-accordion\" data-id=\"fd340a5\" data-element_type=\"widget\" data-widget_type=\"accordion.default\">\n\t\t\t\t<div class=\"elementor-widget-container\">\n\t\t\t\t\t\t\t<div class=\"elementor-accordion\">\n\t\t\t\t\t\t\t<div class=\"elementor-accordion-item\">\n\t\t\t\t\t<div id=\"elementor-tab-title-2651\" class=\"elementor-tab-title\" data-tab=\"1\" role=\"button\" aria-controls=\"elementor-tab-content-2651\" aria-expanded=\"false\">\n\t\t\t\t\t\t\t\t\t\t\t\t<a class=\"elementor-accordion-title\" tabindex=\"0\">Functioneel<\/a>\n\t\t\t\t\t<\/div>\n\t\t\t\t\t<div id=\"elementor-tab-content-2651\" class=\"elementor-tab-content elementor-clearfix\" data-tab=\"1\" role=\"region\" aria-labelledby=\"elementor-tab-title-2651\"><p>De technische opslag of toegang is strikt noodzakelijk voor het legitieme doel het gebruik mogelijk te maken van een specifieke dienst waarom de abonnee of gebruiker uitdrukkelijk heeft gevraagd, of met als enig doel de uitvoering van de transmissie van een communicatie over een elektronisch communicatienetwerk.<\/p>\n<\/div>\n\t\t\t\t<\/div>\n\t\t\t\t\t\t\t<div class=\"elementor-accordion-item\">\n\t\t\t\t\t<div id=\"elementor-tab-title-2652\" class=\"elementor-tab-title\" data-tab=\"2\" role=\"button\" aria-controls=\"elementor-tab-content-2652\" aria-expanded=\"false\">\n\t\t\t\t\t\t\t\t\t\t\t\t<a class=\"elementor-accordion-title\" tabindex=\"0\">Statistieken<\/a>\n\t\t\t\t\t<\/div>\n\t\t\t\t\t<div id=\"elementor-tab-content-2652\" class=\"elementor-tab-content elementor-clearfix\" data-tab=\"2\" role=\"region\" aria-labelledby=\"elementor-tab-title-2652\"><p>De technische opslag of toegang die uitsluitend wordt gebruikt voor anonieme statistische doeleinden. Zonder dagvaarding, vrijwillige naleving door uw Internet Service Provider, of aanvullende gegevens van een derde partij, kan informatie die alleen voor dit doel wordt opgeslagen of opgehaald gewoonlijk niet worden gebruikt om je te identificeren.<\/p>\n<\/div>\n\t\t\t\t<\/div>\n\t\t\t\t\t\t\t<div class=\"elementor-accordion-item\">\n\t\t\t\t\t<div id=\"elementor-tab-title-2653\" class=\"elementor-tab-title\" data-tab=\"3\" role=\"button\" aria-controls=\"elementor-tab-content-2653\" aria-expanded=\"false\">\n\t\t\t\t\t\t\t\t\t\t\t\t<a class=\"elementor-accordion-title\" tabindex=\"0\">Marketing<\/a>\n\t\t\t\t\t<\/div>\n\t\t\t\t\t<div id=\"elementor-tab-content-2653\" class=\"elementor-tab-content elementor-clearfix\" data-tab=\"3\" role=\"region\" aria-labelledby=\"elementor-tab-title-2653\"><p>De technische opslag of toegang is nodig om gebruikersprofielen op te stellen voor het verzenden van reclame, of om de gebruiker op een website of over verschillende websites te volgen voor soortgelijke marketingdoeleinden.<\/p>\n<\/div>\n\t\t\t\t<\/div>\n\t\t\t\t\t\t\t\t<\/div>\n\t\t\t\t\t\t<\/div>\n\t\t\t\t<\/div>\n\t\t\t\t<div class=\"elementor-element elementor-element-4fc8826 elementor-widget elementor-widget-text-editor\" data-id=\"4fc8826\" data-element_type=\"widget\" data-widget_type=\"text-editor.default\">\n\t\t\t\t<div class=\"elementor-widget-container\">\n\t\t\t\t\t\t\t\t\t<h3>8.\u00a0Activaci\u00f3n\/desactivaci\u00f3n y eliminaci\u00f3n de cookies<\/h3>\n<p>Puedes utilizar tu navegador de Internet para eliminar las cookies de forma autom\u00e1tica o manual. Tambi\u00e9n puedes especificar que ciertas cookies no pueden ser colocadas. Otra opci\u00f3n es cambiar los ajustes de tu navegador de Internet para que recibas un mensaje cada vez que se coloca una cookie. Para obtener m\u00e1s informaci\u00f3n sobre estas opciones, consulta las instrucciones de la secci\u00f3n \u00abAyuda\u00bb de tu navegador.<\/p>\n<p>Ten en cuenta que nuestra web puede no funcionar correctamente si todas las cookies est\u00e1n desactivadas. Si borras las cookies de tu navegador, se volver\u00e1n a colocar despu\u00e9s de tu consentimiento cuando vuelvas a visitar nuestras webs.<\/p>\n\t\t\t\t\t\t\t\t<\/div>\n\t\t\t\t<\/div>\n\t\t\t\t<div class=\"elementor-element elementor-element-668b06e elementor-widget elementor-widget-text-editor\" data-id=\"668b06e\" data-element_type=\"widget\" data-widget_type=\"text-editor.default\">\n\t\t\t\t<div class=\"elementor-widget-container\">\n\t\t\t\t\t\t\t\t\t<h3>9.\u00a0Tus derechos con respecto a los datos personales<\/h3>\n<p>Tienes los siguientes derechos con respecto a tus datos personales:<\/p>\n<ul>\n<li>Tiene derecho a saber por qu\u00e9 se necesitan tus datos personales, qu\u00e9 suceder\u00e1 con ellos y durante cu\u00e1nto tiempo se conservar\u00e1n.<\/li>\n<li>Derecho de acceso: tienes derecho a acceder a tus datos personales que conocemos.<\/li>\n<li>Derecho de rectificaci\u00f3n: tienes derecho a completar, rectificar, borrar o bloquear tus datos personales cuando lo desees.<\/li>\n<li>Si nos das tu consentimiento para procesar tus datos, tienes derecho a revocar dicho consentimiento y a que se eliminen tus datos personales.<\/li>\n<li>Derecho de cesi\u00f3n de tus datos: tienes derecho a solicitar todos tus datos personales al responsable del tratamiento y a transferirlos \u00edntegramente a otro responsable del tratamiento.<\/li>\n<li>Derecho de oposici\u00f3n: puedes oponerte al tratamiento de tus datos. Nosotros cumplimos con esto, a menos que existan motivos justificados para el procesamiento.<\/li>\n<\/ul>\n<p>Para ejercer estos derechos, por favor, contacta con nosotros. Por favor, consulta los detalles de contacto en la parte inferior de esta pol\u00edtica de cookies. Si tienes alguna queja sobre c\u00f3mo gestionamos tus datos, nos gustar\u00eda que nos la hicieras saber, pero tambi\u00e9n tienes derecho a enviar una queja a la autoridad supervisora (la autoridad de protecci\u00f3n de datos).<\/p>\n\t\t\t\t\t\t\t\t<\/div>\n\t\t\t\t<\/div>\n\t\t\t\t<div class=\"elementor-element elementor-element-eecfa40 elementor-widget elementor-widget-text-editor\" data-id=\"eecfa40\" data-element_type=\"widget\" data-widget_type=\"text-editor.default\">\n\t\t\t\t<div class=\"elementor-widget-container\">\n\t\t\t\t\t\t\t\t\t<h3>10.\u00a0Datos de contacto<\/h3>\n<p>Para preguntas y\/o comentarios sobre nuestra pol\u00edtica de cookies y esta declaraci\u00f3n, por favor, contacta con nosotros usando los siguientes datos de contacto:<\/p>\n<p><span class=\"cmplz-contact-organisation\">OTC Organics B.V.<\/span><br \/>\n<span class=\"cmplz-contact-address\">Eskimolaan 11<br \/>\n8252 AS Dronten<\/span><br \/>\n<span class=\"cmplz-contact-country\">Pa\u00edses Bajos<\/span><br \/>\nWeb:\u00a0<span class=\"cmplz-contact-domain\"><a href=\"https:\/\/otcorganics.com\/es\">https:\/\/otcorganics.com\/es<\/a><\/span><br \/>\nCorreo electr\u00f3nico: <a href=\"mailto:info@otcorganics.com\">info@otcorganics.com<\/a><br \/>\n<span class=\"cmplz-contact-telephone\">N\u00famero de tel\u00e9fono: +31 (0)885 880 400<\/span><\/p>\n<p>Esta pol\u00edtica de cookies se ha sincronizado con\u00a0<a href=\"https:\/\/cookiedatabase.org\/\" target=\"_blank\" rel=\"noopener\">cookiedatabase.org<\/a>\u00a0el 08-12-2020<\/p>\n\t\t\t\t\t\t\t\t<\/div>\n\t\t\t\t<\/div>\n\t\t\t\t\t<\/div>\n\t\t<\/div>\n\t\t\t\t\t<\/div>\n\t\t<\/section>\n\t\t\t\t<\/div>\n\t\t","protected":false},"excerpt":{"rendered":"<p>Pol\u00edtica de cookies Home Pol\u00edtica de cookies Pol\u00edtica de cookies Esta pol\u00edtica de cookies fue actualizada por \u00faltima vez el 15-04-2021 y se aplica a los ciudadanos y residentes legales permanentes del Espacio Econ\u00f3mico Europeo y Suiza. 1.\u00a0Introducci\u00f3n Nuestra web,\u00a0https:\/\/otcorganics.com\/es\u00a0(en adelante: \u00abla web\u00bb) utiliza cookies y otras tecnolog\u00edas relacionadas (para mayor comodidad, todas las tecnolog\u00edas<\/p>\n<div class=\"read-more\"><a href=\"https:\/\/otcorganics.com\/es\/politica-de-cookies\/\"><i class=\"fal fa-arrow-right\"><\/i>Leer m\u00e1s<\/a><\/div>\n","protected":false},"author":1,"featured_media":0,"parent":0,"menu_order":0,"comment_status":"closed","ping_status":"closed","template":"","meta":{"_acf_changed":false,"footnotes":""},"class_list":["post-5461","page","type-page","status-publish","hentry"],"acf":[],"yoast_head":"<!-- This site is optimized with the Yoast SEO plugin v26.0 - https:\/\/yoast.com\/wordpress\/plugins\/seo\/ -->\n<title>Pol\u00edtica de cookies - OTC Organics<\/title>\n<meta name=\"robots\" content=\"index, follow, max-snippet:-1, max-image-preview:large, max-video-preview:-1\" \/>\n<link rel=\"canonical\" href=\"https:\/\/otcorganics.com\/es\/politica-de-cookies\/\" \/>\n<meta property=\"og:locale\" content=\"es_ES\" \/>\n<meta property=\"og:type\" content=\"article\" \/>\n<meta property=\"og:title\" content=\"Pol\u00edtica de cookies - OTC Organics\" \/>\n<meta property=\"og:description\" content=\"Pol\u00edtica de cookies Home Pol\u00edtica de cookies Pol\u00edtica de cookies Esta pol\u00edtica de cookies fue actualizada por \u00faltima vez el 15-04-2021 y se aplica a los ciudadanos y residentes legales permanentes del Espacio Econ\u00f3mico Europeo y Suiza. 1.\u00a0Introducci\u00f3n Nuestra web,\u00a0https:\/\/otcorganics.com\/es\u00a0(en adelante: \u00abla web\u00bb) utiliza cookies y otras tecnolog\u00edas relacionadas (para mayor comodidad, todas las tecnolog\u00edasLeer m\u00e1s\" \/>\n<meta property=\"og:url\" content=\"https:\/\/otcorganics.com\/es\/politica-de-cookies\/\" \/>\n<meta property=\"og:site_name\" content=\"OTC Organics\" \/>\n<meta property=\"article:modified_time\" content=\"2023-05-16T09:55:41+00:00\" \/>\n<meta name=\"twitter:card\" content=\"summary_large_image\" \/>\n<meta name=\"twitter:label1\" content=\"Tiempo de lectura\" \/>\n\t<meta name=\"twitter:data1\" content=\"6 minutos\" \/>\n<!-- \/ Yoast SEO plugin. -->","yoast_head_json":{"title":"Pol\u00edtica de cookies - OTC Organics","robots":{"index":"index","follow":"follow","max-snippet":"max-snippet:-1","max-image-preview":"max-image-preview:large","max-video-preview":"max-video-preview:-1"},"canonical":"https:\/\/otcorganics.com\/es\/politica-de-cookies\/","og_locale":"es_ES","og_type":"article","og_title":"Pol\u00edtica de cookies - OTC Organics","og_description":"Pol\u00edtica de cookies Home Pol\u00edtica de cookies Pol\u00edtica de cookies Esta pol\u00edtica de cookies fue actualizada por \u00faltima vez el 15-04-2021 y se aplica a los ciudadanos y residentes legales permanentes del Espacio Econ\u00f3mico Europeo y Suiza. 1.\u00a0Introducci\u00f3n Nuestra web,\u00a0https:\/\/otcorganics.com\/es\u00a0(en adelante: \u00abla web\u00bb) utiliza cookies y otras tecnolog\u00edas relacionadas (para mayor comodidad, todas las tecnolog\u00edasLeer m\u00e1s","og_url":"https:\/\/otcorganics.com\/es\/politica-de-cookies\/","og_site_name":"OTC Organics","article_modified_time":"2023-05-16T09:55:41+00:00","twitter_card":"summary_large_image","twitter_misc":{"Tiempo de lectura":"6 minutos"},"schema":{"@context":"https:\/\/schema.org","@graph":[{"@type":"WebPage","@id":"https:\/\/otcorganics.com\/es\/politica-de-cookies\/","url":"https:\/\/otcorganics.com\/es\/politica-de-cookies\/","name":"Pol\u00edtica de cookies - OTC Organics","isPartOf":{"@id":"https:\/\/otcorganics.com\/es\/#website"},"datePublished":"2023-02-10T13:52:42+00:00","dateModified":"2023-05-16T09:55:41+00:00","breadcrumb":{"@id":"https:\/\/otcorganics.com\/es\/politica-de-cookies\/#breadcrumb"},"inLanguage":"es","potentialAction":[{"@type":"ReadAction","target":["https:\/\/otcorganics.com\/es\/politica-de-cookies\/"]}]},{"@type":"BreadcrumbList","@id":"https:\/\/otcorganics.com\/es\/politica-de-cookies\/#breadcrumb","itemListElement":[{"@type":"ListItem","position":1,"name":"Home","item":"https:\/\/otcorganics.com\/es\/"},{"@type":"ListItem","position":2,"name":"Pol\u00edtica de cookies"}]},{"@type":"WebSite","@id":"https:\/\/otcorganics.com\/es\/#website","url":"https:\/\/otcorganics.com\/es\/","name":"OTC Organics","description":"","potentialAction":[{"@type":"SearchAction","target":{"@type":"EntryPoint","urlTemplate":"https:\/\/otcorganics.com\/es\/?s={search_term_string}"},"query-input":{"@type":"PropertyValueSpecification","valueRequired":true,"valueName":"search_term_string"}}],"inLanguage":"es"}]}},"_links":{"self":[{"href":"https:\/\/otcorganics.com\/es\/wp-json\/wp\/v2\/pages\/5461","targetHints":{"allow":["GET"]}}],"collection":[{"href":"https:\/\/otcorganics.com\/es\/wp-json\/wp\/v2\/pages"}],"about":[{"href":"https:\/\/otcorganics.com\/es\/wp-json\/wp\/v2\/types\/page"}],"author":[{"embeddable":true,"href":"https:\/\/otcorganics.com\/es\/wp-json\/wp\/v2\/users\/1"}],"replies":[{"embeddable":true,"href":"https:\/\/otcorganics.com\/es\/wp-json\/wp\/v2\/comments?post=5461"}],"version-history":[{"count":4,"href":"https:\/\/otcorganics.com\/es\/wp-json\/wp\/v2\/pages\/5461\/revisions"}],"predecessor-version":[{"id":5868,"href":"https:\/\/otcorganics.com\/es\/wp-json\/wp\/v2\/pages\/5461\/revisions\/5868"}],"wp:attachment":[{"href":"https:\/\/otcorganics.com\/es\/wp-json\/wp\/v2\/media?parent=5461"}],"curies":[{"name":"wp","href":"https:\/\/api.w.org\/{rel}","templated":true}]}}