{"id":4064,"date":"2020-03-22T10:19:25","date_gmt":"2020-03-22T10:19:25","guid":{"rendered":"https:\/\/otcorganics.com\/accueil\/"},"modified":"2023-06-19T13:43:53","modified_gmt":"2023-06-19T13:43:53","slug":"accueil","status":"publish","type":"page","link":"https:\/\/otcorganics.com\/fr\/","title":{"rendered":"Accueil"},"content":{"rendered":"\t\t<div data-elementor-type=\"wp-page\" data-elementor-id=\"4064\" class=\"elementor elementor-4064 elementor-1160\" data-elementor-post-type=\"page\">\n\t\t\t\t\t\t<div class=\"elementor-section elementor-top-section elementor-element elementor-element-2ffbec9 elementor-section-full_width elementor-section-height-default elementor-section-height-default\" data-id=\"2ffbec9\" data-element_type=\"section\">\n\t\t\t\t\t\t<div class=\"elementor-container elementor-column-gap-no\">\n\t\t\t\t\t<div class=\"elementor-column elementor-col-100 elementor-top-column elementor-element elementor-element-0d7ceab\" data-id=\"0d7ceab\" data-element_type=\"column\">\n\t\t\t<div class=\"elementor-widget-wrap elementor-element-populated\">\n\t\t\t\t\t\t<div class=\"elementor-element elementor-element-6e47869 elementor-widget elementor-widget-sosso-home-slider\" data-id=\"6e47869\" data-element_type=\"widget\" data-widget_type=\"sosso-home-slider.default\">\n\t\t\t\t<div class=\"elementor-widget-container\">\n\t\t\t\t\t<section class=\"banner-area\" data-autoplay=\"false\" data-autospeed=\"\"><div class=\"banner-item bg_cover\" style=\"background-image: url(https:\/\/otcorganics.com\/wp-content\/uploads\/2023\/02\/header1.jpg)\"><div class=\"container\"><div class=\"row\"><div class=\"col-lg-9\"><div class=\"banner-content\"><span>Du commerce \u00e0 l\u2019agriculture<\/span><h1 class=\"title\">Faisons la diff\u00e9rence avec les produits biologiques<\/h1><p><\/p><ul><li><a href=\"\/telers\" class=\"main-btn\" >Pour Les Producteurs <i class=\"far fa-plus\"><\/i><\/a><\/li><li><a href=\"\/klanten\" class=\"main-btn main-btn-2\" >Pour Les Clients <i class=\"far fa-plus\"><\/i><\/a><\/li><\/ul><\/div><\/div><\/div><\/div><\/div><\/section>\t\t\t\t<\/div>\n\t\t\t\t<\/div>\n\t\t\t\t\t<\/div>\n\t\t<\/div>\n\t\t\t\t\t<\/div>\n\t\t<\/div>\n\t\t\t\t<section class=\"elementor-section elementor-top-section elementor-element elementor-element-d5c2eec elementor-section-content-middle elementor-section-boxed elementor-section-height-default elementor-section-height-default\" data-id=\"d5c2eec\" data-element_type=\"section\">\n\t\t\t\t\t\t<div class=\"elementor-container elementor-column-gap-default\">\n\t\t\t\t\t<div class=\"elementor-column elementor-col-50 elementor-top-column elementor-element elementor-element-078a1cf\" data-id=\"078a1cf\" data-element_type=\"column\">\n\t\t\t<div class=\"elementor-widget-wrap elementor-element-populated\">\n\t\t\t\t\t\t<div class=\"elementor-element elementor-element-7b11eb6 elementor-widget elementor-widget-sosso-single-image\" data-id=\"7b11eb6\" data-element_type=\"widget\" data-widget_type=\"sosso-single-image.default\">\n\t\t\t\t<div class=\"elementor-widget-container\">\n\t\t\t\t\t<div class=\"klb-single-image about-info-thumb ml-30 mr-30\"><img decoding=\"async\" src=\"https:\/\/otcorganics.com\/wp-content\/uploads\/2023\/04\/Home-Waarom-samenwerken-met-OTC-Organics.jpg\" alt=\"about\"><\/div>\t\t\t\t<\/div>\n\t\t\t\t<\/div>\n\t\t\t\t\t<\/div>\n\t\t<\/div>\n\t\t\t\t<div class=\"elementor-column elementor-col-50 elementor-top-column elementor-element elementor-element-dc4b616\" data-id=\"dc4b616\" data-element_type=\"column\">\n\t\t\t<div class=\"elementor-widget-wrap elementor-element-populated\">\n\t\t\t\t\t\t<div class=\"elementor-element elementor-element-3bad455 elementor-widget elementor-widget-sosso-custom-title\" data-id=\"3bad455\" data-element_type=\"widget\" data-widget_type=\"sosso-custom-title.default\">\n\t\t\t\t<div class=\"elementor-widget-container\">\n\t\t\t\t\t<div class=\"klb-custom-title\"><span>Qui sommes-nous\u00a0?<\/span><h3 class=\"title\">Pourquoi travailler avec OTC Organics\u00a0?<\/h3><\/div>\t\t\t\t<\/div>\n\t\t\t\t<\/div>\n\t\t\t\t<div class=\"elementor-element elementor-element-1994d23 elementor-widget elementor-widget-text-editor\" data-id=\"1994d23\" data-element_type=\"widget\" data-widget_type=\"text-editor.default\">\n\t\t\t\t<div class=\"elementor-widget-container\">\n\t\t\t\t\t\t\t\t\t<p>Conscients de bien faire, nous cultivons et vendons des fruits et l\u00e9gumes biologiques, durables et de la meilleure qualit\u00e9. Nous entretenons une collaboration \u00e9troite et impliqu\u00e9e avec nos producteurs, qui pratiquent tous l\u2019agriculture biologique.<\/p>\n<h4>Formidable, direz-vous.<strong><br \/>\n<\/strong><\/h4>\n<p>Pourtant, ce n\u2019est pas aussi simple qu\u2019il n\u2019y para\u00eet. En effet, la distribution de produits biologiques est une activit\u00e9 tr\u00e8s particuli\u00e8re : ces produits doivent r\u00e9pondre \u00e0 de nombreux crit\u00e8res, ce qui est naturellement une bonne chose. Avant qu\u2019un conteneur de fruits ou de l\u00e9gumes biologiques ne mette le cap sur l\u2019Europe, tous les partenaires de la cha\u00eene d\u2019approvisionnement ont d\u00fb se coordonner. Il est donc impossible d\u2019exp\u00e9dier en Europe un conteneur de fruits au petit bonheur la chance !<\/p>\n<p><a class=\"klb-btn-text\" href=\"https:\/\/otcorganics.preview.websight.nl\/fr\/qui-sommes-nous\/\">En savoir plus<\/a><\/p>\n\t\t\t\t\t\t\t\t<\/div>\n\t\t\t\t<\/div>\n\t\t\t\t\t<\/div>\n\t\t<\/div>\n\t\t\t\t\t<\/div>\n\t\t<\/section>\n\t\t\t\t<div class=\"elementor-section elementor-top-section elementor-element elementor-element-0c258a1 elementor-section-full_width elementor-section-height-default elementor-section-height-default\" data-id=\"0c258a1\" data-element_type=\"section\">\n\t\t\t\t\t\t<div class=\"elementor-container elementor-column-gap-no\">\n\t\t\t\t\t<div class=\"elementor-column elementor-col-100 elementor-top-column elementor-element elementor-element-7dcd1a8\" data-id=\"7dcd1a8\" data-element_type=\"column\">\n\t\t\t<div class=\"elementor-widget-wrap elementor-element-populated\">\n\t\t\t\t\t\t<div class=\"elementor-element elementor-element-3ab3409 elementor-widget elementor-widget-sosso-image-overlay\" data-id=\"3ab3409\" data-element_type=\"widget\" data-widget_type=\"sosso-image-overlay.default\">\n\t\t\t\t<div class=\"elementor-widget-container\">\n\t\t\t\t\t<section class=\"farms-area d-flex align-items-center bg_cover\" style=\"background-image:url(https:\/\/otcorganics.com\/wp-content\/uploads\/2023\/02\/Teler-flip.jpg)\"><div class=\"container\"><div class=\"row\"><div class=\"col-lg-7\"><div class=\"farms-content\"><span>\u00c0 CHACUN SON M\u00c9TIER, \u00c0 CHACUN SON TALENT<\/span><h3 class=\"title\">Notre expertise : le march\u00e9 des produits biologiques<\/h3><a class=\"main-btn\" href=\"https:\/\/otcorganics.com\/bio-integriteit\/\" >Le respect du Bio <i class=\"far fa-plus\"><\/i><\/a><\/div><\/div><\/div><\/div><\/section>\t\t\t\t<\/div>\n\t\t\t\t<\/div>\n\t\t\t\t\t<\/div>\n\t\t<\/div>\n\t\t\t\t\t<\/div>\n\t\t<\/div>\n\t\t\t\t<section class=\"elementor-section elementor-top-section elementor-element elementor-element-43fa805 elementor-section-boxed elementor-section-height-default elementor-section-height-default\" data-id=\"43fa805\" data-element_type=\"section\" data-settings=\"{&quot;background_background&quot;:&quot;classic&quot;}\">\n\t\t\t\t\t\t<div class=\"elementor-container elementor-column-gap-no\">\n\t\t\t\t\t<div class=\"elementor-column elementor-col-100 elementor-top-column elementor-element elementor-element-945a2eb\" data-id=\"945a2eb\" data-element_type=\"column\">\n\t\t\t<div class=\"elementor-widget-wrap elementor-element-populated\">\n\t\t\t\t\t\t<section class=\"elementor-section elementor-inner-section elementor-element elementor-element-5a93960 elementor-section-content-middle elementor-section-boxed elementor-section-height-default elementor-section-height-default\" data-id=\"5a93960\" data-element_type=\"section\">\n\t\t\t\t\t\t<div class=\"elementor-container elementor-column-gap-default\">\n\t\t\t\t\t<div class=\"elementor-column elementor-col-50 elementor-inner-column elementor-element elementor-element-f7585e2\" data-id=\"f7585e2\" data-element_type=\"column\">\n\t\t\t<div class=\"elementor-widget-wrap elementor-element-populated\">\n\t\t\t\t\t\t<div class=\"elementor-element elementor-element-a616468 elementor-widget elementor-widget-sosso-custom-title\" data-id=\"a616468\" data-element_type=\"widget\" data-widget_type=\"sosso-custom-title.default\">\n\t\t\t\t<div class=\"elementor-widget-container\">\n\t\t\t\t\t<div class=\"klb-custom-title\"><span>Un partenariat gagnant-gagnant-gagnant<\/span><h3 class=\"title\">Nous sommes convaincus que chacun s\u2019\u00e9panouit lorsqu\u2019une collaboration est fructueuse<\/h3><\/div>\t\t\t\t<\/div>\n\t\t\t\t<\/div>\n\t\t\t\t\t<\/div>\n\t\t<\/div>\n\t\t\t\t<div class=\"elementor-column elementor-col-50 elementor-inner-column elementor-element elementor-element-40d34da\" data-id=\"40d34da\" data-element_type=\"column\">\n\t\t\t<div class=\"elementor-widget-wrap elementor-element-populated\">\n\t\t\t\t\t\t<div class=\"elementor-element elementor-element-aa433d1 elementor-widget elementor-widget-text-editor\" data-id=\"aa433d1\" data-element_type=\"widget\" data-widget_type=\"text-editor.default\">\n\t\t\t\t<div class=\"elementor-widget-container\">\n\t\t\t\t\t\t\t\t\t<p>Pour nous, il n\u2019est pas question de gagner facilement de l\u2019argent en manutentionnant des caisses de produits \u2013 ce n\u2019est pas l\u00e0 notre raison d\u2019\u00eatre. En revanche, nous tenons \u00e0 nous impliquer activement aupr\u00e8s de nos producteurs en agriculture biologique, et \u00e0 travailler main dans la main avec eux, dans les champs, les vergers ou les serres. Ainsi, nous pouvons les aider \u00e0 retrouver le cap quand c\u2019est n\u00e9cessaire, et veiller \u00e0 ce que les produits soient cultiv\u00e9s et certifi\u00e9s correctement avant d\u2019\u00eatre exp\u00e9di\u00e9s en Europe.<\/p>\n<p>Nous avons des lignes de communication courtes, connaissons les r\u00e9glementations et les r\u00e9seaux logistiques, et sommes disponibles en cas de besoin. Nous aidons les agriculteurs \u00e0 devenir des producteurs biologiques respectueux de l\u2019environnement et des normes sociales, et \u00e0 atteindre une autonomie \u00e9conomique et op\u00e9rationnelle. Enfin, nous aidons les acheteurs en veillant \u00e0 r\u00e9pondre \u00e0 leurs souhaits et crit\u00e8res au niveau local, quelle que soit la provenance des produits. Si vous \u00eates content, ils sont contents, et nous sommes contents.<\/p>\n\t\t\t\t\t\t\t\t<\/div>\n\t\t\t\t<\/div>\n\t\t\t\t\t<\/div>\n\t\t<\/div>\n\t\t\t\t\t<\/div>\n\t\t<\/section>\n\t\t\t\t<section class=\"elementor-section elementor-inner-section elementor-element elementor-element-6d99299 elementor-section-boxed elementor-section-height-default elementor-section-height-default\" data-id=\"6d99299\" data-element_type=\"section\">\n\t\t\t\t\t\t<div class=\"elementor-container elementor-column-gap-default\">\n\t\t\t\t\t<div class=\"elementor-column elementor-col-50 elementor-inner-column elementor-element elementor-element-fa5ed5e\" data-id=\"fa5ed5e\" data-element_type=\"column\">\n\t\t\t<div class=\"elementor-widget-wrap elementor-element-populated\">\n\t\t\t\t\t\t<div class=\"elementor-element elementor-element-df6e7bb elementor-widget elementor-widget-sosso-icon-box\" data-id=\"df6e7bb\" data-element_type=\"widget\" data-widget_type=\"sosso-icon-box.default\">\n\t\t\t\t<div class=\"elementor-widget-container\">\n\t\t\t\t\t<div class=\"klb-icon-box features-items\"><div class=\"item\"><i class=\"flaticon-agriculture-1\"><\/i><h4 class=\"title\">Pour les producteurs<\/h4><p>L\u2019agriculteur que vous \u00eates souhaite \u00eatre trait\u00e9 avec respect, et obtenir un prix \u00e9quitable pour ses produits.<\/p><a href=\"\/telers\" >En savoir plus<\/a><\/div><\/div>\t\t\t\t<\/div>\n\t\t\t\t<\/div>\n\t\t\t\t\t<\/div>\n\t\t<\/div>\n\t\t\t\t<div class=\"elementor-column elementor-col-50 elementor-inner-column elementor-element elementor-element-db9ad17\" data-id=\"db9ad17\" data-element_type=\"column\">\n\t\t\t<div class=\"elementor-widget-wrap elementor-element-populated\">\n\t\t\t\t\t\t<div class=\"elementor-element elementor-element-23de10c elementor-widget elementor-widget-sosso-icon-box\" data-id=\"23de10c\" data-element_type=\"widget\" data-widget_type=\"sosso-icon-box.default\">\n\t\t\t\t<div class=\"elementor-widget-container\">\n\t\t\t\t\t<div class=\"klb-icon-box features-items\"><div class=\"item\"><i class=\"flaticon-fruit\"><\/i><h4 class=\"title\">Pour les clients<\/h4><p>Le d\u00e9taillant que vous \u00eates tient \u00e0 \u00eatre s\u00fbr de la qualit\u00e9 et de la disponibilit\u00e9 des produits. Quel que soit votre camp, nous sommes l\u00e0 pour vous offrir ces garanties.<\/p><a href=\"\/klanten\" >En savoir plus<\/a><\/div><\/div>\t\t\t\t<\/div>\n\t\t\t\t<\/div>\n\t\t\t\t\t<\/div>\n\t\t<\/div>\n\t\t\t\t\t<\/div>\n\t\t<\/section>\n\t\t\t\t\t<\/div>\n\t\t<\/div>\n\t\t\t\t\t<\/div>\n\t\t<\/section>\n\t\t\t\t<div class=\"elementor-section elementor-top-section elementor-element elementor-element-481725e elementor-section-full_width elementor-section-height-default elementor-section-height-default\" data-id=\"481725e\" data-element_type=\"section\">\n\t\t\t\t\t\t<div class=\"elementor-container elementor-column-gap-no\">\n\t\t\t\t\t<div class=\"elementor-column elementor-col-100 elementor-top-column elementor-element elementor-element-52c1eea\" data-id=\"52c1eea\" data-element_type=\"column\">\n\t\t\t<div class=\"elementor-widget-wrap elementor-element-populated\">\n\t\t\t\t\t\t<div class=\"elementor-element elementor-element-51d2789 elementor-widget elementor-widget-sosso-latest-blog\" data-id=\"51d2789\" data-element_type=\"widget\" data-widget_type=\"sosso-latest-blog.default\">\n\t\t\t\t<div class=\"elementor-widget-container\">\n\t\t\t\t\t<section class=\"blog-area\"><div class=\"container\"><div class=\"row justify-content-center\"><div class=\"col-lg-7 col-md-9\"><div class=\"section-title text-center\"><span>Actualit\u00e9s<\/span><h3 class=\"title\">Derni\u00e8res actualit\u00e9s<\/h3><\/div><\/div><\/div><div class=\"row justify-content-center\"><div class=\"col-lg-4 col-md-7 col-sm-9\"><div class=\"blog-item active mt-30\" style=\"background-image:url();\"><span><i class=\"far fa-calendar-alt\"><\/i> 3 Avr 2024<\/span><h4 class=\"title\">Thank you Edward Out!<\/h4><a  href=\"https:\/\/otcorganics.com\/fr\/thank-you-edward-out\/\">Read More<\/a><\/div><\/div><div class=\"col-lg-4 col-md-7 col-sm-9\"><div class=\"blog-item mt-70\" style=\"background-image:url(https:\/\/otcorganics.com\/wp-content\/uploads\/2024\/03\/Website-tegel-vacature-2.png);\"><span><i class=\"far fa-calendar-alt\"><\/i> 21 Mar 2024<\/span><h4 class=\"title\">Update about the upcoming organic citrus season<\/h4><a  href=\"https:\/\/otcorganics.com\/fr\/update-about-the-upcoming-organic-citrus-season\/\">Read More<\/a><\/div><\/div><div class=\"col-lg-4 col-md-7 col-sm-9\"><div class=\"blog-item mt-30\" style=\"background-image:url(https:\/\/otcorganics.com\/wp-content\/uploads\/2024\/03\/01-OTC-Academy-SPRING-certification.jpg);\"><span><i class=\"far fa-calendar-alt\"><\/i> 18 Mar 2024<\/span><h4 class=\"title\">OTC Academy empowers Peruvian organic avocado growers with SPRING certification workshops<\/h4><a  href=\"https:\/\/otcorganics.com\/fr\/otc-academy-empowers-peruvian-organic-avocado-growers-with-spring-certification-workshops\/\">Read More<\/a><\/div><\/div><\/div><\/div><\/section>\t\t\t\t<\/div>\n\t\t\t\t<\/div>\n\t\t\t\t\t<\/div>\n\t\t<\/div>\n\t\t\t\t\t<\/div>\n\t\t<\/div>\n\t\t\t\t<section class=\"elementor-section elementor-top-section elementor-element elementor-element-f80c7ed elementor-section-boxed elementor-section-height-default elementor-section-height-default\" data-id=\"f80c7ed\" data-element_type=\"section\" data-settings=\"{&quot;background_background&quot;:&quot;classic&quot;}\">\n\t\t\t\t\t\t<div class=\"elementor-container elementor-column-gap-default\">\n\t\t\t\t\t<div class=\"elementor-column elementor-col-100 elementor-top-column elementor-element elementor-element-168cf9b\" data-id=\"168cf9b\" data-element_type=\"column\">\n\t\t\t<div class=\"elementor-widget-wrap elementor-element-populated\">\n\t\t\t\t\t\t<div class=\"elementor-element elementor-element-d9f55ee elementor-align-center elementor-widget elementor-widget-button\" data-id=\"d9f55ee\" data-element_type=\"widget\" data-widget_type=\"button.default\">\n\t\t\t\t<div class=\"elementor-widget-container\">\n\t\t\t\t\t\t\t\t\t<div class=\"elementor-button-wrapper\">\n\t\t\t\t\t<a class=\"elementor-button elementor-button-link elementor-size-sm\" href=\"https:\/\/otcorganics.com\/nl\/nieuws\/\">\n\t\t\t\t\t\t<span class=\"elementor-button-content-wrapper\">\n\t\t\t\t\t\t<span class=\"elementor-button-icon\">\n\t\t\t\t<i aria-hidden=\"true\" class=\"fas fa-plus\"><\/i>\t\t\t<\/span>\n\t\t\t\t\t\t\t\t\t<span class=\"elementor-button-text\">Plus d\u2019actualit\u00e9s<\/span>\n\t\t\t\t\t<\/span>\n\t\t\t\t\t<\/a>\n\t\t\t\t<\/div>\n\t\t\t\t\t\t\t\t<\/div>\n\t\t\t\t<\/div>\n\t\t\t\t\t<\/div>\n\t\t<\/div>\n\t\t\t\t\t<\/div>\n\t\t<\/section>\n\t\t\t\t<\/div>\n\t\t","protected":false},"excerpt":{"rendered":"<p>Du commerce \u00e0 l\u2019agriculture Faisons la diff\u00e9rence avec les produits biologiques Pour Les Producteurs Pour Les Clients Qui sommes-nous\u00a0? Pourquoi travailler avec OTC Organics\u00a0? Conscients de bien faire, nous cultivons et vendons des fruits et l\u00e9gumes biologiques, durables et de la meilleure qualit\u00e9. Nous entretenons une collaboration \u00e9troite et impliqu\u00e9e avec nos producteurs, qui pratiquent<\/p>\n<div class=\"read-more\"><a href=\"https:\/\/otcorganics.com\/fr\/otc-academy-empowers-peruvian-organic-avocado-growers-with-spring-certification-workshops\/\"><i class=\"fal fa-arrow-right\"><\/i>En savoir plus<\/a><\/div>\n","protected":false},"author":1,"featured_media":0,"parent":0,"menu_order":0,"comment_status":"closed","ping_status":"closed","template":"","meta":{"_acf_changed":false,"footnotes":""},"class_list":["post-4064","page","type-page","status-publish","hentry"],"acf":[],"yoast_head":"<!-- This site is optimized with the Yoast SEO plugin v26.0 - https:\/\/yoast.com\/wordpress\/plugins\/seo\/ -->\n<title>Accueil - OTC Organics<\/title>\n<meta name=\"robots\" content=\"index, follow, max-snippet:-1, max-image-preview:large, max-video-preview:-1\" \/>\n<link rel=\"canonical\" href=\"https:\/\/otcorganics.com\/fr\/\" \/>\n<meta property=\"og:locale\" content=\"fr_FR\" \/>\n<meta property=\"og:type\" content=\"article\" \/>\n<meta property=\"og:title\" content=\"Accueil - OTC Organics\" \/>\n<meta property=\"og:description\" content=\"Du commerce \u00e0 l\u2019agriculture Faisons la diff\u00e9rence avec les produits biologiques Pour Les Producteurs Pour Les Clients Qui sommes-nous\u00a0? Pourquoi travailler avec OTC Organics\u00a0? Conscients de bien faire, nous cultivons et vendons des fruits et l\u00e9gumes biologiques, durables et de la meilleure qualit\u00e9. Nous entretenons une collaboration \u00e9troite et impliqu\u00e9e avec nos producteurs, qui pratiquentEn savoir plus\" \/>\n<meta property=\"og:url\" content=\"https:\/\/otcorganics.com\/fr\/\" \/>\n<meta property=\"og:site_name\" content=\"OTC Organics\" \/>\n<meta property=\"article:modified_time\" content=\"2023-06-19T13:43:53+00:00\" \/>\n<meta property=\"og:image\" content=\"https:\/\/otcorganics.com\/wp-content\/uploads\/2023\/04\/Home-Waarom-samenwerken-met-OTC-Organics.jpg\" \/>\n<meta name=\"twitter:card\" content=\"summary_large_image\" \/>\n<meta name=\"twitter:label1\" content=\"Dur\u00e9e de lecture estim\u00e9e\" \/>\n\t<meta name=\"twitter:data1\" content=\"2 minutes\" \/>\n<!-- \/ Yoast SEO plugin. -->","yoast_head_json":{"title":"Accueil - OTC Organics","robots":{"index":"index","follow":"follow","max-snippet":"max-snippet:-1","max-image-preview":"max-image-preview:large","max-video-preview":"max-video-preview:-1"},"canonical":"https:\/\/otcorganics.com\/fr\/","og_locale":"fr_FR","og_type":"article","og_title":"Accueil - OTC Organics","og_description":"Du commerce \u00e0 l\u2019agriculture Faisons la diff\u00e9rence avec les produits biologiques Pour Les Producteurs Pour Les Clients Qui sommes-nous\u00a0? Pourquoi travailler avec OTC Organics\u00a0? Conscients de bien faire, nous cultivons et vendons des fruits et l\u00e9gumes biologiques, durables et de la meilleure qualit\u00e9. Nous entretenons une collaboration \u00e9troite et impliqu\u00e9e avec nos producteurs, qui pratiquentEn savoir plus","og_url":"https:\/\/otcorganics.com\/fr\/","og_site_name":"OTC Organics","article_modified_time":"2023-06-19T13:43:53+00:00","og_image":[{"url":"https:\/\/otcorganics.com\/wp-content\/uploads\/2023\/04\/Home-Waarom-samenwerken-met-OTC-Organics.jpg","type":"","width":"","height":""}],"twitter_card":"summary_large_image","twitter_misc":{"Dur\u00e9e de lecture estim\u00e9e":"2 minutes"},"schema":{"@context":"https:\/\/schema.org","@graph":[{"@type":"WebPage","@id":"https:\/\/otcorganics.com\/fr\/","url":"https:\/\/otcorganics.com\/fr\/","name":"Accueil - OTC Organics","isPartOf":{"@id":"https:\/\/otcorganics.com\/fr\/#website"},"primaryImageOfPage":{"@id":"https:\/\/otcorganics.com\/fr\/#primaryimage"},"image":{"@id":"https:\/\/otcorganics.com\/fr\/#primaryimage"},"thumbnailUrl":"https:\/\/otcorganics.com\/wp-content\/uploads\/2023\/04\/Home-Waarom-samenwerken-met-OTC-Organics.jpg","datePublished":"2020-03-22T10:19:25+00:00","dateModified":"2023-06-19T13:43:53+00:00","breadcrumb":{"@id":"https:\/\/otcorganics.com\/fr\/#breadcrumb"},"inLanguage":"fr-FR","potentialAction":[{"@type":"ReadAction","target":["https:\/\/otcorganics.com\/fr\/"]}]},{"@type":"ImageObject","inLanguage":"fr-FR","@id":"https:\/\/otcorganics.com\/fr\/#primaryimage","url":"https:\/\/otcorganics.com\/wp-content\/uploads\/2023\/04\/Home-Waarom-samenwerken-met-OTC-Organics.jpg","contentUrl":"https:\/\/otcorganics.com\/wp-content\/uploads\/2023\/04\/Home-Waarom-samenwerken-met-OTC-Organics.jpg"},{"@type":"BreadcrumbList","@id":"https:\/\/otcorganics.com\/fr\/#breadcrumb","itemListElement":[{"@type":"ListItem","position":1,"name":"Home","item":"https:\/\/otcorganics.com\/fr\/"},{"@type":"ListItem","position":2,"name":"Accueil"}]},{"@type":"WebSite","@id":"https:\/\/otcorganics.com\/fr\/#website","url":"https:\/\/otcorganics.com\/fr\/","name":"OTC Organics","description":"","potentialAction":[{"@type":"SearchAction","target":{"@type":"EntryPoint","urlTemplate":"https:\/\/otcorganics.com\/fr\/?s={search_term_string}"},"query-input":{"@type":"PropertyValueSpecification","valueRequired":true,"valueName":"search_term_string"}}],"inLanguage":"fr-FR"}]}},"_links":{"self":[{"href":"https:\/\/otcorganics.com\/fr\/wp-json\/wp\/v2\/pages\/4064","targetHints":{"allow":["GET"]}}],"collection":[{"href":"https:\/\/otcorganics.com\/fr\/wp-json\/wp\/v2\/pages"}],"about":[{"href":"https:\/\/otcorganics.com\/fr\/wp-json\/wp\/v2\/types\/page"}],"author":[{"embeddable":true,"href":"https:\/\/otcorganics.com\/fr\/wp-json\/wp\/v2\/users\/1"}],"replies":[{"embeddable":true,"href":"https:\/\/otcorganics.com\/fr\/wp-json\/wp\/v2\/comments?post=4064"}],"version-history":[{"count":44,"href":"https:\/\/otcorganics.com\/fr\/wp-json\/wp\/v2\/pages\/4064\/revisions"}],"predecessor-version":[{"id":6352,"href":"https:\/\/otcorganics.com\/fr\/wp-json\/wp\/v2\/pages\/4064\/revisions\/6352"}],"wp:attachment":[{"href":"https:\/\/otcorganics.com\/fr\/wp-json\/wp\/v2\/media?parent=4064"}],"curies":[{"name":"wp","href":"https:\/\/api.w.org\/{rel}","templated":true}]}}