{"id":4070,"date":"2023-02-07T14:41:41","date_gmt":"2023-02-07T14:41:41","guid":{"rendered":"https:\/\/otcorganics.com\/notre-offre\/une-entrepot-biologique-de-pointe\/"},"modified":"2023-05-25T08:58:11","modified_gmt":"2023-05-25T08:58:11","slug":"une-entrepot-biologique-de-pointe","status":"publish","type":"page","link":"https:\/\/otcorganics.com\/fr\/notre-offre\/une-entrepot-biologique-de-pointe\/","title":{"rendered":"Une entrep\u00f4t biologique de pointe"},"content":{"rendered":"\t\t<div data-elementor-type=\"wp-page\" data-elementor-id=\"4070\" class=\"elementor elementor-4070 elementor-2018\" data-elementor-post-type=\"page\">\n\t\t\t\t\t\t<section class=\"elementor-section elementor-top-section elementor-element elementor-element-d5c2eec elementor-section-content-middle elementor-section-boxed elementor-section-height-default elementor-section-height-default\" data-id=\"d5c2eec\" data-element_type=\"section\">\n\t\t\t\t\t\t<div class=\"elementor-container elementor-column-gap-default\">\n\t\t\t\t\t<div class=\"elementor-column elementor-col-50 elementor-top-column elementor-element elementor-element-078a1cf\" data-id=\"078a1cf\" data-element_type=\"column\">\n\t\t\t<div class=\"elementor-widget-wrap elementor-element-populated\">\n\t\t\t\t\t\t<div class=\"elementor-element elementor-element-7b11eb6 elementor-widget elementor-widget-sosso-single-image\" data-id=\"7b11eb6\" data-element_type=\"widget\" data-widget_type=\"sosso-single-image.default\">\n\t\t\t\t<div class=\"elementor-widget-container\">\n\t\t\t\t\t<div class=\"klb-single-image about-info-thumb ml-30 mr-30\"><img decoding=\"async\" src=\"https:\/\/otcorganics.com\/wp-content\/uploads\/2023\/04\/State-of-the-art-verticaal2.jpg\" alt=\"about\"><\/div>\t\t\t\t<\/div>\n\t\t\t\t<\/div>\n\t\t\t\t\t<\/div>\n\t\t<\/div>\n\t\t\t\t<div class=\"elementor-column elementor-col-50 elementor-top-column elementor-element elementor-element-dc4b616\" data-id=\"dc4b616\" data-element_type=\"column\">\n\t\t\t<div class=\"elementor-widget-wrap elementor-element-populated\">\n\t\t\t\t\t\t<div class=\"elementor-element elementor-element-3bad455 elementor-widget elementor-widget-sosso-custom-title\" data-id=\"3bad455\" data-element_type=\"widget\" data-widget_type=\"sosso-custom-title.default\">\n\t\t\t\t<div class=\"elementor-widget-container\">\n\t\t\t\t\t<div class=\"klb-custom-title\"><span>Une entrep\u00f4t biologique de pointe<\/span><h3 class=\"title\">Exp\u00e9dition, conditionnement, distribution\u00a0: rien n\u2019est laiss\u00e9 au hasard<\/h3><\/div>\t\t\t\t<\/div>\n\t\t\t\t<\/div>\n\t\t\t\t<div class=\"elementor-element elementor-element-1994d23 elementor-widget elementor-widget-text-editor\" data-id=\"1994d23\" data-element_type=\"widget\" data-widget_type=\"text-editor.default\">\n\t\t\t\t<div class=\"elementor-widget-container\">\n\t\t\t\t\t\t\t\t\t<p>Chauffage au sol, s\u00e9choirs, chambres froides \u00e0 la bonne temp\u00e9rature\u2026 nos fruits et l\u00e9gumes sont dorlot\u00e9s lorsqu\u2019ils arrivent chez nos clients en Europe.<\/p>\n<p>Nous stockons les produits dans notre entrep\u00f4t biologique ultramoderne \u00e0 Poeldijk, pr\u00e8s des ports de Rotterdam et d\u2019Anvers. \u00c0 Poeldijk, les produits sont emball\u00e9s avec soin et sur mesure avant de passer un contr\u00f4le final approfondi. Ils sont ensuite achemin\u00e9s le plus rapidement possible \u00e0 nos clients dans toute l\u2019Europe. Impossible de faire plus frais !<\/p>\n\t\t\t\t\t\t\t\t<\/div>\n\t\t\t\t<\/div>\n\t\t\t\t\t<\/div>\n\t\t<\/div>\n\t\t\t\t\t<\/div>\n\t\t<\/section>\n\t\t\t\t<\/div>\n\t\t","protected":false},"excerpt":{"rendered":"<p>Une entrep\u00f4t biologique de pointe Exp\u00e9dition, conditionnement, distribution\u00a0: rien n\u2019est laiss\u00e9 au hasard Chauffage au sol, s\u00e9choirs, chambres froides \u00e0 la bonne temp\u00e9rature\u2026 nos fruits et l\u00e9gumes sont dorlot\u00e9s lorsqu\u2019ils arrivent chez nos clients en Europe. Nous stockons les produits dans notre entrep\u00f4t biologique ultramoderne \u00e0 Poeldijk, pr\u00e8s des ports de Rotterdam et d\u2019Anvers. \u00c0<\/p>\n<div class=\"read-more\"><a href=\"https:\/\/otcorganics.com\/fr\/notre-offre\/une-entrepot-biologique-de-pointe\/\"><i class=\"fal fa-arrow-right\"><\/i>En savoir plus<\/a><\/div>\n","protected":false},"author":1,"featured_media":0,"parent":4062,"menu_order":0,"comment_status":"closed","ping_status":"closed","template":"","meta":{"_acf_changed":false,"footnotes":""},"class_list":["post-4070","page","type-page","status-publish","hentry"],"acf":[],"yoast_head":"<!-- This site is optimized with the Yoast SEO plugin v26.0 - https:\/\/yoast.com\/wordpress\/plugins\/seo\/ -->\n<title>Une entrep\u00f4t biologique de pointe - OTC Organics<\/title>\n<meta name=\"robots\" content=\"index, follow, max-snippet:-1, max-image-preview:large, max-video-preview:-1\" \/>\n<link rel=\"canonical\" href=\"https:\/\/otcorganics.com\/fr\/notre-offre\/une-entrepot-biologique-de-pointe\/\" \/>\n<meta property=\"og:locale\" content=\"fr_FR\" \/>\n<meta property=\"og:type\" content=\"article\" \/>\n<meta property=\"og:title\" content=\"Une entrep\u00f4t biologique de pointe - OTC Organics\" \/>\n<meta property=\"og:description\" content=\"Une entrep\u00f4t biologique de pointe Exp\u00e9dition, conditionnement, distribution\u00a0: rien n\u2019est laiss\u00e9 au hasard Chauffage au sol, s\u00e9choirs, chambres froides \u00e0 la bonne temp\u00e9rature\u2026 nos fruits et l\u00e9gumes sont dorlot\u00e9s lorsqu\u2019ils arrivent chez nos clients en Europe. Nous stockons les produits dans notre entrep\u00f4t biologique ultramoderne \u00e0 Poeldijk, pr\u00e8s des ports de Rotterdam et d\u2019Anvers. \u00c0En savoir plus\" \/>\n<meta property=\"og:url\" content=\"https:\/\/otcorganics.com\/fr\/notre-offre\/une-entrepot-biologique-de-pointe\/\" \/>\n<meta property=\"og:site_name\" content=\"OTC Organics\" \/>\n<meta property=\"article:modified_time\" content=\"2023-05-25T08:58:11+00:00\" \/>\n<meta property=\"og:image\" content=\"https:\/\/otcorganics.com\/wp-content\/uploads\/2023\/04\/State-of-the-art-verticaal2.jpg\" \/>\n<meta name=\"twitter:card\" content=\"summary_large_image\" \/>\n<meta name=\"twitter:label1\" content=\"Dur\u00e9e de lecture estim\u00e9e\" \/>\n\t<meta name=\"twitter:data1\" content=\"1 minute\" \/>\n<!-- \/ Yoast SEO plugin. -->","yoast_head_json":{"title":"Une entrep\u00f4t biologique de pointe - OTC Organics","robots":{"index":"index","follow":"follow","max-snippet":"max-snippet:-1","max-image-preview":"max-image-preview:large","max-video-preview":"max-video-preview:-1"},"canonical":"https:\/\/otcorganics.com\/fr\/notre-offre\/une-entrepot-biologique-de-pointe\/","og_locale":"fr_FR","og_type":"article","og_title":"Une entrep\u00f4t biologique de pointe - OTC Organics","og_description":"Une entrep\u00f4t biologique de pointe Exp\u00e9dition, conditionnement, distribution\u00a0: rien n\u2019est laiss\u00e9 au hasard Chauffage au sol, s\u00e9choirs, chambres froides \u00e0 la bonne temp\u00e9rature\u2026 nos fruits et l\u00e9gumes sont dorlot\u00e9s lorsqu\u2019ils arrivent chez nos clients en Europe. Nous stockons les produits dans notre entrep\u00f4t biologique ultramoderne \u00e0 Poeldijk, pr\u00e8s des ports de Rotterdam et d\u2019Anvers. \u00c0En savoir plus","og_url":"https:\/\/otcorganics.com\/fr\/notre-offre\/une-entrepot-biologique-de-pointe\/","og_site_name":"OTC Organics","article_modified_time":"2023-05-25T08:58:11+00:00","og_image":[{"url":"https:\/\/otcorganics.com\/wp-content\/uploads\/2023\/04\/State-of-the-art-verticaal2.jpg","type":"","width":"","height":""}],"twitter_card":"summary_large_image","twitter_misc":{"Dur\u00e9e de lecture estim\u00e9e":"1 minute"},"schema":{"@context":"https:\/\/schema.org","@graph":[{"@type":"WebPage","@id":"https:\/\/otcorganics.com\/fr\/notre-offre\/une-entrepot-biologique-de-pointe\/","url":"https:\/\/otcorganics.com\/fr\/notre-offre\/une-entrepot-biologique-de-pointe\/","name":"Une entrep\u00f4t biologique de pointe - OTC Organics","isPartOf":{"@id":"https:\/\/otcorganics.com\/fr\/#website"},"primaryImageOfPage":{"@id":"https:\/\/otcorganics.com\/fr\/notre-offre\/une-entrepot-biologique-de-pointe\/#primaryimage"},"image":{"@id":"https:\/\/otcorganics.com\/fr\/notre-offre\/une-entrepot-biologique-de-pointe\/#primaryimage"},"thumbnailUrl":"https:\/\/otcorganics.com\/wp-content\/uploads\/2023\/04\/State-of-the-art-verticaal2.jpg","datePublished":"2023-02-07T14:41:41+00:00","dateModified":"2023-05-25T08:58:11+00:00","breadcrumb":{"@id":"https:\/\/otcorganics.com\/fr\/notre-offre\/une-entrepot-biologique-de-pointe\/#breadcrumb"},"inLanguage":"fr-FR","potentialAction":[{"@type":"ReadAction","target":["https:\/\/otcorganics.com\/fr\/notre-offre\/une-entrepot-biologique-de-pointe\/"]}]},{"@type":"ImageObject","inLanguage":"fr-FR","@id":"https:\/\/otcorganics.com\/fr\/notre-offre\/une-entrepot-biologique-de-pointe\/#primaryimage","url":"https:\/\/otcorganics.com\/wp-content\/uploads\/2023\/04\/State-of-the-art-verticaal2.jpg","contentUrl":"https:\/\/otcorganics.com\/wp-content\/uploads\/2023\/04\/State-of-the-art-verticaal2.jpg"},{"@type":"BreadcrumbList","@id":"https:\/\/otcorganics.com\/fr\/notre-offre\/une-entrepot-biologique-de-pointe\/#breadcrumb","itemListElement":[{"@type":"ListItem","position":1,"name":"Home","item":"https:\/\/otcorganics.com\/fr\/"},{"@type":"ListItem","position":2,"name":"Offre","item":"https:\/\/otcorganics.com\/fr\/notre-offre\/"},{"@type":"ListItem","position":3,"name":"Une entrep\u00f4t biologique de pointe"}]},{"@type":"WebSite","@id":"https:\/\/otcorganics.com\/fr\/#website","url":"https:\/\/otcorganics.com\/fr\/","name":"OTC Organics","description":"","potentialAction":[{"@type":"SearchAction","target":{"@type":"EntryPoint","urlTemplate":"https:\/\/otcorganics.com\/fr\/?s={search_term_string}"},"query-input":{"@type":"PropertyValueSpecification","valueRequired":true,"valueName":"search_term_string"}}],"inLanguage":"fr-FR"}]}},"_links":{"self":[{"href":"https:\/\/otcorganics.com\/fr\/wp-json\/wp\/v2\/pages\/4070","targetHints":{"allow":["GET"]}}],"collection":[{"href":"https:\/\/otcorganics.com\/fr\/wp-json\/wp\/v2\/pages"}],"about":[{"href":"https:\/\/otcorganics.com\/fr\/wp-json\/wp\/v2\/types\/page"}],"author":[{"embeddable":true,"href":"https:\/\/otcorganics.com\/fr\/wp-json\/wp\/v2\/users\/1"}],"replies":[{"embeddable":true,"href":"https:\/\/otcorganics.com\/fr\/wp-json\/wp\/v2\/comments?post=4070"}],"version-history":[{"count":7,"href":"https:\/\/otcorganics.com\/fr\/wp-json\/wp\/v2\/pages\/4070\/revisions"}],"predecessor-version":[{"id":6243,"href":"https:\/\/otcorganics.com\/fr\/wp-json\/wp\/v2\/pages\/4070\/revisions\/6243"}],"up":[{"embeddable":true,"href":"https:\/\/otcorganics.com\/fr\/wp-json\/wp\/v2\/pages\/4062"}],"wp:attachment":[{"href":"https:\/\/otcorganics.com\/fr\/wp-json\/wp\/v2\/media?parent=4070"}],"curies":[{"name":"wp","href":"https:\/\/api.w.org\/{rel}","templated":true}]}}