{"id":4074,"date":"2023-02-07T14:50:39","date_gmt":"2023-02-07T14:50:39","guid":{"rendered":"https:\/\/otcorganics.com\/notre-offre\/emballage\/"},"modified":"2023-05-24T12:05:02","modified_gmt":"2023-05-24T12:05:02","slug":"emballage","status":"publish","type":"page","link":"https:\/\/otcorganics.com\/fr\/notre-offre\/emballage\/","title":{"rendered":"Emballage"},"content":{"rendered":"\t\t<div data-elementor-type=\"wp-page\" data-elementor-id=\"4074\" class=\"elementor elementor-4074 elementor-2029\" data-elementor-post-type=\"page\">\n\t\t\t\t\t\t<section class=\"elementor-section elementor-top-section elementor-element elementor-element-d5c2eec elementor-section-content-middle elementor-section-boxed elementor-section-height-default elementor-section-height-default\" data-id=\"d5c2eec\" data-element_type=\"section\">\n\t\t\t\t\t\t<div class=\"elementor-container elementor-column-gap-default\">\n\t\t\t\t\t<div class=\"elementor-column elementor-col-50 elementor-top-column elementor-element elementor-element-078a1cf\" data-id=\"078a1cf\" data-element_type=\"column\">\n\t\t\t<div class=\"elementor-widget-wrap elementor-element-populated\">\n\t\t\t\t\t\t<div class=\"elementor-element elementor-element-7b11eb6 elementor-widget elementor-widget-sosso-single-image\" data-id=\"7b11eb6\" data-element_type=\"widget\" data-widget_type=\"sosso-single-image.default\">\n\t\t\t\t<div class=\"elementor-widget-container\">\n\t\t\t\t\t<div class=\"klb-single-image about-info-thumb ml-30 mr-30\"><img decoding=\"async\" src=\"https:\/\/otcorganics.com\/wp-content\/uploads\/2023\/05\/Verpakkingen-laserbranding.jpg\" alt=\"about\"><\/div>\t\t\t\t<\/div>\n\t\t\t\t<\/div>\n\t\t\t\t\t<\/div>\n\t\t<\/div>\n\t\t\t\t<div class=\"elementor-column elementor-col-50 elementor-top-column elementor-element elementor-element-dc4b616\" data-id=\"dc4b616\" data-element_type=\"column\">\n\t\t\t<div class=\"elementor-widget-wrap elementor-element-populated\">\n\t\t\t\t\t\t<div class=\"elementor-element elementor-element-3bad455 elementor-widget elementor-widget-sosso-custom-title\" data-id=\"3bad455\" data-element_type=\"widget\" data-widget_type=\"sosso-custom-title.default\">\n\t\t\t\t<div class=\"elementor-widget-container\">\n\t\t\t\t\t<div class=\"klb-custom-title\"><span>Emballage<\/span><h3 class=\"title\">Des produits biologiques dans un conditionnement durable<\/h3><\/div>\t\t\t\t<\/div>\n\t\t\t\t<\/div>\n\t\t\t\t<div class=\"elementor-element elementor-element-1994d23 elementor-widget elementor-widget-text-editor\" data-id=\"1994d23\" data-element_type=\"widget\" data-widget_type=\"text-editor.default\">\n\t\t\t\t<div class=\"elementor-widget-container\">\n\t\t\t\t\t\t\t\t\t<p>Pratiques ou innovants, attrayants ou neutres\u00a0: nous vous proposons nos produits biologiques dans l\u2019emballage de votre choix. Que dites-vous, par exemple, des emballages biosourc\u00e9s ou biod\u00e9gradables\u00a0? Nous les d\u00e9veloppons nous-m\u00eames ou en collaboration avec vous. En effet, un beau produit bio m\u00e9rite un \u00e9crin tout aussi \u00e9cologique, selon nous.<\/p>\n\t\t\t\t\t\t\t\t<\/div>\n\t\t\t\t<\/div>\n\t\t\t\t\t<\/div>\n\t\t<\/div>\n\t\t\t\t\t<\/div>\n\t\t<\/section>\n\t\t\t\t<\/div>\n\t\t","protected":false},"excerpt":{"rendered":"<p>Emballage Des produits biologiques dans un conditionnement durable Pratiques ou innovants, attrayants ou neutres\u00a0: nous vous proposons nos produits biologiques dans l\u2019emballage de votre choix. Que dites-vous, par exemple, des emballages biosourc\u00e9s ou biod\u00e9gradables\u00a0? Nous les d\u00e9veloppons nous-m\u00eames ou en collaboration avec vous. En effet, un beau produit bio m\u00e9rite un \u00e9crin tout aussi \u00e9cologique,<\/p>\n<div class=\"read-more\"><a href=\"https:\/\/otcorganics.com\/fr\/notre-offre\/emballage\/\"><i class=\"fal fa-arrow-right\"><\/i>En savoir plus<\/a><\/div>\n","protected":false},"author":1,"featured_media":0,"parent":4062,"menu_order":0,"comment_status":"closed","ping_status":"closed","template":"","meta":{"_acf_changed":false,"footnotes":""},"class_list":["post-4074","page","type-page","status-publish","hentry"],"acf":[],"yoast_head":"<!-- This site is optimized with the Yoast SEO plugin v26.0 - https:\/\/yoast.com\/wordpress\/plugins\/seo\/ -->\n<title>Emballage - OTC Organics<\/title>\n<meta name=\"robots\" content=\"index, follow, max-snippet:-1, max-image-preview:large, max-video-preview:-1\" \/>\n<link rel=\"canonical\" href=\"https:\/\/otcorganics.com\/fr\/notre-offre\/emballage\/\" \/>\n<meta property=\"og:locale\" content=\"fr_FR\" \/>\n<meta property=\"og:type\" content=\"article\" \/>\n<meta property=\"og:title\" content=\"Emballage - OTC Organics\" \/>\n<meta property=\"og:description\" content=\"Emballage Des produits biologiques dans un conditionnement durable Pratiques ou innovants, attrayants ou neutres\u00a0: nous vous proposons nos produits biologiques dans l\u2019emballage de votre choix. Que dites-vous, par exemple, des emballages biosourc\u00e9s ou biod\u00e9gradables\u00a0? Nous les d\u00e9veloppons nous-m\u00eames ou en collaboration avec vous. En effet, un beau produit bio m\u00e9rite un \u00e9crin tout aussi \u00e9cologique,En savoir plus\" \/>\n<meta property=\"og:url\" content=\"https:\/\/otcorganics.com\/fr\/notre-offre\/emballage\/\" \/>\n<meta property=\"og:site_name\" content=\"OTC Organics\" \/>\n<meta property=\"article:modified_time\" content=\"2023-05-24T12:05:02+00:00\" \/>\n<meta property=\"og:image\" content=\"https:\/\/otcorganics.com\/wp-content\/uploads\/2023\/05\/Verpakkingen-laserbranding.jpg\" \/>\n<meta name=\"twitter:card\" content=\"summary_large_image\" \/>\n<!-- \/ Yoast SEO plugin. -->","yoast_head_json":{"title":"Emballage - OTC Organics","robots":{"index":"index","follow":"follow","max-snippet":"max-snippet:-1","max-image-preview":"max-image-preview:large","max-video-preview":"max-video-preview:-1"},"canonical":"https:\/\/otcorganics.com\/fr\/notre-offre\/emballage\/","og_locale":"fr_FR","og_type":"article","og_title":"Emballage - OTC Organics","og_description":"Emballage Des produits biologiques dans un conditionnement durable Pratiques ou innovants, attrayants ou neutres\u00a0: nous vous proposons nos produits biologiques dans l\u2019emballage de votre choix. Que dites-vous, par exemple, des emballages biosourc\u00e9s ou biod\u00e9gradables\u00a0? Nous les d\u00e9veloppons nous-m\u00eames ou en collaboration avec vous. En effet, un beau produit bio m\u00e9rite un \u00e9crin tout aussi \u00e9cologique,En savoir plus","og_url":"https:\/\/otcorganics.com\/fr\/notre-offre\/emballage\/","og_site_name":"OTC Organics","article_modified_time":"2023-05-24T12:05:02+00:00","og_image":[{"url":"https:\/\/otcorganics.com\/wp-content\/uploads\/2023\/05\/Verpakkingen-laserbranding.jpg","type":"","width":"","height":""}],"twitter_card":"summary_large_image","schema":{"@context":"https:\/\/schema.org","@graph":[{"@type":"WebPage","@id":"https:\/\/otcorganics.com\/fr\/notre-offre\/emballage\/","url":"https:\/\/otcorganics.com\/fr\/notre-offre\/emballage\/","name":"Emballage - OTC Organics","isPartOf":{"@id":"https:\/\/otcorganics.com\/fr\/#website"},"primaryImageOfPage":{"@id":"https:\/\/otcorganics.com\/fr\/notre-offre\/emballage\/#primaryimage"},"image":{"@id":"https:\/\/otcorganics.com\/fr\/notre-offre\/emballage\/#primaryimage"},"thumbnailUrl":"https:\/\/otcorganics.com\/wp-content\/uploads\/2023\/05\/Verpakkingen-laserbranding.jpg","datePublished":"2023-02-07T14:50:39+00:00","dateModified":"2023-05-24T12:05:02+00:00","breadcrumb":{"@id":"https:\/\/otcorganics.com\/fr\/notre-offre\/emballage\/#breadcrumb"},"inLanguage":"fr-FR","potentialAction":[{"@type":"ReadAction","target":["https:\/\/otcorganics.com\/fr\/notre-offre\/emballage\/"]}]},{"@type":"ImageObject","inLanguage":"fr-FR","@id":"https:\/\/otcorganics.com\/fr\/notre-offre\/emballage\/#primaryimage","url":"https:\/\/otcorganics.com\/wp-content\/uploads\/2023\/05\/Verpakkingen-laserbranding.jpg","contentUrl":"https:\/\/otcorganics.com\/wp-content\/uploads\/2023\/05\/Verpakkingen-laserbranding.jpg"},{"@type":"BreadcrumbList","@id":"https:\/\/otcorganics.com\/fr\/notre-offre\/emballage\/#breadcrumb","itemListElement":[{"@type":"ListItem","position":1,"name":"Home","item":"https:\/\/otcorganics.com\/fr\/"},{"@type":"ListItem","position":2,"name":"Offre","item":"https:\/\/otcorganics.com\/fr\/notre-offre\/"},{"@type":"ListItem","position":3,"name":"Emballage"}]},{"@type":"WebSite","@id":"https:\/\/otcorganics.com\/fr\/#website","url":"https:\/\/otcorganics.com\/fr\/","name":"OTC Organics","description":"","potentialAction":[{"@type":"SearchAction","target":{"@type":"EntryPoint","urlTemplate":"https:\/\/otcorganics.com\/fr\/?s={search_term_string}"},"query-input":{"@type":"PropertyValueSpecification","valueRequired":true,"valueName":"search_term_string"}}],"inLanguage":"fr-FR"}]}},"_links":{"self":[{"href":"https:\/\/otcorganics.com\/fr\/wp-json\/wp\/v2\/pages\/4074","targetHints":{"allow":["GET"]}}],"collection":[{"href":"https:\/\/otcorganics.com\/fr\/wp-json\/wp\/v2\/pages"}],"about":[{"href":"https:\/\/otcorganics.com\/fr\/wp-json\/wp\/v2\/types\/page"}],"author":[{"embeddable":true,"href":"https:\/\/otcorganics.com\/fr\/wp-json\/wp\/v2\/users\/1"}],"replies":[{"embeddable":true,"href":"https:\/\/otcorganics.com\/fr\/wp-json\/wp\/v2\/comments?post=4074"}],"version-history":[{"count":9,"href":"https:\/\/otcorganics.com\/fr\/wp-json\/wp\/v2\/pages\/4074\/revisions"}],"predecessor-version":[{"id":6210,"href":"https:\/\/otcorganics.com\/fr\/wp-json\/wp\/v2\/pages\/4074\/revisions\/6210"}],"up":[{"embeddable":true,"href":"https:\/\/otcorganics.com\/fr\/wp-json\/wp\/v2\/pages\/4062"}],"wp:attachment":[{"href":"https:\/\/otcorganics.com\/fr\/wp-json\/wp\/v2\/media?parent=4074"}],"curies":[{"name":"wp","href":"https:\/\/api.w.org\/{rel}","templated":true}]}}