{"id":4078,"date":"2023-02-07T12:17:29","date_gmt":"2023-02-07T12:17:29","guid":{"rendered":"https:\/\/otcorganics.com\/le-respect-du-cahier-de-charges-biologique\/"},"modified":"2023-06-19T14:18:25","modified_gmt":"2023-06-19T14:18:25","slug":"le-respect-du-cahier-de-charges-biologique","status":"publish","type":"page","link":"https:\/\/otcorganics.com\/fr\/le-respect-du-cahier-de-charges-biologique\/","title":{"rendered":"Le respect du Bio"},"content":{"rendered":"\t\t<div data-elementor-type=\"wp-page\" data-elementor-id=\"4078\" class=\"elementor elementor-4078 elementor-1901\" data-elementor-post-type=\"page\">\n\t\t\t\t\t\t<section class=\"elementor-section elementor-top-section elementor-element elementor-element-0aeb097 elementor-section-full_width elementor-section-height-default elementor-section-height-default\" data-id=\"0aeb097\" data-element_type=\"section\">\n\t\t\t\t\t\t<div class=\"elementor-container elementor-column-gap-no\">\n\t\t\t\t\t<div class=\"elementor-column elementor-col-100 elementor-top-column elementor-element elementor-element-e4578ae\" data-id=\"e4578ae\" data-element_type=\"column\">\n\t\t\t<div class=\"elementor-widget-wrap elementor-element-populated\">\n\t\t\t\t\t\t<div class=\"elementor-element elementor-element-9574ee2 elementor-widget elementor-widget-sosso-breadcrumb\" data-id=\"9574ee2\" data-element_type=\"widget\" data-widget_type=\"sosso-breadcrumb.default\">\n\t\t\t\t<div class=\"elementor-widget-container\">\n\t\t\t\t\t<section class=\"page-title-area bg_cover d-flex align-items-center\" style=\"background-image: url(https:\/\/otcorganics.com\/wp-content\/uploads\/2023\/04\/Header-bio-integriteit-scaled.jpg)\"><div class=\"container\"><div class=\"row\"><div class=\"col-lg-6\"><div class=\"page-title-content\"><h3 class=\"title\">Le respect du Bio<\/h3><nav aria-label=\"breadcrumb\"><nav aria-label=\"breadcrumb\"><ol class=\"breadcrumb\"><li class=\"breadcrumb-item\"><a  href=\"https:\/\/otcorganics.com\/fr\/\" title=\"Home\" rel=\"bookmark\">Home<\/a> <\/li>  <\/ol><\/nav><\/nav><\/div><\/div><\/div><\/div><\/section>\t\t\t\t<\/div>\n\t\t\t\t<\/div>\n\t\t\t\t\t<\/div>\n\t\t<\/div>\n\t\t\t\t\t<\/div>\n\t\t<\/section>\n\t\t\t\t<section class=\"elementor-section elementor-top-section elementor-element elementor-element-d5c2eec elementor-section-content-middle elementor-section-boxed elementor-section-height-default elementor-section-height-default\" data-id=\"d5c2eec\" data-element_type=\"section\">\n\t\t\t\t\t\t<div class=\"elementor-container elementor-column-gap-default\">\n\t\t\t\t\t<div class=\"elementor-column elementor-col-50 elementor-top-column elementor-element elementor-element-078a1cf\" data-id=\"078a1cf\" data-element_type=\"column\">\n\t\t\t<div class=\"elementor-widget-wrap elementor-element-populated\">\n\t\t\t\t\t\t<div class=\"elementor-element elementor-element-7b11eb6 elementor-widget elementor-widget-sosso-single-image\" data-id=\"7b11eb6\" data-element_type=\"widget\" data-widget_type=\"sosso-single-image.default\">\n\t\t\t\t<div class=\"elementor-widget-container\">\n\t\t\t\t\t<div class=\"klb-single-image about-info-thumb ml-30 mr-30\"><img decoding=\"async\" src=\"https:\/\/otcorganics.com\/wp-content\/uploads\/2023\/04\/Bio-integriteit-verticaal2.jpg\" alt=\"about\"><\/div>\t\t\t\t<\/div>\n\t\t\t\t<\/div>\n\t\t\t\t\t<\/div>\n\t\t<\/div>\n\t\t\t\t<div class=\"elementor-column elementor-col-50 elementor-top-column elementor-element elementor-element-dc4b616\" data-id=\"dc4b616\" data-element_type=\"column\">\n\t\t\t<div class=\"elementor-widget-wrap elementor-element-populated\">\n\t\t\t\t\t\t<div class=\"elementor-element elementor-element-3bad455 elementor-widget elementor-widget-sosso-custom-title\" data-id=\"3bad455\" data-element_type=\"widget\" data-widget_type=\"sosso-custom-title.default\">\n\t\t\t\t<div class=\"elementor-widget-container\">\n\t\t\t\t\t<div class=\"klb-custom-title\"><span>Le respect du Bio<\/span><h3 class=\"title\">100 pour cent biologique<\/h3><\/div>\t\t\t\t<\/div>\n\t\t\t\t<\/div>\n\t\t\t\t<div class=\"elementor-element elementor-element-1994d23 elementor-widget elementor-widget-text-editor\" data-id=\"1994d23\" data-element_type=\"widget\" data-widget_type=\"text-editor.default\">\n\t\t\t\t<div class=\"elementor-widget-container\">\n\t\t\t\t\t\t\t\t\t<p>Les d\u00e9taillants, et donc les consommateurs, doivent \u00eatre assur\u00e9s de plusieurs choses lorsqu\u2019ils ach\u00e8tent des fruits et l\u00e9gumes : les produits doivent \u00eatre s\u00fbrs ; de bonne qualit\u00e9 ; et s\u2019ils portent le label bio, ils doivent v\u00e9ritablement \u00eatre biologiques.<\/p>\n<p>&nbsp;<\/p>\n<h4>Nous entretenons d\u2019\u00e9troites relations de travail en investissant dans le contact humain<\/h4>\n<p>&nbsp;<\/p>\n<p>Nous veillons avant tout \u00e0 b\u00e2tir d\u2019\u00e9troites relations avec nos fournisseurs : nous les connaissons personnellement et nous leur rendons visite r\u00e9guli\u00e8rement. Nos proc\u00e9dures d\u2019assurance qualit\u00e9 vont des audits suppl\u00e9mentaires aux analyses en laboratoire, en passant par la v\u00e9rification des certificats. Nous savons ainsi exactement comme travaille chaque exploitation, ce qui est extr\u00eamement important. En effet, c\u2019est le seul moyen de surveiller, contr\u00f4ler et s\u2019assurer que les produits labellis\u00e9s biologiques sont vraiment biologiques.<\/p>\n\t\t\t\t\t\t\t\t<\/div>\n\t\t\t\t<\/div>\n\t\t\t\t\t<\/div>\n\t\t<\/div>\n\t\t\t\t\t<\/div>\n\t\t<\/section>\n\t\t\t\t<section class=\"elementor-section elementor-top-section elementor-element elementor-element-33f7274 elementor-section-boxed elementor-section-height-default elementor-section-height-default\" data-id=\"33f7274\" data-element_type=\"section\">\n\t\t\t\t\t\t<div class=\"elementor-container elementor-column-gap-default\">\n\t\t\t\t\t<div class=\"elementor-column elementor-col-50 elementor-top-column elementor-element elementor-element-db65bc2\" data-id=\"db65bc2\" data-element_type=\"column\">\n\t\t\t<div class=\"elementor-widget-wrap elementor-element-populated\">\n\t\t\t\t\t\t<div class=\"elementor-element elementor-element-7e129a8 elementor-widget elementor-widget-heading\" data-id=\"7e129a8\" data-element_type=\"widget\" data-widget_type=\"heading.default\">\n\t\t\t\t<div class=\"elementor-widget-container\">\n\t\t\t\t\t<h2 class=\"elementor-heading-title elementor-size-default\">Retracer l\u2019origine de chaque raisin<\/h2>\t\t\t\t<\/div>\n\t\t\t\t<\/div>\n\t\t\t\t\t<\/div>\n\t\t<\/div>\n\t\t\t\t<div class=\"elementor-column elementor-col-50 elementor-top-column elementor-element elementor-element-89f2067\" data-id=\"89f2067\" data-element_type=\"column\">\n\t\t\t<div class=\"elementor-widget-wrap elementor-element-populated\">\n\t\t\t\t\t\t<div class=\"elementor-element elementor-element-a888b83 elementor-widget elementor-widget-text-editor\" data-id=\"a888b83\" data-element_type=\"widget\" data-widget_type=\"text-editor.default\">\n\t\t\t\t<div class=\"elementor-widget-container\">\n\t\t\t\t\t\t\t\t\t<p>Nous sommes certains que nos produits bio sont v\u00e9ritablement bio car nous pouvons toujours retracer l\u2019origine de nos produits biologiques. Raison, orange, avocat ou curcuma\u00a0: nous connaissons nos fournisseurs, la date de r\u00e9colte des produits et m\u00eame la parcelle o\u00f9 ils ont pouss\u00e9. Nous pouvons donc toujours v\u00e9rifier ce qu\u2019ils contiennent, d\u2019o\u00f9 ils viennent et comment ils ont \u00e9t\u00e9 cultiv\u00e9s.<\/p>\n\t\t\t\t\t\t\t\t<\/div>\n\t\t\t\t<\/div>\n\t\t\t\t\t<\/div>\n\t\t<\/div>\n\t\t\t\t\t<\/div>\n\t\t<\/section>\n\t\t\t\t<\/div>\n\t\t","protected":false},"excerpt":{"rendered":"<p>Le respect du Bio Home Le respect du Bio 100 pour cent biologique Les d\u00e9taillants, et donc les consommateurs, doivent \u00eatre assur\u00e9s de plusieurs choses lorsqu\u2019ils ach\u00e8tent des fruits et l\u00e9gumes : les produits doivent \u00eatre s\u00fbrs ; de bonne qualit\u00e9 ; et s\u2019ils portent le label bio, ils doivent v\u00e9ritablement \u00eatre biologiques. &nbsp; Nous<\/p>\n<div class=\"read-more\"><a href=\"https:\/\/otcorganics.com\/fr\/le-respect-du-cahier-de-charges-biologique\/\"><i class=\"fal fa-arrow-right\"><\/i>En savoir plus<\/a><\/div>\n","protected":false},"author":1,"featured_media":0,"parent":0,"menu_order":0,"comment_status":"closed","ping_status":"closed","template":"","meta":{"_acf_changed":false,"footnotes":""},"class_list":["post-4078","page","type-page","status-publish","hentry"],"acf":[],"yoast_head":"<!-- This site is optimized with the Yoast SEO plugin v26.0 - https:\/\/yoast.com\/wordpress\/plugins\/seo\/ -->\n<title>Le respect du Bio - OTC Organics<\/title>\n<meta name=\"robots\" content=\"index, follow, max-snippet:-1, max-image-preview:large, max-video-preview:-1\" \/>\n<link rel=\"canonical\" href=\"https:\/\/otcorganics.com\/fr\/le-respect-du-cahier-de-charges-biologique\/\" \/>\n<meta property=\"og:locale\" content=\"fr_FR\" \/>\n<meta property=\"og:type\" content=\"article\" \/>\n<meta property=\"og:title\" content=\"Le respect du Bio - OTC Organics\" \/>\n<meta property=\"og:description\" content=\"Le respect du Bio Home Le respect du Bio 100 pour cent biologique Les d\u00e9taillants, et donc les consommateurs, doivent \u00eatre assur\u00e9s de plusieurs choses lorsqu\u2019ils ach\u00e8tent des fruits et l\u00e9gumes : les produits doivent \u00eatre s\u00fbrs ; de bonne qualit\u00e9 ; et s\u2019ils portent le label bio, ils doivent v\u00e9ritablement \u00eatre biologiques. &nbsp; NousEn savoir plus\" \/>\n<meta property=\"og:url\" content=\"https:\/\/otcorganics.com\/fr\/le-respect-du-cahier-de-charges-biologique\/\" \/>\n<meta property=\"og:site_name\" content=\"OTC Organics\" \/>\n<meta property=\"article:modified_time\" content=\"2023-06-19T14:18:25+00:00\" \/>\n<meta property=\"og:image\" content=\"https:\/\/otcorganics.com\/wp-content\/uploads\/2023\/04\/Bio-integriteit-verticaal2.jpg\" \/>\n<meta name=\"twitter:card\" content=\"summary_large_image\" \/>\n<meta name=\"twitter:label1\" content=\"Dur\u00e9e de lecture estim\u00e9e\" \/>\n\t<meta name=\"twitter:data1\" content=\"1 minute\" \/>\n<!-- \/ Yoast SEO plugin. -->","yoast_head_json":{"title":"Le respect du Bio - OTC Organics","robots":{"index":"index","follow":"follow","max-snippet":"max-snippet:-1","max-image-preview":"max-image-preview:large","max-video-preview":"max-video-preview:-1"},"canonical":"https:\/\/otcorganics.com\/fr\/le-respect-du-cahier-de-charges-biologique\/","og_locale":"fr_FR","og_type":"article","og_title":"Le respect du Bio - OTC Organics","og_description":"Le respect du Bio Home Le respect du Bio 100 pour cent biologique Les d\u00e9taillants, et donc les consommateurs, doivent \u00eatre assur\u00e9s de plusieurs choses lorsqu\u2019ils ach\u00e8tent des fruits et l\u00e9gumes : les produits doivent \u00eatre s\u00fbrs ; de bonne qualit\u00e9 ; et s\u2019ils portent le label bio, ils doivent v\u00e9ritablement \u00eatre biologiques. &nbsp; NousEn savoir plus","og_url":"https:\/\/otcorganics.com\/fr\/le-respect-du-cahier-de-charges-biologique\/","og_site_name":"OTC Organics","article_modified_time":"2023-06-19T14:18:25+00:00","og_image":[{"url":"https:\/\/otcorganics.com\/wp-content\/uploads\/2023\/04\/Bio-integriteit-verticaal2.jpg","type":"","width":"","height":""}],"twitter_card":"summary_large_image","twitter_misc":{"Dur\u00e9e de lecture estim\u00e9e":"1 minute"},"schema":{"@context":"https:\/\/schema.org","@graph":[{"@type":"WebPage","@id":"https:\/\/otcorganics.com\/fr\/le-respect-du-cahier-de-charges-biologique\/","url":"https:\/\/otcorganics.com\/fr\/le-respect-du-cahier-de-charges-biologique\/","name":"Le respect du Bio - OTC Organics","isPartOf":{"@id":"https:\/\/otcorganics.com\/fr\/#website"},"primaryImageOfPage":{"@id":"https:\/\/otcorganics.com\/fr\/le-respect-du-cahier-de-charges-biologique\/#primaryimage"},"image":{"@id":"https:\/\/otcorganics.com\/fr\/le-respect-du-cahier-de-charges-biologique\/#primaryimage"},"thumbnailUrl":"https:\/\/otcorganics.com\/wp-content\/uploads\/2023\/04\/Bio-integriteit-verticaal2.jpg","datePublished":"2023-02-07T12:17:29+00:00","dateModified":"2023-06-19T14:18:25+00:00","breadcrumb":{"@id":"https:\/\/otcorganics.com\/fr\/le-respect-du-cahier-de-charges-biologique\/#breadcrumb"},"inLanguage":"fr-FR","potentialAction":[{"@type":"ReadAction","target":["https:\/\/otcorganics.com\/fr\/le-respect-du-cahier-de-charges-biologique\/"]}]},{"@type":"ImageObject","inLanguage":"fr-FR","@id":"https:\/\/otcorganics.com\/fr\/le-respect-du-cahier-de-charges-biologique\/#primaryimage","url":"https:\/\/otcorganics.com\/wp-content\/uploads\/2023\/04\/Bio-integriteit-verticaal2.jpg","contentUrl":"https:\/\/otcorganics.com\/wp-content\/uploads\/2023\/04\/Bio-integriteit-verticaal2.jpg"},{"@type":"BreadcrumbList","@id":"https:\/\/otcorganics.com\/fr\/le-respect-du-cahier-de-charges-biologique\/#breadcrumb","itemListElement":[{"@type":"ListItem","position":1,"name":"Home","item":"https:\/\/otcorganics.com\/fr\/"},{"@type":"ListItem","position":2,"name":"Le respect du Bio"}]},{"@type":"WebSite","@id":"https:\/\/otcorganics.com\/fr\/#website","url":"https:\/\/otcorganics.com\/fr\/","name":"OTC Organics","description":"","potentialAction":[{"@type":"SearchAction","target":{"@type":"EntryPoint","urlTemplate":"https:\/\/otcorganics.com\/fr\/?s={search_term_string}"},"query-input":{"@type":"PropertyValueSpecification","valueRequired":true,"valueName":"search_term_string"}}],"inLanguage":"fr-FR"}]}},"_links":{"self":[{"href":"https:\/\/otcorganics.com\/fr\/wp-json\/wp\/v2\/pages\/4078","targetHints":{"allow":["GET"]}}],"collection":[{"href":"https:\/\/otcorganics.com\/fr\/wp-json\/wp\/v2\/pages"}],"about":[{"href":"https:\/\/otcorganics.com\/fr\/wp-json\/wp\/v2\/types\/page"}],"author":[{"embeddable":true,"href":"https:\/\/otcorganics.com\/fr\/wp-json\/wp\/v2\/users\/1"}],"replies":[{"embeddable":true,"href":"https:\/\/otcorganics.com\/fr\/wp-json\/wp\/v2\/comments?post=4078"}],"version-history":[{"count":32,"href":"https:\/\/otcorganics.com\/fr\/wp-json\/wp\/v2\/pages\/4078\/revisions"}],"predecessor-version":[{"id":6388,"href":"https:\/\/otcorganics.com\/fr\/wp-json\/wp\/v2\/pages\/4078\/revisions\/6388"}],"wp:attachment":[{"href":"https:\/\/otcorganics.com\/fr\/wp-json\/wp\/v2\/media?parent=4078"}],"curies":[{"name":"wp","href":"https:\/\/api.w.org\/{rel}","templated":true}]}}