{"id":4086,"date":"2023-02-07T12:45:41","date_gmt":"2023-02-07T12:45:41","guid":{"rendered":"https:\/\/otcorganics.com\/le-respect-du-cahier-de-charges-biologique\/qualite-et-tracabilite\/"},"modified":"2023-06-19T14:52:04","modified_gmt":"2023-06-19T14:52:04","slug":"qualite-et-tracabilite","status":"publish","type":"page","link":"https:\/\/otcorganics.com\/fr\/le-respect-du-cahier-de-charges-biologique\/qualite-et-tracabilite\/","title":{"rendered":"Qualit\u00e9 et tra\u00e7abilit\u00e9"},"content":{"rendered":"\t\t<div data-elementor-type=\"wp-page\" data-elementor-id=\"4086\" class=\"elementor elementor-4086 elementor-1911\" data-elementor-post-type=\"page\">\n\t\t\t\t\t\t<section class=\"elementor-section elementor-top-section elementor-element elementor-element-0aeb097 elementor-section-full_width elementor-section-height-default elementor-section-height-default\" data-id=\"0aeb097\" data-element_type=\"section\">\n\t\t\t\t\t\t<div class=\"elementor-container elementor-column-gap-no\">\n\t\t\t\t\t<div class=\"elementor-column elementor-col-100 elementor-top-column elementor-element elementor-element-e4578ae\" data-id=\"e4578ae\" data-element_type=\"column\">\n\t\t\t<div class=\"elementor-widget-wrap elementor-element-populated\">\n\t\t\t\t\t\t<div class=\"elementor-element elementor-element-9574ee2 elementor-widget elementor-widget-sosso-breadcrumb\" data-id=\"9574ee2\" data-element_type=\"widget\" data-widget_type=\"sosso-breadcrumb.default\">\n\t\t\t\t<div class=\"elementor-widget-container\">\n\t\t\t\t\t<section class=\"page-title-area bg_cover d-flex align-items-center\" style=\"background-image: url(https:\/\/otcorganics.com\/wp-content\/uploads\/2023\/04\/Kwaliteit-en-traceerbaarheid-header.jpg)\"><div class=\"container\"><div class=\"row\"><div class=\"col-lg-6\"><div class=\"page-title-content\"><h3 class=\"title\">Qualit\u00e9 et tra\u00e7abilit\u00e9<\/h3><nav aria-label=\"breadcrumb\"><nav aria-label=\"breadcrumb\"><ol class=\"breadcrumb\"><li class=\"breadcrumb-item\"><a  href=\"https:\/\/otcorganics.com\/fr\/\" title=\"Home\" rel=\"bookmark\">Home<\/a> <\/li>  <\/ol><\/nav><\/nav><\/div><\/div><\/div><\/div><\/section>\t\t\t\t<\/div>\n\t\t\t\t<\/div>\n\t\t\t\t\t<\/div>\n\t\t<\/div>\n\t\t\t\t\t<\/div>\n\t\t<\/section>\n\t\t\t\t<section class=\"elementor-section elementor-top-section elementor-element elementor-element-d5c2eec elementor-section-content-middle elementor-section-boxed elementor-section-height-default elementor-section-height-default\" data-id=\"d5c2eec\" data-element_type=\"section\">\n\t\t\t\t\t\t<div class=\"elementor-container elementor-column-gap-default\">\n\t\t\t\t\t<div class=\"elementor-column elementor-col-50 elementor-top-column elementor-element elementor-element-078a1cf\" data-id=\"078a1cf\" data-element_type=\"column\">\n\t\t\t<div class=\"elementor-widget-wrap elementor-element-populated\">\n\t\t\t\t\t\t<div class=\"elementor-element elementor-element-7b11eb6 elementor-widget elementor-widget-sosso-single-image\" data-id=\"7b11eb6\" data-element_type=\"widget\" data-widget_type=\"sosso-single-image.default\">\n\t\t\t\t<div class=\"elementor-widget-container\">\n\t\t\t\t\t<div class=\"klb-single-image about-info-thumb ml-30 mr-30\"><img decoding=\"async\" src=\"https:\/\/otcorganics.com\/wp-content\/uploads\/2023\/04\/Kwaliteit-en-traceerbaarheid-verticaal1.jpg\" alt=\"about\"><\/div>\t\t\t\t<\/div>\n\t\t\t\t<\/div>\n\t\t\t\t\t<\/div>\n\t\t<\/div>\n\t\t\t\t<div class=\"elementor-column elementor-col-50 elementor-top-column elementor-element elementor-element-dc4b616\" data-id=\"dc4b616\" data-element_type=\"column\">\n\t\t\t<div class=\"elementor-widget-wrap elementor-element-populated\">\n\t\t\t\t\t\t<div class=\"elementor-element elementor-element-3bad455 elementor-widget elementor-widget-sosso-custom-title\" data-id=\"3bad455\" data-element_type=\"widget\" data-widget_type=\"sosso-custom-title.default\">\n\t\t\t\t<div class=\"elementor-widget-container\">\n\t\t\t\t\t<div class=\"klb-custom-title\"><span>Qualit\u00e9 et tra\u00e7abilit\u00e9<\/span><h3 class=\"title\">Nos produits peuvent syst\u00e9matiquement \u00eatre retrac\u00e9s \u00e0 leur origine, ce qui rassure les d\u00e9taillants et permet aux fournisseurs de travailler dans les meilleures conditions<\/h3><\/div>\t\t\t\t<\/div>\n\t\t\t\t<\/div>\n\t\t\t\t<div class=\"elementor-element elementor-element-1994d23 elementor-widget elementor-widget-text-editor\" data-id=\"1994d23\" data-element_type=\"widget\" data-widget_type=\"text-editor.default\">\n\t\t\t\t<div class=\"elementor-widget-container\">\n\t\t\t\t\t\t\t\t\t<p>Les d\u00e9taillants ont en effet besoin de cette garantie, car les fruits et l\u00e9gumes biologiques doivent r\u00e9pondre \u00e0 de nombreux crit\u00e8res. Nos produits \u00e9tant parfaitement tra\u00e7ables, nous pouvons r\u00e9agir rapidement et de mani\u00e8re adapt\u00e9e en cas de probl\u00e8mes de qualit\u00e9, le cas \u00e9ch\u00e9ant. Cela pr\u00e9sente des avantages non seulement pour le d\u00e9taillant, mais aussi pour le fournisseur. En assurant la tra\u00e7abilit\u00e9 des produits \u00e0 toutes les \u00e9tapes de la cha\u00eene, nous sommes en mesure d\u2019identifier rapidement et facilement la cause de tout incident, et d\u2019y rem\u00e9dier. Le respect du cahier de charges biologique est notre priorit\u00e9\u00a0!<\/p>\n\t\t\t\t\t\t\t\t<\/div>\n\t\t\t\t<\/div>\n\t\t\t\t\t<\/div>\n\t\t<\/div>\n\t\t\t\t\t<\/div>\n\t\t<\/section>\n\t\t\t\t<section class=\"elementor-section elementor-top-section elementor-element elementor-element-33f7274 elementor-section-boxed elementor-section-height-default elementor-section-height-default\" data-id=\"33f7274\" data-element_type=\"section\">\n\t\t\t\t\t\t<div class=\"elementor-container elementor-column-gap-default\">\n\t\t\t\t\t<div class=\"elementor-column elementor-col-50 elementor-top-column elementor-element elementor-element-db65bc2\" data-id=\"db65bc2\" data-element_type=\"column\">\n\t\t\t<div class=\"elementor-widget-wrap elementor-element-populated\">\n\t\t\t\t\t\t<div class=\"elementor-element elementor-element-7e129a8 elementor-widget elementor-widget-heading\" data-id=\"7e129a8\" data-element_type=\"widget\" data-widget_type=\"heading.default\">\n\t\t\t\t<div class=\"elementor-widget-container\">\n\t\t\t\t\t<h2 class=\"elementor-heading-title elementor-size-default\">Le contr\u00f4le am\u00e8ne la confiance<\/h2>\t\t\t\t<\/div>\n\t\t\t\t<\/div>\n\t\t\t\t\t<\/div>\n\t\t<\/div>\n\t\t\t\t<div class=\"elementor-column elementor-col-50 elementor-top-column elementor-element elementor-element-89f2067\" data-id=\"89f2067\" data-element_type=\"column\">\n\t\t\t<div class=\"elementor-widget-wrap elementor-element-populated\">\n\t\t\t\t\t\t<div class=\"elementor-element elementor-element-a888b83 elementor-widget elementor-widget-text-editor\" data-id=\"a888b83\" data-element_type=\"widget\" data-widget_type=\"text-editor.default\">\n\t\t\t\t<div class=\"elementor-widget-container\">\n\t\t\t\t\t\t\t\t\t<p>Outre un r\u00e9seau \u00e9troit et fiable, nos certificats nous aident \u00e0 garantir le respect du cahier de charges biologique et la s\u00e9curit\u00e9 alimentaire de nos produits. Nous sommes couverts par un large \u00e9ventail de labels de qualit\u00e9 permettant de desservir les d\u00e9taillants europ\u00e9ens : de Krav \u00e0 Fair Trade, en passant par Global G.A.P. ou Demeter.<\/p>\n\t\t\t\t\t\t\t\t<\/div>\n\t\t\t\t<\/div>\n\t\t\t\t\t<\/div>\n\t\t<\/div>\n\t\t\t\t\t<\/div>\n\t\t<\/section>\n\t\t\t\t<section class=\"elementor-section elementor-top-section elementor-element elementor-element-01ea138 elementor-section-boxed elementor-section-height-default elementor-section-height-default\" data-id=\"01ea138\" data-element_type=\"section\">\n\t\t\t\t\t\t<div class=\"elementor-container elementor-column-gap-default\">\n\t\t\t\t\t<div class=\"elementor-column elementor-col-50 elementor-top-column elementor-element elementor-element-b118196\" data-id=\"b118196\" data-element_type=\"column\">\n\t\t\t<div class=\"elementor-widget-wrap elementor-element-populated\">\n\t\t\t\t\t\t<div class=\"elementor-element elementor-element-ca51caf elementor-widget elementor-widget-heading\" data-id=\"ca51caf\" data-element_type=\"widget\" data-widget_type=\"heading.default\">\n\t\t\t\t<div class=\"elementor-widget-container\">\n\t\t\t\t\t<h2 class=\"elementor-heading-title elementor-size-default\">Valid\u00e9, revalid\u00e9 et encore valid\u00e9\u00a0!<\/h2>\t\t\t\t<\/div>\n\t\t\t\t<\/div>\n\t\t\t\t\t<\/div>\n\t\t<\/div>\n\t\t\t\t<div class=\"elementor-column elementor-col-50 elementor-top-column elementor-element elementor-element-95fa37d\" data-id=\"95fa37d\" data-element_type=\"column\">\n\t\t\t<div class=\"elementor-widget-wrap elementor-element-populated\">\n\t\t\t\t\t\t<div class=\"elementor-element elementor-element-9376a39 elementor-widget elementor-widget-text-editor\" data-id=\"9376a39\" data-element_type=\"widget\" data-widget_type=\"text-editor.default\">\n\t\t\t\t<div class=\"elementor-widget-container\">\n\t\t\t\t\t\t\t\t\t<p>Les organisations \u00e0 l\u2019origine de ces labels effectuent des contr\u00f4les de qualit\u00e9 al\u00e9atoires sur nos produits, mais nous sommes nous-m\u00eames garants d\u2019un contr\u00f4le approfondi de la qualit\u00e9 et du e respect du cahier de charges biologique. Pas un seul lot ou conteneur ne quitte notre entrep\u00f4t de Poeldijk sans avoir \u00e9t\u00e9 v\u00e9rifi\u00e9 deux fois : \u00e0 l\u2019entr\u00e9e comme \u00e0 la sortie.<\/p>\n\t\t\t\t\t\t\t\t<\/div>\n\t\t\t\t<\/div>\n\t\t\t\t\t<\/div>\n\t\t<\/div>\n\t\t\t\t\t<\/div>\n\t\t<\/section>\n\t\t\t\t<\/div>\n\t\t","protected":false},"excerpt":{"rendered":"<p>Qualit\u00e9 et tra\u00e7abilit\u00e9 Home Qualit\u00e9 et tra\u00e7abilit\u00e9 Nos produits peuvent syst\u00e9matiquement \u00eatre retrac\u00e9s \u00e0 leur origine, ce qui rassure les d\u00e9taillants et permet aux fournisseurs de travailler dans les meilleures conditions Les d\u00e9taillants ont en effet besoin de cette garantie, car les fruits et l\u00e9gumes biologiques doivent r\u00e9pondre \u00e0 de nombreux crit\u00e8res. Nos produits \u00e9tant<\/p>\n<div class=\"read-more\"><a href=\"https:\/\/otcorganics.com\/fr\/le-respect-du-cahier-de-charges-biologique\/qualite-et-tracabilite\/\"><i class=\"fal fa-arrow-right\"><\/i>En savoir plus<\/a><\/div>\n","protected":false},"author":1,"featured_media":0,"parent":4078,"menu_order":0,"comment_status":"closed","ping_status":"closed","template":"","meta":{"_acf_changed":false,"footnotes":""},"class_list":["post-4086","page","type-page","status-publish","hentry"],"acf":[],"yoast_head":"<!-- This site is optimized with the Yoast SEO plugin v26.0 - https:\/\/yoast.com\/wordpress\/plugins\/seo\/ -->\n<title>Qualit\u00e9 et tra\u00e7abilit\u00e9 - OTC Organics<\/title>\n<meta name=\"robots\" content=\"index, follow, max-snippet:-1, max-image-preview:large, max-video-preview:-1\" \/>\n<link rel=\"canonical\" href=\"https:\/\/otcorganics.com\/fr\/le-respect-du-cahier-de-charges-biologique\/qualite-et-tracabilite\/\" \/>\n<meta property=\"og:locale\" content=\"fr_FR\" \/>\n<meta property=\"og:type\" content=\"article\" \/>\n<meta property=\"og:title\" content=\"Qualit\u00e9 et tra\u00e7abilit\u00e9 - OTC Organics\" \/>\n<meta property=\"og:description\" content=\"Qualit\u00e9 et tra\u00e7abilit\u00e9 Home Qualit\u00e9 et tra\u00e7abilit\u00e9 Nos produits peuvent syst\u00e9matiquement \u00eatre retrac\u00e9s \u00e0 leur origine, ce qui rassure les d\u00e9taillants et permet aux fournisseurs de travailler dans les meilleures conditions Les d\u00e9taillants ont en effet besoin de cette garantie, car les fruits et l\u00e9gumes biologiques doivent r\u00e9pondre \u00e0 de nombreux crit\u00e8res. Nos produits \u00e9tantEn savoir plus\" \/>\n<meta property=\"og:url\" content=\"https:\/\/otcorganics.com\/fr\/le-respect-du-cahier-de-charges-biologique\/qualite-et-tracabilite\/\" \/>\n<meta property=\"og:site_name\" content=\"OTC Organics\" \/>\n<meta property=\"article:modified_time\" content=\"2023-06-19T14:52:04+00:00\" \/>\n<meta property=\"og:image\" content=\"https:\/\/otcorganics.com\/wp-content\/uploads\/2023\/04\/Kwaliteit-en-traceerbaarheid-verticaal1.jpg\" \/>\n<meta name=\"twitter:card\" content=\"summary_large_image\" \/>\n<meta name=\"twitter:label1\" content=\"Dur\u00e9e de lecture estim\u00e9e\" \/>\n\t<meta name=\"twitter:data1\" content=\"1 minute\" \/>\n<!-- \/ Yoast SEO plugin. -->","yoast_head_json":{"title":"Qualit\u00e9 et tra\u00e7abilit\u00e9 - OTC Organics","robots":{"index":"index","follow":"follow","max-snippet":"max-snippet:-1","max-image-preview":"max-image-preview:large","max-video-preview":"max-video-preview:-1"},"canonical":"https:\/\/otcorganics.com\/fr\/le-respect-du-cahier-de-charges-biologique\/qualite-et-tracabilite\/","og_locale":"fr_FR","og_type":"article","og_title":"Qualit\u00e9 et tra\u00e7abilit\u00e9 - OTC Organics","og_description":"Qualit\u00e9 et tra\u00e7abilit\u00e9 Home Qualit\u00e9 et tra\u00e7abilit\u00e9 Nos produits peuvent syst\u00e9matiquement \u00eatre retrac\u00e9s \u00e0 leur origine, ce qui rassure les d\u00e9taillants et permet aux fournisseurs de travailler dans les meilleures conditions Les d\u00e9taillants ont en effet besoin de cette garantie, car les fruits et l\u00e9gumes biologiques doivent r\u00e9pondre \u00e0 de nombreux crit\u00e8res. Nos produits \u00e9tantEn savoir plus","og_url":"https:\/\/otcorganics.com\/fr\/le-respect-du-cahier-de-charges-biologique\/qualite-et-tracabilite\/","og_site_name":"OTC Organics","article_modified_time":"2023-06-19T14:52:04+00:00","og_image":[{"url":"https:\/\/otcorganics.com\/wp-content\/uploads\/2023\/04\/Kwaliteit-en-traceerbaarheid-verticaal1.jpg","type":"","width":"","height":""}],"twitter_card":"summary_large_image","twitter_misc":{"Dur\u00e9e de lecture estim\u00e9e":"1 minute"},"schema":{"@context":"https:\/\/schema.org","@graph":[{"@type":"WebPage","@id":"https:\/\/otcorganics.com\/fr\/le-respect-du-cahier-de-charges-biologique\/qualite-et-tracabilite\/","url":"https:\/\/otcorganics.com\/fr\/le-respect-du-cahier-de-charges-biologique\/qualite-et-tracabilite\/","name":"Qualit\u00e9 et tra\u00e7abilit\u00e9 - OTC Organics","isPartOf":{"@id":"https:\/\/otcorganics.com\/fr\/#website"},"primaryImageOfPage":{"@id":"https:\/\/otcorganics.com\/fr\/le-respect-du-cahier-de-charges-biologique\/qualite-et-tracabilite\/#primaryimage"},"image":{"@id":"https:\/\/otcorganics.com\/fr\/le-respect-du-cahier-de-charges-biologique\/qualite-et-tracabilite\/#primaryimage"},"thumbnailUrl":"https:\/\/otcorganics.com\/wp-content\/uploads\/2023\/04\/Kwaliteit-en-traceerbaarheid-verticaal1.jpg","datePublished":"2023-02-07T12:45:41+00:00","dateModified":"2023-06-19T14:52:04+00:00","breadcrumb":{"@id":"https:\/\/otcorganics.com\/fr\/le-respect-du-cahier-de-charges-biologique\/qualite-et-tracabilite\/#breadcrumb"},"inLanguage":"fr-FR","potentialAction":[{"@type":"ReadAction","target":["https:\/\/otcorganics.com\/fr\/le-respect-du-cahier-de-charges-biologique\/qualite-et-tracabilite\/"]}]},{"@type":"ImageObject","inLanguage":"fr-FR","@id":"https:\/\/otcorganics.com\/fr\/le-respect-du-cahier-de-charges-biologique\/qualite-et-tracabilite\/#primaryimage","url":"https:\/\/otcorganics.com\/wp-content\/uploads\/2023\/04\/Kwaliteit-en-traceerbaarheid-verticaal1.jpg","contentUrl":"https:\/\/otcorganics.com\/wp-content\/uploads\/2023\/04\/Kwaliteit-en-traceerbaarheid-verticaal1.jpg"},{"@type":"BreadcrumbList","@id":"https:\/\/otcorganics.com\/fr\/le-respect-du-cahier-de-charges-biologique\/qualite-et-tracabilite\/#breadcrumb","itemListElement":[{"@type":"ListItem","position":1,"name":"Home","item":"https:\/\/otcorganics.com\/fr\/"},{"@type":"ListItem","position":2,"name":"Le respect du Bio","item":"https:\/\/otcorganics.com\/fr\/bio-integriteit\/"},{"@type":"ListItem","position":3,"name":"Qualit\u00e9 et tra\u00e7abilit\u00e9"}]},{"@type":"WebSite","@id":"https:\/\/otcorganics.com\/fr\/#website","url":"https:\/\/otcorganics.com\/fr\/","name":"OTC Organics","description":"","potentialAction":[{"@type":"SearchAction","target":{"@type":"EntryPoint","urlTemplate":"https:\/\/otcorganics.com\/fr\/?s={search_term_string}"},"query-input":{"@type":"PropertyValueSpecification","valueRequired":true,"valueName":"search_term_string"}}],"inLanguage":"fr-FR"}]}},"_links":{"self":[{"href":"https:\/\/otcorganics.com\/fr\/wp-json\/wp\/v2\/pages\/4086","targetHints":{"allow":["GET"]}}],"collection":[{"href":"https:\/\/otcorganics.com\/fr\/wp-json\/wp\/v2\/pages"}],"about":[{"href":"https:\/\/otcorganics.com\/fr\/wp-json\/wp\/v2\/types\/page"}],"author":[{"embeddable":true,"href":"https:\/\/otcorganics.com\/fr\/wp-json\/wp\/v2\/users\/1"}],"replies":[{"embeddable":true,"href":"https:\/\/otcorganics.com\/fr\/wp-json\/wp\/v2\/comments?post=4086"}],"version-history":[{"count":13,"href":"https:\/\/otcorganics.com\/fr\/wp-json\/wp\/v2\/pages\/4086\/revisions"}],"predecessor-version":[{"id":6421,"href":"https:\/\/otcorganics.com\/fr\/wp-json\/wp\/v2\/pages\/4086\/revisions\/6421"}],"up":[{"embeddable":true,"href":"https:\/\/otcorganics.com\/fr\/wp-json\/wp\/v2\/pages\/4078"}],"wp:attachment":[{"href":"https:\/\/otcorganics.com\/fr\/wp-json\/wp\/v2\/media?parent=4086"}],"curies":[{"name":"wp","href":"https:\/\/api.w.org\/{rel}","templated":true}]}}