{"id":4092,"date":"2023-02-14T09:26:56","date_gmt":"2023-02-14T09:26:56","guid":{"rendered":"https:\/\/otcorganics.com\/developpement-durable\/"},"modified":"2023-05-16T13:51:23","modified_gmt":"2023-05-16T13:51:23","slug":"developpement-durable","status":"publish","type":"page","link":"https:\/\/otcorganics.com\/fr\/qui-sommes-nous\/developpement-durable\/","title":{"rendered":"D\u00e9veloppement durable"},"content":{"rendered":"\t\t<div data-elementor-type=\"wp-page\" data-elementor-id=\"4092\" class=\"elementor elementor-4092 elementor-2543\" data-elementor-post-type=\"page\">\n\t\t\t\t\t\t<section class=\"elementor-section elementor-top-section elementor-element elementor-element-0aeb097 elementor-section-full_width elementor-section-height-default elementor-section-height-default\" data-id=\"0aeb097\" data-element_type=\"section\">\n\t\t\t\t\t\t<div class=\"elementor-container elementor-column-gap-no\">\n\t\t\t\t\t<div class=\"elementor-column elementor-col-100 elementor-top-column elementor-element elementor-element-e4578ae\" data-id=\"e4578ae\" data-element_type=\"column\">\n\t\t\t<div class=\"elementor-widget-wrap elementor-element-populated\">\n\t\t\t\t\t\t<div class=\"elementor-element elementor-element-9574ee2 elementor-widget elementor-widget-sosso-breadcrumb\" data-id=\"9574ee2\" data-element_type=\"widget\" data-widget_type=\"sosso-breadcrumb.default\">\n\t\t\t\t<div class=\"elementor-widget-container\">\n\t\t\t\t\t<section class=\"page-title-area bg_cover d-flex align-items-center\" style=\"background-image: url(https:\/\/otcorganics.com\/wp-content\/uploads\/2023\/04\/Duurzaamheid-header.jpg)\"><div class=\"container\"><div class=\"row\"><div class=\"col-lg-6\"><div class=\"page-title-content\"><h3 class=\"title\">D\u00e9veloppement durable<\/h3><nav aria-label=\"breadcrumb\"><nav aria-label=\"breadcrumb\"><ol class=\"breadcrumb\"><li class=\"breadcrumb-item\"><a  href=\"https:\/\/otcorganics.com\/fr\/\" title=\"Home\" rel=\"bookmark\">Home<\/a> <\/li>  <\/ol><\/nav><\/nav><\/div><\/div><\/div><\/div><\/section>\t\t\t\t<\/div>\n\t\t\t\t<\/div>\n\t\t\t\t\t<\/div>\n\t\t<\/div>\n\t\t\t\t\t<\/div>\n\t\t<\/section>\n\t\t\t\t<section class=\"elementor-section elementor-top-section elementor-element elementor-element-d5c2eec elementor-section-content-middle elementor-section-boxed elementor-section-height-default elementor-section-height-default\" data-id=\"d5c2eec\" data-element_type=\"section\">\n\t\t\t\t\t\t<div class=\"elementor-container elementor-column-gap-default\">\n\t\t\t\t\t<div class=\"elementor-column elementor-col-50 elementor-top-column elementor-element elementor-element-078a1cf\" data-id=\"078a1cf\" data-element_type=\"column\">\n\t\t\t<div class=\"elementor-widget-wrap elementor-element-populated\">\n\t\t\t\t\t\t<div class=\"elementor-element elementor-element-7b11eb6 elementor-widget elementor-widget-sosso-single-image\" data-id=\"7b11eb6\" data-element_type=\"widget\" data-widget_type=\"sosso-single-image.default\">\n\t\t\t\t<div class=\"elementor-widget-container\">\n\t\t\t\t\t<div class=\"klb-single-image about-info-thumb ml-30 mr-30\"><img decoding=\"async\" src=\"https:\/\/otcorganics.com\/wp-content\/uploads\/2023\/04\/Duurzaamheid-verticaal2.jpg\" alt=\"about\"><\/div>\t\t\t\t<\/div>\n\t\t\t\t<\/div>\n\t\t\t\t\t<\/div>\n\t\t<\/div>\n\t\t\t\t<div class=\"elementor-column elementor-col-50 elementor-top-column elementor-element elementor-element-dc4b616\" data-id=\"dc4b616\" data-element_type=\"column\">\n\t\t\t<div class=\"elementor-widget-wrap elementor-element-populated\">\n\t\t\t\t\t\t<div class=\"elementor-element elementor-element-3bad455 elementor-widget elementor-widget-sosso-custom-title\" data-id=\"3bad455\" data-element_type=\"widget\" data-widget_type=\"sosso-custom-title.default\">\n\t\t\t\t<div class=\"elementor-widget-container\">\n\t\t\t\t\t<div class=\"klb-custom-title\"><span>D\u00e9veloppement durable<\/span><h3 class=\"title\">Faire progresser le monde gr\u00e2ce \u00e0 l\u2019agriculture biologique<\/h3><\/div>\t\t\t\t<\/div>\n\t\t\t\t<\/div>\n\t\t\t\t<div class=\"elementor-element elementor-element-1994d23 elementor-widget elementor-widget-text-editor\" data-id=\"1994d23\" data-element_type=\"widget\" data-widget_type=\"text-editor.default\">\n\t\t\t\t<div class=\"elementor-widget-container\">\n\t\t\t\t\t\t\t\t\t<p>Le d\u00e9veloppement durable consiste \u00e0 assurer un \u00e9quilibre entre les personnes, l\u2019environnement et l\u2019\u00e9conomie afin de ne pas \u00e9puiser les sols, et de laisser aux g\u00e9n\u00e9rations futures une plan\u00e8te habitable. Quel plaisir de travailler pour une entreprise sp\u00e9cialis\u00e9e dans l\u2019achat et la vente de fruits et l\u00e9gumes biologiques, tout en contribuant \u00e0 une soci\u00e9t\u00e9 durable aux c\u00f4t\u00e9s de nos partenaires, producteurs et fournisseurs. Dans l\u2019int\u00e9r\u00eat de notre belle plan\u00e8te et de tous ceux qui y vivent, nous pensons qu\u2019il est important d\u2019utiliser l\u2019environnement et les ressources disponibles de mani\u00e8re rationnelle. Nous sommes convaincus que l\u2019agriculture biologique est le meilleur moyen de produire une alimentation durable, de prot\u00e9ger nos sols et de lutter contre le changement climatique.<\/p>\n\t\t\t\t\t\t\t\t<\/div>\n\t\t\t\t<\/div>\n\t\t\t\t\t<\/div>\n\t\t<\/div>\n\t\t\t\t\t<\/div>\n\t\t<\/section>\n\t\t\t\t<section class=\"elementor-section elementor-top-section elementor-element elementor-element-2e6399b elementor-section-boxed elementor-section-height-default elementor-section-height-default\" data-id=\"2e6399b\" data-element_type=\"section\">\n\t\t\t\t\t\t<div class=\"elementor-container elementor-column-gap-default\">\n\t\t\t\t\t<div class=\"elementor-column elementor-col-50 elementor-top-column elementor-element elementor-element-1b34d43\" data-id=\"1b34d43\" data-element_type=\"column\">\n\t\t\t<div class=\"elementor-widget-wrap elementor-element-populated\">\n\t\t\t\t\t\t<div class=\"elementor-element elementor-element-3e844c1 elementor-widget elementor-widget-heading\" data-id=\"3e844c1\" data-element_type=\"widget\" data-widget_type=\"heading.default\">\n\t\t\t\t<div class=\"elementor-widget-container\">\n\t\t\t\t\t<h2 class=\"elementor-heading-title elementor-size-default\">Le d\u00e9veloppement durable est un processus continu au sein de notre organisation et de notre cha\u00eene d\u2019approvisionnement<\/h2>\t\t\t\t<\/div>\n\t\t\t\t<\/div>\n\t\t\t\t\t<\/div>\n\t\t<\/div>\n\t\t\t\t<div class=\"elementor-column elementor-col-50 elementor-top-column elementor-element elementor-element-8c347d5\" data-id=\"8c347d5\" data-element_type=\"column\">\n\t\t\t<div class=\"elementor-widget-wrap elementor-element-populated\">\n\t\t\t\t\t\t<div class=\"elementor-element elementor-element-c28844e elementor-widget elementor-widget-text-editor\" data-id=\"c28844e\" data-element_type=\"widget\" data-widget_type=\"text-editor.default\">\n\t\t\t\t<div class=\"elementor-widget-container\">\n\t\t\t\t\t\t\t\t\t<p>Nous misons r\u00e9solument sur le d\u00e9veloppement durable en faisant des choix \u00e9cologiques :<\/p>\n<h4>Recyclage<\/h4>\n<p>Pour chaque produit que nous emballons, nous cherchons des alternatives durables. Par exemple, nous proposons diff\u00e9rents types d\u2019emballages en carton recyclable et les sacs de transport sont en papier et non plus en plastique. Nous conditionnons \u00e9galement divers produits dans un filet 100 % compostable en cellulose. En effet, un beau produit bio m\u00e9rite un \u00e9crin tout aussi \u00e9cologique.<\/p>\n<h4>Utiliser l\u2019\u00e9nergie avec parcimonie<\/h4>\n<p>\u00c0 notre si\u00e8ge de Dronten, nous travaillons dans un bureau ultramoderne sans gaz, o\u00f9 ont \u00e9t\u00e9 install\u00e9es quatre stations de recharge \u00e9lectrique. Nos partenaires, producteurs et fournisseurs font eux aussi des choix r\u00e9fl\u00e9chis en mati\u00e8re d\u2019\u00e9lectricit\u00e9, et nous voyons r\u00e9guli\u00e8rement des panneaux solaires sur les toits et des \u00e9oliennes dans les champs.<\/p>\n<h4>Une approche responsable des aliments<\/h4>\n<p>Si, malgr\u00e9 toutes les pr\u00e9cautions prises, un lot de fruits ou l\u00e9gumes est rejet\u00e9, mais qu\u2019il peut malgr\u00e9 tout \u00eatre consomm\u00e9 sans danger, nous cherchons \u00e0 lui trouver une utilisation appropri\u00e9e. Par exemple, une banque alimentaire, ou encore un producteur de jus et de smoothies, afin de r\u00e9duire au maximum le gaspillage alimentaire.<\/p>\n<p>Nous contribuons \u00e9galement \u00e0 rendre notre soci\u00e9t\u00e9 plus durable par d\u2019autres moyens. Une grande partie des collaborateurs pratique le travail hybride : les jours de pr\u00e9sence au bureau alternent avec les jours de t\u00e9l\u00e9travail ; nous choisissons toujours plus souvent d\u00e9lib\u00e9r\u00e9ment une voiture \u00e9lectrique\/hybride en leasing ; nous travaillons autant que possible de mani\u00e8re d\u00e9mat\u00e9rialis\u00e9e (plus de factures papier) et nous utilisons des minuteries pour l\u2019\u00e9clairage et l\u2019\u00e9quipement. Et bien s\u00fbr, nos efforts ne s\u2019arr\u00eatent pas l\u00e0.<\/p>\n\t\t\t\t\t\t\t\t<\/div>\n\t\t\t\t<\/div>\n\t\t\t\t\t<\/div>\n\t\t<\/div>\n\t\t\t\t\t<\/div>\n\t\t<\/section>\n\t\t\t\t<\/div>\n\t\t","protected":false},"excerpt":{"rendered":"<p>D\u00e9veloppement durable Home D\u00e9veloppement durable Faire progresser le monde gr\u00e2ce \u00e0 l\u2019agriculture biologique Le d\u00e9veloppement durable consiste \u00e0 assurer un \u00e9quilibre entre les personnes, l\u2019environnement et l\u2019\u00e9conomie afin de ne pas \u00e9puiser les sols, et de laisser aux g\u00e9n\u00e9rations futures une plan\u00e8te habitable. Quel plaisir de travailler pour une entreprise sp\u00e9cialis\u00e9e dans l\u2019achat et la<\/p>\n<div class=\"read-more\"><a href=\"https:\/\/otcorganics.com\/fr\/qui-sommes-nous\/developpement-durable\/\"><i class=\"fal fa-arrow-right\"><\/i>En savoir plus<\/a><\/div>\n","protected":false},"author":1,"featured_media":0,"parent":4100,"menu_order":0,"comment_status":"closed","ping_status":"closed","template":"","meta":{"_acf_changed":false,"footnotes":""},"class_list":["post-4092","page","type-page","status-publish","hentry"],"acf":[],"yoast_head":"<!-- This site is optimized with the Yoast SEO plugin v26.0 - https:\/\/yoast.com\/wordpress\/plugins\/seo\/ -->\n<title>D\u00e9veloppement durable - OTC Organics<\/title>\n<meta name=\"robots\" content=\"index, follow, max-snippet:-1, max-image-preview:large, max-video-preview:-1\" \/>\n<link rel=\"canonical\" href=\"https:\/\/otcorganics.com\/fr\/qui-sommes-nous\/developpement-durable\/\" \/>\n<meta property=\"og:locale\" content=\"fr_FR\" \/>\n<meta property=\"og:type\" content=\"article\" \/>\n<meta property=\"og:title\" content=\"D\u00e9veloppement durable - OTC Organics\" \/>\n<meta property=\"og:description\" content=\"D\u00e9veloppement durable Home D\u00e9veloppement durable Faire progresser le monde gr\u00e2ce \u00e0 l\u2019agriculture biologique Le d\u00e9veloppement durable consiste \u00e0 assurer un \u00e9quilibre entre les personnes, l\u2019environnement et l\u2019\u00e9conomie afin de ne pas \u00e9puiser les sols, et de laisser aux g\u00e9n\u00e9rations futures une plan\u00e8te habitable. Quel plaisir de travailler pour une entreprise sp\u00e9cialis\u00e9e dans l\u2019achat et laEn savoir plus\" \/>\n<meta property=\"og:url\" content=\"https:\/\/otcorganics.com\/fr\/qui-sommes-nous\/developpement-durable\/\" \/>\n<meta property=\"og:site_name\" content=\"OTC Organics\" \/>\n<meta property=\"article:modified_time\" content=\"2023-05-16T13:51:23+00:00\" \/>\n<meta property=\"og:image\" content=\"https:\/\/otcorganics.com\/wp-content\/uploads\/2023\/04\/Duurzaamheid-verticaal2.jpg\" \/>\n<meta name=\"twitter:card\" content=\"summary_large_image\" \/>\n<meta name=\"twitter:label1\" content=\"Dur\u00e9e de lecture estim\u00e9e\" \/>\n\t<meta name=\"twitter:data1\" content=\"2 minutes\" \/>\n<!-- \/ Yoast SEO plugin. -->","yoast_head_json":{"title":"D\u00e9veloppement durable - OTC Organics","robots":{"index":"index","follow":"follow","max-snippet":"max-snippet:-1","max-image-preview":"max-image-preview:large","max-video-preview":"max-video-preview:-1"},"canonical":"https:\/\/otcorganics.com\/fr\/qui-sommes-nous\/developpement-durable\/","og_locale":"fr_FR","og_type":"article","og_title":"D\u00e9veloppement durable - OTC Organics","og_description":"D\u00e9veloppement durable Home D\u00e9veloppement durable Faire progresser le monde gr\u00e2ce \u00e0 l\u2019agriculture biologique Le d\u00e9veloppement durable consiste \u00e0 assurer un \u00e9quilibre entre les personnes, l\u2019environnement et l\u2019\u00e9conomie afin de ne pas \u00e9puiser les sols, et de laisser aux g\u00e9n\u00e9rations futures une plan\u00e8te habitable. Quel plaisir de travailler pour une entreprise sp\u00e9cialis\u00e9e dans l\u2019achat et laEn savoir plus","og_url":"https:\/\/otcorganics.com\/fr\/qui-sommes-nous\/developpement-durable\/","og_site_name":"OTC Organics","article_modified_time":"2023-05-16T13:51:23+00:00","og_image":[{"url":"https:\/\/otcorganics.com\/wp-content\/uploads\/2023\/04\/Duurzaamheid-verticaal2.jpg","type":"","width":"","height":""}],"twitter_card":"summary_large_image","twitter_misc":{"Dur\u00e9e de lecture estim\u00e9e":"2 minutes"},"schema":{"@context":"https:\/\/schema.org","@graph":[{"@type":"WebPage","@id":"https:\/\/otcorganics.com\/fr\/qui-sommes-nous\/developpement-durable\/","url":"https:\/\/otcorganics.com\/fr\/qui-sommes-nous\/developpement-durable\/","name":"D\u00e9veloppement durable - OTC Organics","isPartOf":{"@id":"https:\/\/otcorganics.com\/fr\/#website"},"primaryImageOfPage":{"@id":"https:\/\/otcorganics.com\/fr\/qui-sommes-nous\/developpement-durable\/#primaryimage"},"image":{"@id":"https:\/\/otcorganics.com\/fr\/qui-sommes-nous\/developpement-durable\/#primaryimage"},"thumbnailUrl":"https:\/\/otcorganics.com\/wp-content\/uploads\/2023\/04\/Duurzaamheid-verticaal2.jpg","datePublished":"2023-02-14T09:26:56+00:00","dateModified":"2023-05-16T13:51:23+00:00","breadcrumb":{"@id":"https:\/\/otcorganics.com\/fr\/qui-sommes-nous\/developpement-durable\/#breadcrumb"},"inLanguage":"fr-FR","potentialAction":[{"@type":"ReadAction","target":["https:\/\/otcorganics.com\/fr\/qui-sommes-nous\/developpement-durable\/"]}]},{"@type":"ImageObject","inLanguage":"fr-FR","@id":"https:\/\/otcorganics.com\/fr\/qui-sommes-nous\/developpement-durable\/#primaryimage","url":"https:\/\/otcorganics.com\/wp-content\/uploads\/2023\/04\/Duurzaamheid-verticaal2.jpg","contentUrl":"https:\/\/otcorganics.com\/wp-content\/uploads\/2023\/04\/Duurzaamheid-verticaal2.jpg"},{"@type":"BreadcrumbList","@id":"https:\/\/otcorganics.com\/fr\/qui-sommes-nous\/developpement-durable\/#breadcrumb","itemListElement":[{"@type":"ListItem","position":1,"name":"Home","item":"https:\/\/otcorganics.com\/fr\/"},{"@type":"ListItem","position":2,"name":"Qui sommes-nous?","item":"https:\/\/otcorganics.com\/fr\/qui-sommes-nous\/"},{"@type":"ListItem","position":3,"name":"D\u00e9veloppement durable"}]},{"@type":"WebSite","@id":"https:\/\/otcorganics.com\/fr\/#website","url":"https:\/\/otcorganics.com\/fr\/","name":"OTC Organics","description":"","potentialAction":[{"@type":"SearchAction","target":{"@type":"EntryPoint","urlTemplate":"https:\/\/otcorganics.com\/fr\/?s={search_term_string}"},"query-input":{"@type":"PropertyValueSpecification","valueRequired":true,"valueName":"search_term_string"}}],"inLanguage":"fr-FR"}]}},"_links":{"self":[{"href":"https:\/\/otcorganics.com\/fr\/wp-json\/wp\/v2\/pages\/4092","targetHints":{"allow":["GET"]}}],"collection":[{"href":"https:\/\/otcorganics.com\/fr\/wp-json\/wp\/v2\/pages"}],"about":[{"href":"https:\/\/otcorganics.com\/fr\/wp-json\/wp\/v2\/types\/page"}],"author":[{"embeddable":true,"href":"https:\/\/otcorganics.com\/fr\/wp-json\/wp\/v2\/users\/1"}],"replies":[{"embeddable":true,"href":"https:\/\/otcorganics.com\/fr\/wp-json\/wp\/v2\/comments?post=4092"}],"version-history":[{"count":8,"href":"https:\/\/otcorganics.com\/fr\/wp-json\/wp\/v2\/pages\/4092\/revisions"}],"predecessor-version":[{"id":5976,"href":"https:\/\/otcorganics.com\/fr\/wp-json\/wp\/v2\/pages\/4092\/revisions\/5976"}],"up":[{"embeddable":true,"href":"https:\/\/otcorganics.com\/fr\/wp-json\/wp\/v2\/pages\/4100"}],"wp:attachment":[{"href":"https:\/\/otcorganics.com\/fr\/wp-json\/wp\/v2\/media?parent=4092"}],"curies":[{"name":"wp","href":"https:\/\/api.w.org\/{rel}","templated":true}]}}