{"id":4094,"date":"2023-02-07T14:27:00","date_gmt":"2023-02-07T14:27:00","guid":{"rendered":"https:\/\/otcorganics.com\/jalons-historiques\/"},"modified":"2023-05-16T13:47:09","modified_gmt":"2023-05-16T13:47:09","slug":"jalons-historiques","status":"publish","type":"page","link":"https:\/\/otcorganics.com\/fr\/qui-sommes-nous\/jalons-historiques\/","title":{"rendered":"Jalons historiques"},"content":{"rendered":"\t\t<div data-elementor-type=\"wp-page\" data-elementor-id=\"4094\" class=\"elementor elementor-4094 elementor-2004\" data-elementor-post-type=\"page\">\n\t\t\t\t\t\t<section class=\"elementor-section elementor-top-section elementor-element elementor-element-a3c4eb8 elementor-section-full_width elementor-section-height-default elementor-section-height-default\" data-id=\"a3c4eb8\" data-element_type=\"section\">\n\t\t\t\t\t\t<div class=\"elementor-container elementor-column-gap-no\">\n\t\t\t\t\t<div class=\"elementor-column elementor-col-100 elementor-top-column elementor-element elementor-element-06fe199\" data-id=\"06fe199\" data-element_type=\"column\">\n\t\t\t<div class=\"elementor-widget-wrap elementor-element-populated\">\n\t\t\t\t\t\t<div class=\"elementor-element elementor-element-ea0dfe9 elementor-widget elementor-widget-sosso-breadcrumb\" data-id=\"ea0dfe9\" data-element_type=\"widget\" data-widget_type=\"sosso-breadcrumb.default\">\n\t\t\t\t<div class=\"elementor-widget-container\">\n\t\t\t\t\t<section class=\"page-title-area bg_cover d-flex align-items-center\" style=\"background-image: url(https:\/\/otcorganics.com\/wp-content\/uploads\/2023\/05\/Kopie-van-website-header-5.jpg)\"><div class=\"container\"><div class=\"row\"><div class=\"col-lg-6\"><div class=\"page-title-content\"><h3 class=\"title\">Jalons historiques<\/h3><nav aria-label=\"breadcrumb\"><nav aria-label=\"breadcrumb\"><ol class=\"breadcrumb\"><li class=\"breadcrumb-item\"><a  href=\"https:\/\/otcorganics.com\/fr\/\" title=\"Home\" rel=\"bookmark\">Home<\/a> <\/li>  <\/ol><\/nav><\/nav><\/div><\/div><\/div><\/div><\/section>\t\t\t\t<\/div>\n\t\t\t\t<\/div>\n\t\t\t\t\t<\/div>\n\t\t<\/div>\n\t\t\t\t\t<\/div>\n\t\t<\/section>\n\t\t\t\t<div class=\"elementor-section elementor-top-section elementor-element elementor-element-3d0f581 elementor-section-boxed elementor-section-height-default elementor-section-height-default\" data-id=\"3d0f581\" data-element_type=\"section\">\n\t\t\t\t\t\t<div class=\"elementor-container elementor-column-gap-default\">\n\t\t\t\t\t<div class=\"elementor-column elementor-col-50 elementor-top-column elementor-element elementor-element-663b8b9b\" data-id=\"663b8b9b\" data-element_type=\"column\">\n\t\t\t<div class=\"elementor-widget-wrap elementor-element-populated\">\n\t\t\t\t\t\t<div class=\"elementor-element elementor-element-2c366129 elementor-widget elementor-widget-sosso-faq-content\" data-id=\"2c366129\" data-element_type=\"widget\" data-widget_type=\"sosso-faq-content.default\">\n\t\t\t\t<div class=\"elementor-widget-container\">\n\t\t\t\t\t<div class=\"klb-faq faq-content\"><span>FAQ<\/span><h3 class=\"title\">Jalons historiques<\/h3><p>D\u2019o\u00f9 venons-nous et o\u00f9 allons-nous\u00a0? Nous vous racontons l\u2019histoire d\u2019OTC Organics \u00e0 travers ce court \u00e9change de questions-r\u00e9ponses.<\/p><a class=\"main-btn\" href=\"\" ><\/a><\/div>\t\t\t\t<\/div>\n\t\t\t\t<\/div>\n\t\t\t\t\t<\/div>\n\t\t<\/div>\n\t\t\t\t<div class=\"elementor-column elementor-col-50 elementor-top-column elementor-element elementor-element-c1d6093\" data-id=\"c1d6093\" data-element_type=\"column\">\n\t\t\t<div class=\"elementor-widget-wrap elementor-element-populated\">\n\t\t\t\t\t\t<div class=\"elementor-element elementor-element-1adee96c elementor-widget elementor-widget-accordion\" data-id=\"1adee96c\" data-element_type=\"widget\" data-widget_type=\"accordion.default\">\n\t\t\t\t<div class=\"elementor-widget-container\">\n\t\t\t\t\t\t\t<div class=\"elementor-accordion\">\n\t\t\t\t\t\t\t<div class=\"elementor-accordion-item\">\n\t\t\t\t\t<div id=\"elementor-tab-title-4501\" class=\"elementor-tab-title\" data-tab=\"1\" role=\"button\" aria-controls=\"elementor-tab-content-4501\" aria-expanded=\"false\">\n\t\t\t\t\t\t\t\t\t\t\t\t<a class=\"elementor-accordion-title\" tabindex=\"0\">Qui a fond\u00e9 OTC Organics\u00a0?<\/a>\n\t\t\t\t\t<\/div>\n\t\t\t\t\t<div id=\"elementor-tab-content-4501\" class=\"elementor-tab-content elementor-clearfix\" data-tab=\"1\" role=\"region\" aria-labelledby=\"elementor-tab-title-4501\"><p>Tout a commenc\u00e9 avec Fred Kloen et Edward Out. Ils ont fond\u00e9 l\u2019entreprise en 2001 \u00e0 Lelystad, sous le nom de Tellus Produce B.V. Fred et Edward \u00e9taient tous deux n\u00e9gociants de fruits et l\u00e9gumes biologiques, et ils se sont associ\u00e9s pour exporter des produits biologiques cultiv\u00e9s en plein champ depuis les Pays-Bas et la Belgique.<\/p>\n<\/div>\n\t\t\t\t<\/div>\n\t\t\t\t\t\t\t<div class=\"elementor-accordion-item\">\n\t\t\t\t\t<div id=\"elementor-tab-title-4502\" class=\"elementor-tab-title\" data-tab=\"2\" role=\"button\" aria-controls=\"elementor-tab-content-4502\" aria-expanded=\"false\">\n\t\t\t\t\t\t\t\t\t\t\t\t<a class=\"elementor-accordion-title\" tabindex=\"0\">Quand ont-ils commenc\u00e9 \u00e0 importer des produits \u00e9trangers\u00a0?<\/a>\n\t\t\t\t\t<\/div>\n\t\t\t\t\t<div id=\"elementor-tab-content-4502\" class=\"elementor-tab-content elementor-clearfix\" data-tab=\"2\" role=\"region\" aria-labelledby=\"elementor-tab-title-4502\"><p>En 2003 Tellus B.V. a \u00e9t\u00e9 contact\u00e9e par Tradin Organic Agriculture, qui lui a demand\u00e9 s\u2019il souhaitait s\u2019associer \u00e0 sa filiale Trabana B.V., une entreprise sp\u00e9cialis\u00e9e dans les bananes biologiques et les fruits exotiques. Voil\u00e0 comment tout a commenc\u00e9.<\/p>\n<\/div>\n\t\t\t\t<\/div>\n\t\t\t\t\t\t\t<div class=\"elementor-accordion-item\">\n\t\t\t\t\t<div id=\"elementor-tab-title-4503\" class=\"elementor-tab-title\" data-tab=\"3\" role=\"button\" aria-controls=\"elementor-tab-content-4503\" aria-expanded=\"false\">\n\t\t\t\t\t\t\t\t\t\t\t\t<a class=\"elementor-accordion-title\" tabindex=\"0\">Quand l\u2019organisation a-t-elle chang\u00e9 de nom\u00a0?<\/a>\n\t\t\t\t\t<\/div>\n\t\t\t\t\t<div id=\"elementor-tab-content-4503\" class=\"elementor-tab-content elementor-clearfix\" data-tab=\"3\" role=\"region\" aria-labelledby=\"elementor-tab-title-4503\"><p>Avant d\u2019adopter notre nom actuel, nous nous sommes appel\u00e9s Organic Trade Company Holland B.V. pendant un certain temps. Nous avons port\u00e9 ce nom \u00e0 partir du 1er avril 2004, date \u00e0 laquelle les activit\u00e9s de Tellus Produce B.V. et de Trabana B.V. ont compl\u00e8tement fusionn\u00e9.<\/p>\n<\/div>\n\t\t\t\t<\/div>\n\t\t\t\t\t\t\t<div class=\"elementor-accordion-item\">\n\t\t\t\t\t<div id=\"elementor-tab-title-4504\" class=\"elementor-tab-title\" data-tab=\"4\" role=\"button\" aria-controls=\"elementor-tab-content-4504\" aria-expanded=\"false\">\n\t\t\t\t\t\t\t\t\t\t\t\t<a class=\"elementor-accordion-title\" tabindex=\"0\">L\u2019entreprise s\u2019est-elle ensuite d\u00e9velopp\u00e9e\u00a0? <\/a>\n\t\t\t\t\t<\/div>\n\t\t\t\t\t<div id=\"elementor-tab-content-4504\" class=\"elementor-tab-content elementor-clearfix\" data-tab=\"4\" role=\"region\" aria-labelledby=\"elementor-tab-title-4504\"><p>Tout \u00e0 fait. Gr\u00e2ce au vaste r\u00e9seau de Tradin Organic Agriculture et \u00e0 ses activit\u00e9s de soutien, nous avons commenc\u00e9 \u00e0 importer beaucoup plus entre 2005 et 2007. De plus, pour acc\u00e9der au march\u00e9 scandinave, nous nous sommes associ\u00e9s \u00e0 Total Produce Nordic dix ans plus tard, et nous avons ainsi continu\u00e9 \u00e0 \u00e9tendre notre zone d\u2019importation et d\u2019exportation.<\/p>\n<\/div>\n\t\t\t\t<\/div>\n\t\t\t\t\t\t\t<div class=\"elementor-accordion-item\">\n\t\t\t\t\t<div id=\"elementor-tab-title-4505\" class=\"elementor-tab-title\" data-tab=\"5\" role=\"button\" aria-controls=\"elementor-tab-content-4505\" aria-expanded=\"false\">\n\t\t\t\t\t\t\t\t\t\t\t\t<a class=\"elementor-accordion-title\" tabindex=\"0\">Et quand OTC Organics a-t-il \u00e9t\u00e9 rebaptis\u00e9 de son nom actuel\u00a0?<\/a>\n\t\t\t\t\t<\/div>\n\t\t\t\t\t<div id=\"elementor-tab-content-4505\" class=\"elementor-tab-content elementor-clearfix\" data-tab=\"5\" role=\"region\" aria-labelledby=\"elementor-tab-title-4505\"><p>En 2018, nous avons chang\u00e9 de nom, d\u00e9m\u00e9nag\u00e9 de Lelystad \u00e0 Dronten et lanc\u00e9 notre concept \u00ab du commerce \u00e0 l\u2019agriculture \u00bb. Il consiste \u00e0 mettre en relation directement les producteurs et les acheteurs, et \u00e0 soutenir les deux parties par notre expertise.<\/p>\n<\/div>\n\t\t\t\t<\/div>\n\t\t\t\t\t\t\t<div class=\"elementor-accordion-item\">\n\t\t\t\t\t<div id=\"elementor-tab-title-4506\" class=\"elementor-tab-title\" data-tab=\"6\" role=\"button\" aria-controls=\"elementor-tab-content-4506\" aria-expanded=\"false\">\n\t\t\t\t\t\t\t\t\t\t\t\t<a class=\"elementor-accordion-title\" tabindex=\"0\">Aujourd\u2019hui, vous collaborez avec Dole\u00a0?<\/a>\n\t\t\t\t\t<\/div>\n\t\t\t\t\t<div id=\"elementor-tab-content-4506\" class=\"elementor-tab-content elementor-clearfix\" data-tab=\"6\" role=\"region\" aria-labelledby=\"elementor-tab-title-4506\"><p>En 2022, nous sommes devenus une filiale \u00e0 100 % de Dole plc. Au sein de la famille Dole, nous sommes le sp\u00e9cialiste des produits issus de l\u2019agriculture biologique et nous en sommes tr\u00e8s fiers.<\/p>\n<\/div>\n\t\t\t\t<\/div>\n\t\t\t\t\t\t\t\t<\/div>\n\t\t\t\t\t\t<\/div>\n\t\t\t\t<\/div>\n\t\t\t\t\t<\/div>\n\t\t<\/div>\n\t\t\t\t\t<\/div>\n\t\t<\/div>\n\t\t\t\t<\/div>\n\t\t","protected":false},"excerpt":{"rendered":"<p>Jalons historiques Home FAQ Jalons historiques D\u2019o\u00f9 venons-nous et o\u00f9 allons-nous\u00a0? Nous vous racontons l\u2019histoire d\u2019OTC Organics \u00e0 travers ce court \u00e9change de questions-r\u00e9ponses. Qui a fond\u00e9 OTC Organics\u00a0? Tout a commenc\u00e9 avec Fred Kloen et Edward Out. Ils ont fond\u00e9 l\u2019entreprise en 2001 \u00e0 Lelystad, sous le nom de Tellus Produce B.V. Fred et<\/p>\n<div class=\"read-more\"><a href=\"https:\/\/otcorganics.com\/fr\/qui-sommes-nous\/jalons-historiques\/\"><i class=\"fal fa-arrow-right\"><\/i>En savoir plus<\/a><\/div>\n","protected":false},"author":1,"featured_media":0,"parent":4100,"menu_order":0,"comment_status":"closed","ping_status":"closed","template":"","meta":{"_acf_changed":false,"footnotes":""},"class_list":["post-4094","page","type-page","status-publish","hentry"],"acf":[],"yoast_head":"<!-- This site is optimized with the Yoast SEO plugin v26.0 - https:\/\/yoast.com\/wordpress\/plugins\/seo\/ -->\n<title>Jalons historiques - OTC Organics<\/title>\n<meta name=\"robots\" content=\"index, follow, max-snippet:-1, max-image-preview:large, max-video-preview:-1\" \/>\n<link rel=\"canonical\" href=\"https:\/\/otcorganics.com\/fr\/qui-sommes-nous\/jalons-historiques\/\" \/>\n<meta property=\"og:locale\" content=\"fr_FR\" \/>\n<meta property=\"og:type\" content=\"article\" \/>\n<meta property=\"og:title\" content=\"Jalons historiques - OTC Organics\" \/>\n<meta property=\"og:description\" content=\"Jalons historiques Home FAQ Jalons historiques D\u2019o\u00f9 venons-nous et o\u00f9 allons-nous\u00a0? Nous vous racontons l\u2019histoire d\u2019OTC Organics \u00e0 travers ce court \u00e9change de questions-r\u00e9ponses. Qui a fond\u00e9 OTC Organics\u00a0? Tout a commenc\u00e9 avec Fred Kloen et Edward Out. Ils ont fond\u00e9 l\u2019entreprise en 2001 \u00e0 Lelystad, sous le nom de Tellus Produce B.V. Fred etEn savoir plus\" \/>\n<meta property=\"og:url\" content=\"https:\/\/otcorganics.com\/fr\/qui-sommes-nous\/jalons-historiques\/\" \/>\n<meta property=\"og:site_name\" content=\"OTC Organics\" \/>\n<meta property=\"article:modified_time\" content=\"2023-05-16T13:47:09+00:00\" \/>\n<meta name=\"twitter:card\" content=\"summary_large_image\" \/>\n<meta name=\"twitter:label1\" content=\"Dur\u00e9e de lecture estim\u00e9e\" \/>\n\t<meta name=\"twitter:data1\" content=\"2 minutes\" \/>\n<!-- \/ Yoast SEO plugin. -->","yoast_head_json":{"title":"Jalons historiques - OTC Organics","robots":{"index":"index","follow":"follow","max-snippet":"max-snippet:-1","max-image-preview":"max-image-preview:large","max-video-preview":"max-video-preview:-1"},"canonical":"https:\/\/otcorganics.com\/fr\/qui-sommes-nous\/jalons-historiques\/","og_locale":"fr_FR","og_type":"article","og_title":"Jalons historiques - OTC Organics","og_description":"Jalons historiques Home FAQ Jalons historiques D\u2019o\u00f9 venons-nous et o\u00f9 allons-nous\u00a0? Nous vous racontons l\u2019histoire d\u2019OTC Organics \u00e0 travers ce court \u00e9change de questions-r\u00e9ponses. Qui a fond\u00e9 OTC Organics\u00a0? Tout a commenc\u00e9 avec Fred Kloen et Edward Out. Ils ont fond\u00e9 l\u2019entreprise en 2001 \u00e0 Lelystad, sous le nom de Tellus Produce B.V. Fred etEn savoir plus","og_url":"https:\/\/otcorganics.com\/fr\/qui-sommes-nous\/jalons-historiques\/","og_site_name":"OTC Organics","article_modified_time":"2023-05-16T13:47:09+00:00","twitter_card":"summary_large_image","twitter_misc":{"Dur\u00e9e de lecture estim\u00e9e":"2 minutes"},"schema":{"@context":"https:\/\/schema.org","@graph":[{"@type":"WebPage","@id":"https:\/\/otcorganics.com\/fr\/qui-sommes-nous\/jalons-historiques\/","url":"https:\/\/otcorganics.com\/fr\/qui-sommes-nous\/jalons-historiques\/","name":"Jalons historiques - OTC Organics","isPartOf":{"@id":"https:\/\/otcorganics.com\/fr\/#website"},"datePublished":"2023-02-07T14:27:00+00:00","dateModified":"2023-05-16T13:47:09+00:00","breadcrumb":{"@id":"https:\/\/otcorganics.com\/fr\/qui-sommes-nous\/jalons-historiques\/#breadcrumb"},"inLanguage":"fr-FR","potentialAction":[{"@type":"ReadAction","target":["https:\/\/otcorganics.com\/fr\/qui-sommes-nous\/jalons-historiques\/"]}]},{"@type":"BreadcrumbList","@id":"https:\/\/otcorganics.com\/fr\/qui-sommes-nous\/jalons-historiques\/#breadcrumb","itemListElement":[{"@type":"ListItem","position":1,"name":"Home","item":"https:\/\/otcorganics.com\/fr\/"},{"@type":"ListItem","position":2,"name":"Qui sommes-nous?","item":"https:\/\/otcorganics.com\/fr\/qui-sommes-nous\/"},{"@type":"ListItem","position":3,"name":"Jalons historiques"}]},{"@type":"WebSite","@id":"https:\/\/otcorganics.com\/fr\/#website","url":"https:\/\/otcorganics.com\/fr\/","name":"OTC Organics","description":"","potentialAction":[{"@type":"SearchAction","target":{"@type":"EntryPoint","urlTemplate":"https:\/\/otcorganics.com\/fr\/?s={search_term_string}"},"query-input":{"@type":"PropertyValueSpecification","valueRequired":true,"valueName":"search_term_string"}}],"inLanguage":"fr-FR"}]}},"_links":{"self":[{"href":"https:\/\/otcorganics.com\/fr\/wp-json\/wp\/v2\/pages\/4094","targetHints":{"allow":["GET"]}}],"collection":[{"href":"https:\/\/otcorganics.com\/fr\/wp-json\/wp\/v2\/pages"}],"about":[{"href":"https:\/\/otcorganics.com\/fr\/wp-json\/wp\/v2\/types\/page"}],"author":[{"embeddable":true,"href":"https:\/\/otcorganics.com\/fr\/wp-json\/wp\/v2\/users\/1"}],"replies":[{"embeddable":true,"href":"https:\/\/otcorganics.com\/fr\/wp-json\/wp\/v2\/comments?post=4094"}],"version-history":[{"count":11,"href":"https:\/\/otcorganics.com\/fr\/wp-json\/wp\/v2\/pages\/4094\/revisions"}],"predecessor-version":[{"id":5969,"href":"https:\/\/otcorganics.com\/fr\/wp-json\/wp\/v2\/pages\/4094\/revisions\/5969"}],"up":[{"embeddable":true,"href":"https:\/\/otcorganics.com\/fr\/wp-json\/wp\/v2\/pages\/4100"}],"wp:attachment":[{"href":"https:\/\/otcorganics.com\/fr\/wp-json\/wp\/v2\/media?parent=4094"}],"curies":[{"name":"wp","href":"https:\/\/api.w.org\/{rel}","templated":true}]}}