{"id":4100,"date":"2023-02-07T13:31:08","date_gmt":"2023-02-07T13:31:08","guid":{"rendered":"https:\/\/otcorganics.com\/qui-sommes-nous\/"},"modified":"2023-05-25T10:31:27","modified_gmt":"2023-05-25T10:31:27","slug":"qui-sommes-nous","status":"publish","type":"page","link":"https:\/\/otcorganics.com\/fr\/qui-sommes-nous\/","title":{"rendered":"Qui sommes-nous?"},"content":{"rendered":"\t\t<div data-elementor-type=\"wp-page\" data-elementor-id=\"4100\" class=\"elementor elementor-4100 elementor-1945\" data-elementor-post-type=\"page\">\n\t\t\t\t\t\t<section class=\"elementor-section elementor-top-section elementor-element elementor-element-0aeb097 elementor-section-full_width elementor-section-height-default elementor-section-height-default\" data-id=\"0aeb097\" data-element_type=\"section\">\n\t\t\t\t\t\t<div class=\"elementor-container elementor-column-gap-no\">\n\t\t\t\t\t<div class=\"elementor-column elementor-col-100 elementor-top-column elementor-element elementor-element-e4578ae\" data-id=\"e4578ae\" data-element_type=\"column\">\n\t\t\t<div class=\"elementor-widget-wrap elementor-element-populated\">\n\t\t\t\t\t\t<div class=\"elementor-element elementor-element-9574ee2 elementor-widget elementor-widget-sosso-breadcrumb\" data-id=\"9574ee2\" data-element_type=\"widget\" data-widget_type=\"sosso-breadcrumb.default\">\n\t\t\t\t<div class=\"elementor-widget-container\">\n\t\t\t\t\t<section class=\"page-title-area bg_cover d-flex align-items-center\" style=\"background-image: url(https:\/\/otcorganics.com\/wp-content\/uploads\/2023\/04\/Over-ons-header-scaled.jpg)\"><div class=\"container\"><div class=\"row\"><div class=\"col-lg-6\"><div class=\"page-title-content\"><h3 class=\"title\">Qui sommes-nous?<\/h3><nav aria-label=\"breadcrumb\"><nav aria-label=\"breadcrumb\"><ol class=\"breadcrumb\"><li class=\"breadcrumb-item\"><a  href=\"https:\/\/otcorganics.com\/fr\/\" title=\"Home\" rel=\"bookmark\">Home<\/a> <\/li>  <\/ol><\/nav><\/nav><\/div><\/div><\/div><\/div><\/section>\t\t\t\t<\/div>\n\t\t\t\t<\/div>\n\t\t\t\t\t<\/div>\n\t\t<\/div>\n\t\t\t\t\t<\/div>\n\t\t<\/section>\n\t\t\t\t<section class=\"elementor-section elementor-top-section elementor-element elementor-element-d5c2eec elementor-section-content-middle elementor-section-boxed elementor-section-height-default elementor-section-height-default\" data-id=\"d5c2eec\" data-element_type=\"section\">\n\t\t\t\t\t\t<div class=\"elementor-container elementor-column-gap-default\">\n\t\t\t\t\t<div class=\"elementor-column elementor-col-50 elementor-top-column elementor-element elementor-element-078a1cf\" data-id=\"078a1cf\" data-element_type=\"column\">\n\t\t\t<div class=\"elementor-widget-wrap elementor-element-populated\">\n\t\t\t\t\t\t<div class=\"elementor-element elementor-element-7b11eb6 elementor-widget elementor-widget-sosso-single-image\" data-id=\"7b11eb6\" data-element_type=\"widget\" data-widget_type=\"sosso-single-image.default\">\n\t\t\t\t<div class=\"elementor-widget-container\">\n\t\t\t\t\t<div class=\"klb-single-image about-info-thumb ml-30 mr-30\"><img decoding=\"async\" src=\"https:\/\/otcorganics.com\/wp-content\/uploads\/2023\/04\/Over-ons-verticaal2.jpg\" alt=\"about\"><\/div>\t\t\t\t<\/div>\n\t\t\t\t<\/div>\n\t\t\t\t\t<\/div>\n\t\t<\/div>\n\t\t\t\t<div class=\"elementor-column elementor-col-50 elementor-top-column elementor-element elementor-element-dc4b616\" data-id=\"dc4b616\" data-element_type=\"column\">\n\t\t\t<div class=\"elementor-widget-wrap elementor-element-populated\">\n\t\t\t\t\t\t<div class=\"elementor-element elementor-element-3bad455 elementor-widget elementor-widget-sosso-custom-title\" data-id=\"3bad455\" data-element_type=\"widget\" data-widget_type=\"sosso-custom-title.default\">\n\t\t\t\t<div class=\"elementor-widget-container\">\n\t\t\t\t\t<div class=\"klb-custom-title\"><span>Qui sommes-nous?<\/span><h3 class=\"title\">Nous voulons que chacun se d\u00e9veloppe gr\u00e2ce aux produits biologiques. \r\nC\u2019est notre raison d\u2019\u00eatre\u00a0!<\/h3><\/div>\t\t\t\t<\/div>\n\t\t\t\t<\/div>\n\t\t\t\t<div class=\"elementor-element elementor-element-1994d23 elementor-widget elementor-widget-text-editor\" data-id=\"1994d23\" data-element_type=\"widget\" data-widget_type=\"text-editor.default\">\n\t\t\t\t<div class=\"elementor-widget-container\">\n\t\t\t\t\t\t\t\t\t<p>Nous tenons \u00e0 des fili\u00e8res courtes, une coop\u00e9ration honn\u00eate et une s\u00e9curit\u00e9 dans l\u2019approvisionnement. C\u2019est sur ces bases que nous construisons jour apr\u00e8s jour une fili\u00e8re durable et sociale. Ainsi, chacun sait \u00e0 quoi s\u2019en tenir et obtient le juste prix\u00a0: c\u2019est ce qui nous distingue des autres.<\/p>\n\t\t\t\t\t\t\t\t<\/div>\n\t\t\t\t<\/div>\n\t\t\t\t\t<\/div>\n\t\t<\/div>\n\t\t\t\t\t<\/div>\n\t\t<\/section>\n\t\t\t\t<section class=\"elementor-section elementor-top-section elementor-element elementor-element-33f7274 elementor-section-boxed elementor-section-height-default elementor-section-height-default\" data-id=\"33f7274\" data-element_type=\"section\">\n\t\t\t\t\t\t<div class=\"elementor-container elementor-column-gap-default\">\n\t\t\t\t\t<div class=\"elementor-column elementor-col-50 elementor-top-column elementor-element elementor-element-db65bc2\" data-id=\"db65bc2\" data-element_type=\"column\">\n\t\t\t<div class=\"elementor-widget-wrap elementor-element-populated\">\n\t\t\t\t\t\t<div class=\"elementor-element elementor-element-7e129a8 elementor-widget elementor-widget-heading\" data-id=\"7e129a8\" data-element_type=\"widget\" data-widget_type=\"heading.default\">\n\t\t\t\t<div class=\"elementor-widget-container\">\n\t\t\t\t\t<h2 class=\"elementor-heading-title elementor-size-default\">Notre mission<\/h2>\t\t\t\t<\/div>\n\t\t\t\t<\/div>\n\t\t\t\t\t<\/div>\n\t\t<\/div>\n\t\t\t\t<div class=\"elementor-column elementor-col-50 elementor-top-column elementor-element elementor-element-89f2067\" data-id=\"89f2067\" data-element_type=\"column\">\n\t\t\t<div class=\"elementor-widget-wrap elementor-element-populated\">\n\t\t\t\t\t\t<div class=\"elementor-element elementor-element-a888b83 elementor-widget elementor-widget-text-editor\" data-id=\"a888b83\" data-element_type=\"widget\" data-widget_type=\"text-editor.default\">\n\t\t\t\t<div class=\"elementor-widget-container\">\n\t\t\t\t\t\t\t\t\t<p>Nous cultivons et vendons des fruits et l\u00e9gumes biologiques, durables et de la meilleure qualit\u00e9, la conscience tranquille. Nous entretenons une collaboration \u00e9troite et engag\u00e9e avec nos producteurs, qui pratiquent tous l\u2019agriculture biologique.<\/p>\n\t\t\t\t\t\t\t\t<\/div>\n\t\t\t\t<\/div>\n\t\t\t\t\t<\/div>\n\t\t<\/div>\n\t\t\t\t\t<\/div>\n\t\t<\/section>\n\t\t\t\t<section class=\"elementor-section elementor-top-section elementor-element elementor-element-2e6399b elementor-section-boxed elementor-section-height-default elementor-section-height-default\" data-id=\"2e6399b\" data-element_type=\"section\">\n\t\t\t\t\t\t<div class=\"elementor-container elementor-column-gap-default\">\n\t\t\t\t\t<div class=\"elementor-column elementor-col-50 elementor-top-column elementor-element elementor-element-1b34d43\" data-id=\"1b34d43\" data-element_type=\"column\">\n\t\t\t<div class=\"elementor-widget-wrap elementor-element-populated\">\n\t\t\t\t\t\t<div class=\"elementor-element elementor-element-3e844c1 elementor-widget elementor-widget-heading\" data-id=\"3e844c1\" data-element_type=\"widget\" data-widget_type=\"heading.default\">\n\t\t\t\t<div class=\"elementor-widget-container\">\n\t\t\t\t\t<h2 class=\"elementor-heading-title elementor-size-default\">Notre philosophie<\/h2>\t\t\t\t<\/div>\n\t\t\t\t<\/div>\n\t\t\t\t\t<\/div>\n\t\t<\/div>\n\t\t\t\t<div class=\"elementor-column elementor-col-50 elementor-top-column elementor-element elementor-element-8c347d5\" data-id=\"8c347d5\" data-element_type=\"column\">\n\t\t\t<div class=\"elementor-widget-wrap elementor-element-populated\">\n\t\t\t\t\t\t<div class=\"elementor-element elementor-element-c28844e elementor-widget elementor-widget-text-editor\" data-id=\"c28844e\" data-element_type=\"widget\" data-widget_type=\"text-editor.default\">\n\t\t\t\t<div class=\"elementor-widget-container\">\n\t\t\t\t\t\t\t\t\t<p>OTC Organics veut devenir un leader europ\u00e9en de la production et distribution de fruits et l\u00e9gumes durables et biologiques. Nous consid\u00e9rons qu\u2019il est de notre responsabilit\u00e9 de soutenir nos producteurs, fournisseurs et acheteurs de toutes les mani\u00e8res possibles et de cr\u00e9er une fili\u00e8re saine, dans laquelle tous les acteurs ont autant d\u2019importance. Nous voulons r\u00e9pondre aux attentes de toutes les parties prenantes avec int\u00e9grit\u00e9, engagement, transparence, passion et professionnalisme.<\/p>\n\t\t\t\t\t\t\t\t<\/div>\n\t\t\t\t<\/div>\n\t\t\t\t\t<\/div>\n\t\t<\/div>\n\t\t\t\t\t<\/div>\n\t\t<\/section>\n\t\t\t\t<section class=\"elementor-section elementor-top-section elementor-element elementor-element-68b66fa elementor-section-boxed elementor-section-height-default elementor-section-height-default\" data-id=\"68b66fa\" data-element_type=\"section\">\n\t\t\t\t\t\t<div class=\"elementor-container elementor-column-gap-default\">\n\t\t\t\t\t<div class=\"elementor-column elementor-col-50 elementor-top-column elementor-element elementor-element-c1c44c1\" data-id=\"c1c44c1\" data-element_type=\"column\">\n\t\t\t<div class=\"elementor-widget-wrap elementor-element-populated\">\n\t\t\t\t\t\t<div class=\"elementor-element elementor-element-cc4aa29 elementor-widget elementor-widget-heading\" data-id=\"cc4aa29\" data-element_type=\"widget\" data-widget_type=\"heading.default\">\n\t\t\t\t<div class=\"elementor-widget-container\">\n\t\t\t\t\t<h2 class=\"elementor-heading-title elementor-size-default\">Nos valeurs fondamentales<\/h2>\t\t\t\t<\/div>\n\t\t\t\t<\/div>\n\t\t\t\t\t<\/div>\n\t\t<\/div>\n\t\t\t\t<div class=\"elementor-column elementor-col-50 elementor-top-column elementor-element elementor-element-0af2c80\" data-id=\"0af2c80\" data-element_type=\"column\">\n\t\t\t<div class=\"elementor-widget-wrap elementor-element-populated\">\n\t\t\t\t\t\t<div class=\"elementor-element elementor-element-5ac6713 elementor-widget elementor-widget-text-editor\" data-id=\"5ac6713\" data-element_type=\"widget\" data-widget_type=\"text-editor.default\">\n\t\t\t\t<div class=\"elementor-widget-container\">\n\t\t\t\t\t\t\t\t\t<p>OTC Organics se fonde sur cinq valeurs fondamentales : le respect du cahier de charges biologique, la transparence, l\u2019engagement, la passion et le professionnalisme.\u00a0C\u2019est ce qui nous motive, dans toutes nos activit\u00e9s, que ce soit au sein de l\u2019organisation ou en-dehors. Nous recherchons sans cesse l\u2019\u00e9quilibre parfait dans la cha\u00eene d\u2019approvisionnement et nous traitons avec respect nos producteurs, fournisseurs, acheteurs, partenaires et collaborateurs.<\/p>\n\t\t\t\t\t\t\t\t<\/div>\n\t\t\t\t<\/div>\n\t\t\t\t\t<\/div>\n\t\t<\/div>\n\t\t\t\t\t<\/div>\n\t\t<\/section>\n\t\t\t\t<section class=\"elementor-section elementor-top-section elementor-element elementor-element-ddb9822 elementor-section-boxed elementor-section-height-default elementor-section-height-default\" data-id=\"ddb9822\" data-element_type=\"section\">\n\t\t\t\t\t\t<div class=\"elementor-container elementor-column-gap-default\">\n\t\t\t\t\t<div class=\"elementor-column elementor-col-50 elementor-top-column elementor-element elementor-element-96dc4bf\" data-id=\"96dc4bf\" data-element_type=\"column\">\n\t\t\t<div class=\"elementor-widget-wrap elementor-element-populated\">\n\t\t\t\t\t\t<div class=\"elementor-element elementor-element-4ef8269 elementor-widget elementor-widget-sosso-icon-box\" data-id=\"4ef8269\" data-element_type=\"widget\" data-widget_type=\"sosso-icon-box.default\">\n\t\t\t\t<div class=\"elementor-widget-container\">\n\t\t\t\t\t<div class=\"klb-icon-box features-items\"><div class=\"item\"><i class=\"flaticon-agriculture\"><\/i><h4 class=\"title\">Respect du cahier de charges biologique<\/h4><p><ul><li>en tant que sp\u00e9cialistes de l\u2019agriculture biologique, nous avons un sentiment de responsabilit\u00e9 vis-\u00e0-vis de notre secteur\u00a0;<\/li><li>nous contribuons au d\u00e9veloppement social et \u00e9conomique\u00a0;<\/li><li>nous travaillons avec des producteurs et des fournisseurs professionnels et fiables\u00a0;<\/li><li>nous pouvons garantir que nos produits sont 100% biologiques.<\/li><\/ul><\/p><a href=\"\" ><\/a><\/div><\/div>\t\t\t\t<\/div>\n\t\t\t\t<\/div>\n\t\t\t\t\t<\/div>\n\t\t<\/div>\n\t\t\t\t<div class=\"elementor-column elementor-col-50 elementor-top-column elementor-element elementor-element-0f1cb3a\" data-id=\"0f1cb3a\" data-element_type=\"column\">\n\t\t\t<div class=\"elementor-widget-wrap elementor-element-populated\">\n\t\t\t\t\t\t<div class=\"elementor-element elementor-element-0174ac8 elementor-widget elementor-widget-sosso-icon-box\" data-id=\"0174ac8\" data-element_type=\"widget\" data-widget_type=\"sosso-icon-box.default\">\n\t\t\t\t<div class=\"elementor-widget-container\">\n\t\t\t\t\t<div class=\"klb-icon-box features-items\"><div class=\"item\"><i class=\"flaticon-sprout\"><\/i><h4 class=\"title\">Implication<\/h4><p><ul><li>nous faisons toujours preuve de respect et nous nous encourageons mutuellement \u00e0 progresser\u00a0;\u00a0<\/li><li>nous comprenons que \u00ab\u00a0nous\u00a0\u00bb est plus important que \u00ab\u00a0moi\u00a0\u00bb\u00a0;\u00a0<\/li><li>nous consid\u00e9rons comme un sport le fait de faire attention aux d\u00e9penses\u00a0;\u00a0<\/li><li>nous travaillons avec diligence \u00e0 la r\u00e9ussite de nos producteurs, de nos fournisseurs et de nos clients.\u00a0<\/li><\/ul><\/p><a href=\"\" ><\/a><\/div><\/div>\t\t\t\t<\/div>\n\t\t\t\t<\/div>\n\t\t\t\t\t<\/div>\n\t\t<\/div>\n\t\t\t\t\t<\/div>\n\t\t<\/section>\n\t\t\t\t<section class=\"elementor-section elementor-top-section elementor-element elementor-element-30507ef elementor-section-boxed elementor-section-height-default elementor-section-height-default\" data-id=\"30507ef\" data-element_type=\"section\">\n\t\t\t\t\t\t<div class=\"elementor-container elementor-column-gap-default\">\n\t\t\t\t\t<div class=\"elementor-column elementor-col-50 elementor-top-column elementor-element elementor-element-56661dc\" data-id=\"56661dc\" data-element_type=\"column\">\n\t\t\t<div class=\"elementor-widget-wrap elementor-element-populated\">\n\t\t\t\t\t\t<div class=\"elementor-element elementor-element-2cac7e9 elementor-widget elementor-widget-sosso-icon-box\" data-id=\"2cac7e9\" data-element_type=\"widget\" data-widget_type=\"sosso-icon-box.default\">\n\t\t\t\t<div class=\"elementor-widget-container\">\n\t\t\t\t\t<div class=\"klb-icon-box features-items\"><div class=\"item\"><i class=\"flaticon-lemon\"><\/i><h4 class=\"title\">Transparence<\/h4><p><ul><li>nous attachons une grande importance \u00e0 la transparence dans nos relations commerciales\u00a0;\u00a0<\/li><li>nous partageons notre expertise dans le domaine biologique pour aider les autres\u00a0;\u00a0<\/li><li>nous disons ce que nous faisons et tenons parole.\u00a0<\/li><\/ul><\/p><a href=\"\" ><\/a><\/div><\/div>\t\t\t\t<\/div>\n\t\t\t\t<\/div>\n\t\t\t\t\t<\/div>\n\t\t<\/div>\n\t\t\t\t<div class=\"elementor-column elementor-col-50 elementor-top-column elementor-element elementor-element-93094dd\" data-id=\"93094dd\" data-element_type=\"column\">\n\t\t\t<div class=\"elementor-widget-wrap elementor-element-populated\">\n\t\t\t\t\t\t<div class=\"elementor-element elementor-element-8394d47 elementor-widget elementor-widget-sosso-icon-box\" data-id=\"8394d47\" data-element_type=\"widget\" data-widget_type=\"sosso-icon-box.default\">\n\t\t\t\t<div class=\"elementor-widget-container\">\n\t\t\t\t\t<div class=\"klb-icon-box features-items\"><div class=\"item\"><i class=\"flaticon-rice\"><\/i><h4 class=\"title\">Passion<\/h4><p><ul><li>nous sommes enthousiastes et passionn\u00e9s par tout ce que nous faisons\u00a0;\u00a0<\/li><li>nous sommes fermement attach\u00e9s \u00e0 notre m\u00e9thode de travail.\u00a0<\/li><\/ul><\/p><a href=\"\" ><\/a><\/div><\/div>\t\t\t\t<\/div>\n\t\t\t\t<\/div>\n\t\t\t\t\t<\/div>\n\t\t<\/div>\n\t\t\t\t\t<\/div>\n\t\t<\/section>\n\t\t\t\t<section class=\"elementor-section elementor-top-section elementor-element elementor-element-ea9f8b7 elementor-section-boxed elementor-section-height-default elementor-section-height-default\" data-id=\"ea9f8b7\" data-element_type=\"section\">\n\t\t\t\t\t\t<div class=\"elementor-container elementor-column-gap-default\">\n\t\t\t\t\t<div class=\"elementor-column elementor-col-50 elementor-top-column elementor-element elementor-element-1aef3d9\" data-id=\"1aef3d9\" data-element_type=\"column\">\n\t\t\t<div class=\"elementor-widget-wrap elementor-element-populated\">\n\t\t\t\t\t\t<div class=\"elementor-element elementor-element-3ee69d9 elementor-widget elementor-widget-sosso-icon-box\" data-id=\"3ee69d9\" data-element_type=\"widget\" data-widget_type=\"sosso-icon-box.default\">\n\t\t\t\t<div class=\"elementor-widget-container\">\n\t\t\t\t\t<div class=\"klb-icon-box features-items\"><div class=\"item\"><i class=\"flaticon-agriculture-1\"><\/i><h4 class=\"title\">Professionnalisme<\/h4><p><ul>\r\n \t<li>nous cherchons les solutions ;<\/li>\r\n \t<li>nous travaillons avec pr\u00e9cision au jour le jour.<\/li>\r\n<\/ul><\/p><a href=\"\" ><\/a><\/div><\/div>\t\t\t\t<\/div>\n\t\t\t\t<\/div>\n\t\t\t\t\t<\/div>\n\t\t<\/div>\n\t\t\t\t<div class=\"elementor-column elementor-col-50 elementor-top-column elementor-element elementor-element-a8860f1\" data-id=\"a8860f1\" data-element_type=\"column\">\n\t\t\t<div class=\"elementor-widget-wrap\">\n\t\t\t\t\t\t\t<\/div>\n\t\t<\/div>\n\t\t\t\t\t<\/div>\n\t\t<\/section>\n\t\t\t\t<\/div>\n\t\t","protected":false},"excerpt":{"rendered":"<p>Qui sommes-nous? Home Qui sommes-nous? Nous voulons que chacun se d\u00e9veloppe gr\u00e2ce aux produits biologiques. C\u2019est notre raison d\u2019\u00eatre\u00a0! Nous tenons \u00e0 des fili\u00e8res courtes, une coop\u00e9ration honn\u00eate et une s\u00e9curit\u00e9 dans l\u2019approvisionnement. C\u2019est sur ces bases que nous construisons jour apr\u00e8s jour une fili\u00e8re durable et sociale. Ainsi, chacun sait \u00e0 quoi s\u2019en tenir<\/p>\n<div class=\"read-more\"><a href=\"https:\/\/otcorganics.com\/fr\/qui-sommes-nous\/\"><i class=\"fal fa-arrow-right\"><\/i>En savoir plus<\/a><\/div>\n","protected":false},"author":1,"featured_media":0,"parent":0,"menu_order":0,"comment_status":"closed","ping_status":"closed","template":"","meta":{"_acf_changed":false,"footnotes":""},"class_list":["post-4100","page","type-page","status-publish","hentry"],"acf":[],"yoast_head":"<!-- This site is optimized with the Yoast SEO plugin v26.0 - https:\/\/yoast.com\/wordpress\/plugins\/seo\/ -->\n<title>Qui sommes-nous? - OTC Organics<\/title>\n<meta name=\"robots\" content=\"index, follow, max-snippet:-1, max-image-preview:large, max-video-preview:-1\" \/>\n<link rel=\"canonical\" href=\"https:\/\/otcorganics.com\/fr\/qui-sommes-nous\/\" \/>\n<meta property=\"og:locale\" content=\"fr_FR\" \/>\n<meta property=\"og:type\" content=\"article\" \/>\n<meta property=\"og:title\" content=\"Qui sommes-nous? - OTC Organics\" \/>\n<meta property=\"og:description\" content=\"Qui sommes-nous? Home Qui sommes-nous? Nous voulons que chacun se d\u00e9veloppe gr\u00e2ce aux produits biologiques. C\u2019est notre raison d\u2019\u00eatre\u00a0! Nous tenons \u00e0 des fili\u00e8res courtes, une coop\u00e9ration honn\u00eate et une s\u00e9curit\u00e9 dans l\u2019approvisionnement. C\u2019est sur ces bases que nous construisons jour apr\u00e8s jour une fili\u00e8re durable et sociale. Ainsi, chacun sait \u00e0 quoi s\u2019en tenirEn savoir plus\" \/>\n<meta property=\"og:url\" content=\"https:\/\/otcorganics.com\/fr\/qui-sommes-nous\/\" \/>\n<meta property=\"og:site_name\" content=\"OTC Organics\" \/>\n<meta property=\"article:modified_time\" content=\"2023-05-25T10:31:27+00:00\" \/>\n<meta property=\"og:image\" content=\"https:\/\/otcorganics.com\/wp-content\/uploads\/2023\/04\/Over-ons-verticaal2.jpg\" \/>\n<meta name=\"twitter:card\" content=\"summary_large_image\" \/>\n<meta name=\"twitter:label1\" content=\"Dur\u00e9e de lecture estim\u00e9e\" \/>\n\t<meta name=\"twitter:data1\" content=\"2 minutes\" \/>\n<!-- \/ Yoast SEO plugin. -->","yoast_head_json":{"title":"Qui sommes-nous? - OTC Organics","robots":{"index":"index","follow":"follow","max-snippet":"max-snippet:-1","max-image-preview":"max-image-preview:large","max-video-preview":"max-video-preview:-1"},"canonical":"https:\/\/otcorganics.com\/fr\/qui-sommes-nous\/","og_locale":"fr_FR","og_type":"article","og_title":"Qui sommes-nous? - OTC Organics","og_description":"Qui sommes-nous? Home Qui sommes-nous? Nous voulons que chacun se d\u00e9veloppe gr\u00e2ce aux produits biologiques. C\u2019est notre raison d\u2019\u00eatre\u00a0! Nous tenons \u00e0 des fili\u00e8res courtes, une coop\u00e9ration honn\u00eate et une s\u00e9curit\u00e9 dans l\u2019approvisionnement. C\u2019est sur ces bases que nous construisons jour apr\u00e8s jour une fili\u00e8re durable et sociale. Ainsi, chacun sait \u00e0 quoi s\u2019en tenirEn savoir plus","og_url":"https:\/\/otcorganics.com\/fr\/qui-sommes-nous\/","og_site_name":"OTC Organics","article_modified_time":"2023-05-25T10:31:27+00:00","og_image":[{"url":"https:\/\/otcorganics.com\/wp-content\/uploads\/2023\/04\/Over-ons-verticaal2.jpg","type":"","width":"","height":""}],"twitter_card":"summary_large_image","twitter_misc":{"Dur\u00e9e de lecture estim\u00e9e":"2 minutes"},"schema":{"@context":"https:\/\/schema.org","@graph":[{"@type":"WebPage","@id":"https:\/\/otcorganics.com\/fr\/qui-sommes-nous\/","url":"https:\/\/otcorganics.com\/fr\/qui-sommes-nous\/","name":"Qui sommes-nous? - OTC Organics","isPartOf":{"@id":"https:\/\/otcorganics.com\/fr\/#website"},"primaryImageOfPage":{"@id":"https:\/\/otcorganics.com\/fr\/qui-sommes-nous\/#primaryimage"},"image":{"@id":"https:\/\/otcorganics.com\/fr\/qui-sommes-nous\/#primaryimage"},"thumbnailUrl":"https:\/\/otcorganics.com\/wp-content\/uploads\/2023\/04\/Over-ons-verticaal2.jpg","datePublished":"2023-02-07T13:31:08+00:00","dateModified":"2023-05-25T10:31:27+00:00","breadcrumb":{"@id":"https:\/\/otcorganics.com\/fr\/qui-sommes-nous\/#breadcrumb"},"inLanguage":"fr-FR","potentialAction":[{"@type":"ReadAction","target":["https:\/\/otcorganics.com\/fr\/qui-sommes-nous\/"]}]},{"@type":"ImageObject","inLanguage":"fr-FR","@id":"https:\/\/otcorganics.com\/fr\/qui-sommes-nous\/#primaryimage","url":"https:\/\/otcorganics.com\/wp-content\/uploads\/2023\/04\/Over-ons-verticaal2.jpg","contentUrl":"https:\/\/otcorganics.com\/wp-content\/uploads\/2023\/04\/Over-ons-verticaal2.jpg"},{"@type":"BreadcrumbList","@id":"https:\/\/otcorganics.com\/fr\/qui-sommes-nous\/#breadcrumb","itemListElement":[{"@type":"ListItem","position":1,"name":"Home","item":"https:\/\/otcorganics.com\/fr\/"},{"@type":"ListItem","position":2,"name":"Qui sommes-nous?"}]},{"@type":"WebSite","@id":"https:\/\/otcorganics.com\/fr\/#website","url":"https:\/\/otcorganics.com\/fr\/","name":"OTC Organics","description":"","potentialAction":[{"@type":"SearchAction","target":{"@type":"EntryPoint","urlTemplate":"https:\/\/otcorganics.com\/fr\/?s={search_term_string}"},"query-input":{"@type":"PropertyValueSpecification","valueRequired":true,"valueName":"search_term_string"}}],"inLanguage":"fr-FR"}]}},"_links":{"self":[{"href":"https:\/\/otcorganics.com\/fr\/wp-json\/wp\/v2\/pages\/4100","targetHints":{"allow":["GET"]}}],"collection":[{"href":"https:\/\/otcorganics.com\/fr\/wp-json\/wp\/v2\/pages"}],"about":[{"href":"https:\/\/otcorganics.com\/fr\/wp-json\/wp\/v2\/types\/page"}],"author":[{"embeddable":true,"href":"https:\/\/otcorganics.com\/fr\/wp-json\/wp\/v2\/users\/1"}],"replies":[{"embeddable":true,"href":"https:\/\/otcorganics.com\/fr\/wp-json\/wp\/v2\/comments?post=4100"}],"version-history":[{"count":19,"href":"https:\/\/otcorganics.com\/fr\/wp-json\/wp\/v2\/pages\/4100\/revisions"}],"predecessor-version":[{"id":6259,"href":"https:\/\/otcorganics.com\/fr\/wp-json\/wp\/v2\/pages\/4100\/revisions\/6259"}],"wp:attachment":[{"href":"https:\/\/otcorganics.com\/fr\/wp-json\/wp\/v2\/media?parent=4100"}],"curies":[{"name":"wp","href":"https:\/\/api.w.org\/{rel}","templated":true}]}}