{"id":4106,"date":"2023-02-06T15:09:57","date_gmt":"2023-02-06T15:09:57","guid":{"rendered":"https:\/\/otcorganics.com\/les-producteurs\/"},"modified":"2023-05-16T12:44:20","modified_gmt":"2023-05-16T12:44:20","slug":"les-producteurs","status":"publish","type":"page","link":"https:\/\/otcorganics.com\/fr\/les-producteurs\/","title":{"rendered":"Producteurs"},"content":{"rendered":"\t\t<div data-elementor-type=\"wp-page\" data-elementor-id=\"4106\" class=\"elementor elementor-4106 elementor-1738\" data-elementor-post-type=\"page\">\n\t\t\t\t\t\t<section class=\"elementor-section elementor-top-section elementor-element elementor-element-0aeb097 elementor-section-full_width elementor-section-height-default elementor-section-height-default\" data-id=\"0aeb097\" data-element_type=\"section\">\n\t\t\t\t\t\t<div class=\"elementor-container elementor-column-gap-no\">\n\t\t\t\t\t<div class=\"elementor-column elementor-col-100 elementor-top-column elementor-element elementor-element-e4578ae\" data-id=\"e4578ae\" data-element_type=\"column\">\n\t\t\t<div class=\"elementor-widget-wrap elementor-element-populated\">\n\t\t\t\t\t\t<div class=\"elementor-element elementor-element-9574ee2 elementor-widget elementor-widget-sosso-breadcrumb\" data-id=\"9574ee2\" data-element_type=\"widget\" data-widget_type=\"sosso-breadcrumb.default\">\n\t\t\t\t<div class=\"elementor-widget-container\">\n\t\t\t\t\t<section class=\"page-title-area bg_cover d-flex align-items-center\" style=\"background-image: url(https:\/\/otcorganics.com\/wp-content\/uploads\/2023\/05\/Telers-header-3.jpg)\"><div class=\"container\"><div class=\"row\"><div class=\"col-lg-6\"><div class=\"page-title-content\"><h3 class=\"title\">Les producteurs<\/h3><nav aria-label=\"breadcrumb\"><nav aria-label=\"breadcrumb\"><ol class=\"breadcrumb\"><li class=\"breadcrumb-item\"><a  href=\"https:\/\/otcorganics.com\/fr\/\" title=\"Home\" rel=\"bookmark\">Home<\/a> <\/li>  <\/ol><\/nav><\/nav><\/div><\/div><\/div><\/div><\/section>\t\t\t\t<\/div>\n\t\t\t\t<\/div>\n\t\t\t\t\t<\/div>\n\t\t<\/div>\n\t\t\t\t\t<\/div>\n\t\t<\/section>\n\t\t\t\t<section class=\"elementor-section elementor-top-section elementor-element elementor-element-d5c2eec elementor-section-content-middle elementor-section-boxed elementor-section-height-default elementor-section-height-default\" data-id=\"d5c2eec\" data-element_type=\"section\">\n\t\t\t\t\t\t<div class=\"elementor-container elementor-column-gap-default\">\n\t\t\t\t\t<div class=\"elementor-column elementor-col-50 elementor-top-column elementor-element elementor-element-078a1cf\" data-id=\"078a1cf\" data-element_type=\"column\">\n\t\t\t<div class=\"elementor-widget-wrap elementor-element-populated\">\n\t\t\t\t\t\t<div class=\"elementor-element elementor-element-7b11eb6 elementor-widget elementor-widget-sosso-single-image\" data-id=\"7b11eb6\" data-element_type=\"widget\" data-widget_type=\"sosso-single-image.default\">\n\t\t\t\t<div class=\"elementor-widget-container\">\n\t\t\t\t\t<div class=\"klb-single-image about-info-thumb ml-30 mr-30\"><img decoding=\"async\" src=\"https:\/\/otcorganics.com\/wp-content\/uploads\/2023\/04\/Telers-verticaal2.jpg\" alt=\"about\"><\/div>\t\t\t\t<\/div>\n\t\t\t\t<\/div>\n\t\t\t\t\t<\/div>\n\t\t<\/div>\n\t\t\t\t<div class=\"elementor-column elementor-col-50 elementor-top-column elementor-element elementor-element-dc4b616\" data-id=\"dc4b616\" data-element_type=\"column\">\n\t\t\t<div class=\"elementor-widget-wrap elementor-element-populated\">\n\t\t\t\t\t\t<div class=\"elementor-element elementor-element-3bad455 elementor-widget elementor-widget-sosso-custom-title\" data-id=\"3bad455\" data-element_type=\"widget\" data-widget_type=\"sosso-custom-title.default\">\n\t\t\t\t<div class=\"elementor-widget-container\">\n\t\t\t\t\t<div class=\"klb-custom-title\"><span>Les producteurs<\/span><h3 class=\"title\">D\u2019innombrables pays, une m\u00eame m\u00e9thode<\/h3><\/div>\t\t\t\t<\/div>\n\t\t\t\t<\/div>\n\t\t\t\t<div class=\"elementor-element elementor-element-1994d23 elementor-widget elementor-widget-text-editor\" data-id=\"1994d23\" data-element_type=\"widget\" data-widget_type=\"text-editor.default\">\n\t\t\t\t<div class=\"elementor-widget-container\">\n\t\t\t\t\t\t\t\t\t<p style=\"font-weight: 400;\">Aux quatre coins du monde, nous collaborons avec des producteurs qui travaillent jour apr\u00e8s jour d\u2019arrache-pied pour cultiver des fruits et l\u00e9gumes biologiques d\u2019excellente qualit\u00e9. Nous accueillons volontiers l\u2019expertise de nos producteurs, et nous les aidons \u00e0 exp\u00e9dier leurs produits de mani\u00e8re responsable en Europe, pour les distribuer aux consommateurs. Avec six de ces producteurs, notre collaboration est si \u00e9troite qu\u2019on les qualifie de partenaires strat\u00e9giques.<\/p>\n<p>&nbsp;<\/p>\n<h4 style=\"font-weight: 400;\"><strong>Nous accompagnons litt\u00e9ralement nos producteurs jusque dans les champs<\/strong><\/h4>\n<p style=\"font-weight: 400;\">Notre \u00e9quipe de d\u00e9veloppement de produits se rend sur place aupr\u00e8s des producteurs du monde entier pour travailler avec eux. En collaboration avec le producteur, ils travaillent \u00e0 l\u2019am\u00e9lioration du sol si n\u00e9cessaire, \u00e0 l\u2019am\u00e9lioration des processus, \u00e0 la conformit\u00e9 aux lois et r\u00e9glementation, et \u00e0 la v\u00e9rification des \u00e9tiquettes requises par la l\u00e9gislation. En effet, les r\u00e8gles impos\u00e9es au march\u00e9 biologique sont strictes, et nous ne voulons surtout pas que des cargaisons enti\u00e8res de r\u00e9coltes soient rejet\u00e9es et d\u00e9truites \u00e0 leur arriv\u00e9e aux Pays-Bas.<\/p>\n\t\t\t\t\t\t\t\t<\/div>\n\t\t\t\t<\/div>\n\t\t\t\t\t<\/div>\n\t\t<\/div>\n\t\t\t\t\t<\/div>\n\t\t<\/section>\n\t\t\t\t<section class=\"elementor-section elementor-top-section elementor-element elementor-element-33f7274 elementor-section-boxed elementor-section-height-default elementor-section-height-default\" data-id=\"33f7274\" data-element_type=\"section\">\n\t\t\t\t\t\t<div class=\"elementor-container elementor-column-gap-default\">\n\t\t\t\t\t<div class=\"elementor-column elementor-col-50 elementor-top-column elementor-element elementor-element-db65bc2\" data-id=\"db65bc2\" data-element_type=\"column\">\n\t\t\t<div class=\"elementor-widget-wrap elementor-element-populated\">\n\t\t\t\t\t\t<div class=\"elementor-element elementor-element-7e129a8 elementor-widget elementor-widget-heading\" data-id=\"7e129a8\" data-element_type=\"widget\" data-widget_type=\"heading.default\">\n\t\t\t\t<div class=\"elementor-widget-container\">\n\t\t\t\t\t<h2 class=\"elementor-heading-title elementor-size-default\">V\u00e9rifier quand c\u2019est possible, Participer aux r\u00e9flexions quand c\u2019est permis, Intervenir quand c\u2019est n\u00e9cessaire<\/h2>\t\t\t\t<\/div>\n\t\t\t\t<\/div>\n\t\t\t\t\t<\/div>\n\t\t<\/div>\n\t\t\t\t<div class=\"elementor-column elementor-col-50 elementor-top-column elementor-element elementor-element-89f2067\" data-id=\"89f2067\" data-element_type=\"column\">\n\t\t\t<div class=\"elementor-widget-wrap elementor-element-populated\">\n\t\t\t\t\t\t<div class=\"elementor-element elementor-element-a888b83 elementor-widget elementor-widget-text-editor\" data-id=\"a888b83\" data-element_type=\"widget\" data-widget_type=\"text-editor.default\">\n\t\t\t\t<div class=\"elementor-widget-container\">\n\t\t\t\t\t\t\t\t\t<p style=\"font-weight: 400;\" data-mce-style=\"font-weight: 400;\">Nous avons une approche humaine, transparente et fond\u00e9e sur l\u2019\u00e9galit\u00e9. Nous appr\u00e9cions et respectons votre savoir-faire et votre expertise en mati\u00e8re d\u2019agriculture biologique. Gr\u00e2ce \u00e0 notre vaste r\u00e9seau europ\u00e9en et \u00e0 notre march\u00e9 de vente \u00e9tendu, nous sommes un partenaire fiable auquel vous pouvez confier vos produits en toute confiance.<\/p>\n\t\t\t\t\t\t\t\t<\/div>\n\t\t\t\t<\/div>\n\t\t\t\t\t<\/div>\n\t\t<\/div>\n\t\t\t\t\t<\/div>\n\t\t<\/section>\n\t\t\t\t<\/div>\n\t\t","protected":false},"excerpt":{"rendered":"<p>Les producteurs Home Les producteurs D\u2019innombrables pays, une m\u00eame m\u00e9thode Aux quatre coins du monde, nous collaborons avec des producteurs qui travaillent jour apr\u00e8s jour d\u2019arrache-pied pour cultiver des fruits et l\u00e9gumes biologiques d\u2019excellente qualit\u00e9. Nous accueillons volontiers l\u2019expertise de nos producteurs, et nous les aidons \u00e0 exp\u00e9dier leurs produits de mani\u00e8re responsable en Europe,<\/p>\n<div class=\"read-more\"><a href=\"https:\/\/otcorganics.com\/fr\/les-producteurs\/\"><i class=\"fal fa-arrow-right\"><\/i>En savoir plus<\/a><\/div>\n","protected":false},"author":1,"featured_media":0,"parent":0,"menu_order":0,"comment_status":"closed","ping_status":"closed","template":"","meta":{"_acf_changed":false,"footnotes":""},"class_list":["post-4106","page","type-page","status-publish","hentry"],"acf":[],"yoast_head":"<!-- This site is optimized with the Yoast SEO plugin v26.0 - https:\/\/yoast.com\/wordpress\/plugins\/seo\/ -->\n<title>Producteurs - OTC Organics<\/title>\n<meta name=\"robots\" content=\"index, follow, max-snippet:-1, max-image-preview:large, max-video-preview:-1\" \/>\n<link rel=\"canonical\" href=\"https:\/\/otcorganics.com\/fr\/les-producteurs\/\" \/>\n<meta property=\"og:locale\" content=\"fr_FR\" \/>\n<meta property=\"og:type\" content=\"article\" \/>\n<meta property=\"og:title\" content=\"Producteurs - OTC Organics\" \/>\n<meta property=\"og:description\" content=\"Les producteurs Home Les producteurs D\u2019innombrables pays, une m\u00eame m\u00e9thode Aux quatre coins du monde, nous collaborons avec des producteurs qui travaillent jour apr\u00e8s jour d\u2019arrache-pied pour cultiver des fruits et l\u00e9gumes biologiques d\u2019excellente qualit\u00e9. Nous accueillons volontiers l\u2019expertise de nos producteurs, et nous les aidons \u00e0 exp\u00e9dier leurs produits de mani\u00e8re responsable en Europe,En savoir plus\" \/>\n<meta property=\"og:url\" content=\"https:\/\/otcorganics.com\/fr\/les-producteurs\/\" \/>\n<meta property=\"og:site_name\" content=\"OTC Organics\" \/>\n<meta property=\"article:modified_time\" content=\"2023-05-16T12:44:20+00:00\" \/>\n<meta property=\"og:image\" content=\"https:\/\/otcorganics.com\/wp-content\/uploads\/2023\/04\/Telers-verticaal2.jpg\" \/>\n<meta name=\"twitter:card\" content=\"summary_large_image\" \/>\n<meta name=\"twitter:label1\" content=\"Dur\u00e9e de lecture estim\u00e9e\" \/>\n\t<meta name=\"twitter:data1\" content=\"1 minute\" \/>\n<!-- \/ Yoast SEO plugin. -->","yoast_head_json":{"title":"Producteurs - OTC Organics","robots":{"index":"index","follow":"follow","max-snippet":"max-snippet:-1","max-image-preview":"max-image-preview:large","max-video-preview":"max-video-preview:-1"},"canonical":"https:\/\/otcorganics.com\/fr\/les-producteurs\/","og_locale":"fr_FR","og_type":"article","og_title":"Producteurs - OTC Organics","og_description":"Les producteurs Home Les producteurs D\u2019innombrables pays, une m\u00eame m\u00e9thode Aux quatre coins du monde, nous collaborons avec des producteurs qui travaillent jour apr\u00e8s jour d\u2019arrache-pied pour cultiver des fruits et l\u00e9gumes biologiques d\u2019excellente qualit\u00e9. Nous accueillons volontiers l\u2019expertise de nos producteurs, et nous les aidons \u00e0 exp\u00e9dier leurs produits de mani\u00e8re responsable en Europe,En savoir plus","og_url":"https:\/\/otcorganics.com\/fr\/les-producteurs\/","og_site_name":"OTC Organics","article_modified_time":"2023-05-16T12:44:20+00:00","og_image":[{"url":"https:\/\/otcorganics.com\/wp-content\/uploads\/2023\/04\/Telers-verticaal2.jpg","type":"","width":"","height":""}],"twitter_card":"summary_large_image","twitter_misc":{"Dur\u00e9e de lecture estim\u00e9e":"1 minute"},"schema":{"@context":"https:\/\/schema.org","@graph":[{"@type":"WebPage","@id":"https:\/\/otcorganics.com\/fr\/les-producteurs\/","url":"https:\/\/otcorganics.com\/fr\/les-producteurs\/","name":"Producteurs - OTC Organics","isPartOf":{"@id":"https:\/\/otcorganics.com\/fr\/#website"},"primaryImageOfPage":{"@id":"https:\/\/otcorganics.com\/fr\/les-producteurs\/#primaryimage"},"image":{"@id":"https:\/\/otcorganics.com\/fr\/les-producteurs\/#primaryimage"},"thumbnailUrl":"https:\/\/otcorganics.com\/wp-content\/uploads\/2023\/04\/Telers-verticaal2.jpg","datePublished":"2023-02-06T15:09:57+00:00","dateModified":"2023-05-16T12:44:20+00:00","breadcrumb":{"@id":"https:\/\/otcorganics.com\/fr\/les-producteurs\/#breadcrumb"},"inLanguage":"fr-FR","potentialAction":[{"@type":"ReadAction","target":["https:\/\/otcorganics.com\/fr\/les-producteurs\/"]}]},{"@type":"ImageObject","inLanguage":"fr-FR","@id":"https:\/\/otcorganics.com\/fr\/les-producteurs\/#primaryimage","url":"https:\/\/otcorganics.com\/wp-content\/uploads\/2023\/04\/Telers-verticaal2.jpg","contentUrl":"https:\/\/otcorganics.com\/wp-content\/uploads\/2023\/04\/Telers-verticaal2.jpg"},{"@type":"BreadcrumbList","@id":"https:\/\/otcorganics.com\/fr\/les-producteurs\/#breadcrumb","itemListElement":[{"@type":"ListItem","position":1,"name":"Home","item":"https:\/\/otcorganics.com\/fr\/"},{"@type":"ListItem","position":2,"name":"Producteurs"}]},{"@type":"WebSite","@id":"https:\/\/otcorganics.com\/fr\/#website","url":"https:\/\/otcorganics.com\/fr\/","name":"OTC Organics","description":"","potentialAction":[{"@type":"SearchAction","target":{"@type":"EntryPoint","urlTemplate":"https:\/\/otcorganics.com\/fr\/?s={search_term_string}"},"query-input":{"@type":"PropertyValueSpecification","valueRequired":true,"valueName":"search_term_string"}}],"inLanguage":"fr-FR"}]}},"_links":{"self":[{"href":"https:\/\/otcorganics.com\/fr\/wp-json\/wp\/v2\/pages\/4106","targetHints":{"allow":["GET"]}}],"collection":[{"href":"https:\/\/otcorganics.com\/fr\/wp-json\/wp\/v2\/pages"}],"about":[{"href":"https:\/\/otcorganics.com\/fr\/wp-json\/wp\/v2\/types\/page"}],"author":[{"embeddable":true,"href":"https:\/\/otcorganics.com\/fr\/wp-json\/wp\/v2\/users\/1"}],"replies":[{"embeddable":true,"href":"https:\/\/otcorganics.com\/fr\/wp-json\/wp\/v2\/comments?post=4106"}],"version-history":[{"count":20,"href":"https:\/\/otcorganics.com\/fr\/wp-json\/wp\/v2\/pages\/4106\/revisions"}],"predecessor-version":[{"id":5905,"href":"https:\/\/otcorganics.com\/fr\/wp-json\/wp\/v2\/pages\/4106\/revisions\/5905"}],"wp:attachment":[{"href":"https:\/\/otcorganics.com\/fr\/wp-json\/wp\/v2\/media?parent=4106"}],"curies":[{"name":"wp","href":"https:\/\/api.w.org\/{rel}","templated":true}]}}