{"id":4118,"date":"2020-03-29T09:10:54","date_gmt":"2020-03-29T09:10:54","guid":{"rendered":"https:\/\/otcorganics.com\/les-producteurs\/partenaires-strategiques\/"},"modified":"2023-04-28T07:41:41","modified_gmt":"2023-04-28T07:41:41","slug":"partenaires-strategiques","status":"publish","type":"page","link":"https:\/\/otcorganics.com\/fr\/les-producteurs\/partenaires-strategiques\/","title":{"rendered":"Partenaires strat\u00e9giques"},"content":{"rendered":"\t\t<div data-elementor-type=\"wp-page\" data-elementor-id=\"4118\" class=\"elementor elementor-4118 elementor-886\" data-elementor-post-type=\"page\">\n\t\t\t\t\t\t<section class=\"elementor-section elementor-top-section elementor-element elementor-element-bb3165d elementor-section-boxed elementor-section-height-default elementor-section-height-default\" data-id=\"bb3165d\" data-element_type=\"section\">\n\t\t\t\t\t\t<div class=\"elementor-container elementor-column-gap-no\">\n\t\t\t\t\t<div class=\"elementor-column elementor-col-100 elementor-top-column elementor-element elementor-element-6bcc4bc\" data-id=\"6bcc4bc\" data-element_type=\"column\">\n\t\t\t<div class=\"elementor-widget-wrap elementor-element-populated\">\n\t\t\t\t\t\t<section class=\"elementor-section elementor-inner-section elementor-element elementor-element-6010ed6 elementor-section-boxed elementor-section-height-default elementor-section-height-default\" data-id=\"6010ed6\" data-element_type=\"section\">\n\t\t\t\t\t\t<div class=\"elementor-container elementor-column-gap-no\">\n\t\t\t\t\t<div class=\"elementor-column elementor-col-33 elementor-inner-column elementor-element elementor-element-5ed536a\" data-id=\"5ed536a\" data-element_type=\"column\">\n\t\t\t<div class=\"elementor-widget-wrap\">\n\t\t\t\t\t\t\t<\/div>\n\t\t<\/div>\n\t\t\t\t<div class=\"elementor-column elementor-col-33 elementor-inner-column elementor-element elementor-element-d63a41b\" data-id=\"d63a41b\" data-element_type=\"column\">\n\t\t\t<div class=\"elementor-widget-wrap elementor-element-populated\">\n\t\t\t\t\t\t<div class=\"elementor-element elementor-element-649399b elementor-widget elementor-widget-sosso-custom-title\" data-id=\"649399b\" data-element_type=\"widget\" data-widget_type=\"sosso-custom-title.default\">\n\t\t\t\t<div class=\"elementor-widget-container\">\n\t\t\t\t\t<div class=\"section-title text-center\"><span>Partenaires strat\u00e9giques<\/span><h3 class=\"title\">D\u2019innombrables pays, une m\u00eame m\u00e9thode<\/h3><\/div>\t\t\t\t<\/div>\n\t\t\t\t<\/div>\n\t\t\t\t\t<\/div>\n\t\t<\/div>\n\t\t\t\t<div class=\"elementor-column elementor-col-33 elementor-inner-column elementor-element elementor-element-a3e412e\" data-id=\"a3e412e\" data-element_type=\"column\">\n\t\t\t<div class=\"elementor-widget-wrap\">\n\t\t\t\t\t\t\t<\/div>\n\t\t<\/div>\n\t\t\t\t\t<\/div>\n\t\t<\/section>\n\t\t\t\t<section class=\"elementor-section elementor-inner-section elementor-element elementor-element-4600444 elementor-section-boxed elementor-section-height-default elementor-section-height-default\" data-id=\"4600444\" data-element_type=\"section\">\n\t\t\t\t\t\t<div class=\"elementor-container elementor-column-gap-default\">\n\t\t\t\t\t<div class=\"elementor-column elementor-col-33 elementor-inner-column elementor-element elementor-element-2ebd25a\" data-id=\"2ebd25a\" data-element_type=\"column\">\n\t\t\t<div class=\"elementor-widget-wrap\">\n\t\t\t\t\t\t\t<\/div>\n\t\t<\/div>\n\t\t\t\t<div class=\"elementor-column elementor-col-33 elementor-inner-column elementor-element elementor-element-a3ef8f7\" data-id=\"a3ef8f7\" data-element_type=\"column\">\n\t\t\t<div class=\"elementor-widget-wrap elementor-element-populated\">\n\t\t\t\t\t\t<div class=\"elementor-element elementor-element-a31c371 elementor-widget elementor-widget-text-editor\" data-id=\"a31c371\" data-element_type=\"widget\" data-widget_type=\"text-editor.default\">\n\t\t\t\t<div class=\"elementor-widget-container\">\n\t\t\t\t\t\t\t\t\t<p class=\"klb-text\">Les relations \u00e9troites que nous entretenons avec nos partenaires strat\u00e9giques nous permettent, ensemble, de v\u00e9ritablement faire la diff\u00e9rence sur le march\u00e9 de l\u2019agriculture biologique. Chacun exerce son m\u00e9tier, chacun emploie son talent \u2013 or, notre expertise est le march\u00e9 des produits bio. Nous sommes convaincus que chacun s\u2019\u00e9panouit dans le cadre de cette collaboration fructueuse. Nous aimerions vous pr\u00e9senter nos partenaires ci-dessous.<\/p>\n\t\t\t\t\t\t\t\t<\/div>\n\t\t\t\t<\/div>\n\t\t\t\t\t<\/div>\n\t\t<\/div>\n\t\t\t\t<div class=\"elementor-column elementor-col-33 elementor-inner-column elementor-element elementor-element-7298368\" data-id=\"7298368\" data-element_type=\"column\">\n\t\t\t<div class=\"elementor-widget-wrap\">\n\t\t\t\t\t\t\t<\/div>\n\t\t<\/div>\n\t\t\t\t\t<\/div>\n\t\t<\/section>\n\t\t\t\t<div class=\"elementor-element elementor-element-2139eed elementor-posts--thumbnail-top elementor-grid-3 elementor-grid-tablet-2 elementor-grid-mobile-1 elementor-widget elementor-widget-posts\" data-id=\"2139eed\" data-element_type=\"widget\" data-settings=\"{&quot;custom_columns&quot;:&quot;3&quot;,&quot;custom_columns_tablet&quot;:&quot;2&quot;,&quot;custom_columns_mobile&quot;:&quot;1&quot;,&quot;custom_row_gap&quot;:{&quot;unit&quot;:&quot;px&quot;,&quot;size&quot;:35,&quot;sizes&quot;:[]},&quot;custom_row_gap_tablet&quot;:{&quot;unit&quot;:&quot;px&quot;,&quot;size&quot;:&quot;&quot;,&quot;sizes&quot;:[]},&quot;custom_row_gap_mobile&quot;:{&quot;unit&quot;:&quot;px&quot;,&quot;size&quot;:&quot;&quot;,&quot;sizes&quot;:[]}}\" data-widget_type=\"posts.custom\">\n\t\t\t\t<div class=\"elementor-widget-container\">\n\t\t\t\t\t      <div class=\"ecs-posts elementor-posts-container elementor-posts   elementor-grid elementor-posts--skin-custom\" data-settings=\"{&quot;current_page&quot;:1,&quot;max_num_pages&quot;:0,&quot;load_method&quot;:&quot;&quot;,&quot;widget_id&quot;:&quot;2139eed&quot;,&quot;post_id&quot;:4118,&quot;theme_id&quot;:4118,&quot;change_url&quot;:false,&quot;reinit_js&quot;:false}\">\n      <div class=\"elementor-posts-nothing-found\"><\/div>\t\t<\/div>\n\t\t\t\t\t\t<\/div>\n\t\t\t\t<\/div>\n\t\t\t\t\t<\/div>\n\t\t<\/div>\n\t\t\t\t\t<\/div>\n\t\t<\/section>\n\t\t\t\t<\/div>\n\t\t","protected":false},"excerpt":{"rendered":"<p>Partenaires strat\u00e9giques D\u2019innombrables pays, une m\u00eame m\u00e9thode Les relations \u00e9troites que nous entretenons avec nos partenaires strat\u00e9giques nous permettent, ensemble, de v\u00e9ritablement faire la diff\u00e9rence sur le march\u00e9 de l\u2019agriculture biologique. Chacun exerce son m\u00e9tier, chacun emploie son talent \u2013 or, notre expertise est le march\u00e9 des produits bio. Nous sommes convaincus que chacun s\u2019\u00e9panouit<\/p>\n<div class=\"read-more\"><a href=\"https:\/\/otcorganics.com\/fr\/les-producteurs\/partenaires-strategiques\/\"><i class=\"fal fa-arrow-right\"><\/i>En savoir plus<\/a><\/div>\n","protected":false},"author":1,"featured_media":0,"parent":4106,"menu_order":0,"comment_status":"closed","ping_status":"closed","template":"","meta":{"_acf_changed":false,"footnotes":""},"class_list":["post-4118","page","type-page","status-publish","hentry"],"acf":[],"yoast_head":"<!-- This site is optimized with the Yoast SEO plugin v26.0 - https:\/\/yoast.com\/wordpress\/plugins\/seo\/ -->\n<title>Partenaires strat\u00e9giques - OTC Organics<\/title>\n<meta name=\"robots\" content=\"index, follow, max-snippet:-1, max-image-preview:large, max-video-preview:-1\" \/>\n<link rel=\"canonical\" href=\"https:\/\/otcorganics.com\/fr\/les-producteurs\/partenaires-strategiques\/\" \/>\n<meta property=\"og:locale\" content=\"fr_FR\" \/>\n<meta property=\"og:type\" content=\"article\" \/>\n<meta property=\"og:title\" content=\"Partenaires strat\u00e9giques - OTC Organics\" \/>\n<meta property=\"og:description\" content=\"Partenaires strat\u00e9giques D\u2019innombrables pays, une m\u00eame m\u00e9thode Les relations \u00e9troites que nous entretenons avec nos partenaires strat\u00e9giques nous permettent, ensemble, de v\u00e9ritablement faire la diff\u00e9rence sur le march\u00e9 de l\u2019agriculture biologique. Chacun exerce son m\u00e9tier, chacun emploie son talent \u2013 or, notre expertise est le march\u00e9 des produits bio. Nous sommes convaincus que chacun s\u2019\u00e9panouitEn savoir plus\" \/>\n<meta property=\"og:url\" content=\"https:\/\/otcorganics.com\/fr\/les-producteurs\/partenaires-strategiques\/\" \/>\n<meta property=\"og:site_name\" content=\"OTC Organics\" \/>\n<meta property=\"article:modified_time\" content=\"2023-04-28T07:41:41+00:00\" \/>\n<meta name=\"twitter:card\" content=\"summary_large_image\" \/>\n<!-- \/ Yoast SEO plugin. -->","yoast_head_json":{"title":"Partenaires strat\u00e9giques - OTC Organics","robots":{"index":"index","follow":"follow","max-snippet":"max-snippet:-1","max-image-preview":"max-image-preview:large","max-video-preview":"max-video-preview:-1"},"canonical":"https:\/\/otcorganics.com\/fr\/les-producteurs\/partenaires-strategiques\/","og_locale":"fr_FR","og_type":"article","og_title":"Partenaires strat\u00e9giques - OTC Organics","og_description":"Partenaires strat\u00e9giques D\u2019innombrables pays, une m\u00eame m\u00e9thode Les relations \u00e9troites que nous entretenons avec nos partenaires strat\u00e9giques nous permettent, ensemble, de v\u00e9ritablement faire la diff\u00e9rence sur le march\u00e9 de l\u2019agriculture biologique. Chacun exerce son m\u00e9tier, chacun emploie son talent \u2013 or, notre expertise est le march\u00e9 des produits bio. Nous sommes convaincus que chacun s\u2019\u00e9panouitEn savoir plus","og_url":"https:\/\/otcorganics.com\/fr\/les-producteurs\/partenaires-strategiques\/","og_site_name":"OTC Organics","article_modified_time":"2023-04-28T07:41:41+00:00","twitter_card":"summary_large_image","schema":{"@context":"https:\/\/schema.org","@graph":[{"@type":"WebPage","@id":"https:\/\/otcorganics.com\/fr\/les-producteurs\/partenaires-strategiques\/","url":"https:\/\/otcorganics.com\/fr\/les-producteurs\/partenaires-strategiques\/","name":"Partenaires strat\u00e9giques - OTC Organics","isPartOf":{"@id":"https:\/\/otcorganics.com\/fr\/#website"},"datePublished":"2020-03-29T09:10:54+00:00","dateModified":"2023-04-28T07:41:41+00:00","breadcrumb":{"@id":"https:\/\/otcorganics.com\/fr\/les-producteurs\/partenaires-strategiques\/#breadcrumb"},"inLanguage":"fr-FR","potentialAction":[{"@type":"ReadAction","target":["https:\/\/otcorganics.com\/fr\/les-producteurs\/partenaires-strategiques\/"]}]},{"@type":"BreadcrumbList","@id":"https:\/\/otcorganics.com\/fr\/les-producteurs\/partenaires-strategiques\/#breadcrumb","itemListElement":[{"@type":"ListItem","position":1,"name":"Home","item":"https:\/\/otcorganics.com\/fr\/"},{"@type":"ListItem","position":2,"name":"Producteurs","item":"https:\/\/otcorganics.com\/fr\/telers\/"},{"@type":"ListItem","position":3,"name":"Partenaires strat\u00e9giques"}]},{"@type":"WebSite","@id":"https:\/\/otcorganics.com\/fr\/#website","url":"https:\/\/otcorganics.com\/fr\/","name":"OTC Organics","description":"","potentialAction":[{"@type":"SearchAction","target":{"@type":"EntryPoint","urlTemplate":"https:\/\/otcorganics.com\/fr\/?s={search_term_string}"},"query-input":{"@type":"PropertyValueSpecification","valueRequired":true,"valueName":"search_term_string"}}],"inLanguage":"fr-FR"}]}},"_links":{"self":[{"href":"https:\/\/otcorganics.com\/fr\/wp-json\/wp\/v2\/pages\/4118","targetHints":{"allow":["GET"]}}],"collection":[{"href":"https:\/\/otcorganics.com\/fr\/wp-json\/wp\/v2\/pages"}],"about":[{"href":"https:\/\/otcorganics.com\/fr\/wp-json\/wp\/v2\/types\/page"}],"author":[{"embeddable":true,"href":"https:\/\/otcorganics.com\/fr\/wp-json\/wp\/v2\/users\/1"}],"replies":[{"embeddable":true,"href":"https:\/\/otcorganics.com\/fr\/wp-json\/wp\/v2\/comments?post=4118"}],"version-history":[{"count":3,"href":"https:\/\/otcorganics.com\/fr\/wp-json\/wp\/v2\/pages\/4118\/revisions"}],"predecessor-version":[{"id":4517,"href":"https:\/\/otcorganics.com\/fr\/wp-json\/wp\/v2\/pages\/4118\/revisions\/4517"}],"up":[{"embeddable":true,"href":"https:\/\/otcorganics.com\/fr\/wp-json\/wp\/v2\/pages\/4106"}],"wp:attachment":[{"href":"https:\/\/otcorganics.com\/fr\/wp-json\/wp\/v2\/media?parent=4118"}],"curies":[{"name":"wp","href":"https:\/\/api.w.org\/{rel}","templated":true}]}}