{"id":4124,"date":"2023-02-07T15:02:25","date_gmt":"2023-02-07T15:02:25","guid":{"rendered":"https:\/\/otcorganics.com\/travailler-chez-otc\/"},"modified":"2023-07-19T12:11:06","modified_gmt":"2023-07-19T12:11:06","slug":"travailler-chez-otc","status":"publish","type":"page","link":"https:\/\/otcorganics.com\/fr\/travailler-chez-otc\/","title":{"rendered":"Travailler chez OTC"},"content":{"rendered":"\t\t<div data-elementor-type=\"wp-page\" data-elementor-id=\"4124\" class=\"elementor elementor-4124 elementor-2042\" data-elementor-post-type=\"page\">\n\t\t\t\t\t\t<section class=\"elementor-section elementor-top-section elementor-element elementor-element-d5c2eec elementor-section-content-middle elementor-section-boxed elementor-section-height-default elementor-section-height-default\" data-id=\"d5c2eec\" data-element_type=\"section\">\n\t\t\t\t\t\t<div class=\"elementor-container elementor-column-gap-default\">\n\t\t\t\t\t<div class=\"elementor-column elementor-col-50 elementor-top-column elementor-element elementor-element-078a1cf\" data-id=\"078a1cf\" data-element_type=\"column\">\n\t\t\t<div class=\"elementor-widget-wrap elementor-element-populated\">\n\t\t\t\t\t\t<div class=\"elementor-element elementor-element-7b11eb6 elementor-widget elementor-widget-sosso-single-image\" data-id=\"7b11eb6\" data-element_type=\"widget\" data-widget_type=\"sosso-single-image.default\">\n\t\t\t\t<div class=\"elementor-widget-container\">\n\t\t\t\t\t<div class=\"klb-single-image about-info-thumb ml-30 mr-30\"><img decoding=\"async\" src=\"https:\/\/otcorganics.com\/wp-content\/uploads\/2023\/05\/Ontwerp-zonder-titel.png\" alt=\"about\"><\/div>\t\t\t\t<\/div>\n\t\t\t\t<\/div>\n\t\t\t\t\t<\/div>\n\t\t<\/div>\n\t\t\t\t<div class=\"elementor-column elementor-col-50 elementor-top-column elementor-element elementor-element-dc4b616\" data-id=\"dc4b616\" data-element_type=\"column\">\n\t\t\t<div class=\"elementor-widget-wrap elementor-element-populated\">\n\t\t\t\t\t\t<div class=\"elementor-element elementor-element-3bad455 elementor-widget elementor-widget-sosso-custom-title\" data-id=\"3bad455\" data-element_type=\"widget\" data-widget_type=\"sosso-custom-title.default\">\n\t\t\t\t<div class=\"elementor-widget-container\">\n\t\t\t\t\t<div class=\"klb-custom-title\"><span>Travailler chez OTC Organics<\/span><h3 class=\"title\">Nous contribuons \u00e0 un monde meilleur. Vous avez envie de participer\u00a0?<\/h3><\/div>\t\t\t\t<\/div>\n\t\t\t\t<\/div>\n\t\t\t\t<div class=\"elementor-element elementor-element-1994d23 elementor-widget elementor-widget-text-editor\" data-id=\"1994d23\" data-element_type=\"widget\" data-widget_type=\"text-editor.default\">\n\t\t\t\t<div class=\"elementor-widget-container\">\n\t\t\t\t\t\t\t\t\t<p>Avec quelque 40 employ\u00e9s \u00e0 Dronten et Poeldijk, nous nous consacrons jour apr\u00e8s jour \u00e0 notre mission commune : rendre le monde meilleur, gr\u00e2ce \u00e0 des fruits et l\u00e9gumes biologiques produits et fournis avec \u00e9quit\u00e9. Nous ne sommes pas des fanatiques de l\u2019autorit\u00e9 : il r\u00e8gne une atmosph\u00e8re d\u00e9tendue au sein de notre groupe de coll\u00e8gues aux profils tr\u00e8s divers. Cela va de jeunes d\u2019une vingtaine d\u2019ann\u00e9es qui d\u00e9butent avec nous aux employ\u00e9s qui travaillent pour OTC Organics depuis sa cr\u00e9ation. Impliqu\u00e9s et passionn\u00e9s, notre objectif est de continuer ensemble \u00e0 d\u00e9velopper OTC Organics.<\/p>\n<p>&nbsp;<\/p>\n<p>Notre culture d\u2019entreprise a pour ma\u00eetre mot la transparence. Nous sommes engag\u00e9s, nous travaillons avec passion et nous aimons mettre la main \u00e0 la p\u00e2te, sans jamais n\u00e9gliger de prendre des nouvelles des autres \u00e0 la machine \u00e0 caf\u00e9. Et on ne se refuse pas une partie de baby-foot ou un jeu collectif de temps en temps !<\/p>\n<p>&nbsp;<\/p>\n<p>Vous souhaitez rejoindre notre \u00e9quipe ? Alors bloquez le premier week-end d\u2019octobre dans votre agenda, car nous partirons tous en excursion ensemble ! Notre association du personnel offre en outre un copieux d\u00e9jeuner commun tous les midis, et nous organisons r\u00e9guli\u00e8rement des activit\u00e9s telles que des soir\u00e9es quizz au pub, des barbecues et d\u2019autres f\u00eates, parce que le travail doit aussi \u00eatre amusant !<\/p>\n\t\t\t\t\t\t\t\t<\/div>\n\t\t\t\t<\/div>\n\t\t\t\t<div class=\"elementor-element elementor-element-d88e652 elementor-widget elementor-widget-button\" data-id=\"d88e652\" data-element_type=\"widget\" data-widget_type=\"button.default\">\n\t\t\t\t<div class=\"elementor-widget-container\">\n\t\t\t\t\t\t\t\t\t<div class=\"elementor-button-wrapper\">\n\t\t\t\t\t<a class=\"elementor-button elementor-button-link elementor-size-sm\" href=\"https:\/\/otcorganics.com\/fr\/travailler-chez-otc\/offres-demploi\/\">\n\t\t\t\t\t\t<span class=\"elementor-button-content-wrapper\">\n\t\t\t\t\t\t<span class=\"elementor-button-icon\">\n\t\t\t\t<i aria-hidden=\"true\" class=\"fas fa-plus\"><\/i>\t\t\t<\/span>\n\t\t\t\t\t\t\t\t\t<span class=\"elementor-button-text\">Offres d\u2019emploi<\/span>\n\t\t\t\t\t<\/span>\n\t\t\t\t\t<\/a>\n\t\t\t\t<\/div>\n\t\t\t\t\t\t\t\t<\/div>\n\t\t\t\t<\/div>\n\t\t\t\t\t<\/div>\n\t\t<\/div>\n\t\t\t\t\t<\/div>\n\t\t<\/section>\n\t\t\t\t<section class=\"elementor-section elementor-top-section elementor-element elementor-element-992f882 elementor-section-boxed elementor-section-height-default elementor-section-height-default\" data-id=\"992f882\" data-element_type=\"section\">\n\t\t\t\t\t\t<div class=\"elementor-container elementor-column-gap-default\">\n\t\t\t\t\t<div class=\"elementor-column elementor-col-100 elementor-top-column elementor-element elementor-element-f500125\" data-id=\"f500125\" data-element_type=\"column\">\n\t\t\t<div class=\"elementor-widget-wrap elementor-element-populated\">\n\t\t\t\t\t\t<div class=\"elementor-element elementor-element-1888230 elementor-widget elementor-widget-gallery\" data-id=\"1888230\" data-element_type=\"widget\" data-settings=\"{&quot;aspect_ratio&quot;:&quot;1:1&quot;,&quot;lazyload&quot;:&quot;yes&quot;,&quot;gallery_layout&quot;:&quot;grid&quot;,&quot;columns&quot;:4,&quot;columns_tablet&quot;:2,&quot;columns_mobile&quot;:1,&quot;gap&quot;:{&quot;unit&quot;:&quot;px&quot;,&quot;size&quot;:10,&quot;sizes&quot;:[]},&quot;gap_tablet&quot;:{&quot;unit&quot;:&quot;px&quot;,&quot;size&quot;:10,&quot;sizes&quot;:[]},&quot;gap_mobile&quot;:{&quot;unit&quot;:&quot;px&quot;,&quot;size&quot;:10,&quot;sizes&quot;:[]},&quot;link_to&quot;:&quot;file&quot;,&quot;content_hover_animation&quot;:&quot;fade-in&quot;}\" data-widget_type=\"gallery.default\">\n\t\t\t\t<div class=\"elementor-widget-container\">\n\t\t\t\t\t\t\t\t<div class=\"elementor-gallery__titles-container e--pointer-underline e--animation-fade\" aria-label=\"Filtre de galerie\">\n\t\t\t\t\n\t\t\t\t\t\t\t\t\t<a class=\"elementor-item elementor-gallery-title\" role=\"button\" tabindex=\"0\" data-gallery-index=\"0\">\n\t\t\t\t\t\t\t\t\t\t\t<\/a>\n\t\t\t\t\t\t\t\t<\/div>\n\t\t\t\t\t<div class=\"elementor-gallery__container\">\n\t\t\t\t\t\t\t<a class=\"e-gallery-item elementor-gallery-item elementor-animated-content\" data-e-gallery-tags=\"0\" href=\"https:\/\/otcorganics.com\/wp-content\/uploads\/2023\/05\/Ontwerp-zonder-titel.jpg\" data-elementor-open-lightbox=\"yes\" data-elementor-lightbox-slideshow=\"1888230\" data-elementor-lightbox-title=\"01-werken bij otc\" data-e-action-hash=\"#elementor-action%3Aaction%3Dlightbox%26settings%3DeyJpZCI6NTA5MywidXJsIjoiaHR0cHM6XC9cL290Y29yZ2FuaWNzLmNvbVwvd3AtY29udGVudFwvdXBsb2Fkc1wvMjAyM1wvMDVcL09udHdlcnAtem9uZGVyLXRpdGVsLmpwZyIsInNsaWRlc2hvdyI6IjE4ODgyMzAifQ%3D%3D\">\n\t\t\t\t\t<div class=\"e-gallery-image elementor-gallery-item__image\" data-thumbnail=\"https:\/\/otcorganics.com\/wp-content\/uploads\/2023\/05\/Ontwerp-zonder-titel-300x300.jpg\" data-width=\"300\" data-height=\"300\" aria-label=\"\" role=\"img\" ><\/div>\n\t\t\t\t\t\t\t\t\t\t\t\t\t\t<\/a>\n\t\t\t\t\t\t\t<a class=\"e-gallery-item elementor-gallery-item elementor-animated-content\" data-e-gallery-tags=\"0\" href=\"https:\/\/otcorganics.com\/wp-content\/uploads\/2023\/07\/werken-bij-otc-3.png\" data-elementor-open-lightbox=\"yes\" data-elementor-lightbox-slideshow=\"1888230\" data-elementor-lightbox-title=\"02-werken bij otc\" data-e-action-hash=\"#elementor-action%3Aaction%3Dlightbox%26settings%3DeyJpZCI6NjU5NCwidXJsIjoiaHR0cHM6XC9cL290Y29yZ2FuaWNzLmNvbVwvd3AtY29udGVudFwvdXBsb2Fkc1wvMjAyM1wvMDdcL3dlcmtlbi1iaWotb3RjLTMucG5nIiwic2xpZGVzaG93IjoiMTg4ODIzMCJ9\">\n\t\t\t\t\t<div class=\"e-gallery-image elementor-gallery-item__image\" data-thumbnail=\"https:\/\/otcorganics.com\/wp-content\/uploads\/2023\/07\/werken-bij-otc-3-300x300.png\" data-width=\"300\" data-height=\"300\" aria-label=\"\" role=\"img\" ><\/div>\n\t\t\t\t\t\t\t\t\t\t\t\t\t\t<\/a>\n\t\t\t\t\t\t\t<a class=\"e-gallery-item elementor-gallery-item elementor-animated-content\" data-e-gallery-tags=\"0\" href=\"https:\/\/otcorganics.com\/wp-content\/uploads\/2023\/05\/Ontwerp-zonder-titel-2.jpg\" data-elementor-open-lightbox=\"yes\" data-elementor-lightbox-slideshow=\"1888230\" data-elementor-lightbox-title=\"03-werken bij otc\" data-e-action-hash=\"#elementor-action%3Aaction%3Dlightbox%26settings%3DeyJpZCI6NTEwMywidXJsIjoiaHR0cHM6XC9cL290Y29yZ2FuaWNzLmNvbVwvd3AtY29udGVudFwvdXBsb2Fkc1wvMjAyM1wvMDVcL09udHdlcnAtem9uZGVyLXRpdGVsLTIuanBnIiwic2xpZGVzaG93IjoiMTg4ODIzMCJ9\">\n\t\t\t\t\t<div class=\"e-gallery-image elementor-gallery-item__image\" data-thumbnail=\"https:\/\/otcorganics.com\/wp-content\/uploads\/2023\/05\/Ontwerp-zonder-titel-2-300x300.jpg\" data-width=\"300\" data-height=\"300\" aria-label=\"\" role=\"img\" ><\/div>\n\t\t\t\t\t\t\t\t\t\t\t\t\t\t<\/a>\n\t\t\t\t\t\t\t<a class=\"e-gallery-item elementor-gallery-item elementor-animated-content\" data-e-gallery-tags=\"0\" href=\"https:\/\/otcorganics.com\/wp-content\/uploads\/2023\/05\/Ontwerp-zonder-titel-1.jpg\" data-elementor-open-lightbox=\"yes\" data-elementor-lightbox-slideshow=\"1888230\" data-elementor-lightbox-title=\"04-werken bij otc\" data-e-action-hash=\"#elementor-action%3Aaction%3Dlightbox%26settings%3DeyJpZCI6NTA5OCwidXJsIjoiaHR0cHM6XC9cL290Y29yZ2FuaWNzLmNvbVwvd3AtY29udGVudFwvdXBsb2Fkc1wvMjAyM1wvMDVcL09udHdlcnAtem9uZGVyLXRpdGVsLTEuanBnIiwic2xpZGVzaG93IjoiMTg4ODIzMCJ9\">\n\t\t\t\t\t<div class=\"e-gallery-image elementor-gallery-item__image\" data-thumbnail=\"https:\/\/otcorganics.com\/wp-content\/uploads\/2023\/05\/Ontwerp-zonder-titel-1-300x300.jpg\" data-width=\"300\" data-height=\"300\" aria-label=\"\" role=\"img\" ><\/div>\n\t\t\t\t\t\t\t\t\t\t\t\t\t\t<\/a>\n\t\t\t\t\t\t\t<a class=\"e-gallery-item elementor-gallery-item elementor-animated-content\" data-e-gallery-tags=\"0\" href=\"https:\/\/otcorganics.com\/wp-content\/uploads\/2023\/05\/werken-bij-otc.jpg\" data-elementor-open-lightbox=\"yes\" data-elementor-lightbox-slideshow=\"1888230\" data-elementor-lightbox-title=\"05-werken bij otc\" data-e-action-hash=\"#elementor-action%3Aaction%3Dlightbox%26settings%3DeyJpZCI6NTEwOCwidXJsIjoiaHR0cHM6XC9cL290Y29yZ2FuaWNzLmNvbVwvd3AtY29udGVudFwvdXBsb2Fkc1wvMjAyM1wvMDVcL3dlcmtlbi1iaWotb3RjLmpwZyIsInNsaWRlc2hvdyI6IjE4ODgyMzAifQ%3D%3D\">\n\t\t\t\t\t<div class=\"e-gallery-image elementor-gallery-item__image\" data-thumbnail=\"https:\/\/otcorganics.com\/wp-content\/uploads\/2023\/05\/werken-bij-otc-300x300.jpg\" data-width=\"300\" data-height=\"300\" aria-label=\"\" role=\"img\" ><\/div>\n\t\t\t\t\t\t\t\t\t\t\t\t\t\t<\/a>\n\t\t\t\t\t\t\t<a class=\"e-gallery-item elementor-gallery-item elementor-animated-content\" data-e-gallery-tags=\"0\" href=\"https:\/\/otcorganics.com\/wp-content\/uploads\/2023\/07\/werken-bij-otc.png\" data-elementor-open-lightbox=\"yes\" data-elementor-lightbox-slideshow=\"1888230\" data-elementor-lightbox-title=\"06-werken bij otc\" data-e-action-hash=\"#elementor-action%3Aaction%3Dlightbox%26settings%3DeyJpZCI6NjU1OCwidXJsIjoiaHR0cHM6XC9cL290Y29yZ2FuaWNzLmNvbVwvd3AtY29udGVudFwvdXBsb2Fkc1wvMjAyM1wvMDdcL3dlcmtlbi1iaWotb3RjLnBuZyIsInNsaWRlc2hvdyI6IjE4ODgyMzAifQ%3D%3D\">\n\t\t\t\t\t<div class=\"e-gallery-image elementor-gallery-item__image\" data-thumbnail=\"https:\/\/otcorganics.com\/wp-content\/uploads\/2023\/07\/werken-bij-otc-300x300.png\" data-width=\"300\" data-height=\"300\" aria-label=\"\" role=\"img\" ><\/div>\n\t\t\t\t\t\t\t\t\t\t\t\t\t\t<\/a>\n\t\t\t\t\t\t\t<a class=\"e-gallery-item elementor-gallery-item elementor-animated-content\" data-e-gallery-tags=\"0\" href=\"https:\/\/otcorganics.com\/wp-content\/uploads\/2023\/07\/werken-bij-otc-1.png\" data-elementor-open-lightbox=\"yes\" data-elementor-lightbox-slideshow=\"1888230\" data-elementor-lightbox-title=\"07-werken bij otc\" data-e-action-hash=\"#elementor-action%3Aaction%3Dlightbox%26settings%3DeyJpZCI6NjU3MCwidXJsIjoiaHR0cHM6XC9cL290Y29yZ2FuaWNzLmNvbVwvd3AtY29udGVudFwvdXBsb2Fkc1wvMjAyM1wvMDdcL3dlcmtlbi1iaWotb3RjLTEucG5nIiwic2xpZGVzaG93IjoiMTg4ODIzMCJ9\">\n\t\t\t\t\t<div class=\"e-gallery-image elementor-gallery-item__image\" data-thumbnail=\"https:\/\/otcorganics.com\/wp-content\/uploads\/2023\/07\/werken-bij-otc-1-300x300.png\" data-width=\"300\" data-height=\"300\" aria-label=\"\" role=\"img\" ><\/div>\n\t\t\t\t\t\t\t\t\t\t\t\t\t\t<\/a>\n\t\t\t\t\t\t\t<a class=\"e-gallery-item elementor-gallery-item elementor-animated-content\" data-e-gallery-tags=\"0\" href=\"https:\/\/otcorganics.com\/wp-content\/uploads\/2023\/07\/werken-bij-otc-5.png\" data-elementor-open-lightbox=\"yes\" data-elementor-lightbox-slideshow=\"1888230\" data-elementor-lightbox-title=\"08-werken bij otc\" data-e-action-hash=\"#elementor-action%3Aaction%3Dlightbox%26settings%3DeyJpZCI6NjYwNywidXJsIjoiaHR0cHM6XC9cL290Y29yZ2FuaWNzLmNvbVwvd3AtY29udGVudFwvdXBsb2Fkc1wvMjAyM1wvMDdcL3dlcmtlbi1iaWotb3RjLTUucG5nIiwic2xpZGVzaG93IjoiMTg4ODIzMCJ9\">\n\t\t\t\t\t<div class=\"e-gallery-image elementor-gallery-item__image\" data-thumbnail=\"https:\/\/otcorganics.com\/wp-content\/uploads\/2023\/07\/werken-bij-otc-5-300x300.png\" data-width=\"300\" data-height=\"300\" aria-label=\"\" role=\"img\" ><\/div>\n\t\t\t\t\t\t\t\t\t\t\t\t\t\t<\/a>\n\t\t\t\t\t<\/div>\n\t\t\t\t\t<\/div>\n\t\t\t\t<\/div>\n\t\t\t\t\t<\/div>\n\t\t<\/div>\n\t\t\t\t\t<\/div>\n\t\t<\/section>\n\t\t\t\t<\/div>\n\t\t","protected":false},"excerpt":{"rendered":"<p>Travailler chez OTC Organics Nous contribuons \u00e0 un monde meilleur. Vous avez envie de participer\u00a0? Avec quelque 40 employ\u00e9s \u00e0 Dronten et Poeldijk, nous nous consacrons jour apr\u00e8s jour \u00e0 notre mission commune : rendre le monde meilleur, gr\u00e2ce \u00e0 des fruits et l\u00e9gumes biologiques produits et fournis avec \u00e9quit\u00e9. Nous ne sommes pas des<\/p>\n<div class=\"read-more\"><a href=\"https:\/\/otcorganics.com\/fr\/travailler-chez-otc\/\"><i class=\"fal fa-arrow-right\"><\/i>En savoir plus<\/a><\/div>\n","protected":false},"author":1,"featured_media":0,"parent":0,"menu_order":0,"comment_status":"closed","ping_status":"closed","template":"","meta":{"_acf_changed":false,"footnotes":""},"class_list":["post-4124","page","type-page","status-publish","hentry"],"acf":[],"yoast_head":"<!-- This site is optimized with the Yoast SEO plugin v26.0 - https:\/\/yoast.com\/wordpress\/plugins\/seo\/ -->\n<title>Travailler chez OTC - OTC Organics<\/title>\n<meta name=\"robots\" content=\"index, follow, max-snippet:-1, max-image-preview:large, max-video-preview:-1\" \/>\n<link rel=\"canonical\" href=\"https:\/\/otcorganics.com\/fr\/travailler-chez-otc\/\" \/>\n<meta property=\"og:locale\" content=\"fr_FR\" \/>\n<meta property=\"og:type\" content=\"article\" \/>\n<meta property=\"og:title\" content=\"Travailler chez OTC - OTC Organics\" \/>\n<meta property=\"og:description\" content=\"Travailler chez OTC Organics Nous contribuons \u00e0 un monde meilleur. Vous avez envie de participer\u00a0? Avec quelque 40 employ\u00e9s \u00e0 Dronten et Poeldijk, nous nous consacrons jour apr\u00e8s jour \u00e0 notre mission commune : rendre le monde meilleur, gr\u00e2ce \u00e0 des fruits et l\u00e9gumes biologiques produits et fournis avec \u00e9quit\u00e9. Nous ne sommes pas desEn savoir plus\" \/>\n<meta property=\"og:url\" content=\"https:\/\/otcorganics.com\/fr\/travailler-chez-otc\/\" \/>\n<meta property=\"og:site_name\" content=\"OTC Organics\" \/>\n<meta property=\"article:modified_time\" content=\"2023-07-19T12:11:06+00:00\" \/>\n<meta property=\"og:image\" content=\"https:\/\/otcorganics.com\/wp-content\/uploads\/2023\/05\/Ontwerp-zonder-titel.png\" \/>\n<meta name=\"twitter:card\" content=\"summary_large_image\" \/>\n<meta name=\"twitter:label1\" content=\"Dur\u00e9e de lecture estim\u00e9e\" \/>\n\t<meta name=\"twitter:data1\" content=\"1 minute\" \/>\n<!-- \/ Yoast SEO plugin. -->","yoast_head_json":{"title":"Travailler chez OTC - OTC Organics","robots":{"index":"index","follow":"follow","max-snippet":"max-snippet:-1","max-image-preview":"max-image-preview:large","max-video-preview":"max-video-preview:-1"},"canonical":"https:\/\/otcorganics.com\/fr\/travailler-chez-otc\/","og_locale":"fr_FR","og_type":"article","og_title":"Travailler chez OTC - OTC Organics","og_description":"Travailler chez OTC Organics Nous contribuons \u00e0 un monde meilleur. Vous avez envie de participer\u00a0? Avec quelque 40 employ\u00e9s \u00e0 Dronten et Poeldijk, nous nous consacrons jour apr\u00e8s jour \u00e0 notre mission commune : rendre le monde meilleur, gr\u00e2ce \u00e0 des fruits et l\u00e9gumes biologiques produits et fournis avec \u00e9quit\u00e9. Nous ne sommes pas desEn savoir plus","og_url":"https:\/\/otcorganics.com\/fr\/travailler-chez-otc\/","og_site_name":"OTC Organics","article_modified_time":"2023-07-19T12:11:06+00:00","og_image":[{"url":"https:\/\/otcorganics.com\/wp-content\/uploads\/2023\/05\/Ontwerp-zonder-titel.png","type":"","width":"","height":""}],"twitter_card":"summary_large_image","twitter_misc":{"Dur\u00e9e de lecture estim\u00e9e":"1 minute"},"schema":{"@context":"https:\/\/schema.org","@graph":[{"@type":"WebPage","@id":"https:\/\/otcorganics.com\/fr\/travailler-chez-otc\/","url":"https:\/\/otcorganics.com\/fr\/travailler-chez-otc\/","name":"Travailler chez OTC - OTC Organics","isPartOf":{"@id":"https:\/\/otcorganics.com\/fr\/#website"},"primaryImageOfPage":{"@id":"https:\/\/otcorganics.com\/fr\/travailler-chez-otc\/#primaryimage"},"image":{"@id":"https:\/\/otcorganics.com\/fr\/travailler-chez-otc\/#primaryimage"},"thumbnailUrl":"https:\/\/otcorganics.com\/wp-content\/uploads\/2023\/05\/Ontwerp-zonder-titel.png","datePublished":"2023-02-07T15:02:25+00:00","dateModified":"2023-07-19T12:11:06+00:00","breadcrumb":{"@id":"https:\/\/otcorganics.com\/fr\/travailler-chez-otc\/#breadcrumb"},"inLanguage":"fr-FR","potentialAction":[{"@type":"ReadAction","target":["https:\/\/otcorganics.com\/fr\/travailler-chez-otc\/"]}]},{"@type":"ImageObject","inLanguage":"fr-FR","@id":"https:\/\/otcorganics.com\/fr\/travailler-chez-otc\/#primaryimage","url":"https:\/\/otcorganics.com\/wp-content\/uploads\/2023\/05\/Ontwerp-zonder-titel.png","contentUrl":"https:\/\/otcorganics.com\/wp-content\/uploads\/2023\/05\/Ontwerp-zonder-titel.png"},{"@type":"BreadcrumbList","@id":"https:\/\/otcorganics.com\/fr\/travailler-chez-otc\/#breadcrumb","itemListElement":[{"@type":"ListItem","position":1,"name":"Home","item":"https:\/\/otcorganics.com\/fr\/"},{"@type":"ListItem","position":2,"name":"Travailler chez OTC"}]},{"@type":"WebSite","@id":"https:\/\/otcorganics.com\/fr\/#website","url":"https:\/\/otcorganics.com\/fr\/","name":"OTC Organics","description":"","potentialAction":[{"@type":"SearchAction","target":{"@type":"EntryPoint","urlTemplate":"https:\/\/otcorganics.com\/fr\/?s={search_term_string}"},"query-input":{"@type":"PropertyValueSpecification","valueRequired":true,"valueName":"search_term_string"}}],"inLanguage":"fr-FR"}]}},"_links":{"self":[{"href":"https:\/\/otcorganics.com\/fr\/wp-json\/wp\/v2\/pages\/4124","targetHints":{"allow":["GET"]}}],"collection":[{"href":"https:\/\/otcorganics.com\/fr\/wp-json\/wp\/v2\/pages"}],"about":[{"href":"https:\/\/otcorganics.com\/fr\/wp-json\/wp\/v2\/types\/page"}],"author":[{"embeddable":true,"href":"https:\/\/otcorganics.com\/fr\/wp-json\/wp\/v2\/users\/1"}],"replies":[{"embeddable":true,"href":"https:\/\/otcorganics.com\/fr\/wp-json\/wp\/v2\/comments?post=4124"}],"version-history":[{"count":19,"href":"https:\/\/otcorganics.com\/fr\/wp-json\/wp\/v2\/pages\/4124\/revisions"}],"predecessor-version":[{"id":6632,"href":"https:\/\/otcorganics.com\/fr\/wp-json\/wp\/v2\/pages\/4124\/revisions\/6632"}],"wp:attachment":[{"href":"https:\/\/otcorganics.com\/fr\/wp-json\/wp\/v2\/media?parent=4124"}],"curies":[{"name":"wp","href":"https:\/\/api.w.org\/{rel}","templated":true}]}}