{"id":1981,"date":"2023-02-07T14:21:00","date_gmt":"2023-02-07T14:21:00","guid":{"rendered":"https:\/\/otcorganics.com\/?page_id=1981"},"modified":"2023-05-24T12:06:56","modified_gmt":"2023-05-24T12:06:56","slug":"lidmaatschappen","status":"publish","type":"page","link":"https:\/\/otcorganics.com\/nl\/over-ons\/lidmaatschappen\/","title":{"rendered":"Lidmaatschappen"},"content":{"rendered":"\t\t<div data-elementor-type=\"wp-page\" data-elementor-id=\"1981\" class=\"elementor elementor-1981\" data-elementor-post-type=\"page\">\n\t\t\t\t\t\t<section class=\"elementor-section elementor-top-section elementor-element elementor-element-bb3165d elementor-section-boxed elementor-section-height-default elementor-section-height-default\" data-id=\"bb3165d\" data-element_type=\"section\">\n\t\t\t\t\t\t<div class=\"elementor-container elementor-column-gap-no\">\n\t\t\t\t\t<div class=\"elementor-column elementor-col-100 elementor-top-column elementor-element elementor-element-6bcc4bc\" data-id=\"6bcc4bc\" data-element_type=\"column\">\n\t\t\t<div class=\"elementor-widget-wrap elementor-element-populated\">\n\t\t\t\t\t\t<section class=\"elementor-section elementor-inner-section elementor-element elementor-element-6010ed6 elementor-section-boxed elementor-section-height-default elementor-section-height-default\" data-id=\"6010ed6\" data-element_type=\"section\">\n\t\t\t\t\t\t<div class=\"elementor-container elementor-column-gap-no\">\n\t\t\t\t\t<div class=\"elementor-column elementor-col-33 elementor-inner-column elementor-element elementor-element-5ed536a\" data-id=\"5ed536a\" data-element_type=\"column\">\n\t\t\t<div class=\"elementor-widget-wrap\">\n\t\t\t\t\t\t\t<\/div>\n\t\t<\/div>\n\t\t\t\t<div class=\"elementor-column elementor-col-33 elementor-inner-column elementor-element elementor-element-d63a41b\" data-id=\"d63a41b\" data-element_type=\"column\">\n\t\t\t<div class=\"elementor-widget-wrap elementor-element-populated\">\n\t\t\t\t\t\t<div class=\"elementor-element elementor-element-649399b elementor-widget elementor-widget-sosso-custom-title\" data-id=\"649399b\" data-element_type=\"widget\" data-widget_type=\"sosso-custom-title.default\">\n\t\t\t\t<div class=\"elementor-widget-container\">\n\t\t\t\t\t<div class=\"section-title text-center\"><span>Lidmaatschappen<\/span><h3 class=\"title\">De handen ineen met brancheorganisaties<\/h3><\/div>\t\t\t\t<\/div>\n\t\t\t\t<\/div>\n\t\t\t\t\t<\/div>\n\t\t<\/div>\n\t\t\t\t<div class=\"elementor-column elementor-col-33 elementor-inner-column elementor-element elementor-element-a3e412e\" data-id=\"a3e412e\" data-element_type=\"column\">\n\t\t\t<div class=\"elementor-widget-wrap\">\n\t\t\t\t\t\t\t<\/div>\n\t\t<\/div>\n\t\t\t\t\t<\/div>\n\t\t<\/section>\n\t\t\t\t<section class=\"elementor-section elementor-inner-section elementor-element elementor-element-4600444 elementor-section-boxed elementor-section-height-default elementor-section-height-default\" data-id=\"4600444\" data-element_type=\"section\">\n\t\t\t\t\t\t<div class=\"elementor-container elementor-column-gap-default\">\n\t\t\t\t\t<div class=\"elementor-column elementor-col-33 elementor-inner-column elementor-element elementor-element-2ebd25a\" data-id=\"2ebd25a\" data-element_type=\"column\">\n\t\t\t<div class=\"elementor-widget-wrap\">\n\t\t\t\t\t\t\t<\/div>\n\t\t<\/div>\n\t\t\t\t<div class=\"elementor-column elementor-col-33 elementor-inner-column elementor-element elementor-element-a3ef8f7\" data-id=\"a3ef8f7\" data-element_type=\"column\">\n\t\t\t<div class=\"elementor-widget-wrap elementor-element-populated\">\n\t\t\t\t\t\t<div class=\"elementor-element elementor-element-a31c371 elementor-widget elementor-widget-text-editor\" data-id=\"a31c371\" data-element_type=\"widget\" data-widget_type=\"text-editor.default\">\n\t\t\t\t<div class=\"elementor-widget-container\">\n\t\t\t\t\t\t\t\t\t<p>Bij OTC Organics geloven we dat we samen sterker staan. Daarom hebben we niet alleen de handen ineengeslagen met onze klanten, strategische partners en samenwerkingspartners, maar zijn we ook lid van enkele belangrijke kennisverenigingen en belangenbehartigers binnen onze branche.<\/p>\t\t\t\t\t\t\t\t<\/div>\n\t\t\t\t<\/div>\n\t\t\t\t\t<\/div>\n\t\t<\/div>\n\t\t\t\t<div class=\"elementor-column elementor-col-33 elementor-inner-column elementor-element elementor-element-7298368\" data-id=\"7298368\" data-element_type=\"column\">\n\t\t\t<div class=\"elementor-widget-wrap\">\n\t\t\t\t\t\t\t<\/div>\n\t\t<\/div>\n\t\t\t\t\t<\/div>\n\t\t<\/section>\n\t\t\t\t<section class=\"elementor-section elementor-inner-section elementor-element elementor-element-3ac0d71 elementor-section-boxed elementor-section-height-default elementor-section-height-default\" data-id=\"3ac0d71\" data-element_type=\"section\">\n\t\t\t\t\t\t<div class=\"elementor-container elementor-column-gap-default\">\n\t\t\t\t\t<div class=\"elementor-column elementor-col-100 elementor-inner-column elementor-element elementor-element-adaf11e\" data-id=\"adaf11e\" data-element_type=\"column\">\n\t\t\t<div class=\"elementor-widget-wrap elementor-element-populated\">\n\t\t\t\t\t\t<div class=\"elementor-element elementor-element-66e20d7 elementor-posts--thumbnail-top elementor-grid-3 elementor-grid-tablet-2 elementor-grid-mobile-1 elementor-widget elementor-widget-posts\" data-id=\"66e20d7\" data-element_type=\"widget\" data-settings=\"{&quot;custom_columns&quot;:&quot;3&quot;,&quot;custom_columns_tablet&quot;:&quot;2&quot;,&quot;custom_columns_mobile&quot;:&quot;1&quot;,&quot;custom_row_gap&quot;:{&quot;unit&quot;:&quot;px&quot;,&quot;size&quot;:35,&quot;sizes&quot;:[]},&quot;custom_row_gap_tablet&quot;:{&quot;unit&quot;:&quot;px&quot;,&quot;size&quot;:&quot;&quot;,&quot;sizes&quot;:[]},&quot;custom_row_gap_mobile&quot;:{&quot;unit&quot;:&quot;px&quot;,&quot;size&quot;:&quot;&quot;,&quot;sizes&quot;:[]}}\" data-widget_type=\"posts.custom\">\n\t\t\t\t<div class=\"elementor-widget-container\">\n\t\t\t\t\t      <div class=\"ecs-posts elementor-posts-container elementor-posts   elementor-grid elementor-posts--skin-custom\" data-settings=\"{&quot;current_page&quot;:1,&quot;max_num_pages&quot;:1,&quot;load_method&quot;:&quot;&quot;,&quot;widget_id&quot;:&quot;66e20d7&quot;,&quot;post_id&quot;:1981,&quot;theme_id&quot;:1981,&quot;change_url&quot;:false,&quot;reinit_js&quot;:false}\">\n      \t\t<article id=\"post-3179\" class=\"elementor-post elementor-grid-item ecs-post-loop post-3179 partners type-partners status-publish has-post-thumbnail hentry category-lidmaatschappen tag-lidmaatschappen\">\n\t\t\t\t<div data-elementor-type=\"loop\" data-elementor-id=\"2747\" class=\"elementor elementor-2747 post-3179 partners type-partners status-publish has-post-thumbnail hentry category-lidmaatschappen tag-lidmaatschappen\" data-elementor-post-type=\"elementor_library\">\n\t\t\t\t\t<section class=\"elementor-section elementor-top-section elementor-element elementor-element-db38920 elementor-section-boxed elementor-section-height-default elementor-section-height-default\" data-id=\"db38920\" data-element_type=\"section\">\n\t\t\t\t\t\t<div class=\"elementor-container elementor-column-gap-default\">\n\t\t\t\t\t<div class=\"elementor-column elementor-col-100 elementor-top-column elementor-element elementor-element-07e9792\" data-id=\"07e9792\" data-element_type=\"column\">\n\t\t\t<div class=\"elementor-widget-wrap elementor-element-populated\">\n\t\t\t\t\t\t<div class=\"elementor-element elementor-element-b93ca04 elementor-widget elementor-widget-theme-post-featured-image elementor-widget-image\" data-id=\"b93ca04\" data-element_type=\"widget\" data-widget_type=\"theme-post-featured-image.default\">\n\t\t\t\t<div class=\"elementor-widget-container\">\n\t\t\t\t\t\t\t\t\t\t\t\t\t\t\t\t<a href=\"https:\/\/opta-eu.org\/\" target=\"_blank\">\n\t\t\t\t\t\t\t<img decoding=\"async\" width=\"260\" height=\"180\" src=\"https:\/\/otcorganics.com\/wp-content\/uploads\/2023\/02\/OptaEurope-logo.png\" class=\"attachment-large size-large wp-image-1983\" alt=\"\" srcset=\"https:\/\/otcorganics.com\/wp-content\/uploads\/2023\/02\/OptaEurope-logo.png 260w, https:\/\/otcorganics.com\/wp-content\/uploads\/2023\/02\/OptaEurope-logo-78x54.png 78w\" sizes=\"(max-width: 260px) 100vw, 260px\" \/>\t\t\t\t\t\t\t\t<\/a>\n\t\t\t\t\t\t\t\t\t\t\t\t\t\t\t<\/div>\n\t\t\t\t<\/div>\n\t\t\t\t<div class=\"elementor-element elementor-element-d65dce3 elementor-widget elementor-widget-theme-post-content\" data-id=\"d65dce3\" data-element_type=\"widget\" data-widget_type=\"theme-post-content.default\">\n\t\t\t\t<div class=\"elementor-widget-container\">\n\t\t\t\t\t\n<p>OPTA is d\u00e9 belangenbehartiger van toonaangevende biologische verwerkende en handelsbedrijven in Europa. OPTA leidt en co\u00f6rdineert de dialoog tussen Europese en internationale biologische verwerkers en handelaren, \u00e9n verdedigt de gemeenschappelijke belangen van haar leden tegenover de nationale, Europese en internationale autoriteiten en andere belanghebbenden. Het is daarnaast een netwerkplatform waar wij als lid informatie, expertise en ervaringen kunnen uitwisselen met andere leden.<\/p>\n\t\t\t\t<\/div>\n\t\t\t\t<\/div>\n\t\t\t\t\t<\/div>\n\t\t<\/div>\n\t\t\t\t\t<\/div>\n\t\t<\/section>\n\t\t\t\t<\/div>\n\t\t\t\t<\/article>\n\t\t\t\t<article id=\"post-3180\" class=\"elementor-post elementor-grid-item ecs-post-loop post-3180 partners type-partners status-publish has-post-thumbnail hentry category-lidmaatschappen tag-lidmaatschappen\">\n\t\t\t\t<div data-elementor-type=\"loop\" data-elementor-id=\"2747\" class=\"elementor elementor-2747 post-3180 partners type-partners status-publish has-post-thumbnail hentry category-lidmaatschappen tag-lidmaatschappen\" data-elementor-post-type=\"elementor_library\">\n\t\t\t\t\t<section class=\"elementor-section elementor-top-section elementor-element elementor-element-db38920 elementor-section-boxed elementor-section-height-default elementor-section-height-default\" data-id=\"db38920\" data-element_type=\"section\">\n\t\t\t\t\t\t<div class=\"elementor-container elementor-column-gap-default\">\n\t\t\t\t\t<div class=\"elementor-column elementor-col-100 elementor-top-column elementor-element elementor-element-07e9792\" data-id=\"07e9792\" data-element_type=\"column\">\n\t\t\t<div class=\"elementor-widget-wrap elementor-element-populated\">\n\t\t\t\t\t\t<div class=\"elementor-element elementor-element-b93ca04 elementor-widget elementor-widget-theme-post-featured-image elementor-widget-image\" data-id=\"b93ca04\" data-element_type=\"widget\" data-widget_type=\"theme-post-featured-image.default\">\n\t\t\t\t<div class=\"elementor-widget-container\">\n\t\t\t\t\t\t\t\t\t\t\t\t\t\t\t\t<a href=\"https:\/\/www.bionederland.nl\/\" target=\"_blank\">\n\t\t\t\t\t\t\t<img decoding=\"async\" width=\"260\" height=\"180\" src=\"https:\/\/otcorganics.com\/wp-content\/uploads\/2023\/02\/BioNL-logo.png\" class=\"attachment-large size-large wp-image-1988\" alt=\"\" srcset=\"https:\/\/otcorganics.com\/wp-content\/uploads\/2023\/02\/BioNL-logo.png 260w, https:\/\/otcorganics.com\/wp-content\/uploads\/2023\/02\/BioNL-logo-78x54.png 78w\" sizes=\"(max-width: 260px) 100vw, 260px\" \/>\t\t\t\t\t\t\t\t<\/a>\n\t\t\t\t\t\t\t\t\t\t\t\t\t\t\t<\/div>\n\t\t\t\t<\/div>\n\t\t\t\t<div class=\"elementor-element elementor-element-d65dce3 elementor-widget elementor-widget-theme-post-content\" data-id=\"d65dce3\" data-element_type=\"widget\" data-widget_type=\"theme-post-content.default\">\n\t\t\t\t<div class=\"elementor-widget-container\">\n\t\t\t\t\t\n<p>In Nederland zijn een kleine honderd bedrijven samen goed voor 80% van de omzet in de Nederlandse handel en verwerking van biologische producten. OTC Organics is \u00e9\u00e9n van deze bedrijven en samen zijn we lid van BioNederland. Deze vereniging heeft eigenlijk maar \u00e9\u00e9n doel: het cre\u00ebren van verbinding tussen de leden, het informeren van de leden over allerhande relevante onderwerpen en het zorgen voor gezamenlijke ledenvoordelen. Samen groeien we verder!<\/p>\n\t\t\t\t<\/div>\n\t\t\t\t<\/div>\n\t\t\t\t\t<\/div>\n\t\t<\/div>\n\t\t\t\t\t<\/div>\n\t\t<\/section>\n\t\t\t\t<\/div>\n\t\t\t\t<\/article>\n\t\t\t\t<article id=\"post-3181\" class=\"elementor-post elementor-grid-item ecs-post-loop post-3181 partners type-partners status-publish has-post-thumbnail hentry category-lidmaatschappen tag-lidmaatschappen\">\n\t\t\t\t<div data-elementor-type=\"loop\" data-elementor-id=\"2747\" class=\"elementor elementor-2747 post-3181 partners type-partners status-publish has-post-thumbnail hentry category-lidmaatschappen tag-lidmaatschappen\" data-elementor-post-type=\"elementor_library\">\n\t\t\t\t\t<section class=\"elementor-section elementor-top-section elementor-element elementor-element-db38920 elementor-section-boxed elementor-section-height-default elementor-section-height-default\" data-id=\"db38920\" data-element_type=\"section\">\n\t\t\t\t\t\t<div class=\"elementor-container elementor-column-gap-default\">\n\t\t\t\t\t<div class=\"elementor-column elementor-col-100 elementor-top-column elementor-element elementor-element-07e9792\" data-id=\"07e9792\" data-element_type=\"column\">\n\t\t\t<div class=\"elementor-widget-wrap elementor-element-populated\">\n\t\t\t\t\t\t<div class=\"elementor-element elementor-element-b93ca04 elementor-widget elementor-widget-theme-post-featured-image elementor-widget-image\" data-id=\"b93ca04\" data-element_type=\"widget\" data-widget_type=\"theme-post-featured-image.default\">\n\t\t\t\t<div class=\"elementor-widget-container\">\n\t\t\t\t\t\t\t\t\t\t\t\t\t\t\t\t<a href=\"https:\/\/groentenfruithuis.nl\/\" target=\"_blank\">\n\t\t\t\t\t\t\t<img decoding=\"async\" width=\"260\" height=\"180\" src=\"https:\/\/otcorganics.com\/wp-content\/uploads\/2023\/02\/GroentenFruitHuis-logo.png\" class=\"attachment-large size-large wp-image-1993\" alt=\"\" srcset=\"https:\/\/otcorganics.com\/wp-content\/uploads\/2023\/02\/GroentenFruitHuis-logo.png 260w, https:\/\/otcorganics.com\/wp-content\/uploads\/2023\/02\/GroentenFruitHuis-logo-78x54.png 78w\" sizes=\"(max-width: 260px) 100vw, 260px\" \/>\t\t\t\t\t\t\t\t<\/a>\n\t\t\t\t\t\t\t\t\t\t\t\t\t\t\t<\/div>\n\t\t\t\t<\/div>\n\t\t\t\t<div class=\"elementor-element elementor-element-d65dce3 elementor-widget elementor-widget-theme-post-content\" data-id=\"d65dce3\" data-element_type=\"widget\" data-widget_type=\"theme-post-content.default\">\n\t\t\t\t<div class=\"elementor-widget-container\">\n\t\t\t\t\t\n<p>Vereniging GroentenFruit telt maar liefst 320 leden. Deze handelsbedrijven en telersverenigingen houden zich allemaal bezig met hetzelfde: de afzet van groenten en fruit. Van binnenlandse groothandel tot import en export en van het verwerken tot het inpakken van groenten en fruit. GroentenFruit Huis staat voor de belangen van deze bedrijven en is een bron van kennis en inspiratie.<\/p>\n\t\t\t\t<\/div>\n\t\t\t\t<\/div>\n\t\t\t\t\t<\/div>\n\t\t<\/div>\n\t\t\t\t\t<\/div>\n\t\t<\/section>\n\t\t\t\t<\/div>\n\t\t\t\t<\/article>\n\t\t\t\t<\/div>\n\t\t\t\t\t\t<\/div>\n\t\t\t\t<\/div>\n\t\t\t\t\t<\/div>\n\t\t<\/div>\n\t\t\t\t\t<\/div>\n\t\t<\/section>\n\t\t\t\t\t<\/div>\n\t\t<\/div>\n\t\t\t\t\t<\/div>\n\t\t<\/section>\n\t\t\t\t<\/div>\n\t\t","protected":false},"excerpt":{"rendered":"<p>Lidmaatschappen De handen ineen met brancheorganisaties Bij OTC Organics geloven we dat we samen sterker staan. Daarom hebben we niet alleen de handen ineengeslagen met onze klanten, strategische partners en samenwerkingspartners, maar zijn we ook lid van enkele belangrijke kennisverenigingen en belangenbehartigers binnen onze branche.<\/p>\n","protected":false},"author":1,"featured_media":0,"parent":1945,"menu_order":0,"comment_status":"closed","ping_status":"closed","template":"","meta":{"_acf_changed":false,"footnotes":""},"class_list":["post-1981","page","type-page","status-publish","hentry"],"acf":[],"yoast_head":"<!-- This site is optimized with the Yoast SEO plugin v26.0 - https:\/\/yoast.com\/wordpress\/plugins\/seo\/ -->\n<title>Lidmaatschappen - OTC Organics<\/title>\n<meta name=\"robots\" content=\"index, follow, max-snippet:-1, max-image-preview:large, max-video-preview:-1\" \/>\n<link rel=\"canonical\" href=\"https:\/\/otcorganics.com\/nl\/over-ons\/lidmaatschappen\/\" \/>\n<meta property=\"og:locale\" content=\"nl_NL\" \/>\n<meta property=\"og:type\" content=\"article\" \/>\n<meta property=\"og:title\" content=\"Lidmaatschappen - OTC Organics\" \/>\n<meta property=\"og:description\" content=\"Lidmaatschappen De handen ineen met brancheorganisaties Bij OTC Organics geloven we dat we samen sterker staan. Daarom hebben we niet alleen de handen ineengeslagen met onze klanten, strategische partners en samenwerkingspartners, maar zijn we ook lid van enkele belangrijke kennisverenigingen en belangenbehartigers binnen onze branche.\" \/>\n<meta property=\"og:url\" content=\"https:\/\/otcorganics.com\/nl\/over-ons\/lidmaatschappen\/\" \/>\n<meta property=\"og:site_name\" content=\"OTC Organics\" \/>\n<meta property=\"article:modified_time\" content=\"2023-05-24T12:06:56+00:00\" \/>\n<meta name=\"twitter:card\" content=\"summary_large_image\" \/>\n<meta name=\"twitter:label1\" content=\"Geschatte leestijd\" \/>\n\t<meta name=\"twitter:data1\" content=\"4 minuten\" \/>\n<!-- \/ Yoast SEO plugin. -->","yoast_head_json":{"title":"Lidmaatschappen - OTC Organics","robots":{"index":"index","follow":"follow","max-snippet":"max-snippet:-1","max-image-preview":"max-image-preview:large","max-video-preview":"max-video-preview:-1"},"canonical":"https:\/\/otcorganics.com\/nl\/over-ons\/lidmaatschappen\/","og_locale":"nl_NL","og_type":"article","og_title":"Lidmaatschappen - OTC Organics","og_description":"Lidmaatschappen De handen ineen met brancheorganisaties Bij OTC Organics geloven we dat we samen sterker staan. Daarom hebben we niet alleen de handen ineengeslagen met onze klanten, strategische partners en samenwerkingspartners, maar zijn we ook lid van enkele belangrijke kennisverenigingen en belangenbehartigers binnen onze branche.","og_url":"https:\/\/otcorganics.com\/nl\/over-ons\/lidmaatschappen\/","og_site_name":"OTC Organics","article_modified_time":"2023-05-24T12:06:56+00:00","twitter_card":"summary_large_image","twitter_misc":{"Geschatte leestijd":"4 minuten"},"schema":{"@context":"https:\/\/schema.org","@graph":[{"@type":"WebPage","@id":"https:\/\/otcorganics.com\/nl\/over-ons\/lidmaatschappen\/","url":"https:\/\/otcorganics.com\/nl\/over-ons\/lidmaatschappen\/","name":"Lidmaatschappen - OTC Organics","isPartOf":{"@id":"https:\/\/otcorganics.com\/nl\/#website"},"datePublished":"2023-02-07T14:21:00+00:00","dateModified":"2023-05-24T12:06:56+00:00","breadcrumb":{"@id":"https:\/\/otcorganics.com\/nl\/over-ons\/lidmaatschappen\/#breadcrumb"},"inLanguage":"nl-NL","potentialAction":[{"@type":"ReadAction","target":["https:\/\/otcorganics.com\/nl\/over-ons\/lidmaatschappen\/"]}]},{"@type":"BreadcrumbList","@id":"https:\/\/otcorganics.com\/nl\/over-ons\/lidmaatschappen\/#breadcrumb","itemListElement":[{"@type":"ListItem","position":1,"name":"Home","item":"https:\/\/otcorganics.com\/nl\/"},{"@type":"ListItem","position":2,"name":"Over ons","item":"https:\/\/otcorganics.com\/nl\/over-ons\/"},{"@type":"ListItem","position":3,"name":"Lidmaatschappen"}]},{"@type":"WebSite","@id":"https:\/\/otcorganics.com\/nl\/#website","url":"https:\/\/otcorganics.com\/nl\/","name":"OTC Organics","description":"","potentialAction":[{"@type":"SearchAction","target":{"@type":"EntryPoint","urlTemplate":"https:\/\/otcorganics.com\/nl\/?s={search_term_string}"},"query-input":{"@type":"PropertyValueSpecification","valueRequired":true,"valueName":"search_term_string"}}],"inLanguage":"nl-NL"}]}},"_links":{"self":[{"href":"https:\/\/otcorganics.com\/nl\/wp-json\/wp\/v2\/pages\/1981","targetHints":{"allow":["GET"]}}],"collection":[{"href":"https:\/\/otcorganics.com\/nl\/wp-json\/wp\/v2\/pages"}],"about":[{"href":"https:\/\/otcorganics.com\/nl\/wp-json\/wp\/v2\/types\/page"}],"author":[{"embeddable":true,"href":"https:\/\/otcorganics.com\/nl\/wp-json\/wp\/v2\/users\/1"}],"replies":[{"embeddable":true,"href":"https:\/\/otcorganics.com\/nl\/wp-json\/wp\/v2\/comments?post=1981"}],"version-history":[{"count":28,"href":"https:\/\/otcorganics.com\/nl\/wp-json\/wp\/v2\/pages\/1981\/revisions"}],"predecessor-version":[{"id":6214,"href":"https:\/\/otcorganics.com\/nl\/wp-json\/wp\/v2\/pages\/1981\/revisions\/6214"}],"up":[{"embeddable":true,"href":"https:\/\/otcorganics.com\/nl\/wp-json\/wp\/v2\/pages\/1945"}],"wp:attachment":[{"href":"https:\/\/otcorganics.com\/nl\/wp-json\/wp\/v2\/media?parent=1981"}],"curies":[{"name":"wp","href":"https:\/\/api.w.org\/{rel}","templated":true}]}}